{"id":557,"date":"2024-01-12T17:22:09","date_gmt":"2024-01-12T09:22:09","guid":{"rendered":"https:\/\/www.sybonbest.com\/es\/?post_type=product&#038;p=557"},"modified":"2024-04-17T17:32:05","modified_gmt":"2024-04-17T09:32:05","slug":"s813i-pistola-de-limpieza-de-coches-tornador-coche-de-alta-presion-que-detalla-la-boquilla-de-la-botella-del-espray-del-lavado-de-la-botella-de-la-espuma-del-arma-1l-del-lavado-con-el-hilandero-del-m","status":"publish","type":"product","link":"https:\/\/www.sybonbest.com\/es\/product\/s813i-pistola-de-limpieza-de-coches-tornador-coche-de-alta-presion-que-detalla-la-boquilla-de-la-botella-del-espray-del-lavado-de-la-botella-de-la-espuma-del-arma-1l-del-lavado-con-el-hilandero-del-m\/","title":{"rendered":"S813I Pistola de limpieza de coches tornador, Coche de alta presi\u00f3n que detalla la boquilla de la botella del espray del lavado de la botella de la espuma del arma 1L del lavado con el hilandero del metal"},"content":{"rendered":"<p><img decoding=\"async\" class=\"size-full wp-image-558 aligncenter\" src=\"https:\/\/www.sybonbest.com\/es\/wp-content\/uploads\/2024\/01\/1705053411-S813I-Car-Cleaning-Gun-High-Pressure-Car-Interior-Cleaning-Tool-Auto-Detailing-Supplies-with-1L-Foam-Bottle-Cleaning-Brush-Air-Blow-Gun.jpg\" alt=\"\" width=\"900\" height=\"364\" srcset=\"https:\/\/www.sybonbest.com\/es\/wp-content\/uploads\/2024\/01\/1705053411-S813I-Car-Cleaning-Gun-High-Pressure-Car-Interior-Cleaning-Tool-Auto-Detailing-Supplies-with-1L-Foam-Bottle-Cleaning-Brush-Air-Blow-Gun.jpg 900w, https:\/\/www.sybonbest.com\/es\/wp-content\/uploads\/2024\/01\/1705053411-S813I-Car-Cleaning-Gun-High-Pressure-Car-Interior-Cleaning-Tool-Auto-Detailing-Supplies-with-1L-Foam-Bottle-Cleaning-Brush-Air-Blow-Gun-480x194.jpg 480w\" sizes=\"(min-width: 0px) and (max-width: 480px) 480px, (min-width: 481px) 900px, 100vw\" \/><\/p>\n<p>&nbsp;<\/p>\n<h2>S813I Pistola de limpieza de coches tornador<\/h2>\n<p>1.Ahorre tiempo. Las pistolas tornado Sybon son la forma de limpiar todas las superficies automotrices de forma r\u00e1pida y sencilla. Limpia y seca al aire en segundos. Esto ahorra tiempo y mejora significativamente la eficiencia de limpieza del interior.<\/p>\n<p>2.Pistola pulverizadora duradera y de alta calidad. Nuestra pistola de limpieza de autom\u00f3viles Tornado est\u00e1 dise\u00f1ada para insertar botellas profundas para una excelente capacidad de limpieza. Las pistolas pulverizadoras, los cabezales de las pistolas pulverizadoras y los conectores est\u00e1n hechos de materiales met\u00e1licos y son duraderos. Botella de espuma espesa, fabricada en pl\u00e1stico de alta calidad, resistente a la corrosi\u00f3n \u00e1cida.<\/p>\n<p>3.Pistola de lavado de autos avanzada. Barra de pistola y boquilla pulverizadora de aleaci\u00f3n de aluminio, una limpieza m\u00e1s duradera y eficiente de superficies\/detalles interiores y exteriores del coche, incluidos atascos de puertas, tapicer\u00eda de lana\/cuero, portavasos, tablero, consolas, palanca de cambios, paneles de puertas del volante, alfombras, pisos. tapetes, superficie de ruedas, ventanas y m\u00e1s.<\/p>\n<p>4. La pistola de lavado de interiores de autom\u00f3viles Vortex funciona con su compresor de aire para producir una enorme potencia y una soluci\u00f3n de limpieza explosiva en grietas que no puede alcanzar con la mano. Dos funciones: soplado de aire, para limpieza de polvo; pulverizaci\u00f3n de agua, para limpieza de suciedad (conector EE. UU.\/UE\/JP, universal se adapta a su compresor de aire\/herramientas).<\/p>\n<p>5.F\u00e1cil de usar. Herramienta avanzada de limpieza de autom\u00f3viles de alta presi\u00f3n para una limpieza r\u00e1pida del autom\u00f3vil. Solo 4 pasos para limpiar su autom\u00f3vil:1. Agregue agua o l\u00edquido de limpieza 2. Conecte la bomba 3. Deslice el interruptor 4. Tire del gatillo y comience la limpieza, m\u00e1s f\u00e1cil y r\u00e1pido que los peque\u00f1os cepillos o hisopos para detalles. Si tiene alg\u00fan problema, no dude en contactarnos.<\/p>\n<p><img decoding=\"async\" class=\"size-full wp-image-559 aligncenter\" src=\"https:\/\/www.sybonbest.com\/es\/wp-content\/uploads\/2024\/01\/1705053451-S813I-Tornador-Car-Cleaning-Gun-High-Pressure-Car-Detailing-Wash-Gun-1L-Foam-Bottle-Wash-Spray-Bottle-Nozzle-with-Metal-Spinner.jpg\" alt=\"Pistola-de-limpieza-de-coche-Tornador-S813I-pistola-de-lavado-detallada-de-coches-de-alta-presi\u00f3n-botella-de-espuma-de-1L-boquilla-de-botella-pulverizadora-con-Spinner-de-Metal-pistola-de-limpieza-de-coches-tornador\" width=\"750\" height=\"750\" srcset=\"https:\/\/www.sybonbest.com\/es\/wp-content\/uploads\/2024\/01\/1705053451-S813I-Tornador-Car-Cleaning-Gun-High-Pressure-Car-Detailing-Wash-Gun-1L-Foam-Bottle-Wash-Spray-Bottle-Nozzle-with-Metal-Spinner.jpg 750w, https:\/\/www.sybonbest.com\/es\/wp-content\/uploads\/2024\/01\/1705053451-S813I-Tornador-Car-Cleaning-Gun-High-Pressure-Car-Detailing-Wash-Gun-1L-Foam-Bottle-Wash-Spray-Bottle-Nozzle-with-Metal-Spinner-480x480.jpg 480w\" sizes=\"(min-width: 0px) and (max-width: 480px) 480px, (min-width: 481px) 750px, 100vw\" \/><\/p>\n<p><img decoding=\"async\" class=\"size-full wp-image-560 aligncenter\" src=\"https:\/\/www.sybonbest.com\/es\/wp-content\/uploads\/2024\/01\/1705053468-S813I-Tornador-Car-Cleaning-Gun-Tornado-Air-Blow-Cleaning-Gun-Car-Detail-Cleaner-for-Vehicle-Upholstery-Carpet-Seat.jpg\" alt=\"\" width=\"750\" height=\"750\" srcset=\"https:\/\/www.sybonbest.com\/es\/wp-content\/uploads\/2024\/01\/1705053468-S813I-Tornador-Car-Cleaning-Gun-Tornado-Air-Blow-Cleaning-Gun-Car-Detail-Cleaner-for-Vehicle-Upholstery-Carpet-Seat.jpg 750w, https:\/\/www.sybonbest.com\/es\/wp-content\/uploads\/2024\/01\/1705053468-S813I-Tornador-Car-Cleaning-Gun-Tornado-Air-Blow-Cleaning-Gun-Car-Detail-Cleaner-for-Vehicle-Upholstery-Carpet-Seat-480x480.jpg 480w\" sizes=\"(min-width: 0px) and (max-width: 480px) 480px, (min-width: 481px) 750px, 100vw\" \/><\/p>\n<p><img decoding=\"async\" class=\"size-full wp-image-561 aligncenter\" src=\"https:\/\/www.sybonbest.com\/es\/wp-content\/uploads\/2024\/01\/1705053482-S813I-Classic-Tornado-Cleaning-Tool-Patented-Pneumatic-Cleaning-Spray-Air-Dry-Device-Essential-Car-Detailing-Tools.jpg\" alt=\"\" width=\"750\" height=\"750\" srcset=\"https:\/\/www.sybonbest.com\/es\/wp-content\/uploads\/2024\/01\/1705053482-S813I-Classic-Tornado-Cleaning-Tool-Patented-Pneumatic-Cleaning-Spray-Air-Dry-Device-Essential-Car-Detailing-Tools.jpg 750w, https:\/\/www.sybonbest.com\/es\/wp-content\/uploads\/2024\/01\/1705053482-S813I-Classic-Tornado-Cleaning-Tool-Patented-Pneumatic-Cleaning-Spray-Air-Dry-Device-Essential-Car-Detailing-Tools-480x480.jpg 480w\" sizes=\"(min-width: 0px) and (max-width: 480px) 480px, (min-width: 481px) 750px, 100vw\" \/><\/p>\n<p><img decoding=\"async\" class=\"size-full wp-image-562 aligncenter\" src=\"https:\/\/www.sybonbest.com\/es\/wp-content\/uploads\/2024\/01\/1705053498-S813I-Car-Blow-Washer-Cleaning-Gun-With-Water-Pot-Interior-Clean-Car-Car-Wash-Gun-With-Brush.jpg\" alt=\"\" width=\"750\" height=\"750\" srcset=\"https:\/\/www.sybonbest.com\/es\/wp-content\/uploads\/2024\/01\/1705053498-S813I-Car-Blow-Washer-Cleaning-Gun-With-Water-Pot-Interior-Clean-Car-Car-Wash-Gun-With-Brush.jpg 750w, https:\/\/www.sybonbest.com\/es\/wp-content\/uploads\/2024\/01\/1705053498-S813I-Car-Blow-Washer-Cleaning-Gun-With-Water-Pot-Interior-Clean-Car-Car-Wash-Gun-With-Brush-480x480.jpg 480w\" sizes=\"(min-width: 0px) and (max-width: 480px) 480px, (min-width: 481px) 750px, 100vw\" \/><\/p>\n<p><img decoding=\"async\" class=\"size-full wp-image-563 aligncenter\" src=\"https:\/\/www.sybonbest.com\/es\/wp-content\/uploads\/2024\/01\/1705053510-S813I-Tornado-Cleaning-Gun-Car-Interior-Washer-Gun-Car-Wash-High-Pressure-Washer-Spray-Foam-Cannon.jpg\" alt=\"\" width=\"750\" height=\"750\" srcset=\"https:\/\/www.sybonbest.com\/es\/wp-content\/uploads\/2024\/01\/1705053510-S813I-Tornado-Cleaning-Gun-Car-Interior-Washer-Gun-Car-Wash-High-Pressure-Washer-Spray-Foam-Cannon.jpg 750w, https:\/\/www.sybonbest.com\/es\/wp-content\/uploads\/2024\/01\/1705053510-S813I-Tornado-Cleaning-Gun-Car-Interior-Washer-Gun-Car-Wash-High-Pressure-Washer-Spray-Foam-Cannon-480x480.jpg 480w\" sizes=\"(min-width: 0px) and (max-width: 480px) 480px, (min-width: 481px) 750px, 100vw\" \/><\/p>\n<p><img decoding=\"async\" class=\"size-full wp-image-565 aligncenter\" src=\"https:\/\/www.sybonbest.com\/es\/wp-content\/uploads\/2024\/01\/1705053567-S813I-Car-Cleaning-Multi-Purpose-Cleaning-Gun-Detachable-Sprinkler-Head-for-Car-Interior-Plush-Blanket.jpg\" alt=\"\" width=\"750\" height=\"750\" srcset=\"https:\/\/www.sybonbest.com\/es\/wp-content\/uploads\/2024\/01\/1705053567-S813I-Car-Cleaning-Multi-Purpose-Cleaning-Gun-Detachable-Sprinkler-Head-for-Car-Interior-Plush-Blanket.jpg 750w, https:\/\/www.sybonbest.com\/es\/wp-content\/uploads\/2024\/01\/1705053567-S813I-Car-Cleaning-Multi-Purpose-Cleaning-Gun-Detachable-Sprinkler-Head-for-Car-Interior-Plush-Blanket-480x480.jpg 480w\" sizes=\"(min-width: 0px) and (max-width: 480px) 480px, (min-width: 481px) 750px, 100vw\" \/><\/p>\n","protected":false},"excerpt":{"rendered":"<p>1.Ahorre su tiempo. Pistola de limpieza de coches Tornador son la forma de limpiar todas las superficies del autom\u00f3vil de forma r\u00e1pida y sencilla.<br \/>\n2.Pistola pulverizadora duradera y de alta calidad. Nuestra pistola de limpieza de autom\u00f3viles Tornado est\u00e1 dise\u00f1ada para insertar botellas profundas para una excelente capacidad de limpieza.<br \/>\n3.Pistola de lavado de autos avanzada. Barra de pistola y boquilla pulverizadora de aleaci\u00f3n de aluminio, una limpieza de superficies\/detalles interiores y exteriores m\u00e1s duradera y eficiente.<br \/>\n4. La pistola de lavado de interiores de autom\u00f3viles Vortex funciona con su compresor de aire para producir una enorme potencia y una soluci\u00f3n de limpieza explosiva en grietas que no puede alcanzar con la mano.<br \/>\n5.F\u00e1cil de usar. Herramienta avanzada de limpieza de autom\u00f3viles de alta presi\u00f3n para una limpieza r\u00e1pida del autom\u00f3vil. Solo 4 pasos para limpiar su autom\u00f3vil.<\/p>\n","protected":false},"featured_media":566,"comment_status":"closed","ping_status":"closed","template":"","meta":{"_et_pb_use_builder":"","_et_pb_old_content":"","_et_gb_content_width":""},"product_brand":[],"product_cat":[29,32],"product_tag":[133],"class_list":{"0":"post-557","1":"product","2":"type-product","3":"status-publish","4":"has-post-thumbnail","6":"product_cat-serie-de-herramientas","7":"product_cat-pistola-de-limpieza-tornado","8":"product_tag-pistola-de-limpieza-de-coches-tornador","10":"first","11":"instock","12":"shipping-taxable","13":"product-type-simple"},"_links":{"self":[{"href":"https:\/\/www.sybonbest.com\/es\/wp-json\/wp\/v2\/product\/557","targetHints":{"allow":["GET"]}}],"collection":[{"href":"https:\/\/www.sybonbest.com\/es\/wp-json\/wp\/v2\/product"}],"about":[{"href":"https:\/\/www.sybonbest.com\/es\/wp-json\/wp\/v2\/types\/product"}],"replies":[{"embeddable":true,"href":"https:\/\/www.sybonbest.com\/es\/wp-json\/wp\/v2\/comments?post=557"}],"wp:featuredmedia":[{"embeddable":true,"href":"https:\/\/www.sybonbest.com\/es\/wp-json\/wp\/v2\/media\/566"}],"wp:attachment":[{"href":"https:\/\/www.sybonbest.com\/es\/wp-json\/wp\/v2\/media?parent=557"}],"wp:term":[{"taxonomy":"product_brand","embeddable":true,"href":"https:\/\/www.sybonbest.com\/es\/wp-json\/wp\/v2\/product_brand?post=557"},{"taxonomy":"product_cat","embeddable":true,"href":"https:\/\/www.sybonbest.com\/es\/wp-json\/wp\/v2\/product_cat?post=557"},{"taxonomy":"product_tag","embeddable":true,"href":"https:\/\/www.sybonbest.com\/es\/wp-json\/wp\/v2\/product_tag?post=557"}],"curies":[{"name":"wp","href":"https:\/\/api.w.org\/{rel}","templated":true}]}}