{"id":547,"date":"2024-01-12T15:47:00","date_gmt":"2024-01-12T07:47:00","guid":{"rendered":"https:\/\/www.sybonbest.com\/es\/?post_type=product&#038;p=547"},"modified":"2024-04-18T14:18:47","modified_gmt":"2024-04-18T06:18:47","slug":"s816b-pistola-de-espuma-para-lavado-de-autos-rociador-de-manguera-ajustable-con-pistola-de-espuma-con-esfera-de-relacion-25-6-botella-de-1l-para-manguera-de-jardin-para-limpieza-de-coche-jardin","status":"publish","type":"product","link":"https:\/\/www.sybonbest.com\/es\/product\/s816b-pistola-de-espuma-para-lavado-de-autos-rociador-de-manguera-ajustable-con-pistola-de-espuma-con-esfera-de-relacion-25-6-botella-de-1l-para-manguera-de-jardin-para-limpieza-de-coche-jardin\/","title":{"rendered":"S816B Pistola de espuma para lavado de autos Rociador de manguera ajustable con pistola de espuma con esfera de relaci\u00f3n 2,5-6, botella de 1L para manguera de jard\u00edn, para limpieza de coche\/jard\u00edn"},"content":{"rendered":"<p><iframe title=\"\u2728 Customize Your Car Wash Experience with SYBON Car Wash Foam Gun! \ud83d\ude97\ud83d\udca6\" width=\"1080\" height=\"608\" src=\"https:\/\/www.youtube.com\/embed\/FH4RVwbxgP0?feature=oembed\"  allow=\"accelerometer; autoplay; clipboard-write; encrypted-media; gyroscope; picture-in-picture; web-share\" allowfullscreen><\/iframe><\/p>\n<p><img decoding=\"async\" class=\"size-full wp-image-548 aligncenter\" src=\"https:\/\/www.sybonbest.com\/es\/wp-content\/uploads\/2024\/01\/1705050840-S816B-Homeuse-Adjustable-Portable-Pressure-Foam-Water-Gun-Foam-Blaster-Car-Wash-Pot.jpg\" alt=\"\" width=\"750\" height=\"302\" srcset=\"https:\/\/www.sybonbest.com\/es\/wp-content\/uploads\/2024\/01\/1705050840-S816B-Homeuse-Adjustable-Portable-Pressure-Foam-Water-Gun-Foam-Blaster-Car-Wash-Pot.jpg 750w, https:\/\/www.sybonbest.com\/es\/wp-content\/uploads\/2024\/01\/1705050840-S816B-Homeuse-Adjustable-Portable-Pressure-Foam-Water-Gun-Foam-Blaster-Car-Wash-Pot-480x193.jpg 480w\" sizes=\"(min-width: 0px) and (max-width: 480px) 480px, (min-width: 481px) 750px, 100vw\" \/><\/p>\n<p>&nbsp;<\/p>\n<h2>S816B Pistola de espuma para lavado de autos<\/h2>\n<p>1.Pistola de espuma de baja presi\u00f3n de alta calidad. La presi\u00f3n de 2,5 a 6 bares es perfecta y adecuada para la limpieza de autom\u00f3viles y el riego de jardines; hay una funci\u00f3n 2 en 1 para satisfacer las necesidades de lavado de autom\u00f3viles y riego de jardines. Este producto tiene un dial de ajuste incorporado dise\u00f1ado para escala 5 para rociar diferentes espesores de espuma. Durable y pr\u00e1ctico de usar. No hay fugas.<\/p>\n<p>2. Lavador de autos y rociador de jard\u00edn. Al tener una funci\u00f3n 2 en 1, este producto permitir\u00e1 la salida de espuma y agua en aerosol. \u00a1Vierte menos jab\u00f3n y viene con m\u00e1s espuma! Esta pistola de espuma es muy conveniente en nuestra vida diaria y no es necesario ir a una tienda de lavado de autos. Este ca\u00f1\u00f3n tambi\u00e9n puede resolver los problemas de riego de las plantas del jard\u00edn, es un potente rociador de riego y ayudar\u00e1 a que sus plantas crezcan m\u00e1s saludables.<\/p>\n<p>3. El mejor cuidado para el autom\u00f3vil. El buen aspecto de este producto, el conveniente controlador de mango y la pistola de espuma brindar\u00e1n el mejor cuidado a su autom\u00f3vil. Dial de ajuste con 5 grados, se vuelve m\u00e1s grueso para limpiar y baja presi\u00f3n en 2,5-6 bares y, adecuado para motocicletas, bicicletas, veh\u00edculos todo terreno, UTV, veh\u00edculos, pisos, ventanas, entradas de veh\u00edculos, techos, limpieza de revestimientos o riego de flores y plantas.<\/p>\n<p><img decoding=\"async\" class=\"size-full wp-image-549 aligncenter\" src=\"https:\/\/www.sybonbest.com\/es\/wp-content\/uploads\/2024\/01\/1705050978-S816B-Car-Cleaning-Washing-Foam-Watering-Pressure-Gun-Soap-Snow-Blaster-Washer-Garden-Hose-Sprayer-with-1L-Bottle-Pot.jpg\" alt=\"S816B-limpieza-de-coche-espuma-de-lavado-pistola-de-riego-a-presi\u00f3n-jab\u00f3n-limpiador-de-nieve-rociador-con-manguera-para-jard\u00edn-con-bote-de-1L-pistola-de-espuma-para-lavado-de-autos\" width=\"750\" height=\"750\" srcset=\"https:\/\/www.sybonbest.com\/es\/wp-content\/uploads\/2024\/01\/1705050978-S816B-Car-Cleaning-Washing-Foam-Watering-Pressure-Gun-Soap-Snow-Blaster-Washer-Garden-Hose-Sprayer-with-1L-Bottle-Pot.jpg 750w, https:\/\/www.sybonbest.com\/es\/wp-content\/uploads\/2024\/01\/1705050978-S816B-Car-Cleaning-Washing-Foam-Watering-Pressure-Gun-Soap-Snow-Blaster-Washer-Garden-Hose-Sprayer-with-1L-Bottle-Pot-480x480.jpg 480w\" sizes=\"(min-width: 0px) and (max-width: 480px) 480px, (min-width: 481px) 750px, 100vw\" \/><\/p>\n<p><img decoding=\"async\" class=\"size-full wp-image-550 aligncenter\" src=\"https:\/\/www.sybonbest.com\/es\/wp-content\/uploads\/2024\/01\/1705050997-S816B-Car-Cleaning-Snow-Foam-Lance-Wash-Cannon-Foamer-Blaster-Sprayer-Car-Wash-Foam-Gun.jpg\" alt=\"\" width=\"750\" height=\"750\" srcset=\"https:\/\/www.sybonbest.com\/es\/wp-content\/uploads\/2024\/01\/1705050997-S816B-Car-Cleaning-Snow-Foam-Lance-Wash-Cannon-Foamer-Blaster-Sprayer-Car-Wash-Foam-Gun.jpg 750w, https:\/\/www.sybonbest.com\/es\/wp-content\/uploads\/2024\/01\/1705050997-S816B-Car-Cleaning-Snow-Foam-Lance-Wash-Cannon-Foamer-Blaster-Sprayer-Car-Wash-Foam-Gun-480x480.jpg 480w\" sizes=\"(min-width: 0px) and (max-width: 480px) 480px, (min-width: 481px) 750px, 100vw\" \/><\/p>\n<p><img decoding=\"async\" class=\"size-full wp-image-551 aligncenter\" src=\"https:\/\/www.sybonbest.com\/es\/wp-content\/uploads\/2024\/01\/1705051015-S816B-Adjustable-Nozzle-Foam-Watering-Spray-Blaster-The-Ultimate-Car-Wash-Foamer-That-Connects-to-Any-Garden-Hose.jpg\" alt=\"\" width=\"750\" height=\"750\" srcset=\"https:\/\/www.sybonbest.com\/es\/wp-content\/uploads\/2024\/01\/1705051015-S816B-Adjustable-Nozzle-Foam-Watering-Spray-Blaster-The-Ultimate-Car-Wash-Foamer-That-Connects-to-Any-Garden-Hose.jpg 750w, https:\/\/www.sybonbest.com\/es\/wp-content\/uploads\/2024\/01\/1705051015-S816B-Adjustable-Nozzle-Foam-Watering-Spray-Blaster-The-Ultimate-Car-Wash-Foamer-That-Connects-to-Any-Garden-Hose-480x480.jpg 480w\" sizes=\"(min-width: 0px) and (max-width: 480px) 480px, (min-width: 481px) 750px, 100vw\" \/><\/p>\n<p><img decoding=\"async\" class=\"size-full wp-image-552 aligncenter\" src=\"https:\/\/www.sybonbest.com\/es\/wp-content\/uploads\/2024\/01\/1705051033-S816B-Low-Pressure-Garden-Hose-Snow-Foamer-for-Car-1000-Ml-Adjustable-Foam-Blaster-Foam-Wash-Gun.jpg\" alt=\"\" width=\"750\" height=\"750\" srcset=\"https:\/\/www.sybonbest.com\/es\/wp-content\/uploads\/2024\/01\/1705051033-S816B-Low-Pressure-Garden-Hose-Snow-Foamer-for-Car-1000-Ml-Adjustable-Foam-Blaster-Foam-Wash-Gun.jpg 750w, https:\/\/www.sybonbest.com\/es\/wp-content\/uploads\/2024\/01\/1705051033-S816B-Low-Pressure-Garden-Hose-Snow-Foamer-for-Car-1000-Ml-Adjustable-Foam-Blaster-Foam-Wash-Gun-480x480.jpg 480w\" sizes=\"(min-width: 0px) and (max-width: 480px) 480px, (min-width: 481px) 750px, 100vw\" \/><\/p>\n<p><img decoding=\"async\" class=\"size-full wp-image-553 aligncenter\" src=\"https:\/\/www.sybonbest.com\/es\/wp-content\/uploads\/2024\/01\/1705051049-S816B-Hose-Pipe-Cleaning-Gun-Low-Pressure-Big-Mouth-Garden-Hose-Foam-Gun-Car-Wash-Spraying-Blaster-Car-Washing-Foam-Gun.jpg\" alt=\"\" width=\"750\" height=\"750\" srcset=\"https:\/\/www.sybonbest.com\/es\/wp-content\/uploads\/2024\/01\/1705051049-S816B-Hose-Pipe-Cleaning-Gun-Low-Pressure-Big-Mouth-Garden-Hose-Foam-Gun-Car-Wash-Spraying-Blaster-Car-Washing-Foam-Gun.jpg 750w, https:\/\/www.sybonbest.com\/es\/wp-content\/uploads\/2024\/01\/1705051049-S816B-Hose-Pipe-Cleaning-Gun-Low-Pressure-Big-Mouth-Garden-Hose-Foam-Gun-Car-Wash-Spraying-Blaster-Car-Washing-Foam-Gun-480x480.jpg 480w\" sizes=\"(min-width: 0px) and (max-width: 480px) 480px, (min-width: 481px) 750px, 100vw\" \/><\/p>\n<p><img decoding=\"async\" class=\"size-full wp-image-554 aligncenter\" src=\"https:\/\/www.sybonbest.com\/es\/wp-content\/uploads\/2024\/01\/1705051063-S816B-Low-Pressure-Household-Garden-Washing-Car-Wash-Foam-Blaster-Gun.jpg\" alt=\"\" width=\"750\" height=\"750\" srcset=\"https:\/\/www.sybonbest.com\/es\/wp-content\/uploads\/2024\/01\/1705051063-S816B-Low-Pressure-Household-Garden-Washing-Car-Wash-Foam-Blaster-Gun.jpg 750w, https:\/\/www.sybonbest.com\/es\/wp-content\/uploads\/2024\/01\/1705051063-S816B-Low-Pressure-Household-Garden-Washing-Car-Wash-Foam-Blaster-Gun-480x480.jpg 480w\" sizes=\"(min-width: 0px) and (max-width: 480px) 480px, (min-width: 481px) 750px, 100vw\" \/><\/p>\n","protected":false},"excerpt":{"rendered":"<p>1.Baja presi\u00f3n de alta calidad pistola de espuma para lavado de autos. 2.5 to 6 bars La presi\u00f3n es perfecta y adecuada para la limpieza de autom\u00f3viles y el riego de jardines, hay una funci\u00f3n 2 en 1 para satisfacer las necesidades de lavado de autom\u00f3viles y riego de jardines.<br \/>\n2. Lavador de autos y rociador de jard\u00edn. Al tener una funci\u00f3n 2 en 1, este producto permitir\u00e1 la salida de espuma y agua en aerosol. \u00a1Vierte menos jab\u00f3n y viene con m\u00e1s espuma!<br \/>\n3. El mejor cuidado para el autom\u00f3vil. El buen aspecto de este producto, el conveniente controlador de mango y la pistola de espuma brindar\u00e1n el mejor cuidado a su autom\u00f3vil.<\/p>\n","protected":false},"featured_media":555,"comment_status":"closed","ping_status":"closed","template":"","meta":{"_et_pb_use_builder":"","_et_pb_old_content":"","_et_gb_content_width":""},"product_brand":[],"product_cat":[29,31],"product_tag":[134],"class_list":{"0":"post-547","1":"product","2":"type-product","3":"status-publish","4":"has-post-thumbnail","6":"product_cat-serie-de-herramientas","7":"product_cat-canon-de-espuma-sin-presion","8":"product_tag-pistola-de-espuma-para-lavado-de-autos","10":"first","11":"instock","12":"shipping-taxable","13":"product-type-simple"},"_links":{"self":[{"href":"https:\/\/www.sybonbest.com\/es\/wp-json\/wp\/v2\/product\/547","targetHints":{"allow":["GET"]}}],"collection":[{"href":"https:\/\/www.sybonbest.com\/es\/wp-json\/wp\/v2\/product"}],"about":[{"href":"https:\/\/www.sybonbest.com\/es\/wp-json\/wp\/v2\/types\/product"}],"replies":[{"embeddable":true,"href":"https:\/\/www.sybonbest.com\/es\/wp-json\/wp\/v2\/comments?post=547"}],"wp:featuredmedia":[{"embeddable":true,"href":"https:\/\/www.sybonbest.com\/es\/wp-json\/wp\/v2\/media\/555"}],"wp:attachment":[{"href":"https:\/\/www.sybonbest.com\/es\/wp-json\/wp\/v2\/media?parent=547"}],"wp:term":[{"taxonomy":"product_brand","embeddable":true,"href":"https:\/\/www.sybonbest.com\/es\/wp-json\/wp\/v2\/product_brand?post=547"},{"taxonomy":"product_cat","embeddable":true,"href":"https:\/\/www.sybonbest.com\/es\/wp-json\/wp\/v2\/product_cat?post=547"},{"taxonomy":"product_tag","embeddable":true,"href":"https:\/\/www.sybonbest.com\/es\/wp-json\/wp\/v2\/product_tag?post=547"}],"curies":[{"name":"wp","href":"https:\/\/api.w.org\/{rel}","templated":true}]}}