{"id":537,"date":"2024-01-12T15:06:45","date_gmt":"2024-01-12T07:06:45","guid":{"rendered":"https:\/\/www.sybonbest.com\/es\/?post_type=product&#038;p=537"},"modified":"2024-04-18T14:17:09","modified_gmt":"2024-04-18T06:17:09","slug":"s816a-pistola-de-espuma-para-lavado-de-autos-rociador-de-jabon-de-lavado-de-conexion-rapida-a-la-mayoria-de-mangueras-de-jardin","status":"publish","type":"product","link":"https:\/\/www.sybonbest.com\/es\/product\/s816a-pistola-de-espuma-para-lavado-de-autos-rociador-de-jabon-de-lavado-de-conexion-rapida-a-la-mayoria-de-mangueras-de-jardin\/","title":{"rendered":"S816A Pistola de espuma para lavado de autos rociador de jab\u00f3n de lavado de conexi\u00f3n r\u00e1pida a la mayor\u00eda de mangueras de jard\u00edn"},"content":{"rendered":"<p><iframe title=\"\u2728 Elevate Your Car Wash Routine with SYBON Car Wash Foam Gun! \ud83d\ude97\ud83d\udca6\" width=\"1080\" height=\"608\" src=\"https:\/\/www.youtube.com\/embed\/iE_eTUvuG1w?feature=oembed\"  allow=\"accelerometer; autoplay; clipboard-write; encrypted-media; gyroscope; picture-in-picture; web-share\" allowfullscreen><\/iframe><\/p>\n<p><img decoding=\"async\" class=\"size-full wp-image-538 aligncenter\" src=\"https:\/\/www.sybonbest.com\/es\/wp-content\/uploads\/2024\/01\/1705044604-S816A-Car-Wash-Foam-Gun-Car-Foam-Sprayer-Foam-Cannon-Garden-Hose-Car-Accessories-for-Men-Snow-Foam-Blaster.jpg\" alt=\"\" width=\"750\" height=\"302\" srcset=\"https:\/\/www.sybonbest.com\/es\/wp-content\/uploads\/2024\/01\/1705044604-S816A-Car-Wash-Foam-Gun-Car-Foam-Sprayer-Foam-Cannon-Garden-Hose-Car-Accessories-for-Men-Snow-Foam-Blaster.jpg 750w, https:\/\/www.sybonbest.com\/es\/wp-content\/uploads\/2024\/01\/1705044604-S816A-Car-Wash-Foam-Gun-Car-Foam-Sprayer-Foam-Cannon-Garden-Hose-Car-Accessories-for-Men-Snow-Foam-Blaster-480x193.jpg 480w\" sizes=\"(min-width: 0px) and (max-width: 480px) 480px, (min-width: 481px) 750px, 100vw\" \/><\/p>\n<p>&nbsp;<\/p>\n<h2>S816A Pistola de espuma para lavado de autos<\/h2>\n<p>Pistola de espuma ajustable con dial de 1,6 niveles: nuestra manguera de jard\u00edn con ca\u00f1\u00f3n de espuma cuenta con configuraciones de espuma ajustables con 5 niveles de espuma y 1 nivel de enjuague, lo que le brinda un control total sobre la salida de espuma. Para un rendimiento \u00f3ptimo, recomendamos seguir las instrucciones de diluci\u00f3n del fabricante. Equipada con una botella de 900 ml hecha de pl\u00e1stico grueso de primera calidad, esta duradera y vers\u00e1til pistola de espuma para jab\u00f3n para autom\u00f3viles se puede utilizar para diversas aplicaciones y le permite personalizar la salida de espuma para satisfacer sus necesidades espec\u00edficas.<\/p>\n<p>2. Lavado de autos con rociador de espuma que no raya: no necesita lavadora de alta presi\u00f3n, la pistola de espuma para lavado de autos enojada genera una rica espuma de lavado para mejorar la lubricaci\u00f3n y evitar rayones durante el lavado de autos.<\/p>\n<p>3. Con\u00e9ctese a cualquier ca\u00f1\u00f3n de espuma para manguera de jard\u00edn: la pistola de espuma para autom\u00f3vil viene con una boquilla rociadora de manguera para conectar f\u00e1cilmente una manguera de jard\u00edn est\u00e1ndar, sin necesidad de configuraciones complicadas ni equipo pesado. Puedes usarlo por separado o como parte del sistema de pistola de espuma. Nuestro limpiador de espuma para lavado de autos hace que la limpieza de autos sea mucho m\u00e1s f\u00e1cil e interesante.<\/p>\n<p>4.Pistola de espuma para lavado de autos de construcci\u00f3n premium: nuestra pistola de espuma para lavado de autos con jab\u00f3n est\u00e1 fabricada con material ABS de alta calidad y resistente a productos qu\u00edmicos, que previene eficazmente el agrietamiento y la decoloraci\u00f3n. El conector r\u00e1pido de lat\u00f3n y la cinta a prueba de fugas garantizan un sellado adecuado de la pistola rociadora sin fugas. El mango c\u00f3modo y ergon\u00f3mico de nuestra pistola de espuma para autom\u00f3viles promete una experiencia de lavado de autom\u00f3viles agradable y placentera. La construcci\u00f3n premium de nuestra pistola de lavado de autos garantiza su rendimiento constante y duradero.<\/p>\n<p>5. M\u00faltiples usos de la pistola de espuma para lavado de autos: nuestro ca\u00f1\u00f3n de espuma es una herramienta vers\u00e1til que hace que el lavado de autos, camiones, motocicletas, botes y veh\u00edculos recreativos sea r\u00e1pido y f\u00e1cil. La espuma generada por la pistola elimina eficazmente la suciedad, los residuos y la mugre de pisos y superficies. Con esta herramienta conveniente y eficiente, puede lavar su veh\u00edculo f\u00e1cilmente us\u00e1ndola en combinaci\u00f3n con nuestros trapeadores y guantes para lavado de autos.<\/p>\n<p><img decoding=\"async\" class=\"size-full wp-image-539 aligncenter\" src=\"https:\/\/www.sybonbest.com\/es\/wp-content\/uploads\/2024\/01\/1705044636-S816A-Car-Wash-Foam-Gun-Foam-Cannon-Garden-Hose-Foam-Sprayer-Exterior-Care-Products-Spray-Foam-Gun-Car-Wash-Kit-Foam-Blaster-for-Snow-Foam.jpg\" alt=\"S816A-Pistola-de-espuma-para-lavado-de-autos-Ca\u00f1\u00f3n-de-espuma-Manguera-de-jard\u00edn-Pulverizador-de-espuma-Productos-para-el-cuidado-exterior-Pistola-de-espuma-en-aerosol-Kit-de-lavado-de-autos-Pistola-de-espuma-para-espuma-de-nieve-pistola-de-espuma-para-lavado-de-autos\" width=\"750\" height=\"750\" srcset=\"https:\/\/www.sybonbest.com\/es\/wp-content\/uploads\/2024\/01\/1705044636-S816A-Car-Wash-Foam-Gun-Foam-Cannon-Garden-Hose-Foam-Sprayer-Exterior-Care-Products-Spray-Foam-Gun-Car-Wash-Kit-Foam-Blaster-for-Snow-Foam.jpg 750w, https:\/\/www.sybonbest.com\/es\/wp-content\/uploads\/2024\/01\/1705044636-S816A-Car-Wash-Foam-Gun-Foam-Cannon-Garden-Hose-Foam-Sprayer-Exterior-Care-Products-Spray-Foam-Gun-Car-Wash-Kit-Foam-Blaster-for-Snow-Foam-480x480.jpg 480w\" sizes=\"(min-width: 0px) and (max-width: 480px) 480px, (min-width: 481px) 750px, 100vw\" \/><\/p>\n<p><img decoding=\"async\" class=\"size-full wp-image-544 aligncenter\" src=\"https:\/\/www.sybonbest.com\/es\/wp-content\/uploads\/2024\/01\/1705044782-S816A-Snow-Foam-Gun-Connect-To-Garden-Hose-For-Car-Wash-With-Soap-Cleaner-Spray-Sprayer.jpg\" alt=\"\" width=\"750\" height=\"750\" srcset=\"https:\/\/www.sybonbest.com\/es\/wp-content\/uploads\/2024\/01\/1705044782-S816A-Snow-Foam-Gun-Connect-To-Garden-Hose-For-Car-Wash-With-Soap-Cleaner-Spray-Sprayer.jpg 750w, https:\/\/www.sybonbest.com\/es\/wp-content\/uploads\/2024\/01\/1705044782-S816A-Snow-Foam-Gun-Connect-To-Garden-Hose-For-Car-Wash-With-Soap-Cleaner-Spray-Sprayer-480x480.jpg 480w\" sizes=\"(min-width: 0px) and (max-width: 480px) 480px, (min-width: 481px) 750px, 100vw\" \/><\/p>\n<p><img decoding=\"async\" class=\"size-full wp-image-540 aligncenter\" src=\"https:\/\/www.sybonbest.com\/es\/wp-content\/uploads\/2024\/01\/1705044672-S816A-Factory-Supplying-Low-Pressure-Garden-Hose-Foam-Sprayer-Snow-Foam-Lance-Cannon.jpg\" alt=\"\" width=\"750\" height=\"750\" srcset=\"https:\/\/www.sybonbest.com\/es\/wp-content\/uploads\/2024\/01\/1705044672-S816A-Factory-Supplying-Low-Pressure-Garden-Hose-Foam-Sprayer-Snow-Foam-Lance-Cannon.jpg 750w, https:\/\/www.sybonbest.com\/es\/wp-content\/uploads\/2024\/01\/1705044672-S816A-Factory-Supplying-Low-Pressure-Garden-Hose-Foam-Sprayer-Snow-Foam-Lance-Cannon-480x480.jpg 480w\" sizes=\"(min-width: 0px) and (max-width: 480px) 480px, (min-width: 481px) 750px, 100vw\" \/><\/p>\n<p><img decoding=\"async\" class=\"size-full wp-image-541 aligncenter\" src=\"https:\/\/www.sybonbest.com\/es\/wp-content\/uploads\/2024\/01\/1705044692-S816A-Soap-Foam-Gun-for-Boat-Cleaning-and-Car-Wash-Foam-Sprayer-Car-Wash-Washing-Foamer-Cannon-Detailing-Gift-Car-Wash-Spray-Foam-Cannon-Garden-Hose.jpg\" alt=\"\" width=\"750\" height=\"750\" srcset=\"https:\/\/www.sybonbest.com\/es\/wp-content\/uploads\/2024\/01\/1705044692-S816A-Soap-Foam-Gun-for-Boat-Cleaning-and-Car-Wash-Foam-Sprayer-Car-Wash-Washing-Foamer-Cannon-Detailing-Gift-Car-Wash-Spray-Foam-Cannon-Garden-Hose.jpg 750w, https:\/\/www.sybonbest.com\/es\/wp-content\/uploads\/2024\/01\/1705044692-S816A-Soap-Foam-Gun-for-Boat-Cleaning-and-Car-Wash-Foam-Sprayer-Car-Wash-Washing-Foamer-Cannon-Detailing-Gift-Car-Wash-Spray-Foam-Cannon-Garden-Hose-480x480.jpg 480w\" sizes=\"(min-width: 0px) and (max-width: 480px) 480px, (min-width: 481px) 750px, 100vw\" \/><\/p>\n<p><img decoding=\"async\" class=\"size-full wp-image-542 aligncenter\" src=\"https:\/\/www.sybonbest.com\/es\/wp-content\/uploads\/2024\/01\/1705044721-S816A-Detailing-Snow-Foam-Cannon-Pressure-Washer-Plastic-Spray-Gun-Bottle-900Ml-For-Car-Wash.jpg\" alt=\"\" width=\"750\" height=\"750\" srcset=\"https:\/\/www.sybonbest.com\/es\/wp-content\/uploads\/2024\/01\/1705044721-S816A-Detailing-Snow-Foam-Cannon-Pressure-Washer-Plastic-Spray-Gun-Bottle-900Ml-For-Car-Wash.jpg 750w, https:\/\/www.sybonbest.com\/es\/wp-content\/uploads\/2024\/01\/1705044721-S816A-Detailing-Snow-Foam-Cannon-Pressure-Washer-Plastic-Spray-Gun-Bottle-900Ml-For-Car-Wash-480x480.jpg 480w\" sizes=\"(min-width: 0px) and (max-width: 480px) 480px, (min-width: 481px) 750px, 100vw\" \/><\/p>\n<p><img decoding=\"async\" class=\"size-full wp-image-545 aligncenter\" src=\"https:\/\/www.sybonbest.com\/es\/wp-content\/uploads\/2024\/01\/1705044813-S816A-Sybon-Advanced-Foam-Gun-Car-Washing-Sprayer-With-Lower-Pressure-Ultimate-Scratch-Free-Cleaning.jpg\" alt=\"\" width=\"750\" height=\"750\" srcset=\"https:\/\/www.sybonbest.com\/es\/wp-content\/uploads\/2024\/01\/1705044813-S816A-Sybon-Advanced-Foam-Gun-Car-Washing-Sprayer-With-Lower-Pressure-Ultimate-Scratch-Free-Cleaning.jpg 750w, https:\/\/www.sybonbest.com\/es\/wp-content\/uploads\/2024\/01\/1705044813-S816A-Sybon-Advanced-Foam-Gun-Car-Washing-Sprayer-With-Lower-Pressure-Ultimate-Scratch-Free-Cleaning-480x480.jpg 480w\" sizes=\"(min-width: 0px) and (max-width: 480px) 480px, (min-width: 481px) 750px, 100vw\" \/><\/p>\n<p><img decoding=\"async\" class=\"size-full wp-image-543 aligncenter\" src=\"https:\/\/www.sybonbest.com\/es\/wp-content\/uploads\/2024\/01\/1705044761-S816A-Garden-Hose-Car-Wash-Cleaning-Snow-Foam-Gun-Lance-Spray-Sprayer-Foam-Cannon-For-Low-Pressure-Washer-Car-Wash.jpg\" alt=\"\" width=\"750\" height=\"750\" srcset=\"https:\/\/www.sybonbest.com\/es\/wp-content\/uploads\/2024\/01\/1705044761-S816A-Garden-Hose-Car-Wash-Cleaning-Snow-Foam-Gun-Lance-Spray-Sprayer-Foam-Cannon-For-Low-Pressure-Washer-Car-Wash.jpg 750w, https:\/\/www.sybonbest.com\/es\/wp-content\/uploads\/2024\/01\/1705044761-S816A-Garden-Hose-Car-Wash-Cleaning-Snow-Foam-Gun-Lance-Spray-Sprayer-Foam-Cannon-For-Low-Pressure-Washer-Car-Wash-480x480.jpg 480w\" sizes=\"(min-width: 0px) and (max-width: 480px) 480px, (min-width: 481px) 750px, 100vw\" \/><\/p>\n","protected":false},"excerpt":{"rendered":"<p>Dial de 1,6 niveles ajustable pistola de espuma para lavado de autos.<br \/>\n2. Lavado de autos con rociador de espuma que no raya.<br \/>\n3. Con\u00e9ctelo a cualquier ca\u00f1\u00f3n de espuma para manguera de jard\u00edn.<br \/>\n4.Pistola de espuma para lavado de autos de construcci\u00f3n premium.<br \/>\n5.M\u00faltiples usos de la pistola de espuma para lavado de autos.<\/p>\n","protected":false},"featured_media":546,"comment_status":"closed","ping_status":"closed","template":"","meta":{"_et_pb_use_builder":"","_et_pb_old_content":"","_et_gb_content_width":""},"product_brand":[],"product_cat":[29,31],"product_tag":[135],"class_list":{"0":"post-537","1":"product","2":"type-product","3":"status-publish","4":"has-post-thumbnail","6":"product_cat-serie-de-herramientas","7":"product_cat-canon-de-espuma-sin-presion","8":"product_tag-rociador-de-jabon-para-lavado-de-autos","10":"first","11":"instock","12":"shipping-taxable","13":"product-type-simple"},"_links":{"self":[{"href":"https:\/\/www.sybonbest.com\/es\/wp-json\/wp\/v2\/product\/537","targetHints":{"allow":["GET"]}}],"collection":[{"href":"https:\/\/www.sybonbest.com\/es\/wp-json\/wp\/v2\/product"}],"about":[{"href":"https:\/\/www.sybonbest.com\/es\/wp-json\/wp\/v2\/types\/product"}],"replies":[{"embeddable":true,"href":"https:\/\/www.sybonbest.com\/es\/wp-json\/wp\/v2\/comments?post=537"}],"wp:featuredmedia":[{"embeddable":true,"href":"https:\/\/www.sybonbest.com\/es\/wp-json\/wp\/v2\/media\/546"}],"wp:attachment":[{"href":"https:\/\/www.sybonbest.com\/es\/wp-json\/wp\/v2\/media?parent=537"}],"wp:term":[{"taxonomy":"product_brand","embeddable":true,"href":"https:\/\/www.sybonbest.com\/es\/wp-json\/wp\/v2\/product_brand?post=537"},{"taxonomy":"product_cat","embeddable":true,"href":"https:\/\/www.sybonbest.com\/es\/wp-json\/wp\/v2\/product_cat?post=537"},{"taxonomy":"product_tag","embeddable":true,"href":"https:\/\/www.sybonbest.com\/es\/wp-json\/wp\/v2\/product_tag?post=537"}],"curies":[{"name":"wp","href":"https:\/\/api.w.org\/{rel}","templated":true}]}}