{"id":529,"date":"2024-01-12T14:27:16","date_gmt":"2024-01-12T06:27:16","guid":{"rendered":"https:\/\/www.sybonbest.com\/es\/?post_type=product&#038;p=529"},"modified":"2024-04-18T14:15:03","modified_gmt":"2024-04-18T06:15:03","slug":"s812-2-litros-canon-de-espuma-pistola-de-lavado-a-presion-pistola-de-espuma-para-coche-de-alta-resistencia-boca-grande-lanza-de-espuma-para-nieve-ajustable-espuma-gruesa","status":"publish","type":"product","link":"https:\/\/www.sybonbest.com\/es\/product\/s812-2-litros-canon-de-espuma-pistola-de-lavado-a-presion-pistola-de-espuma-para-coche-de-alta-resistencia-boca-grande-lanza-de-espuma-para-nieve-ajustable-espuma-gruesa\/","title":{"rendered":"S812 2 litros Ca\u00f1\u00f3n de espuma pistola de lavado a presi\u00f3n, pistola de espuma para coche de alta resistencia, boca grande, lanza de espuma para nieve ajustable, espuma gruesa"},"content":{"rendered":"<p><iframe title=\"\u2728 Unleash the Foam Power with SYBON 2 Liter Foam Cannon! \ud83d\ude97\ud83d\udca6\" width=\"1080\" height=\"608\" src=\"https:\/\/www.youtube.com\/embed\/3IuZ0eUmvOU?feature=oembed\"  allow=\"accelerometer; autoplay; clipboard-write; encrypted-media; gyroscope; picture-in-picture; web-share\" allowfullscreen><\/iframe><\/p>\n<p><img decoding=\"async\" class=\"size-full wp-image-530 aligncenter\" src=\"https:\/\/www.sybonbest.com\/es\/wp-content\/uploads\/2024\/01\/1705042835-S812-High-Pressure-Spray-Gun-Foam-Foam-Wand-Car-Wash-Soap-Foam-Car-Cleaning-Wash-Liquid-Shampoo.jpg\" alt=\"\" width=\"900\" height=\"364\" srcset=\"https:\/\/www.sybonbest.com\/es\/wp-content\/uploads\/2024\/01\/1705042835-S812-High-Pressure-Spray-Gun-Foam-Foam-Wand-Car-Wash-Soap-Foam-Car-Cleaning-Wash-Liquid-Shampoo.jpg 900w, https:\/\/www.sybonbest.com\/es\/wp-content\/uploads\/2024\/01\/1705042835-S812-High-Pressure-Spray-Gun-Foam-Foam-Wand-Car-Wash-Soap-Foam-Car-Cleaning-Wash-Liquid-Shampoo-480x194.jpg 480w\" sizes=\"(min-width: 0px) and (max-width: 480px) 480px, (min-width: 481px) 900px, 100vw\" \/><\/p>\n<p>&nbsp;<\/p>\n<h2>S812 2 litros Ca\u00f1\u00f3n de espuma pistola de lavado a presi\u00f3n<\/h2>\n<p>Especificaci\u00f3n:<\/p>\n<p>1. Esta boquilla de espuma el\u00e9ctrica se utiliza para conectar una lavadora el\u00e9ctrica de alta presi\u00f3n.<\/p>\n<p>2.Su espuma es mejor que cualquier otra lanza de espuma, pero requiere alta presi\u00f3n de la m\u00e1quina.<\/p>\n<p>3. Tanto las lavadoras a presi\u00f3n comerciales peque\u00f1as como las grandes pueden producir espuma espesa y densa con la lanza de espuma de nuevo dise\u00f1o.<\/p>\n<p>Noticia importante:<\/p>\n<p>No recomendamos el uso personal en el hogar. Porque si la presi\u00f3n de la lavadora no es suficiente, \u00a1la espuma ser\u00e1 mala!<\/p>\n<p><img decoding=\"async\" class=\"size-full wp-image-531 aligncenter\" src=\"https:\/\/www.sybonbest.com\/es\/wp-content\/uploads\/2024\/01\/1705042855-S812-2-Liter-Foam-Cannon-Pressure-Washer-Gun-Heavy-Duty-Car-Foam-Blaster-Big-Mouth-Adjustable-Snow-Foam-Lance-Thick-Foam.jpg\" alt=\"Pistola-limpiadora-a-presi\u00f3n-de-ca\u00f1\u00f3n-de-espuma-S812-de-2-litros-pistola-de-espuma-para-coche-de-alta-resistencia-lanza-de-espuma-para-nieve-ajustable-con-boca-grande-espuma-gruesa-ca\u00f1\u00f3n-de-espuma\" width=\"750\" height=\"750\" srcset=\"https:\/\/www.sybonbest.com\/es\/wp-content\/uploads\/2024\/01\/1705042855-S812-2-Liter-Foam-Cannon-Pressure-Washer-Gun-Heavy-Duty-Car-Foam-Blaster-Big-Mouth-Adjustable-Snow-Foam-Lance-Thick-Foam.jpg 750w, https:\/\/www.sybonbest.com\/es\/wp-content\/uploads\/2024\/01\/1705042855-S812-2-Liter-Foam-Cannon-Pressure-Washer-Gun-Heavy-Duty-Car-Foam-Blaster-Big-Mouth-Adjustable-Snow-Foam-Lance-Thick-Foam-480x480.jpg 480w\" sizes=\"(min-width: 0px) and (max-width: 480px) 480px, (min-width: 481px) 750px, 100vw\" \/><\/p>\n<p><img decoding=\"async\" class=\"size-full wp-image-532 aligncenter\" src=\"https:\/\/www.sybonbest.com\/es\/wp-content\/uploads\/2024\/01\/1705042878-S812-Productos-Car-Detaling-Washing-Car-Wash-Snow-Foam-Car-Wash-Canon-Foam-Jet-Snow-Foam.jpg\" alt=\"\" width=\"750\" height=\"750\" srcset=\"https:\/\/www.sybonbest.com\/es\/wp-content\/uploads\/2024\/01\/1705042878-S812-Productos-Car-Detaling-Washing-Car-Wash-Snow-Foam-Car-Wash-Canon-Foam-Jet-Snow-Foam.jpg 750w, https:\/\/www.sybonbest.com\/es\/wp-content\/uploads\/2024\/01\/1705042878-S812-Productos-Car-Detaling-Washing-Car-Wash-Snow-Foam-Car-Wash-Canon-Foam-Jet-Snow-Foam-480x480.jpg 480w\" sizes=\"(min-width: 0px) and (max-width: 480px) 480px, (min-width: 481px) 750px, 100vw\" \/><\/p>\n<p><img decoding=\"async\" class=\"size-full wp-image-533 aligncenter\" src=\"https:\/\/www.sybonbest.com\/es\/wp-content\/uploads\/2024\/01\/1705042900-S812-Gun-Foam-Lance-Shampoo-Gun-Car-Foam-Cannon-Snow-Foam-Generator-Gun.jpg\" alt=\"\" width=\"750\" height=\"750\" srcset=\"https:\/\/www.sybonbest.com\/es\/wp-content\/uploads\/2024\/01\/1705042900-S812-Gun-Foam-Lance-Shampoo-Gun-Car-Foam-Cannon-Snow-Foam-Generator-Gun.jpg 750w, https:\/\/www.sybonbest.com\/es\/wp-content\/uploads\/2024\/01\/1705042900-S812-Gun-Foam-Lance-Shampoo-Gun-Car-Foam-Cannon-Snow-Foam-Generator-Gun-480x480.jpg 480w\" sizes=\"(min-width: 0px) and (max-width: 480px) 480px, (min-width: 481px) 750px, 100vw\" \/><\/p>\n<p><img decoding=\"async\" class=\"size-full wp-image-534 aligncenter\" src=\"https:\/\/www.sybonbest.com\/es\/wp-content\/uploads\/2024\/01\/1705042915-S812-Auto-Snow-Foam-Cannon-2L-Cannon-Foam-Machine-Portable-Auto-Foam-Lance-Water.jpg\" alt=\"\" width=\"750\" height=\"750\" srcset=\"https:\/\/www.sybonbest.com\/es\/wp-content\/uploads\/2024\/01\/1705042915-S812-Auto-Snow-Foam-Cannon-2L-Cannon-Foam-Machine-Portable-Auto-Foam-Lance-Water.jpg 750w, https:\/\/www.sybonbest.com\/es\/wp-content\/uploads\/2024\/01\/1705042915-S812-Auto-Snow-Foam-Cannon-2L-Cannon-Foam-Machine-Portable-Auto-Foam-Lance-Water-480x480.jpg 480w\" sizes=\"(min-width: 0px) and (max-width: 480px) 480px, (min-width: 481px) 750px, 100vw\" \/><\/p>\n","protected":false},"excerpt":{"rendered":"<p>1.Capacidad: 0,45 galones(Ca\u00f1\u00f3n de espuma de 2 litros) Puedes limpiar m\u00e1s de un coche a la vez llenando la botella.<br \/>\n2.Uso m\u00faltiple: lavado de autos, pisos, lavado de ventanas, calzadas, techos, lavado de revestimientos, etc. Ideal para uso entusiasta o profesional.<\/p>\n","protected":false},"featured_media":535,"comment_status":"closed","ping_status":"closed","template":"","meta":{"_et_pb_use_builder":"","_et_pb_old_content":"","_et_gb_content_width":""},"product_brand":[],"product_cat":[29,30],"product_tag":[136],"class_list":{"0":"post-529","1":"product","2":"type-product","3":"status-publish","4":"has-post-thumbnail","6":"product_cat-serie-de-herramientas","7":"product_cat-canon-de-espuma-de-alta-presion","8":"product_tag-canon-de-espuma","10":"first","11":"instock","12":"shipping-taxable","13":"product-type-simple"},"_links":{"self":[{"href":"https:\/\/www.sybonbest.com\/es\/wp-json\/wp\/v2\/product\/529","targetHints":{"allow":["GET"]}}],"collection":[{"href":"https:\/\/www.sybonbest.com\/es\/wp-json\/wp\/v2\/product"}],"about":[{"href":"https:\/\/www.sybonbest.com\/es\/wp-json\/wp\/v2\/types\/product"}],"replies":[{"embeddable":true,"href":"https:\/\/www.sybonbest.com\/es\/wp-json\/wp\/v2\/comments?post=529"}],"wp:featuredmedia":[{"embeddable":true,"href":"https:\/\/www.sybonbest.com\/es\/wp-json\/wp\/v2\/media\/535"}],"wp:attachment":[{"href":"https:\/\/www.sybonbest.com\/es\/wp-json\/wp\/v2\/media?parent=529"}],"wp:term":[{"taxonomy":"product_brand","embeddable":true,"href":"https:\/\/www.sybonbest.com\/es\/wp-json\/wp\/v2\/product_brand?post=529"},{"taxonomy":"product_cat","embeddable":true,"href":"https:\/\/www.sybonbest.com\/es\/wp-json\/wp\/v2\/product_cat?post=529"},{"taxonomy":"product_tag","embeddable":true,"href":"https:\/\/www.sybonbest.com\/es\/wp-json\/wp\/v2\/product_tag?post=529"}],"curies":[{"name":"wp","href":"https:\/\/api.w.org\/{rel}","templated":true}]}}