{"id":517,"date":"2024-01-12T11:59:26","date_gmt":"2024-01-12T03:59:26","guid":{"rendered":"https:\/\/www.sybonbest.com\/es\/?post_type=product&#038;p=517"},"modified":"2024-04-18T14:13:54","modified_gmt":"2024-04-18T06:13:54","slug":"s811-1l-canon-de-espuma-con-conector-rapido-de-1-4-de-pulgada-lavadora-a-presion-para-lavado-de-autos-de-1-litro-lavado-a-chorro","status":"publish","type":"product","link":"https:\/\/www.sybonbest.com\/es\/product\/s811-1l-canon-de-espuma-con-conector-rapido-de-1-4-de-pulgada-lavadora-a-presion-para-lavado-de-autos-de-1-litro-lavado-a-chorro\/","title":{"rendered":"S811 1L Ca\u00f1\u00f3n de espuma con conector r\u00e1pido de 1\/4 de pulgada Lavadora a presi\u00f3n para lavado de autos de 1 litro Lavado a chorro"},"content":{"rendered":"<p><iframe title=\"\u2728 Elevate Your Car Wash Game with SYBON Foam Cannon! \ud83d\ude97\ud83d\udca6\" width=\"1080\" height=\"608\" src=\"https:\/\/www.youtube.com\/embed\/TklqKDzrC50?feature=oembed\"  allow=\"accelerometer; autoplay; clipboard-write; encrypted-media; gyroscope; picture-in-picture; web-share\" allowfullscreen><\/iframe><\/p>\n<p><img decoding=\"async\" class=\"size-full wp-image-520 aligncenter\" src=\"https:\/\/www.sybonbest.com\/es\/wp-content\/uploads\/2024\/01\/1705040492-S811-1-Liter-Adjustable-Foam-Cannon-Snow-Foam-Lance-with-14-Quick-Connector-5-Pressure-Washer-Nozzles-for-Car-Detailing-Cleaning-White.jpg\" alt=\"\" width=\"900\" height=\"364\" srcset=\"https:\/\/www.sybonbest.com\/es\/wp-content\/uploads\/2024\/01\/1705040492-S811-1-Liter-Adjustable-Foam-Cannon-Snow-Foam-Lance-with-14-Quick-Connector-5-Pressure-Washer-Nozzles-for-Car-Detailing-Cleaning-White.jpg 900w, https:\/\/www.sybonbest.com\/es\/wp-content\/uploads\/2024\/01\/1705040492-S811-1-Liter-Adjustable-Foam-Cannon-Snow-Foam-Lance-with-14-Quick-Connector-5-Pressure-Washer-Nozzles-for-Car-Detailing-Cleaning-White-480x194.jpg 480w\" sizes=\"(min-width: 0px) and (max-width: 480px) 480px, (min-width: 481px) 900px, 100vw\" \/><\/p>\n<p>&nbsp;<\/p>\n<h2>S811 1L Ca\u00f1\u00f3n de espuma con conector r\u00e1pido de 1\/4 de pulgada<\/h2>\n<p>1.Lanza de espuma para nieve ajustable con conexi\u00f3n r\u00e1pida de 1\/4\". Capacidad del contenedor: 1 litro\/0,22 galones. Especificaci\u00f3n: 1400 PSI a 3200 PSI.<\/p>\n<p>2.F\u00c1CIL de instalar: llene un poco de jab\u00f3n en la botella con agua tibia para obtener una espuma espesa; Luego, conecte el enchufe de conexi\u00f3n r\u00e1pida de 1\/4\" a la pistola o varilla de lavado a presi\u00f3n. Finalmente, ajuste la perilla en la parte superior al nivel de espuma deseado y luego el rociador de espuma dispersar\u00e1 la espuma espesa. La perilla ajusta la cantidad de dispensaci\u00f3n de espuma y la boquilla ajusta la pulverizaci\u00f3n. patr\u00f3n.<\/p>\n<p>3. Boquilla ajustable para una mezcla precisa y generaci\u00f3n de espuma. Gire la perilla superior hacia la derecha (-) para obtener la mezcla m\u00e1s espesa, ajuste la boquilla para obtener un patr\u00f3n de rociado adecuado y su\u00e9ltela.<\/p>\n<p>4. Disponibles para compra adicional, 5 puntas de boquilla con diferentes \u00e1ngulos (0, 15, 25, 40, 65 grados). Elija una boquilla diferente seg\u00fan la necesidad real. Como regar flores y plantas, lavar el coche. Tambi\u00e9n se pueden conectar a una varilla Quick-Connect para una aplicaci\u00f3n m\u00e1s r\u00e1pida y m\u00e1s.<\/p>\n<p>5.Aplicaci\u00f3n: ideal para motocicletas, lavado de autom\u00f3viles; Lavado de techos, calzadas, revestimientos; pisos, lavado de ventanas, es el mejor producto para detallar camiones o SUV.<\/p>\n<p><img decoding=\"async\" class=\"size-full wp-image-521 aligncenter\" src=\"https:\/\/www.sybonbest.com\/es\/wp-content\/uploads\/2024\/01\/1705040518-S811-Pressure-Washer-Foam-Cannon-for-Car-Wash-Snow-Foam-Lance-14-Inch.jpg\" alt=\"\" width=\"750\" height=\"750\" srcset=\"https:\/\/www.sybonbest.com\/es\/wp-content\/uploads\/2024\/01\/1705040518-S811-Pressure-Washer-Foam-Cannon-for-Car-Wash-Snow-Foam-Lance-14-Inch.jpg 750w, https:\/\/www.sybonbest.com\/es\/wp-content\/uploads\/2024\/01\/1705040518-S811-Pressure-Washer-Foam-Cannon-for-Car-Wash-Snow-Foam-Lance-14-Inch-480x480.jpg 480w\" sizes=\"(min-width: 0px) and (max-width: 480px) 480px, (min-width: 481px) 750px, 100vw\" \/><\/p>\n<p><img decoding=\"async\" class=\"size-full wp-image-522 aligncenter\" src=\"https:\/\/www.sybonbest.com\/es\/wp-content\/uploads\/2024\/01\/1705040540-S811-Foam-cannon-is-used-for-high-pressure-cleaning-machine-spray-gun-with-14-quick-joint-foam-shock-wave-1-liter.jpg\" alt=\"El-ca\u00f1\u00f3n-de-espuma-S811-se-utiliza-para-la-m\u00e1quina-de-limpieza-a-alta-presi\u00f3n-pistola-rociadora-con-14-ondas-de-choque-de-espuma-de-uni\u00f3n-r\u00e1pida-de-1-litro-1L-ca\u00f1\u00f3n-de-espuma\" width=\"750\" height=\"750\" srcset=\"https:\/\/www.sybonbest.com\/es\/wp-content\/uploads\/2024\/01\/1705040540-S811-Foam-cannon-is-used-for-high-pressure-cleaning-machine-spray-gun-with-14-quick-joint-foam-shock-wave-1-liter.jpg 750w, https:\/\/www.sybonbest.com\/es\/wp-content\/uploads\/2024\/01\/1705040540-S811-Foam-cannon-is-used-for-high-pressure-cleaning-machine-spray-gun-with-14-quick-joint-foam-shock-wave-1-liter-480x480.jpg 480w\" sizes=\"(min-width: 0px) and (max-width: 480px) 480px, (min-width: 481px) 750px, 100vw\" \/><\/p>\n<p><img decoding=\"async\" class=\"size-full wp-image-528 aligncenter\" src=\"https:\/\/www.sybonbest.com\/es\/wp-content\/uploads\/2024\/01\/1705040657-S811-Pressure-Washer-Short-Gun-Foam-Cannon-with-14-Inch-Quick-Connector-Power-Washer-with-5-Pressure-Washer-Nozzle-Tips.jpg\" alt=\"\" width=\"750\" height=\"750\" srcset=\"https:\/\/www.sybonbest.com\/es\/wp-content\/uploads\/2024\/01\/1705040657-S811-Pressure-Washer-Short-Gun-Foam-Cannon-with-14-Inch-Quick-Connector-Power-Washer-with-5-Pressure-Washer-Nozzle-Tips.jpg 750w, https:\/\/www.sybonbest.com\/es\/wp-content\/uploads\/2024\/01\/1705040657-S811-Pressure-Washer-Short-Gun-Foam-Cannon-with-14-Inch-Quick-Connector-Power-Washer-with-5-Pressure-Washer-Nozzle-Tips-480x480.jpg 480w\" sizes=\"(min-width: 0px) and (max-width: 480px) 480px, (min-width: 481px) 750px, 100vw\" \/><\/p>\n<p><img decoding=\"async\" class=\"size-full wp-image-523 aligncenter\" src=\"https:\/\/www.sybonbest.com\/es\/wp-content\/uploads\/2024\/01\/1705040564-S811-Foam-Cannon-Snow-Foam-Lance-Pressure-Washer-Jet-Wash-Quick-Release-Adjustable-Nozzle-14-Inch-Male-Fitting-Foam-Dispenser.jpg\" alt=\"\" width=\"750\" height=\"750\" srcset=\"https:\/\/www.sybonbest.com\/es\/wp-content\/uploads\/2024\/01\/1705040564-S811-Foam-Cannon-Snow-Foam-Lance-Pressure-Washer-Jet-Wash-Quick-Release-Adjustable-Nozzle-14-Inch-Male-Fitting-Foam-Dispenser.jpg 750w, https:\/\/www.sybonbest.com\/es\/wp-content\/uploads\/2024\/01\/1705040564-S811-Foam-Cannon-Snow-Foam-Lance-Pressure-Washer-Jet-Wash-Quick-Release-Adjustable-Nozzle-14-Inch-Male-Fitting-Foam-Dispenser-480x480.jpg 480w\" sizes=\"(min-width: 0px) and (max-width: 480px) 480px, (min-width: 481px) 750px, 100vw\" \/><\/p>\n<p><img decoding=\"async\" class=\"size-full wp-image-524 aligncenter\" src=\"https:\/\/www.sybonbest.com\/es\/wp-content\/uploads\/2024\/01\/1705040592-S811-Foam-Cannon-with-14-Quick-Connect-for-Pressure-Washer-Gun-and-Wand-with-1L-Bottle.jpg\" alt=\"\" width=\"750\" height=\"750\" srcset=\"https:\/\/www.sybonbest.com\/es\/wp-content\/uploads\/2024\/01\/1705040592-S811-Foam-Cannon-with-14-Quick-Connect-for-Pressure-Washer-Gun-and-Wand-with-1L-Bottle.jpg 750w, https:\/\/www.sybonbest.com\/es\/wp-content\/uploads\/2024\/01\/1705040592-S811-Foam-Cannon-with-14-Quick-Connect-for-Pressure-Washer-Gun-and-Wand-with-1L-Bottle-480x480.jpg 480w\" sizes=\"(min-width: 0px) and (max-width: 480px) 480px, (min-width: 481px) 750px, 100vw\" \/><\/p>\n","protected":false},"excerpt":{"rendered":"<p>1.Lanza de espuma para nieve ajustable con conexi\u00f3n r\u00e1pida de 1\/4\".<br \/>\n2.F\u00c1CIL de instalar: llene un poco de jab\u00f3n en el\u00a01L Ca\u00f1\u00f3n de espuma botella con agua tibia para obtener una espuma espesa.<br \/>\n3. Boquilla ajustable para una mezcla precisa y generaci\u00f3n de espuma.<br \/>\n4. Disponibles para compra adicional, 5 puntas de boquilla con diferentes \u00e1ngulos (0, 15, 25, 40, 65 grados).<br \/>\n5.Aplicaci\u00f3n: ideal para motocicletas, lavado de autom\u00f3viles; Lavado de techos, calzadas, revestimientos.<\/p>\n","protected":false},"featured_media":525,"comment_status":"closed","ping_status":"closed","template":"","meta":{"_et_pb_use_builder":"","_et_pb_old_content":"","_et_gb_content_width":""},"product_brand":[],"product_cat":[29,30],"product_tag":[137],"class_list":{"0":"post-517","1":"product","2":"type-product","3":"status-publish","4":"has-post-thumbnail","6":"product_cat-serie-de-herramientas","7":"product_cat-canon-de-espuma-de-alta-presion","8":"product_tag-1l-canon-de-espuma","10":"first","11":"instock","12":"shipping-taxable","13":"product-type-simple"},"_links":{"self":[{"href":"https:\/\/www.sybonbest.com\/es\/wp-json\/wp\/v2\/product\/517","targetHints":{"allow":["GET"]}}],"collection":[{"href":"https:\/\/www.sybonbest.com\/es\/wp-json\/wp\/v2\/product"}],"about":[{"href":"https:\/\/www.sybonbest.com\/es\/wp-json\/wp\/v2\/types\/product"}],"replies":[{"embeddable":true,"href":"https:\/\/www.sybonbest.com\/es\/wp-json\/wp\/v2\/comments?post=517"}],"wp:featuredmedia":[{"embeddable":true,"href":"https:\/\/www.sybonbest.com\/es\/wp-json\/wp\/v2\/media\/525"}],"wp:attachment":[{"href":"https:\/\/www.sybonbest.com\/es\/wp-json\/wp\/v2\/media?parent=517"}],"wp:term":[{"taxonomy":"product_brand","embeddable":true,"href":"https:\/\/www.sybonbest.com\/es\/wp-json\/wp\/v2\/product_brand?post=517"},{"taxonomy":"product_cat","embeddable":true,"href":"https:\/\/www.sybonbest.com\/es\/wp-json\/wp\/v2\/product_cat?post=517"},{"taxonomy":"product_tag","embeddable":true,"href":"https:\/\/www.sybonbest.com\/es\/wp-json\/wp\/v2\/product_tag?post=517"}],"curies":[{"name":"wp","href":"https:\/\/api.w.org\/{rel}","templated":true}]}}