{"id":509,"date":"2024-01-11T18:26:29","date_gmt":"2024-01-11T10:26:29","guid":{"rendered":"https:\/\/www.sybonbest.com\/es\/?post_type=product&#038;p=509"},"modified":"2024-04-18T14:13:03","modified_gmt":"2024-04-18T06:13:03","slug":"s2214-acondicionador-de-cuero-para-coche-las-toallitas-con-proteccion-uv-evitan-que-los-sofas-de-cuero-asientos-de-automoviles-zapatos-y-carteras-se-agrieten-o-decoloren","status":"publish","type":"product","link":"https:\/\/www.sybonbest.com\/es\/product\/s2214-acondicionador-de-cuero-para-coche-las-toallitas-con-proteccion-uv-evitan-que-los-sofas-de-cuero-asientos-de-automoviles-zapatos-y-carteras-se-agrieten-o-decoloren\/","title":{"rendered":"S2214 Acondicionador de cuero para coche las toallitas con protecci\u00f3n UV evitan que los sof\u00e1s de cuero, asientos de autom\u00f3viles, zapatos y carteras se agrieten o decoloren"},"content":{"rendered":"<p><iframe title=\"\u2728 Nourish and Protect with SYBON Car Leather Conditioner! \ud83d\ude97\ud83d\udecb\ufe0f\" width=\"1080\" height=\"608\" src=\"https:\/\/www.youtube.com\/embed\/CzRQ2qwjRZ8?feature=oembed\"  allow=\"accelerometer; autoplay; clipboard-write; encrypted-media; gyroscope; picture-in-picture; web-share\" allowfullscreen><\/iframe><\/p>\n<p><img decoding=\"async\" class=\"size-full wp-image-510 aligncenter\" src=\"https:\/\/www.sybonbest.com\/es\/wp-content\/uploads\/2024\/01\/1704970020-S2214-Leather-Conditioning-Get-Leather-Protection-While-Conditioning-Premium-Leather-Care-for-Car-Leather.jpg\" alt=\"\" width=\"750\" height=\"302\" srcset=\"https:\/\/www.sybonbest.com\/es\/wp-content\/uploads\/2024\/01\/1704970020-S2214-Leather-Conditioning-Get-Leather-Protection-While-Conditioning-Premium-Leather-Care-for-Car-Leather.jpg 750w, https:\/\/www.sybonbest.com\/es\/wp-content\/uploads\/2024\/01\/1704970020-S2214-Leather-Conditioning-Get-Leather-Protection-While-Conditioning-Premium-Leather-Care-for-Car-Leather-480x193.jpg 480w\" sizes=\"(min-width: 0px) and (max-width: 480px) 480px, (min-width: 481px) 750px, 100vw\" \/><\/p>\n<p>&nbsp;<\/p>\n<h2>S2214 Acondicionador de cuero para coche<\/h2>\n<p>Para la desoxidaci\u00f3n y el cuidado de los materiales de cuero del autom\u00f3vil y del hogar, este producto tiene el efecto de despertar la textura y el brillo originales del cuero; Puede disolver r\u00e1pidamente la capa de \u00f3xido en la superficie del cuero y contiene factores de protecci\u00f3n y cuidado de nanoesmalte para formar una capa protectora, que es antienvejecimiento e impermeable. La f\u00f3rmula de rayos antiest\u00e1ticos, a prueba de polvo y anti-ultravioleta no tiene ning\u00fan efecto corrosivo sobre el cuero. Esta f\u00f3rmula mantiene el cuero suave, mantiene su textura inherente, realza el color del cuero y huele fresco. (Adecuado para cuero de autom\u00f3viles, materiales moldeados, pelo de muebles, bolsos de cuero, etc.).<\/p>\n<p>1. DEVUELVA LA VIDA A SU CUERO: elimine de forma segura la suciedad, la tierra y los residuos para suavizarlos; Fortalece e hidrata el cuero descuidado.<\/p>\n<p>2. TOALLITAS F\u00c1CILES DE USAR: Nuestra f\u00f3rmula multiacci\u00f3n acondiciona y protege en un simple paso para mantener y restaurar cualquier superficie de cuero terminada.<\/p>\n<p>3.USOS M\u00daLTIPLES: \u00daselo regularmente en accesorios como cuero; carteras; zapatos; botas; maletines y bolsos; Acondicionar sof\u00e1s de cuero; sof\u00e1s y sillas para restaurar su belleza y flexibilidad.<\/p>\n<p>4.PROTECCI\u00d3N UV: El acondicionador de cuero SYBON contiene protector solar que protege todo tipo de cuero del da\u00f1o solar; desvanecimiento; secado y agrietamiento.<\/p>\n<p>5.CUIDADO DEL INTERIOR DE SU AUTO: Perfecto para limpiar; proteger y restaurar su autom\u00f3vil; SUV; cami\u00f3n; Asientos e interior de motocicleta o Jeep.<\/p>\n<p>M\u00e9todo de operaci\u00f3n:<\/p>\n<p>1.Aseg\u00farese de que el cuero est\u00e9 a temperatura ambiente antes de usarlo; primero retire las manchas de la superficie del cuero con detergente y s\u00e9quelo;<\/p>\n<p>2.Aplique este producto sobre una esponja o una toalla limpia, exti\u00e9ndalo uniformemente sobre la superficie del cuero. [Instrucci\u00f3n] Despu\u00e9s de cuidarlo, se recomienda mantener las ventanas ventiladas y secas antes de sentarse; este producto tiene el efecto de hidratar y envejecer el cuero, y no tiene ning\u00fan efecto en la reparaci\u00f3n del cuero agrietado.<\/p>\n<p>Precauciones:<\/p>\n<p>1. Est\u00e1 prohibido utilizar el cuero cuando la temperatura exceda la temperatura normal o bajo la luz solar directa;<\/p>\n<p>2. Para productos funcionales, pruebe en un \u00e1rea peque\u00f1a en un lugar discreto;<\/p>\n<p>3. No debe almacenarse en un lugar por debajo de 0\u00b0C o por encima de 50\u00b0C;<\/p>\n<p>4. No permita que los ni\u00f1os toquen, no coman, si accidentalmente entra en sus ojos, busque atenci\u00f3n m\u00e9dica de inmediato;<\/p>\n<p>5. \u00daselo de la manera correcta, no deje este producto solo despu\u00e9s de untarlo.<\/p>\n<p><img decoding=\"async\" class=\"size-full wp-image-513 aligncenter\" src=\"https:\/\/www.sybonbest.com\/es\/wp-content\/uploads\/2024\/01\/1704970127-S2214-Car-Leather-Conditioner-Wipes-With-UV-Protection-Prevent-Cracking-Or-Fading-Of-Leather-Couches-Car-Seats-Shoes-Purses.jpg\" alt=\"S2214-Toallitas-acondicionadoras-de-cuero-para-autom\u00f3viles-con-protecci\u00f3n-UV-que-evitan-el-agrietamiento-o-la-decoloraci\u00f3n-de-los-sof\u00e1s-de-cuero-asientos-de-autom\u00f3viles-zapatos-bolsos-acondicionador-de-cuero-para-coche\" width=\"750\" height=\"750\" srcset=\"https:\/\/www.sybonbest.com\/es\/wp-content\/uploads\/2024\/01\/1704970127-S2214-Car-Leather-Conditioner-Wipes-With-UV-Protection-Prevent-Cracking-Or-Fading-Of-Leather-Couches-Car-Seats-Shoes-Purses.jpg 750w, https:\/\/www.sybonbest.com\/es\/wp-content\/uploads\/2024\/01\/1704970127-S2214-Car-Leather-Conditioner-Wipes-With-UV-Protection-Prevent-Cracking-Or-Fading-Of-Leather-Couches-Car-Seats-Shoes-Purses-480x480.jpg 480w\" sizes=\"(min-width: 0px) and (max-width: 480px) 480px, (min-width: 481px) 750px, 100vw\" \/><\/p>\n<p><img decoding=\"async\" class=\"size-full wp-image-512 aligncenter\" src=\"https:\/\/www.sybonbest.com\/es\/wp-content\/uploads\/2024\/01\/1704970074-S2214-Professional-Detail-Products-Leather-Treatment-Conditioner-Protectant-Revives-and-Reconditions-Leather-Interiors-UV-Inhibitors-Premium-Leather-Finish.jpg\" alt=\"\" width=\"750\" height=\"750\" srcset=\"https:\/\/www.sybonbest.com\/es\/wp-content\/uploads\/2024\/01\/1704970074-S2214-Professional-Detail-Products-Leather-Treatment-Conditioner-Protectant-Revives-and-Reconditions-Leather-Interiors-UV-Inhibitors-Premium-Leather-Finish.jpg 750w, https:\/\/www.sybonbest.com\/es\/wp-content\/uploads\/2024\/01\/1704970074-S2214-Professional-Detail-Products-Leather-Treatment-Conditioner-Protectant-Revives-and-Reconditions-Leather-Interiors-UV-Inhibitors-Premium-Leather-Finish-480x480.jpg 480w\" sizes=\"(min-width: 0px) and (max-width: 480px) 480px, (min-width: 481px) 750px, 100vw\" \/><\/p>\n","protected":false},"excerpt":{"rendered":"<p>1.Elimine de forma segura la suciedad, la tierra y los residuos para suavizarlos; Fortalece e hidrata el cuero descuidado.<br \/>\n2.Nuestra f\u00f3rmula multiacci\u00f3n acondiciona y protege en un simple paso para mantener y restaurar cualquier superficie de cuero terminada.<br \/>\n3.Utilizar regularmente en accesorios como cuero; carteras; zapatos; botas; maletines y bolsos; Acondicionar sof\u00e1s de cuero;<br \/>\n4.SYBON Acondicionador de cuero para coche contiene protector solar que protege todo tipo de cuero del da\u00f1o solar; desvanecimiento; secado y agrietamiento.<br \/>\n5.Perfecto para la limpieza; proteger y restaurar su autom\u00f3vil; SUV; cami\u00f3n; Asientos e interior de motocicleta o Jeep.<\/p>\n","protected":false},"featured_media":514,"comment_status":"closed","ping_status":"closed","template":"","meta":{"_et_pb_use_builder":"","_et_pb_old_content":"","_et_gb_content_width":""},"product_brand":[],"product_cat":[26,27],"product_tag":[138],"class_list":{"0":"post-509","1":"product","2":"type-product","3":"status-publish","4":"has-post-thumbnail","6":"product_cat-serie-de-detalles-automaticos","7":"product_cat-detalle-interior","8":"product_tag-acondicionador-de-cuero-para-coche","10":"first","11":"instock","12":"shipping-taxable","13":"product-type-simple"},"_links":{"self":[{"href":"https:\/\/www.sybonbest.com\/es\/wp-json\/wp\/v2\/product\/509","targetHints":{"allow":["GET"]}}],"collection":[{"href":"https:\/\/www.sybonbest.com\/es\/wp-json\/wp\/v2\/product"}],"about":[{"href":"https:\/\/www.sybonbest.com\/es\/wp-json\/wp\/v2\/types\/product"}],"replies":[{"embeddable":true,"href":"https:\/\/www.sybonbest.com\/es\/wp-json\/wp\/v2\/comments?post=509"}],"wp:featuredmedia":[{"embeddable":true,"href":"https:\/\/www.sybonbest.com\/es\/wp-json\/wp\/v2\/media\/514"}],"wp:attachment":[{"href":"https:\/\/www.sybonbest.com\/es\/wp-json\/wp\/v2\/media?parent=509"}],"wp:term":[{"taxonomy":"product_brand","embeddable":true,"href":"https:\/\/www.sybonbest.com\/es\/wp-json\/wp\/v2\/product_brand?post=509"},{"taxonomy":"product_cat","embeddable":true,"href":"https:\/\/www.sybonbest.com\/es\/wp-json\/wp\/v2\/product_cat?post=509"},{"taxonomy":"product_tag","embeddable":true,"href":"https:\/\/www.sybonbest.com\/es\/wp-json\/wp\/v2\/product_tag?post=509"}],"curies":[{"name":"wp","href":"https:\/\/api.w.org\/{rel}","templated":true}]}}