{"id":494,"date":"2024-01-11T17:38:10","date_gmt":"2024-01-11T09:38:10","guid":{"rendered":"https:\/\/www.sybonbest.com\/es\/?post_type=product&#038;p=494"},"modified":"2024-04-18T14:11:17","modified_gmt":"2024-04-18T06:11:17","slug":"s2206-limpiador-de-pelicula-de-aceite-para-vidrio-de-automovil-crema-de-eliminacion-de-pelicula-de-vidrio-limpiador-de-pelicula-de-aceite-para-parabrisas-de-coche","status":"publish","type":"product","link":"https:\/\/www.sybonbest.com\/es\/product\/s2206-limpiador-de-pelicula-de-aceite-para-vidrio-de-automovil-crema-de-eliminacion-de-pelicula-de-vidrio-limpiador-de-pelicula-de-aceite-para-parabrisas-de-coche\/","title":{"rendered":"S2206 Limpiador de pel\u00edcula de aceite para vidrio de autom\u00f3vil Crema de eliminaci\u00f3n de pel\u00edcula de vidrio, limpiador de pel\u00edcula de aceite para parabrisas de coche"},"content":{"rendered":"<p><iframe title=\"\u2728 Clarity in Every Drive with SYBON Car Glass Oil Film Cleaner! \ud83d\ude97\ud83d\udd0d\" width=\"1080\" height=\"608\" src=\"https:\/\/www.youtube.com\/embed\/15aqmfRUh4s?feature=oembed\"  allow=\"accelerometer; autoplay; clipboard-write; encrypted-media; gyroscope; picture-in-picture; web-share\" allowfullscreen><\/iframe><\/p>\n<p><img decoding=\"async\" class=\"size-full wp-image-495 aligncenter\" src=\"https:\/\/www.sybonbest.com\/es\/wp-content\/uploads\/2024\/01\/1704966960-S2206-Car-Glass-Oil-Film-Cleaner-Car-Glass-Cleaner-with-Sponge-Glass-Cleaner-for-Home-and-Auto-Cleaning-Water-Spot-Remover-for-Glass-Surfaces.jpg\" alt=\"\" width=\"750\" height=\"302\" srcset=\"https:\/\/www.sybonbest.com\/es\/wp-content\/uploads\/2024\/01\/1704966960-S2206-Car-Glass-Oil-Film-Cleaner-Car-Glass-Cleaner-with-Sponge-Glass-Cleaner-for-Home-and-Auto-Cleaning-Water-Spot-Remover-for-Glass-Surfaces.jpg 750w, https:\/\/www.sybonbest.com\/es\/wp-content\/uploads\/2024\/01\/1704966960-S2206-Car-Glass-Oil-Film-Cleaner-Car-Glass-Cleaner-with-Sponge-Glass-Cleaner-for-Home-and-Auto-Cleaning-Water-Spot-Remover-for-Glass-Surfaces-480x193.jpg 480w\" sizes=\"(min-width: 0px) and (max-width: 480px) 480px, (min-width: 481px) 750px, 100vw\" \/><\/p>\n<p>&nbsp;<\/p>\n<h2>S2206 Limpiador de pel\u00edcula de aceite para vidrio de autom\u00f3vil<\/h2>\n<p>1. Potente limpiador de pel\u00edcula de aceite para parabrisas y limpieza. Elimina las manchas de agua y las pel\u00edculas de aceite del vidrio para restaurar r\u00e1pidamente la transparencia perfecta sin pulir.<\/p>\n<p>2.Forma una capa protectora e impermeable. \u00a1No s\u00f3lo es un limpiacristales, tambi\u00e9n es un restaurador de cristales! Le da a su vidrio un nuevo aspecto despu\u00e9s de la limpieza y tambi\u00e9n forma una capa protectora que hace que las gotas de agua se deslicen, sea resistente a la lluvia, al agua y protege contra salpicaduras y polvo.<\/p>\n<p>3.Potente descontaminaci\u00f3n. Usando tecnolog\u00eda de molienda, agregando surfactantes, etc., para descomponer fuertemente la pel\u00edcula de aceite com\u00fan, marcas de agua, goma y otras manchas rebeldes en el vidrio.<\/p>\n<p>4.F\u00f3rmula suave, no da\u00f1a el vidrio. La f\u00f3rmula del removedor de pel\u00edcula de aceite para vidrio de autom\u00f3vil es suave, no da\u00f1a el vidrio, es f\u00e1cil de limpiar, no da\u00f1a el vidrio y hace que viajar sea m\u00e1s c\u00f3modo, claro y seguro.<\/p>\n<p>Precauciones<\/p>\n<p>El material del cristal plateado del coche es diferente. No aplique mucha presi\u00f3n la primera vez, simplemente retire la pel\u00edcula de aceite.<\/p>\n<p><img decoding=\"async\" class=\"size-full wp-image-496 aligncenter\" src=\"https:\/\/www.sybonbest.com\/es\/wp-content\/uploads\/2024\/01\/1704966975-S2206-Car-Glass-Oil-Film-Cleaner-Glass-Film-Removal-Cream-Car-Windshield-Oil-Film-Cleaner.jpg\" alt=\"limpiador-de-pel\u00edcula-de-aceite-para-vidrio-de-autom\u00f3vil\" width=\"750\" height=\"750\" srcset=\"https:\/\/www.sybonbest.com\/es\/wp-content\/uploads\/2024\/01\/1704966975-S2206-Car-Glass-Oil-Film-Cleaner-Glass-Film-Removal-Cream-Car-Windshield-Oil-Film-Cleaner.jpg 750w, https:\/\/www.sybonbest.com\/es\/wp-content\/uploads\/2024\/01\/1704966975-S2206-Car-Glass-Oil-Film-Cleaner-Glass-Film-Removal-Cream-Car-Windshield-Oil-Film-Cleaner-480x480.jpg 480w\" sizes=\"(min-width: 0px) and (max-width: 480px) 480px, (min-width: 481px) 750px, 100vw\" \/><\/p>\n<p><img decoding=\"async\" class=\"size-full wp-image-497 aligncenter\" src=\"https:\/\/www.sybonbest.com\/es\/wp-content\/uploads\/2024\/01\/1704966994-S2206-Car-Oil-Film-Cleaner-Automotive-Glass-Oil-Film-Remover-for-Car-Windows-and-Glass-Cleaning.jpg\" alt=\"\" width=\"750\" height=\"750\" srcset=\"https:\/\/www.sybonbest.com\/es\/wp-content\/uploads\/2024\/01\/1704966994-S2206-Car-Oil-Film-Cleaner-Automotive-Glass-Oil-Film-Remover-for-Car-Windows-and-Glass-Cleaning.jpg 750w, https:\/\/www.sybonbest.com\/es\/wp-content\/uploads\/2024\/01\/1704966994-S2206-Car-Oil-Film-Cleaner-Automotive-Glass-Oil-Film-Remover-for-Car-Windows-and-Glass-Cleaning-480x480.jpg 480w\" sizes=\"(min-width: 0px) and (max-width: 480px) 480px, (min-width: 481px) 750px, 100vw\" \/><\/p>\n<p><img decoding=\"async\" class=\"size-full wp-image-498 aligncenter\" src=\"https:\/\/www.sybonbest.com\/es\/wp-content\/uploads\/2024\/01\/1704967013-S2206-Oil-Film-Cleaning-Milk-Car-Windshield-Oil-Film-Cleaner-for-Car.jpg\" alt=\"\" width=\"750\" height=\"750\" srcset=\"https:\/\/www.sybonbest.com\/es\/wp-content\/uploads\/2024\/01\/1704967013-S2206-Oil-Film-Cleaning-Milk-Car-Windshield-Oil-Film-Cleaner-for-Car.jpg 750w, https:\/\/www.sybonbest.com\/es\/wp-content\/uploads\/2024\/01\/1704967013-S2206-Oil-Film-Cleaning-Milk-Car-Windshield-Oil-Film-Cleaner-for-Car-480x480.jpg 480w\" sizes=\"(min-width: 0px) and (max-width: 480px) 480px, (min-width: 481px) 750px, 100vw\" \/><\/p>\n<p><img decoding=\"async\" class=\"size-full wp-image-499 aligncenter\" src=\"https:\/\/www.sybonbest.com\/es\/wp-content\/uploads\/2024\/01\/1704967029-S2206-Glass-Oil-Film-Remover-for-Auto-and-Home-Quickly-and-Easily-Restore-Glass-Clarity.jpg\" alt=\"\" width=\"750\" height=\"750\" srcset=\"https:\/\/www.sybonbest.com\/es\/wp-content\/uploads\/2024\/01\/1704967029-S2206-Glass-Oil-Film-Remover-for-Auto-and-Home-Quickly-and-Easily-Restore-Glass-Clarity.jpg 750w, https:\/\/www.sybonbest.com\/es\/wp-content\/uploads\/2024\/01\/1704967029-S2206-Glass-Oil-Film-Remover-for-Auto-and-Home-Quickly-and-Easily-Restore-Glass-Clarity-480x480.jpg 480w\" sizes=\"(min-width: 0px) and (max-width: 480px) 480px, (min-width: 481px) 750px, 100vw\" \/><\/p>\n","protected":false},"excerpt":{"rendered":"<p>1.Limpiador de pel\u00edcula de aceite para vidrio de autom\u00f3vil tiene un potente limpiador de pel\u00edcula de aceite para parabrisas y limpieza.<br \/>\n2.Forma una capa protectora e impermeable.<br \/>\n3.Potente descontaminaci\u00f3n.<br \/>\n4.F\u00f3rmula suave, no da\u00f1a el vidrio.<\/p>\n","protected":false},"featured_media":500,"comment_status":"closed","ping_status":"closed","template":"","meta":{"_et_pb_use_builder":"","_et_pb_old_content":"","_et_gb_content_width":""},"product_brand":[],"product_cat":[26,28],"product_tag":[140],"class_list":{"0":"post-494","1":"product","2":"type-product","3":"status-publish","4":"has-post-thumbnail","6":"product_cat-serie-de-detalles-automaticos","7":"product_cat-detalle-exterior","8":"product_tag-limpiador-de-pelicula-de-aceite-para-vidrio-de-automovil","10":"first","11":"instock","12":"shipping-taxable","13":"product-type-simple"},"_links":{"self":[{"href":"https:\/\/www.sybonbest.com\/es\/wp-json\/wp\/v2\/product\/494","targetHints":{"allow":["GET"]}}],"collection":[{"href":"https:\/\/www.sybonbest.com\/es\/wp-json\/wp\/v2\/product"}],"about":[{"href":"https:\/\/www.sybonbest.com\/es\/wp-json\/wp\/v2\/types\/product"}],"replies":[{"embeddable":true,"href":"https:\/\/www.sybonbest.com\/es\/wp-json\/wp\/v2\/comments?post=494"}],"wp:featuredmedia":[{"embeddable":true,"href":"https:\/\/www.sybonbest.com\/es\/wp-json\/wp\/v2\/media\/500"}],"wp:attachment":[{"href":"https:\/\/www.sybonbest.com\/es\/wp-json\/wp\/v2\/media?parent=494"}],"wp:term":[{"taxonomy":"product_brand","embeddable":true,"href":"https:\/\/www.sybonbest.com\/es\/wp-json\/wp\/v2\/product_brand?post=494"},{"taxonomy":"product_cat","embeddable":true,"href":"https:\/\/www.sybonbest.com\/es\/wp-json\/wp\/v2\/product_cat?post=494"},{"taxonomy":"product_tag","embeddable":true,"href":"https:\/\/www.sybonbest.com\/es\/wp-json\/wp\/v2\/product_tag?post=494"}],"curies":[{"name":"wp","href":"https:\/\/api.w.org\/{rel}","templated":true}]}}