{"id":486,"date":"2024-01-10T18:49:21","date_gmt":"2024-01-10T10:49:21","guid":{"rendered":"https:\/\/www.sybonbest.com\/es\/?post_type=product&#038;p=486"},"modified":"2024-04-18T14:10:26","modified_gmt":"2024-04-18T06:10:26","slug":"s2205-revestimiento-del-motor-el-brillo-del-protector-del-motor-crea-brillo-en-la-sala-de-exposicion-evita-que-las-mangueras-de-goma-se-desvanezcan-y-se-agrieten-facil-de-usar-resistente-al-polvo","status":"publish","type":"product","link":"https:\/\/www.sybonbest.com\/es\/product\/s2205-revestimiento-del-motor-el-brillo-del-protector-del-motor-crea-brillo-en-la-sala-de-exposicion-evita-que-las-mangueras-de-goma-se-desvanezcan-y-se-agrieten-facil-de-usar-resistente-al-polvo\/","title":{"rendered":"S2205 Revestimiento del motor el brillo del protector del motor crea brillo en la sala de exposici\u00f3n, evita que las mangueras de goma se desvanezcan y se agrieten, f\u00e1cil de usar, resistente al polvo"},"content":{"rendered":"<p><iframe title=\"\u2728 Preserve Your Engine&#039;s Elegance with SYBON Car Engine Compartment Engine Protector Shine! \ud83d\ude97\u2728\" width=\"1080\" height=\"608\" src=\"https:\/\/www.youtube.com\/embed\/VGv2lUZnVdA?feature=oembed\"  allow=\"accelerometer; autoplay; clipboard-write; encrypted-media; gyroscope; picture-in-picture; web-share\" allowfullscreen><\/iframe><\/p>\n<p><img decoding=\"async\" class=\"size-full wp-image-487 aligncenter\" src=\"https:\/\/www.sybonbest.com\/es\/wp-content\/uploads\/2024\/01\/1704884637-S2205-Engine-Dressing-Engine-Protector-Shine-Create-Showroom-Shine-Prevents-Rubber-hoses-fading-and-cracking-Easy-to-Use-Dust-Resistant.jpg\" alt=\"\" width=\"750\" height=\"302\" srcset=\"https:\/\/www.sybonbest.com\/es\/wp-content\/uploads\/2024\/01\/1704884637-S2205-Engine-Dressing-Engine-Protector-Shine-Create-Showroom-Shine-Prevents-Rubber-hoses-fading-and-cracking-Easy-to-Use-Dust-Resistant.jpg 750w, https:\/\/www.sybonbest.com\/es\/wp-content\/uploads\/2024\/01\/1704884637-S2205-Engine-Dressing-Engine-Protector-Shine-Create-Showroom-Shine-Prevents-Rubber-hoses-fading-and-cracking-Easy-to-Use-Dust-Resistant-480x193.jpg 480w\" sizes=\"(min-width: 0px) and (max-width: 480px) 480px, (min-width: 481px) 750px, 100vw\" \/><\/p>\n<p>&nbsp;<\/p>\n<h2>S2205 Revestimiento del motor Brillo protector de motor<\/h2>\n<p>1.Brillo de sala de exposici\u00f3n: \u00bfQuieres ese hermoso brillo del compartimento del motor que puedes ver en las exhibiciones de autom\u00f3viles? No hay problema. Este producto para detalles de acabado del motor brindar\u00e1 ese aspecto brillante de sala de exposici\u00f3n que todo propietario de autom\u00f3vil anhela para su compartimento del motor.<\/p>\n<p>2.Evita el roce de las mangueras de goma: Con el tiempo, las mangueras de goma que conectan varias partes del motor pueden desgastarse y decolorarse, afectando tanto el rendimiento como la apariencia de su veh\u00edculo. Pero no temas, hay una soluci\u00f3n: la f\u00f3rmula Engine Dressing de SYBON. Este poderoso producto ayuda a proteger y dar brillo a todas las mangueras de tu motor, manteni\u00e9ndolas como nuevas y asegurando que tu auto funcione sin problemas.<\/p>\n<p>3.Resistente al polvo: D\u00edgale adi\u00f3s al polvo y la suciedad que alguna vez oscurecieron la belleza del compartimiento del motor. Con Engine Dressing de SYBON, puede darle a su motor el brillo y la protecci\u00f3n que se merece. Este incre\u00edble producto no solo brilla sino que tambi\u00e9n crea una barrera contra los elementos agresivos que pueden causar desgaste.<\/p>\n<p>4.F\u00e1cil aplicaci\u00f3n: este producto Engine Detail es f\u00e1cil de aplicar. Incluimos una boquilla rociadora en cada pieza para asegurar una aplicaci\u00f3n f\u00e1cil y uniforme en todo momento. Simplemente roc\u00ede la f\u00f3rmula, d\u00e9jela reposar durante unos segundos y l\u00edmpiela.<\/p>\n<p>5.Seguro para todos los componentes de pl\u00e1stico: \u00bfEst\u00e1 cansado de utilizar productos agresivos y potencialmente da\u00f1inos en los componentes de pl\u00e1stico de su autom\u00f3vil? \u00a1No busques m\u00e1s que este producto con detalles del motor! No s\u00f3lo protege eficazmente los componentes pl\u00e1sticos de su motor, sino que los mantiene brillantes y protegidos durante todo el proceso. Puede estar tranquilo sabiendo que no da\u00f1ar\u00e1 su autom\u00f3vil y al mismo tiempo lo mantendr\u00e1 luciendo lo mejor posible.<\/p>\n<p>Precauciones:<\/p>\n<p>Si accidentalmente se salpica este producto en los ojos o lo bebe por error, l\u00e1velo con agua limpia durante 10 minutos y busque atenci\u00f3n m\u00e9dica de inmediato.<\/p>\n<p><img decoding=\"async\" class=\"size-full wp-image-488 aligncenter\" src=\"https:\/\/www.sybonbest.com\/es\/wp-content\/uploads\/2024\/01\/1704884656-S2205-Wholesale-Engine-Bay-Refurbishment-Agent-Spray-For-Car-Care.jpg\" alt=\"S2205-vende-al-por-mayor-el-agente-de-reacondicionamiento-del-compartimento-del-motor-en-aerosol-para-el-cuidado-del-autom\u00f3vil-revestimiento-del-motor\" width=\"750\" height=\"750\" srcset=\"https:\/\/www.sybonbest.com\/es\/wp-content\/uploads\/2024\/01\/1704884656-S2205-Wholesale-Engine-Bay-Refurbishment-Agent-Spray-For-Car-Care.jpg 750w, https:\/\/www.sybonbest.com\/es\/wp-content\/uploads\/2024\/01\/1704884656-S2205-Wholesale-Engine-Bay-Refurbishment-Agent-Spray-For-Car-Care-480x480.jpg 480w\" sizes=\"(min-width: 0px) and (max-width: 480px) 480px, (min-width: 481px) 750px, 100vw\" \/><\/p>\n<p><img decoding=\"async\" class=\"size-full wp-image-489 aligncenter\" src=\"https:\/\/www.sybonbest.com\/es\/wp-content\/uploads\/2024\/01\/1704884671-S2205-Car-Engine-Coating-Agent-Engine-Compartment-Protection-Coating-Polish-Car-Care-Agent.jpg\" alt=\"\" width=\"750\" height=\"750\" srcset=\"https:\/\/www.sybonbest.com\/es\/wp-content\/uploads\/2024\/01\/1704884671-S2205-Car-Engine-Coating-Agent-Engine-Compartment-Protection-Coating-Polish-Car-Care-Agent.jpg 750w, https:\/\/www.sybonbest.com\/es\/wp-content\/uploads\/2024\/01\/1704884671-S2205-Car-Engine-Coating-Agent-Engine-Compartment-Protection-Coating-Polish-Car-Care-Agent-480x480.jpg 480w\" sizes=\"(min-width: 0px) and (max-width: 480px) 480px, (min-width: 481px) 750px, 100vw\" \/><\/p>\n<p><img decoding=\"async\" class=\"size-full wp-image-490 aligncenter\" src=\"https:\/\/www.sybonbest.com\/es\/wp-content\/uploads\/2024\/01\/1704884692-S2205-China-Professional-Manufacture-Engine-Shine-Protector-Dressing-After-Engine-Cleaning.jpg\" alt=\"\" width=\"750\" height=\"750\" srcset=\"https:\/\/www.sybonbest.com\/es\/wp-content\/uploads\/2024\/01\/1704884692-S2205-China-Professional-Manufacture-Engine-Shine-Protector-Dressing-After-Engine-Cleaning.jpg 750w, https:\/\/www.sybonbest.com\/es\/wp-content\/uploads\/2024\/01\/1704884692-S2205-China-Professional-Manufacture-Engine-Shine-Protector-Dressing-After-Engine-Cleaning-480x480.jpg 480w\" sizes=\"(min-width: 0px) and (max-width: 480px) 480px, (min-width: 481px) 750px, 100vw\" \/><\/p>\n","protected":false},"excerpt":{"rendered":"<p>1.Revestimiento del motor el protector de brillo del motor puede brindar protecci\u00f3n a largo plazo de piezas de pl\u00e1stico y tiras de goma sin pintar, y restaurar el color original de las tiras de goma.<br \/>\n2.Resiste la loci\u00f3n neutra y mantiene un efecto repelente al agua duradero.<br \/>\n3.F\u00f3rmula especial para prevenir da\u00f1os por rayos UV y envejecimiento de piezas de pl\u00e1stico y tiras de goma.<\/p>\n","protected":false},"featured_media":491,"comment_status":"closed","ping_status":"closed","template":"","meta":{"_et_pb_use_builder":"","_et_pb_old_content":"","_et_gb_content_width":""},"product_brand":[],"product_cat":[26,28],"product_tag":[142,141],"class_list":{"0":"post-486","1":"product","2":"type-product","3":"status-publish","4":"has-post-thumbnail","6":"product_cat-serie-de-detalles-automaticos","7":"product_cat-detalle-exterior","8":"product_tag-brillo-protector-de-motor","9":"product_tag-revestimiento-del-motor","11":"first","12":"instock","13":"shipping-taxable","14":"product-type-simple"},"_links":{"self":[{"href":"https:\/\/www.sybonbest.com\/es\/wp-json\/wp\/v2\/product\/486","targetHints":{"allow":["GET"]}}],"collection":[{"href":"https:\/\/www.sybonbest.com\/es\/wp-json\/wp\/v2\/product"}],"about":[{"href":"https:\/\/www.sybonbest.com\/es\/wp-json\/wp\/v2\/types\/product"}],"replies":[{"embeddable":true,"href":"https:\/\/www.sybonbest.com\/es\/wp-json\/wp\/v2\/comments?post=486"}],"wp:featuredmedia":[{"embeddable":true,"href":"https:\/\/www.sybonbest.com\/es\/wp-json\/wp\/v2\/media\/491"}],"wp:attachment":[{"href":"https:\/\/www.sybonbest.com\/es\/wp-json\/wp\/v2\/media?parent=486"}],"wp:term":[{"taxonomy":"product_brand","embeddable":true,"href":"https:\/\/www.sybonbest.com\/es\/wp-json\/wp\/v2\/product_brand?post=486"},{"taxonomy":"product_cat","embeddable":true,"href":"https:\/\/www.sybonbest.com\/es\/wp-json\/wp\/v2\/product_cat?post=486"},{"taxonomy":"product_tag","embeddable":true,"href":"https:\/\/www.sybonbest.com\/es\/wp-json\/wp\/v2\/product_tag?post=486"}],"curies":[{"name":"wp","href":"https:\/\/api.w.org\/{rel}","templated":true}]}}