{"id":478,"date":"2024-01-10T18:19:16","date_gmt":"2024-01-10T10:19:16","guid":{"rendered":"https:\/\/www.sybonbest.com\/es\/?post_type=product&#038;p=478"},"modified":"2024-04-18T14:06:53","modified_gmt":"2024-04-18T06:06:53","slug":"s2204-desengrasante-y-limpiador-de-motores-limpiador-de-motores-desengrasante-automotriz-de-servicio-pesado","status":"publish","type":"product","link":"https:\/\/www.sybonbest.com\/es\/product\/s2204-desengrasante-y-limpiador-de-motores-limpiador-de-motores-desengrasante-automotriz-de-servicio-pesado\/","title":{"rendered":"S2204 Desengrasante y limpiador de motores limpiador de motores Desengrasante automotriz de servicio pesado"},"content":{"rendered":"<p><iframe title=\"\u2728 Unleash the Power of SYBON Car Engine Compartment Degreaser and Cleaner! \ud83d\ude97\ud83d\udca8\" width=\"1080\" height=\"608\" src=\"https:\/\/www.youtube.com\/embed\/tuh7-_5vBGA?feature=oembed\"  allow=\"accelerometer; autoplay; clipboard-write; encrypted-media; gyroscope; picture-in-picture; web-share\" allowfullscreen><\/iframe><\/p>\n<p><img decoding=\"async\" class=\"size-full wp-image-479 aligncenter\" src=\"https:\/\/www.sybonbest.com\/es\/wp-content\/uploads\/2024\/01\/1704883562-S2204-Engine-Cleaner-and-Degreaser-Quick-and-Bright-Cleaner-for-Car-Automotive-and-Machine-Engine-Oil-Grease-Remover-Degreaser-Cleaner-Spray.jpg\" alt=\"\" width=\"750\" height=\"302\" srcset=\"https:\/\/www.sybonbest.com\/es\/wp-content\/uploads\/2024\/01\/1704883562-S2204-Engine-Cleaner-and-Degreaser-Quick-and-Bright-Cleaner-for-Car-Automotive-and-Machine-Engine-Oil-Grease-Remover-Degreaser-Cleaner-Spray.jpg 750w, https:\/\/www.sybonbest.com\/es\/wp-content\/uploads\/2024\/01\/1704883562-S2204-Engine-Cleaner-and-Degreaser-Quick-and-Bright-Cleaner-for-Car-Automotive-and-Machine-Engine-Oil-Grease-Remover-Degreaser-Cleaner-Spray-480x193.jpg 480w\" sizes=\"(min-width: 0px) and (max-width: 480px) 480px, (min-width: 481px) 750px, 100vw\" \/><\/p>\n<p>&nbsp;<\/p>\n<h2>S2204 Desengrasante y limpiador de motores limpiador de motores<\/h2>\n<p>1. Potente rendimiento de limpieza: el limpiador de motores SYBON elimina eficazmente los dep\u00f3sitos rebeldes, como fugas de l\u00edquido de frenos, grasa, aceite y contaminaciones endurecidas, lo que garantiza que el motor y los componentes de los frenos se mantengan en las mejores condiciones.<\/p>\n<p>2.Aplicaci\u00f3n vers\u00e1til: ahorre tiempo y reduzca los costos de mantenimiento con nuestro limpiador que se puede aplicar con un rociador de gatillo.<\/p>\n<p>3. F\u00f3rmula sin residuos: disfrute de la tranquilidad con la f\u00f3rmula de r\u00e1pida evaporaci\u00f3n de SYBON Engine Cleaner que no deja residuos. Las propiedades estables, que no manchan y no corrosivas garantizan que sus metales se mantengan en excelentes condiciones. Al utilizar una f\u00f3rmula de emulsificaci\u00f3n a base de solvente, se emulsionar\u00e1 y se convertir\u00e1 en agua cuando se encuentre con agua. No deja residuos despu\u00e9s del lavado.<\/p>\n<p>Precauciones:<\/p>\n<p>Si accidentalmente se salpica este producto en los ojos o lo bebe por error, l\u00e1velo con agua limpia durante 10 minutos y busque atenci\u00f3n m\u00e9dica de inmediato.<\/p>\n<p><img decoding=\"async\" class=\"size-full wp-image-480 aligncenter\" src=\"https:\/\/www.sybonbest.com\/es\/wp-content\/uploads\/2024\/01\/1704883578-S2204-Engine-Degreaser-and-Cleaner-Engine-Cleaner-Heavy-Duty-Automotive-Degreaser.jpg\" alt=\"S2204-Desengrasante-y-limpiador-de-motores-Limpiador-de-motores-Desengrasante-automotriz-de-servicio-pesado-desengrasante-y-limpiador-de-motores\" width=\"750\" height=\"750\" srcset=\"https:\/\/www.sybonbest.com\/es\/wp-content\/uploads\/2024\/01\/1704883578-S2204-Engine-Degreaser-and-Cleaner-Engine-Cleaner-Heavy-Duty-Automotive-Degreaser.jpg 750w, https:\/\/www.sybonbest.com\/es\/wp-content\/uploads\/2024\/01\/1704883578-S2204-Engine-Degreaser-and-Cleaner-Engine-Cleaner-Heavy-Duty-Automotive-Degreaser-480x480.jpg 480w\" sizes=\"(min-width: 0px) and (max-width: 480px) 480px, (min-width: 481px) 750px, 100vw\" \/><\/p>\n<p><img decoding=\"async\" class=\"size-full wp-image-482 aligncenter\" src=\"https:\/\/www.sybonbest.com\/es\/wp-content\/uploads\/2024\/01\/1704883608-S2204-Car-Engine-Cleaning-Spray-Powerfull-Engine-Warehouse-Surface-Room-Cleaner-Degreaser.jpg\" alt=\"\" width=\"800\" height=\"800\" srcset=\"https:\/\/www.sybonbest.com\/es\/wp-content\/uploads\/2024\/01\/1704883608-S2204-Car-Engine-Cleaning-Spray-Powerfull-Engine-Warehouse-Surface-Room-Cleaner-Degreaser.jpg 800w, https:\/\/www.sybonbest.com\/es\/wp-content\/uploads\/2024\/01\/1704883608-S2204-Car-Engine-Cleaning-Spray-Powerfull-Engine-Warehouse-Surface-Room-Cleaner-Degreaser-480x480.jpg 480w\" sizes=\"(min-width: 0px) and (max-width: 480px) 480px, (min-width: 481px) 800px, 100vw\" \/><\/p>\n<p><img decoding=\"async\" class=\"size-full wp-image-481 aligncenter\" src=\"https:\/\/www.sybonbest.com\/es\/wp-content\/uploads\/2024\/01\/1704883592-S2204-Car-Engine-Surface-Cleaning-Chemical-For-Kenya-Market-Cleaning-Products-For-Engine.jpg\" alt=\"\" width=\"800\" height=\"800\" srcset=\"https:\/\/www.sybonbest.com\/es\/wp-content\/uploads\/2024\/01\/1704883592-S2204-Car-Engine-Surface-Cleaning-Chemical-For-Kenya-Market-Cleaning-Products-For-Engine.jpg 800w, https:\/\/www.sybonbest.com\/es\/wp-content\/uploads\/2024\/01\/1704883592-S2204-Car-Engine-Surface-Cleaning-Chemical-For-Kenya-Market-Cleaning-Products-For-Engine-480x480.jpg 480w\" sizes=\"(min-width: 0px) and (max-width: 480px) 480px, (min-width: 481px) 800px, 100vw\" \/><\/p>\n","protected":false},"excerpt":{"rendered":"<p>1.Desengrasante y limpiador de motores para todos los motores de autom\u00f3viles, piezas de m\u00e1quinas herramienta y m\u00e1s.<br \/>\n2. El desengrasante perfecto para eliminar la suciedad y la suciedad m\u00e1s duras del aceite, la grasa y el barro de todos los motores de su veh\u00edculo.<br \/>\n3. F\u00e1cil aplicaci\u00f3n de pulverizaci\u00f3n, agitaci\u00f3n y limpieza con un pa\u00f1o.<\/p>\n","protected":false},"featured_media":483,"comment_status":"closed","ping_status":"closed","template":"","meta":{"_et_pb_use_builder":"","_et_pb_old_content":"","_et_gb_content_width":""},"product_brand":[],"product_cat":[26,28],"product_tag":[143],"class_list":{"0":"post-478","1":"product","2":"type-product","3":"status-publish","4":"has-post-thumbnail","6":"product_cat-serie-de-detalles-automaticos","7":"product_cat-detalle-exterior","8":"product_tag-desengrasante-y-limpiador-de-motores","10":"first","11":"instock","12":"shipping-taxable","13":"product-type-simple"},"_links":{"self":[{"href":"https:\/\/www.sybonbest.com\/es\/wp-json\/wp\/v2\/product\/478","targetHints":{"allow":["GET"]}}],"collection":[{"href":"https:\/\/www.sybonbest.com\/es\/wp-json\/wp\/v2\/product"}],"about":[{"href":"https:\/\/www.sybonbest.com\/es\/wp-json\/wp\/v2\/types\/product"}],"replies":[{"embeddable":true,"href":"https:\/\/www.sybonbest.com\/es\/wp-json\/wp\/v2\/comments?post=478"}],"wp:featuredmedia":[{"embeddable":true,"href":"https:\/\/www.sybonbest.com\/es\/wp-json\/wp\/v2\/media\/483"}],"wp:attachment":[{"href":"https:\/\/www.sybonbest.com\/es\/wp-json\/wp\/v2\/media?parent=478"}],"wp:term":[{"taxonomy":"product_brand","embeddable":true,"href":"https:\/\/www.sybonbest.com\/es\/wp-json\/wp\/v2\/product_brand?post=478"},{"taxonomy":"product_cat","embeddable":true,"href":"https:\/\/www.sybonbest.com\/es\/wp-json\/wp\/v2\/product_cat?post=478"},{"taxonomy":"product_tag","embeddable":true,"href":"https:\/\/www.sybonbest.com\/es\/wp-json\/wp\/v2\/product_tag?post=478"}],"curies":[{"name":"wp","href":"https:\/\/api.w.org\/{rel}","templated":true}]}}