{"id":470,"date":"2024-01-10T17:49:17","date_gmt":"2024-01-10T09:49:17","guid":{"rendered":"https:\/\/www.sybonbest.com\/es\/?post_type=product&#038;p=470"},"modified":"2024-04-18T14:37:42","modified_gmt":"2024-04-18T06:37:42","slug":"s2201-spray-restaurador-de-plastico-y-molduras-restaura-brilla-y-protege-superficies-de-plastico-vinilo-y-caucho-restaurador-de-plastico-aplicar-en-minutos","status":"publish","type":"product","link":"https:\/\/www.sybonbest.com\/es\/product\/s2201-spray-restaurador-de-plastico-y-molduras-restaura-brilla-y-protege-superficies-de-plastico-vinilo-y-caucho-restaurador-de-plastico-aplicar-en-minutos\/","title":{"rendered":"S2201 Spray restaurador de pl\u00e1stico y molduras Restaura, brilla y protege superficies de pl\u00e1stico, vinilo y caucho, restaurador de pl\u00e1stico aplicar en minutos"},"content":{"rendered":"<p><iframe title=\"\u2728 Renew Your Ride with SYBON Plastic &amp; Trim Restorer! \ud83d\ude97\u2728\" width=\"1080\" height=\"608\" src=\"https:\/\/www.youtube.com\/embed\/hamu4gE3V8w?feature=oembed\"  allow=\"accelerometer; autoplay; clipboard-write; encrypted-media; gyroscope; picture-in-picture; web-share\" allowfullscreen><\/iframe><\/p>\n<p><img decoding=\"async\" class=\"size-full wp-image-471 aligncenter\" src=\"https:\/\/www.sybonbest.com\/es\/wp-content\/uploads\/2024\/01\/1704881744-S2201-Plastic-Trim-Restorer-Spray-Restores-Shines-Protects-Plastic-Vinyl-Rubber-Surfaces-Plastic-Restorer-Apply-in-Minutes.jpg\" alt=\"S2201-Spray-restaurador-de-pl\u00e1stico-y-molduras-Restaura-el-brillo-y-protege-superficies-de-pl\u00e1stico-vinilo-y-caucho-Restaurador-de-pl\u00e1stico-Aplicar-en-minutos-restaurador de pl\u00e1stico\" width=\"750\" height=\"302\" srcset=\"https:\/\/www.sybonbest.com\/es\/wp-content\/uploads\/2024\/01\/1704881744-S2201-Plastic-Trim-Restorer-Spray-Restores-Shines-Protects-Plastic-Vinyl-Rubber-Surfaces-Plastic-Restorer-Apply-in-Minutes.jpg 750w, https:\/\/www.sybonbest.com\/es\/wp-content\/uploads\/2024\/01\/1704881744-S2201-Plastic-Trim-Restorer-Spray-Restores-Shines-Protects-Plastic-Vinyl-Rubber-Surfaces-Plastic-Restorer-Apply-in-Minutes-480x193.jpg 480w\" sizes=\"(min-width: 0px) and (max-width: 480px) 480px, (min-width: 481px) 750px, 100vw\" \/><\/p>\n<p>&nbsp;<\/p>\n<h2>S2201 Restaurador de pl\u00e1stico<\/h2>\n<p>1. Restaurador de pl\u00e1stico para autom\u00f3viles perfecto para restaurar parachoques, molduras, espejos, vinilo, pl\u00e1stico, manijas, revestimientos de camas y m\u00e1s rayados, opacos, descoloridos y agrietados. Al oscurecer y brillar las superficies, este restaurador es la soluci\u00f3n que est\u00e1 buscando para revitalizar tu recorte.<\/p>\n<p>2.Plastic Restorer puede disolver r\u00e1pidamente la capa de \u00f3xido en la superficie del pl\u00e1stico, que contiene factor de acristalamiento a nivel nanom\u00e9trico, formando una capa protectora en la superficie del pl\u00e1stico, resiste los rayos UV y el antienvejecimiento, y tambi\u00e9n desempe\u00f1a un papel en el alisado y el acristalamiento. y abrillantar la superficie del pl\u00e1stico.<\/p>\n<p>3.Nuestro restaurador de pl\u00e1stico para autom\u00f3viles no solo har\u00e1 que su pl\u00e1stico opaco y sus molduras brillen. Al aplicar nuestro restaurador y protector, puede evitar el desgaste prematuro y la decoloraci\u00f3n, el secado y el envejecimiento causados por los rayos UV y la suciedad de la carretera.<\/p>\n<p>Precauciones:<\/p>\n<p>1. Se requiere un restaurador de pl\u00e1stico para confirmar que no haya reacciones adversas en el \u00e1rea peque\u00f1a donde el \u00e1rea local no es obvia antes de expandir gradualmente el \u00e1rea.<\/p>\n<p>2. No utilice toallas descoloridas durante la construcci\u00f3n para evitar manchas. Se recomienda lavar y secar antes de utilizar una toalla nueva.<\/p>\n<p>3.El restaurador de pl\u00e1stico no repara rayones profundos mediante acci\u00f3n f\u00edsica.<\/p>\n<p><img decoding=\"async\" class=\"size-full wp-image-472 aligncenter\" src=\"https:\/\/www.sybonbest.com\/es\/wp-content\/uploads\/2024\/01\/1704881768-S2201-New-Black-Trim-Restorer-Restores-Plastic-Trim-to-a-Rich-Black-Color-with-a-Factory-New-Appearance.jpg\" alt=\"\" width=\"750\" height=\"750\" srcset=\"https:\/\/www.sybonbest.com\/es\/wp-content\/uploads\/2024\/01\/1704881768-S2201-New-Black-Trim-Restorer-Restores-Plastic-Trim-to-a-Rich-Black-Color-with-a-Factory-New-Appearance.jpg 750w, https:\/\/www.sybonbest.com\/es\/wp-content\/uploads\/2024\/01\/1704881768-S2201-New-Black-Trim-Restorer-Restores-Plastic-Trim-to-a-Rich-Black-Color-with-a-Factory-New-Appearance-480x480.jpg 480w\" sizes=\"(min-width: 0px) and (max-width: 480px) 480px, (min-width: 481px) 750px, 100vw\" \/><\/p>\n<p><img decoding=\"async\" class=\"size-full wp-image-473 aligncenter\" src=\"https:\/\/www.sybonbest.com\/es\/wp-content\/uploads\/2024\/01\/1704881789-S2201-Ultimate-Black-Plastic-Restorer-Plastic-Restorer-for-Cars-Prevent-Cracking-of-Rubber-Plastic-Ceramic.jpg\" alt=\"\" width=\"750\" height=\"750\" srcset=\"https:\/\/www.sybonbest.com\/es\/wp-content\/uploads\/2024\/01\/1704881789-S2201-Ultimate-Black-Plastic-Restorer-Plastic-Restorer-for-Cars-Prevent-Cracking-of-Rubber-Plastic-Ceramic.jpg 750w, https:\/\/www.sybonbest.com\/es\/wp-content\/uploads\/2024\/01\/1704881789-S2201-Ultimate-Black-Plastic-Restorer-Plastic-Restorer-for-Cars-Prevent-Cracking-of-Rubber-Plastic-Ceramic-480x480.jpg 480w\" sizes=\"(min-width: 0px) and (max-width: 480px) 480px, (min-width: 481px) 750px, 100vw\" \/><\/p>\n<p><img decoding=\"async\" class=\"size-full wp-image-474 aligncenter\" src=\"https:\/\/www.sybonbest.com\/es\/wp-content\/uploads\/2024\/01\/1704881807-S2201-Plastic-Revitalizing-Coating-Agent-for-Car-Cleaning-Supplies-Back-to-Black-Plastic-Restorer-Hydrophobic-Trim-Coating.jpg\" alt=\"\" width=\"750\" height=\"750\" srcset=\"https:\/\/www.sybonbest.com\/es\/wp-content\/uploads\/2024\/01\/1704881807-S2201-Plastic-Revitalizing-Coating-Agent-for-Car-Cleaning-Supplies-Back-to-Black-Plastic-Restorer-Hydrophobic-Trim-Coating.jpg 750w, https:\/\/www.sybonbest.com\/es\/wp-content\/uploads\/2024\/01\/1704881807-S2201-Plastic-Revitalizing-Coating-Agent-for-Car-Cleaning-Supplies-Back-to-Black-Plastic-Restorer-Hydrophobic-Trim-Coating-480x480.jpg 480w\" sizes=\"(min-width: 0px) and (max-width: 480px) 480px, (min-width: 481px) 750px, 100vw\" \/><\/p>\n<p><img decoding=\"async\" class=\"size-full wp-image-475 aligncenter\" src=\"https:\/\/www.sybonbest.com\/es\/wp-content\/uploads\/2024\/01\/1704881824-S2201-Black-Plastic-Restorer-Cleans-Protects-and-Restores-Faded-or-Damaged-Black-Plastic-Trim-on-Cars.jpg\" alt=\"\" width=\"750\" height=\"750\" srcset=\"https:\/\/www.sybonbest.com\/es\/wp-content\/uploads\/2024\/01\/1704881824-S2201-Black-Plastic-Restorer-Cleans-Protects-and-Restores-Faded-or-Damaged-Black-Plastic-Trim-on-Cars.jpg 750w, https:\/\/www.sybonbest.com\/es\/wp-content\/uploads\/2024\/01\/1704881824-S2201-Black-Plastic-Restorer-Cleans-Protects-and-Restores-Faded-or-Damaged-Black-Plastic-Trim-on-Cars-480x480.jpg 480w\" sizes=\"(min-width: 0px) and (max-width: 480px) 480px, (min-width: 481px) 750px, 100vw\" \/><\/p>\n","protected":false},"excerpt":{"rendered":"<p>1. Simplemente roc\u00ede, d\u00e9jelo en remojo y l\u00edmpielo. Use varias capas para pl\u00e1stico extremadamente descolorido.<br \/>\n2. \u00a1Vuelve ese gris a negro! Funciona en molduras, caucho, vinilo, polipropileno y pl\u00e1sticos engomados.<br \/>\n3.Restaurador de pl\u00e1stico puede disolver r\u00e1pidamente la capa de \u00f3xido en la superficie del pl\u00e1stico, que contiene factor de vidriado a nivel nanom\u00e9trico, formando una capa protectora en la superficie del pl\u00e1stico, resiste los rayos UV y el envejecimiento, y tambi\u00e9n desempe\u00f1a un papel en alisar, vidriar e iluminar la superficie. del pl\u00e1stico.<\/p>\n","protected":false},"featured_media":476,"comment_status":"closed","ping_status":"closed","template":"","meta":{"_et_pb_use_builder":"","_et_pb_old_content":"","_et_gb_content_width":""},"product_brand":[],"product_cat":[26,28],"product_tag":[144,145],"class_list":{"0":"post-470","1":"product","2":"type-product","3":"status-publish","4":"has-post-thumbnail","6":"product_cat-serie-de-detalles-automaticos","7":"product_cat-detalle-exterior","8":"product_tag-restaurador-de-plastico","9":"product_tag-restaurador-de-plastico-y-molduras","11":"first","12":"instock","13":"shipping-taxable","14":"product-type-simple"},"_links":{"self":[{"href":"https:\/\/www.sybonbest.com\/es\/wp-json\/wp\/v2\/product\/470","targetHints":{"allow":["GET"]}}],"collection":[{"href":"https:\/\/www.sybonbest.com\/es\/wp-json\/wp\/v2\/product"}],"about":[{"href":"https:\/\/www.sybonbest.com\/es\/wp-json\/wp\/v2\/types\/product"}],"replies":[{"embeddable":true,"href":"https:\/\/www.sybonbest.com\/es\/wp-json\/wp\/v2\/comments?post=470"}],"wp:featuredmedia":[{"embeddable":true,"href":"https:\/\/www.sybonbest.com\/es\/wp-json\/wp\/v2\/media\/476"}],"wp:attachment":[{"href":"https:\/\/www.sybonbest.com\/es\/wp-json\/wp\/v2\/media?parent=470"}],"wp:term":[{"taxonomy":"product_brand","embeddable":true,"href":"https:\/\/www.sybonbest.com\/es\/wp-json\/wp\/v2\/product_brand?post=470"},{"taxonomy":"product_cat","embeddable":true,"href":"https:\/\/www.sybonbest.com\/es\/wp-json\/wp\/v2\/product_cat?post=470"},{"taxonomy":"product_tag","embeddable":true,"href":"https:\/\/www.sybonbest.com\/es\/wp-json\/wp\/v2\/product_tag?post=470"}],"curies":[{"name":"wp","href":"https:\/\/api.w.org\/{rel}","templated":true}]}}