{"id":461,"date":"2024-01-10T15:52:15","date_gmt":"2024-01-10T07:52:15","guid":{"rendered":"https:\/\/www.sybonbest.com\/es\/?post_type=product&#038;p=461"},"modified":"2024-04-18T15:58:29","modified_gmt":"2024-04-18T07:58:29","slug":"s2211-tarea-pesada-removedor-de-manchas-de-agua-seguro-para-autos-camiones-motos-rvs-y-mas","status":"publish","type":"product","link":"https:\/\/www.sybonbest.com\/es\/product\/s2211-tarea-pesada-removedor-de-manchas-de-agua-seguro-para-autos-camiones-motos-rvs-y-mas\/","title":{"rendered":"S2211 Tarea pesada removedor de manchas de agua seguro para autos camiones motos RVs y m\u00e1s"},"content":{"rendered":"<p><iframe title=\"\u2728 Say Goodbye to Water Spots with SYBON Water Spot Remover! \ud83d\ude97\ud83d\udca6\" width=\"1080\" height=\"608\" src=\"https:\/\/www.youtube.com\/embed\/pBAgr4KMGw4?feature=oembed\"  allow=\"accelerometer; autoplay; clipboard-write; encrypted-media; gyroscope; picture-in-picture; web-share\" allowfullscreen><\/iframe><\/p>\n<p><img decoding=\"async\" class=\"size-full wp-image-462 aligncenter\" src=\"https:\/\/www.sybonbest.com\/es\/wp-content\/uploads\/2024\/01\/1704877235-S2211-Hard-Water-Spot-Remover-Hard-Water-Spot-Remover-Easy-to-Use-Spray-For-RV-and-Boat-Detailing-Remove-Water-Spots-and-Add-Protection.jpg\" alt=\"\" width=\"750\" height=\"302\" srcset=\"https:\/\/www.sybonbest.com\/es\/wp-content\/uploads\/2024\/01\/1704877235-S2211-Hard-Water-Spot-Remover-Hard-Water-Spot-Remover-Easy-to-Use-Spray-For-RV-and-Boat-Detailing-Remove-Water-Spots-and-Add-Protection.jpg 750w, https:\/\/www.sybonbest.com\/es\/wp-content\/uploads\/2024\/01\/1704877235-S2211-Hard-Water-Spot-Remover-Hard-Water-Spot-Remover-Easy-to-Use-Spray-For-RV-and-Boat-Detailing-Remove-Water-Spots-and-Add-Protection-480x193.jpg 480w\" sizes=\"(min-width: 0px) and (max-width: 480px) 480px, (min-width: 481px) 750px, 100vw\" \/><\/p>\n<p>&nbsp;<\/p>\n<h2>S2211 Removedor de manchas de agua<\/h2>\n<p>1. \u00a1Neutraliza y elimina r\u00e1pidamente las manchas de agua rebeldes! Neutraliza y disuelve los minerales y las sales que quedan en las antiest\u00e9ticas manchas de agua alcalina utilizando tecnolog\u00eda de \u00e1cido y tensioactivos especiales.<\/p>\n<p>2. \u00a1Prepara minuciosamente la superficie para su protecci\u00f3n! Las manchas de agua son causadas por agua dura que puede manchar las superficies exteriores de su veh\u00edculo. Dise\u00f1ado para penetrar, neutralizar y disolver estos minerales duros y levantarlos de la superficie, dejando la superficie de su veh\u00edculo lista para una nueva protecci\u00f3n como cera para autom\u00f3viles, aerosol de revestimiento cer\u00e1mico, selladores de pintura y m\u00e1s.<\/p>\n<p>3. Este producto es seguro y no t\u00f3xico y no da\u00f1ar\u00e1 la superficie de la pintura ni el vidrio. Puede descomponer r\u00e1pidamente las manchas de agua y las marcas de la capa de \u00f3xido de pintura.<\/p>\n<p>Instrucciones:<\/p>\n<p>1.Roc\u00ede sobre la superficie a limpiar, limpie con una esponja, espere 1-2 minutos, enjuague con agua y seque.<\/p>\n<p>2. Utilice el cepillo para detalles para limpiar el espacio, enjuague con agua y seque despu\u00e9s de la limpieza.<\/p>\n<p>Precauciones:<\/p>\n<p>1. Utilice este producto en un lugar fresco, no lo use al sol ni a altas temperaturas.<\/p>\n<p>2. Este producto no es adecuado para parabrisas delantero, espejo retrovisor con funci\u00f3n de calefacci\u00f3n, tira decorativa cromada de ventana de coche.<\/p>\n<p><img decoding=\"async\" class=\"size-full wp-image-463 aligncenter\" src=\"https:\/\/www.sybonbest.com\/es\/wp-content\/uploads\/2024\/01\/1704879904-S2211-Heavy-Duty-Water-Spot-Remover-Safe-for-Cars-Trucks-Motorcycles-RVs-More.jpg\" alt=\"S2211-Quitamanchas-de-agua-de-alta-resistencia-seguro-para-autom\u00f3viles-camiones-motocicletas-veh\u00edculos-recreativos-y-m\u00e1s-removedor-de-manchas-de-agua\" width=\"750\" height=\"750\" srcset=\"https:\/\/www.sybonbest.com\/es\/wp-content\/uploads\/2024\/01\/1704879904-S2211-Heavy-Duty-Water-Spot-Remover-Safe-for-Cars-Trucks-Motorcycles-RVs-More.jpg 750w, https:\/\/www.sybonbest.com\/es\/wp-content\/uploads\/2024\/01\/1704879904-S2211-Heavy-Duty-Water-Spot-Remover-Safe-for-Cars-Trucks-Motorcycles-RVs-More-480x480.jpg 480w\" sizes=\"(min-width: 0px) and (max-width: 480px) 480px, (min-width: 481px) 750px, 100vw\" \/><\/p>\n<p><img decoding=\"async\" class=\"size-full wp-image-468 aligncenter\" src=\"https:\/\/www.sybonbest.com\/es\/wp-content\/uploads\/2024\/01\/1704880021-S2211-Water-Spot-Remover-500ml-Premium-Hard-Water-Spot-Remover-Safe-For-Use-On-Cars.jpg\" alt=\"\" width=\"750\" height=\"750\" srcset=\"https:\/\/www.sybonbest.com\/es\/wp-content\/uploads\/2024\/01\/1704880021-S2211-Water-Spot-Remover-500ml-Premium-Hard-Water-Spot-Remover-Safe-For-Use-On-Cars.jpg 750w, https:\/\/www.sybonbest.com\/es\/wp-content\/uploads\/2024\/01\/1704880021-S2211-Water-Spot-Remover-500ml-Premium-Hard-Water-Spot-Remover-Safe-For-Use-On-Cars-480x480.jpg 480w\" sizes=\"(min-width: 0px) and (max-width: 480px) 480px, (min-width: 481px) 750px, 100vw\" \/><\/p>\n<p><img decoding=\"async\" class=\"size-full wp-image-469 aligncenter\" src=\"https:\/\/www.sybonbest.com\/es\/wp-content\/uploads\/2024\/01\/1704880031-S2211-Detail-Water-Spot-Remover-Water-Spot-Remover-For-Car-Removes-Water-Stains-Hard-Water-Other-Blemishes.jpg\" alt=\"\" width=\"750\" height=\"750\" srcset=\"https:\/\/www.sybonbest.com\/es\/wp-content\/uploads\/2024\/01\/1704880031-S2211-Detail-Water-Spot-Remover-Water-Spot-Remover-For-Car-Removes-Water-Stains-Hard-Water-Other-Blemishes.jpg 750w, https:\/\/www.sybonbest.com\/es\/wp-content\/uploads\/2024\/01\/1704880031-S2211-Detail-Water-Spot-Remover-Water-Spot-Remover-For-Car-Removes-Water-Stains-Hard-Water-Other-Blemishes-480x480.jpg 480w\" sizes=\"(min-width: 0px) and (max-width: 480px) 480px, (min-width: 481px) 750px, 100vw\" \/><\/p>\n","protected":false},"excerpt":{"rendered":"<p>1. \u00a1Neutraliza y elimina r\u00e1pidamente las manchas de agua rebeldes! Neutraliza y disuelve los minerales y las sales que quedan en las antiest\u00e9ticas manchas de agua alcalina utilizando tecnolog\u00eda de \u00e1cido y tensioactivos especiales.<br \/>\n2. \u00a1Prepara minuciosamente la superficie para su protecci\u00f3n! Las manchas de agua son causadas por agua dura que puede manchar las superficies exteriores de su veh\u00edculo.<br \/>\n3.Removedor de manchas de agua es seguro y no t\u00f3xico y no da\u00f1a la superficie de la pintura ni el vidrio. Puede descomponer r\u00e1pidamente las manchas de agua y las marcas de la capa de \u00f3xido de pintura.<\/p>\n","protected":false},"featured_media":465,"comment_status":"closed","ping_status":"closed","template":"","meta":{"_et_pb_use_builder":"","_et_pb_old_content":"","_et_gb_content_width":""},"product_brand":[],"product_cat":[26,28],"product_tag":[146],"class_list":{"0":"post-461","1":"product","2":"type-product","3":"status-publish","4":"has-post-thumbnail","6":"product_cat-serie-de-detalles-automaticos","7":"product_cat-detalle-exterior","8":"product_tag-removedor-de-manchas-de-agua","10":"first","11":"instock","12":"shipping-taxable","13":"product-type-simple"},"_links":{"self":[{"href":"https:\/\/www.sybonbest.com\/es\/wp-json\/wp\/v2\/product\/461","targetHints":{"allow":["GET"]}}],"collection":[{"href":"https:\/\/www.sybonbest.com\/es\/wp-json\/wp\/v2\/product"}],"about":[{"href":"https:\/\/www.sybonbest.com\/es\/wp-json\/wp\/v2\/types\/product"}],"replies":[{"embeddable":true,"href":"https:\/\/www.sybonbest.com\/es\/wp-json\/wp\/v2\/comments?post=461"}],"wp:featuredmedia":[{"embeddable":true,"href":"https:\/\/www.sybonbest.com\/es\/wp-json\/wp\/v2\/media\/465"}],"wp:attachment":[{"href":"https:\/\/www.sybonbest.com\/es\/wp-json\/wp\/v2\/media?parent=461"}],"wp:term":[{"taxonomy":"product_brand","embeddable":true,"href":"https:\/\/www.sybonbest.com\/es\/wp-json\/wp\/v2\/product_brand?post=461"},{"taxonomy":"product_cat","embeddable":true,"href":"https:\/\/www.sybonbest.com\/es\/wp-json\/wp\/v2\/product_cat?post=461"},{"taxonomy":"product_tag","embeddable":true,"href":"https:\/\/www.sybonbest.com\/es\/wp-json\/wp\/v2\/product_tag?post=461"}],"curies":[{"name":"wp","href":"https:\/\/api.w.org\/{rel}","templated":true}]}}