{"id":443,"date":"2024-01-10T14:49:21","date_gmt":"2024-01-10T06:49:21","guid":{"rendered":"https:\/\/www.sybonbest.com\/es\/?post_type=product&#038;p=443"},"modified":"2024-04-18T16:20:06","modified_gmt":"2024-04-18T08:20:06","slug":"s2202-spray-para-brillar-neumaticos-el-brillo-perfecto-aposito-para-neumaticos-duradero-y-facil-de-usar","status":"publish","type":"product","link":"https:\/\/www.sybonbest.com\/es\/product\/s2202-spray-para-brillar-neumaticos-el-brillo-perfecto-aposito-para-neumaticos-duradero-y-facil-de-usar\/","title":{"rendered":"S2202 Spray para brillar neum\u00e1ticos el brillo perfecto ap\u00f3sito para neum\u00e1ticos duradero y f\u00e1cil de usar"},"content":{"rendered":"<p><iframe title=\"\u2728 Elevate Your Ride with SYBON Tire Shine Spray! \ud83d\ude97\u2728\" width=\"1080\" height=\"608\" src=\"https:\/\/www.youtube.com\/embed\/8le2ty72TDQ?feature=oembed\"  allow=\"accelerometer; autoplay; clipboard-write; encrypted-media; gyroscope; picture-in-picture; web-share\" allowfullscreen><\/iframe><\/p>\n<p><img decoding=\"async\" class=\"size-full wp-image-444 aligncenter\" src=\"https:\/\/www.sybonbest.com\/es\/wp-content\/uploads\/2024\/01\/1704870900-S2202-Tire-Shine-Long-Lasting-Shine-Thats-Durable-Water-Resistant.jpg\" alt=\"\" width=\"900\" height=\"364\" srcset=\"https:\/\/www.sybonbest.com\/es\/wp-content\/uploads\/2024\/01\/1704870900-S2202-Tire-Shine-Long-Lasting-Shine-Thats-Durable-Water-Resistant.jpg 900w, https:\/\/www.sybonbest.com\/es\/wp-content\/uploads\/2024\/01\/1704870900-S2202-Tire-Shine-Long-Lasting-Shine-Thats-Durable-Water-Resistant-480x194.jpg 480w\" sizes=\"(min-width: 0px) and (max-width: 480px) 480px, (min-width: 481px) 900px, 100vw\" \/><\/p>\n<p>&nbsp;<\/p>\n<h2>S2202 Spray para brillar neum\u00e1ticos<\/h2>\n<p>1. Brillo de alto brillo. \u2013 \u00a1El spray SYBON Tire Shine es s\u00faper r\u00e1pido y f\u00e1cil de usar! Le permite decidir el nivel deseado de brillo de neum\u00e1ticos, brinda protecci\u00f3n UV duradera y, como todos nuestros productos, \u00a1est\u00e1 respaldado por nuestra Garant\u00eda de satisfacci\u00f3n del 100%!<\/p>\n<p>2. \u00a1R\u00e1pido y f\u00e1cil de usar! \u2013 \u00a1Todos somos diferentes, con nuestro producto, t\u00fa eliges tu propio look! Desde un brillo intenso de aspecto h\u00famedo hasta un acabado satinado suave y sedoso, \u00a1la elecci\u00f3n es tuya! Se seca completamente al tacto, dej\u00e1ndote con el acabado de aspecto perfecto y sin ese horrible escurrimiento.<\/p>\n<p>3.Producto de larga duraci\u00f3n. \u2013 Solo una capa funciona para hidratar la superficie y defenderla contra los da\u00f1inos rayos UV que causan decoloraci\u00f3n, oscurecimiento y agrietamiento.<\/p>\n<p>4. \u00a1Nos preocupamos por la calidad! \u2013 Nuestros productos est\u00e1n elaborados con los \u00faltimos avances de la ciencia, utilizando el mejor equipo disponible. \u00a1Esto nos ayuda a fabricar productos consistentemente de alta calidad que siempre funcionan muy bien!<\/p>\n<p><img decoding=\"async\" class=\"size-full wp-image-445 aligncenter\" src=\"https:\/\/www.sybonbest.com\/es\/wp-content\/uploads\/2024\/01\/1704870934-S2202-Tire-Shine-Spray-The-Perfect-Shine-Durable-and-User-Friendly-Tire-Dressing.jpg\" alt=\"S2202-Spray-para-brillo-de-llantas-El-brillo-perfecto-Ap\u00f3sito-para-llantas-duradero-y-f\u00e1cil-de-usar-Spray-para-brillar-neum\u00e1ticos\" width=\"750\" height=\"750\" srcset=\"https:\/\/www.sybonbest.com\/es\/wp-content\/uploads\/2024\/01\/1704870934-S2202-Tire-Shine-Spray-The-Perfect-Shine-Durable-and-User-Friendly-Tire-Dressing.jpg 750w, https:\/\/www.sybonbest.com\/es\/wp-content\/uploads\/2024\/01\/1704870934-S2202-Tire-Shine-Spray-The-Perfect-Shine-Durable-and-User-Friendly-Tire-Dressing-480x480.jpg 480w\" sizes=\"(min-width: 0px) and (max-width: 480px) 480px, (min-width: 481px) 750px, 100vw\" \/><\/p>\n<p><img decoding=\"async\" class=\"size-full wp-image-446 aligncenter\" src=\"https:\/\/www.sybonbest.com\/es\/wp-content\/uploads\/2024\/01\/1704870993-S2202-Professional-Supplies-High-Gloss-Tire-Shine-Long-Lasting-Tire-Care-Your-Ultimate-Wet-Tire-Shine-Spray.jpg\" alt=\"\" width=\"750\" height=\"750\" srcset=\"https:\/\/www.sybonbest.com\/es\/wp-content\/uploads\/2024\/01\/1704870993-S2202-Professional-Supplies-High-Gloss-Tire-Shine-Long-Lasting-Tire-Care-Your-Ultimate-Wet-Tire-Shine-Spray.jpg 750w, https:\/\/www.sybonbest.com\/es\/wp-content\/uploads\/2024\/01\/1704870993-S2202-Professional-Supplies-High-Gloss-Tire-Shine-Long-Lasting-Tire-Care-Your-Ultimate-Wet-Tire-Shine-Spray-480x480.jpg 480w\" sizes=\"(min-width: 0px) and (max-width: 480px) 480px, (min-width: 481px) 750px, 100vw\" \/><\/p>\n<p><img decoding=\"async\" class=\"size-full wp-image-447 aligncenter\" src=\"https:\/\/www.sybonbest.com\/es\/wp-content\/uploads\/2024\/01\/1704871017-S2202-Wet-Tire-Shine-Trim-Coating-for-Rubber-Plastic-and-Vinyl-Safe-for-Cars-Trucks-SUVs-Motorcycles-RVs.jpg\" alt=\"\" width=\"750\" height=\"750\" srcset=\"https:\/\/www.sybonbest.com\/es\/wp-content\/uploads\/2024\/01\/1704871017-S2202-Wet-Tire-Shine-Trim-Coating-for-Rubber-Plastic-and-Vinyl-Safe-for-Cars-Trucks-SUVs-Motorcycles-RVs.jpg 750w, https:\/\/www.sybonbest.com\/es\/wp-content\/uploads\/2024\/01\/1704871017-S2202-Wet-Tire-Shine-Trim-Coating-for-Rubber-Plastic-and-Vinyl-Safe-for-Cars-Trucks-SUVs-Motorcycles-RVs-480x480.jpg 480w\" sizes=\"(min-width: 0px) and (max-width: 480px) 480px, (min-width: 481px) 750px, 100vw\" \/><\/p>\n","protected":false},"excerpt":{"rendered":"<p>1.Spray para brillar neum\u00e1ticos f\u00f3rmula especial antioxidante, resistente al agua y antienvejecimiento (incluido aceite de silicona compuesto de pol\u00edmero).<br \/>\n2.Efecto duradero, a\u00fan mantiene un brillo alto y un efecto protector despu\u00e9s de lavar el auto varias veces.<br \/>\n3.Fortalece la elasticidad de los neum\u00e1ticos, previene el envejecimiento oxidativo, previene el da\u00f1o de los rayos UV, previene la decoloraci\u00f3n por agrietamiento de los neum\u00e1ticos, prolonga la vida \u00fatil de los neum\u00e1ticos, mantiene el mismo brillo dentro y fuera del neum\u00e1tico. Sin da\u00f1os a las llantas.<\/p>\n","protected":false},"featured_media":448,"comment_status":"closed","ping_status":"closed","template":"","meta":{"_et_pb_use_builder":"","_et_pb_old_content":"","_et_gb_content_width":""},"product_brand":[],"product_cat":[26,28],"product_tag":[148],"class_list":{"0":"post-443","1":"product","2":"type-product","3":"status-publish","4":"has-post-thumbnail","6":"product_cat-serie-de-detalles-automaticos","7":"product_cat-detalle-exterior","8":"product_tag-spray-para-brillar-neumaticos","10":"first","11":"instock","12":"shipping-taxable","13":"product-type-simple"},"_links":{"self":[{"href":"https:\/\/www.sybonbest.com\/es\/wp-json\/wp\/v2\/product\/443","targetHints":{"allow":["GET"]}}],"collection":[{"href":"https:\/\/www.sybonbest.com\/es\/wp-json\/wp\/v2\/product"}],"about":[{"href":"https:\/\/www.sybonbest.com\/es\/wp-json\/wp\/v2\/types\/product"}],"replies":[{"embeddable":true,"href":"https:\/\/www.sybonbest.com\/es\/wp-json\/wp\/v2\/comments?post=443"}],"wp:featuredmedia":[{"embeddable":true,"href":"https:\/\/www.sybonbest.com\/es\/wp-json\/wp\/v2\/media\/448"}],"wp:attachment":[{"href":"https:\/\/www.sybonbest.com\/es\/wp-json\/wp\/v2\/media?parent=443"}],"wp:term":[{"taxonomy":"product_brand","embeddable":true,"href":"https:\/\/www.sybonbest.com\/es\/wp-json\/wp\/v2\/product_brand?post=443"},{"taxonomy":"product_cat","embeddable":true,"href":"https:\/\/www.sybonbest.com\/es\/wp-json\/wp\/v2\/product_cat?post=443"},{"taxonomy":"product_tag","embeddable":true,"href":"https:\/\/www.sybonbest.com\/es\/wp-json\/wp\/v2\/product_tag?post=443"}],"curies":[{"name":"wp","href":"https:\/\/api.w.org\/{rel}","templated":true}]}}