{"id":436,"date":"2024-01-10T14:27:26","date_gmt":"2024-01-10T06:27:26","guid":{"rendered":"https:\/\/www.sybonbest.com\/es\/?post_type=product&#038;p=436"},"modified":"2024-04-18T16:30:34","modified_gmt":"2024-04-18T08:30:34","slug":"s2207-limpiador-de-ruedas-potente-formula-para-eliminar-facilmente-el-polvo-de-frenos-rebelde-y-la-suciedad-resistente","status":"publish","type":"product","link":"https:\/\/www.sybonbest.com\/es\/product\/s2207-limpiador-de-ruedas-potente-formula-para-eliminar-facilmente-el-polvo-de-frenos-rebelde-y-la-suciedad-resistente\/","title":{"rendered":"S2207 Limpiador de ruedas potente f\u00f3rmula para eliminar f\u00e1cilmente el polvo de frenos rebelde y la suciedad resistente"},"content":{"rendered":"<p><iframe title=\"\u2728 Revitalize Your Wheels with SYBON Wheel and Tire Cleaner! \ud83d\ude97\ud83d\udcaa\" width=\"1080\" height=\"608\" src=\"https:\/\/www.youtube.com\/embed\/Efb5aDBg8As?feature=oembed\"  allow=\"accelerometer; autoplay; clipboard-write; encrypted-media; gyroscope; picture-in-picture; web-share\" allowfullscreen><\/iframe><\/p>\n<p><img decoding=\"async\" class=\"size-full wp-image-437 aligncenter\" src=\"https:\/\/www.sybonbest.com\/es\/wp-content\/uploads\/2024\/01\/1704869146-S2209-Extreme-Wheel-and-Tire-Cleaner-Car-Wheel-Cleaner-Spray.jpg\" alt=\"\" width=\"900\" height=\"364\" srcset=\"https:\/\/www.sybonbest.com\/es\/wp-content\/uploads\/2024\/01\/1704869146-S2209-Extreme-Wheel-and-Tire-Cleaner-Car-Wheel-Cleaner-Spray.jpg 900w, https:\/\/www.sybonbest.com\/es\/wp-content\/uploads\/2024\/01\/1704869146-S2209-Extreme-Wheel-and-Tire-Cleaner-Car-Wheel-Cleaner-Spray-480x194.jpg 480w\" sizes=\"(min-width: 0px) and (max-width: 480px) 480px, (min-width: 481px) 900px, 100vw\" \/><\/p>\n<p>&nbsp;<\/p>\n<h2>S2207 Limpiador de ruedas,Spray limpiador de ruedas y neum\u00e1ticos<\/h2>\n<p>1.ELIMINA LA SUCIEDAD, EL OSCURO Y EL POLVO DE FRENOS<\/p>\n<p>\u00bfQu\u00e9 parte de tu coche recibe la mayor paliza? \u00a1Tus ruedas y neum\u00e1ticos! Entre el calor, los elementos y la constante contaminaci\u00f3n de los frenos, las ruedas se ensucian casi de inmediato. El limpiador de ruedas y neum\u00e1ticos de SYBON es un producto qu\u00edmico espec\u00edficamente formulado y dise\u00f1ado para combatir el polvo intenso de los frenos y restaurar los neum\u00e1ticos a su color de f\u00e1brica.<\/p>\n<p>2.SEGURO EN MUCHOS ACABADOS<\/p>\n<p>Seguro en ruedas con recubrimiento transparente, con recubrimiento en polvo, cromadas, de aleaci\u00f3n y pintadas. \u00a1La mayor\u00eda de los limpiadores de ruedas pueden ser perjudiciales para el acabado de las ruedas y disolver m\u00e1s de lo que deseaba limpiar! El limpiador de ruedas y neum\u00e1ticos de SYBON act\u00faa r\u00e1pidamente y disuelve la contaminaci\u00f3n met\u00e1lica rebelde.<\/p>\n<p>3.DESHACERSE DE LOS NEUM\u00c1TICOS MARRONES<\/p>\n<p>Si est\u00e1s contento con los neum\u00e1ticos marrones, viejos y decr\u00e9pitos, \u00a1mira hacia otro lado! Si desea limpiar a fondo los zapatos de su veh\u00edculo y dejarlos como nuevos nuevamente, \u00a1no busque m\u00e1s! El limpiador de ruedas y neum\u00e1ticos de SYBON puede eliminar siliconas, grasas, acumulaciones de cera, pol\u00edmeros y cualquier ap\u00f3sito aplicado previamente para dejar sus neum\u00e1ticos y ruedas como nuevos.<\/p>\n<p><img decoding=\"async\" class=\"size-full wp-image-438 aligncenter\" src=\"https:\/\/www.sybonbest.com\/es\/wp-content\/uploads\/2024\/01\/1704869170-S2209-Wheel-Cleaner-Powerful-Formula-to-Easily-Remove-Stubborn-Brake-Dust-Tough-Grime.jpg\" alt=\"S2209-Limpiador-de-ruedas-F\u00f3rmula-potente-para-eliminar-f\u00e1cilmente-el-polvo-de-frenos-rebelde-y-la-suciedad-resistente-limpiador-de-ruedas\" width=\"750\" height=\"750\" srcset=\"https:\/\/www.sybonbest.com\/es\/wp-content\/uploads\/2024\/01\/1704869170-S2209-Wheel-Cleaner-Powerful-Formula-to-Easily-Remove-Stubborn-Brake-Dust-Tough-Grime.jpg 750w, https:\/\/www.sybonbest.com\/es\/wp-content\/uploads\/2024\/01\/1704869170-S2209-Wheel-Cleaner-Powerful-Formula-to-Easily-Remove-Stubborn-Brake-Dust-Tough-Grime-480x480.jpg 480w\" sizes=\"(min-width: 0px) and (max-width: 480px) 480px, (min-width: 481px) 750px, 100vw\" \/><\/p>\n<p><img decoding=\"async\" class=\"size-full wp-image-439 aligncenter\" src=\"https:\/\/www.sybonbest.com\/es\/wp-content\/uploads\/2024\/01\/1704869185-S2209-Professional-Detail-Products-Wheel-Cleaner-Removes-Brake-Dust-Oil-Dirt.jpg\" alt=\"\" width=\"750\" height=\"750\" srcset=\"https:\/\/www.sybonbest.com\/es\/wp-content\/uploads\/2024\/01\/1704869185-S2209-Professional-Detail-Products-Wheel-Cleaner-Removes-Brake-Dust-Oil-Dirt.jpg 750w, https:\/\/www.sybonbest.com\/es\/wp-content\/uploads\/2024\/01\/1704869185-S2209-Professional-Detail-Products-Wheel-Cleaner-Removes-Brake-Dust-Oil-Dirt-480x480.jpg 480w\" sizes=\"(min-width: 0px) and (max-width: 480px) 480px, (min-width: 481px) 750px, 100vw\" \/><\/p>\n","protected":false},"excerpt":{"rendered":"<p>1.Limpiador de ruedas disuelve de forma segura la grasa, la suciedad del camino y el polvo de los frenos al contacto.<br \/>\n2. Revela el brillo brillante de tu rueda.<br \/>\n3.Seguro para todas las ruedas y neum\u00e1ticos.<br \/>\n4. Tipo de ajuste: ajuste universal.<\/p>\n","protected":false},"featured_media":440,"comment_status":"closed","ping_status":"closed","template":"","meta":{"_et_pb_use_builder":"","_et_pb_old_content":"","_et_gb_content_width":""},"product_brand":[],"product_cat":[26,28],"product_tag":[149],"class_list":{"0":"post-436","1":"product","2":"type-product","3":"status-publish","4":"has-post-thumbnail","6":"product_cat-serie-de-detalles-automaticos","7":"product_cat-detalle-exterior","8":"product_tag-limpiador-de-ruedas","10":"first","11":"instock","12":"shipping-taxable","13":"product-type-simple"},"_links":{"self":[{"href":"https:\/\/www.sybonbest.com\/es\/wp-json\/wp\/v2\/product\/436","targetHints":{"allow":["GET"]}}],"collection":[{"href":"https:\/\/www.sybonbest.com\/es\/wp-json\/wp\/v2\/product"}],"about":[{"href":"https:\/\/www.sybonbest.com\/es\/wp-json\/wp\/v2\/types\/product"}],"replies":[{"embeddable":true,"href":"https:\/\/www.sybonbest.com\/es\/wp-json\/wp\/v2\/comments?post=436"}],"wp:featuredmedia":[{"embeddable":true,"href":"https:\/\/www.sybonbest.com\/es\/wp-json\/wp\/v2\/media\/440"}],"wp:attachment":[{"href":"https:\/\/www.sybonbest.com\/es\/wp-json\/wp\/v2\/media?parent=436"}],"wp:term":[{"taxonomy":"product_brand","embeddable":true,"href":"https:\/\/www.sybonbest.com\/es\/wp-json\/wp\/v2\/product_brand?post=436"},{"taxonomy":"product_cat","embeddable":true,"href":"https:\/\/www.sybonbest.com\/es\/wp-json\/wp\/v2\/product_cat?post=436"},{"taxonomy":"product_tag","embeddable":true,"href":"https:\/\/www.sybonbest.com\/es\/wp-json\/wp\/v2\/product_tag?post=436"}],"curies":[{"name":"wp","href":"https:\/\/api.w.org\/{rel}","templated":true}]}}