{"id":408,"date":"2024-01-09T17:02:58","date_gmt":"2024-01-09T09:02:58","guid":{"rendered":"https:\/\/www.sybonbest.com\/es\/?post_type=product&#038;p=408"},"modified":"2024-04-18T17:15:10","modified_gmt":"2024-04-18T09:15:10","slug":"s2213-alta-proteccion-nano-spray-de-revestimiento-ceramico-pulidor-de-cera-para-revestimiento-de-automoviles-sellador-protector-de-grado-profesional-para-automoviles","status":"publish","type":"product","link":"https:\/\/www.sybonbest.com\/es\/product\/s2213-alta-proteccion-nano-spray-de-revestimiento-ceramico-pulidor-de-cera-para-revestimiento-de-automoviles-sellador-protector-de-grado-profesional-para-automoviles\/","title":{"rendered":"S2213 Alta protecci\u00f3n nano spray de revestimiento cer\u00e1mico, Pulidor de cera para revestimiento de autom\u00f3viles, sellador protector de grado profesional para autom\u00f3viles"},"content":{"rendered":"<p><iframe title=\"\u2728 Elevate Your Car&#039;s Shine with SYBON Ceramic Coating Nano Spray! \ud83d\ude97\ud83d\udc8e\" width=\"1080\" height=\"608\" src=\"https:\/\/www.youtube.com\/embed\/o0bMOoT73Do?feature=oembed\"  allow=\"accelerometer; autoplay; clipboard-write; encrypted-media; gyroscope; picture-in-picture; web-share\" allowfullscreen><\/iframe><\/p>\n<p><img decoding=\"async\" class=\"size-full wp-image-409 aligncenter\" src=\"https:\/\/www.sybonbest.com\/es\/wp-content\/uploads\/2024\/01\/1704792748-S2213-SYBON-Ceramic-Spray-Ceramic-Coating-Spray-for-Cars-Professional-Grade-Protective-Sealant-Polish-for-Cars-RVs-Motorcycles-Boats-and-ATVs.jpg\" alt=\"\" width=\"750\" height=\"302\" srcset=\"https:\/\/www.sybonbest.com\/es\/wp-content\/uploads\/2024\/01\/1704792748-S2213-SYBON-Ceramic-Spray-Ceramic-Coating-Spray-for-Cars-Professional-Grade-Protective-Sealant-Polish-for-Cars-RVs-Motorcycles-Boats-and-ATVs.jpg 750w, https:\/\/www.sybonbest.com\/es\/wp-content\/uploads\/2024\/01\/1704792748-S2213-SYBON-Ceramic-Spray-Ceramic-Coating-Spray-for-Cars-Professional-Grade-Protective-Sealant-Polish-for-Cars-RVs-Motorcycles-Boats-and-ATVs-480x193.jpg 480w\" sizes=\"(min-width: 0px) and (max-width: 480px) 480px, (min-width: 481px) 750px, 100vw\" \/><\/p>\n<p>&nbsp;<\/p>\n<h2>S2213 Alta protecci\u00f3n nano spray de revestimiento cer\u00e1mico<\/h2>\n<p>1. Sellador de calidad profesional que protege la superficie de su veh\u00edculo: este revestimiento cer\u00e1mico de primera calidad para autom\u00f3viles crea una capa impenetrable de protecci\u00f3n en la superficie de su veh\u00edculo. Reduce la capacidad de los contaminantes para rayar, rayar y degradar la capa transparente y la pintura del veh\u00edculo, mientras crea un brillo como de espejo.<br \/>\n2.F\u00e1cil de usar: con el tiempo de aplicaci\u00f3n m\u00e1s r\u00e1pido de cualquier producto en el mercado, SYBON Ceramic Coating Nano Spray fue dise\u00f1ado para que usted pueda proteger su veh\u00edculo contra rasgu\u00f1os, decoloraci\u00f3n y otros da\u00f1os al mismo tiempo que administra protecci\u00f3n UV y una profunda , brillo lustroso. Protege tu veh\u00edculo en tres sencillos pasos. Roc\u00ede spray para detalles cer\u00e1micos sobre la superficie de su veh\u00edculo, limpie uniformemente con una toalla de microfibra y luego pula para obtener un brillo incre\u00edble.<br \/>\n3.Spray cer\u00e1mico vers\u00e1til para todos los veh\u00edculos: cubra todos sus modos de transporte. El aerosol de revestimiento cer\u00e1mico es s\u00faper eficaz en superficies s\u00f3lidas externas, incluidas metal, pintura, vidrio, pl\u00e1stico y mucho m\u00e1s: caucho, vinilo, ruedas de alumbre, ruedas con recubrimiento en polvo, cuero, neum\u00e1ticos, cromo, gelcoat y pintura vaquera. Por lo tanto, proteja todos los veh\u00edculos en su garaje con nuestro aerosol de cera de cer\u00e1mica para autom\u00f3viles y aseg\u00farese de que sus camiones, veh\u00edculos recreativos, botes, motocicletas, motos de cross, veh\u00edculos todo terreno y m\u00e1s est\u00e9n protegidos.<br \/>\n4. Protege contra contaminantes ambientales: la cera cer\u00e1mica SYBON para autom\u00f3viles fue dise\u00f1ada para proteger cualquier superficie externa s\u00f3lida contra: suciedad, barro, sal, nieve, polen, smog, lluvia \u00e1cida, manchas de agua, excrementos de p\u00e1jaros, tripas de insectos y suciedad general de la carretera. . Sea lo que sea, tenemos tu viaje cubierto. La formulaci\u00f3n hidrof\u00f3bica crea una superficie similar al vidrio que repele el agua y otros contaminantes ambientales, protegiendo y extendiendo en \u00faltima instancia la vida \u00fatil de la delicada capa transparente de su autom\u00f3vil.<\/p>\n<p><img decoding=\"async\" class=\"size-full wp-image-410 aligncenter\" src=\"https:\/\/www.sybonbest.com\/es\/wp-content\/uploads\/2024\/01\/1704792767-S2213-High-Protection-Ceramic-Coating-Nano-Spray-Car-Coating-Wax-Spray-Professional-Grade-Protective-Sealant-Polish-for-Cars.jpg\" alt=\"S2213-revestimiento-cer\u00e1mico-de-alta-protecci\u00f3n-Nano-Spray-revestimiento-de-coche-cera-Spray-sellador-protector-de-grado-profesional-polaco-para-coches-nano-spray-de-revestimiento-cer\u00e1mico\" width=\"750\" height=\"750\" srcset=\"https:\/\/www.sybonbest.com\/es\/wp-content\/uploads\/2024\/01\/1704792767-S2213-High-Protection-Ceramic-Coating-Nano-Spray-Car-Coating-Wax-Spray-Professional-Grade-Protective-Sealant-Polish-for-Cars.jpg 750w, https:\/\/www.sybonbest.com\/es\/wp-content\/uploads\/2024\/01\/1704792767-S2213-High-Protection-Ceramic-Coating-Nano-Spray-Car-Coating-Wax-Spray-Professional-Grade-Protective-Sealant-Polish-for-Cars-480x480.jpg 480w\" sizes=\"(min-width: 0px) and (max-width: 480px) 480px, (min-width: 481px) 750px, 100vw\" \/><\/p>\n<p><img decoding=\"async\" class=\"size-full wp-image-411 aligncenter\" src=\"https:\/\/www.sybonbest.com\/es\/wp-content\/uploads\/2024\/01\/1704792783-S2213-Ceramic-Coating-Spray-Detailer-Spray-Wax-for-Car-Quick-Waterless-Wash-Hydrophobic-Top-Coat-Professional-Grade-Sealant-Polish-for-Cars-Rvs-Motorcycles-Boats-and-Atvs.jpg\" alt=\"\" width=\"750\" height=\"750\" srcset=\"https:\/\/www.sybonbest.com\/es\/wp-content\/uploads\/2024\/01\/1704792783-S2213-Ceramic-Coating-Spray-Detailer-Spray-Wax-for-Car-Quick-Waterless-Wash-Hydrophobic-Top-Coat-Professional-Grade-Sealant-Polish-for-Cars-Rvs-Motorcycles-Boats-and-Atvs.jpg 750w, https:\/\/www.sybonbest.com\/es\/wp-content\/uploads\/2024\/01\/1704792783-S2213-Ceramic-Coating-Spray-Detailer-Spray-Wax-for-Car-Quick-Waterless-Wash-Hydrophobic-Top-Coat-Professional-Grade-Sealant-Polish-for-Cars-Rvs-Motorcycles-Boats-and-Atvs-480x480.jpg 480w\" sizes=\"(min-width: 0px) and (max-width: 480px) 480px, (min-width: 481px) 750px, 100vw\" \/><\/p>\n<p><img decoding=\"async\" class=\"size-full wp-image-412 aligncenter\" src=\"https:\/\/www.sybonbest.com\/es\/wp-content\/uploads\/2024\/01\/1704792799-S2213-Premium-Car-Care-Quick-Coat-Ceramic-Coating-Spray-Shine-Seal-Protect-Ceramic-Spray-Sealant-Hydrophobic-Top-Coat-for-Cars-RVs-Trucks-Motorcycles.jpg\" alt=\"\" width=\"750\" height=\"750\" srcset=\"https:\/\/www.sybonbest.com\/es\/wp-content\/uploads\/2024\/01\/1704792799-S2213-Premium-Car-Care-Quick-Coat-Ceramic-Coating-Spray-Shine-Seal-Protect-Ceramic-Spray-Sealant-Hydrophobic-Top-Coat-for-Cars-RVs-Trucks-Motorcycles.jpg 750w, https:\/\/www.sybonbest.com\/es\/wp-content\/uploads\/2024\/01\/1704792799-S2213-Premium-Car-Care-Quick-Coat-Ceramic-Coating-Spray-Shine-Seal-Protect-Ceramic-Spray-Sealant-Hydrophobic-Top-Coat-for-Cars-RVs-Trucks-Motorcycles-480x480.jpg 480w\" sizes=\"(min-width: 0px) and (max-width: 480px) 480px, (min-width: 481px) 750px, 100vw\" \/><\/p>\n<p><img decoding=\"async\" class=\"size-full wp-image-413 aligncenter\" src=\"https:\/\/www.sybonbest.com\/es\/wp-content\/uploads\/2024\/01\/1704792816-S2213-Ceramic-Spray-Coating-Ultra-Hydrophobic-DIY-Ceramic-Nano-Coat-Super-Slick-Finish-Feel.jpg\" alt=\"\" width=\"750\" height=\"750\" srcset=\"https:\/\/www.sybonbest.com\/es\/wp-content\/uploads\/2024\/01\/1704792816-S2213-Ceramic-Spray-Coating-Ultra-Hydrophobic-DIY-Ceramic-Nano-Coat-Super-Slick-Finish-Feel.jpg 750w, https:\/\/www.sybonbest.com\/es\/wp-content\/uploads\/2024\/01\/1704792816-S2213-Ceramic-Spray-Coating-Ultra-Hydrophobic-DIY-Ceramic-Nano-Coat-Super-Slick-Finish-Feel-480x480.jpg 480w\" sizes=\"(min-width: 0px) and (max-width: 480px) 480px, (min-width: 481px) 750px, 100vw\" \/><\/p>\n","protected":false},"excerpt":{"rendered":"<p>1.Sellador de calidad profesional que protege la superficie de su veh\u00edculo.<br \/>\n2.Con el tiempo de aplicaci\u00f3n m\u00e1s r\u00e1pido de cualquier producto del mercado, SYBON Nano spray de revestimiento cer\u00e1mico fue dise\u00f1ado para ti.<br \/>\n3.Spray cer\u00e1mico vers\u00e1til para todos los veh\u00edculos: cubra todos sus modos de transporte.<br \/>\n4. Protege contra contaminantes ambientales: la cera cer\u00e1mica SYBON para autom\u00f3viles fue dise\u00f1ada para proteger cualquier superficie externa s\u00f3lida.<\/p>\n","protected":false},"featured_media":414,"comment_status":"closed","ping_status":"closed","template":"","meta":{"_et_pb_use_builder":"","_et_pb_old_content":"","_et_gb_content_width":""},"product_brand":[],"product_cat":[26,28],"product_tag":[153,152],"class_list":{"0":"post-408","1":"product","2":"type-product","3":"status-publish","4":"has-post-thumbnail","6":"product_cat-serie-de-detalles-automaticos","7":"product_cat-detalle-exterior","8":"product_tag-nano-spray-de-revestimiento-ceramico","9":"product_tag-spray-de-cera-para-revestimiento-de-automoviles","11":"first","12":"instock","13":"shipping-taxable","14":"product-type-simple"},"_links":{"self":[{"href":"https:\/\/www.sybonbest.com\/es\/wp-json\/wp\/v2\/product\/408","targetHints":{"allow":["GET"]}}],"collection":[{"href":"https:\/\/www.sybonbest.com\/es\/wp-json\/wp\/v2\/product"}],"about":[{"href":"https:\/\/www.sybonbest.com\/es\/wp-json\/wp\/v2\/types\/product"}],"replies":[{"embeddable":true,"href":"https:\/\/www.sybonbest.com\/es\/wp-json\/wp\/v2\/comments?post=408"}],"wp:featuredmedia":[{"embeddable":true,"href":"https:\/\/www.sybonbest.com\/es\/wp-json\/wp\/v2\/media\/414"}],"wp:attachment":[{"href":"https:\/\/www.sybonbest.com\/es\/wp-json\/wp\/v2\/media?parent=408"}],"wp:term":[{"taxonomy":"product_brand","embeddable":true,"href":"https:\/\/www.sybonbest.com\/es\/wp-json\/wp\/v2\/product_brand?post=408"},{"taxonomy":"product_cat","embeddable":true,"href":"https:\/\/www.sybonbest.com\/es\/wp-json\/wp\/v2\/product_cat?post=408"},{"taxonomy":"product_tag","embeddable":true,"href":"https:\/\/www.sybonbest.com\/es\/wp-json\/wp\/v2\/product_tag?post=408"}],"curies":[{"name":"wp","href":"https:\/\/api.w.org\/{rel}","templated":true}]}}