{"id":399,"date":"2024-01-09T16:09:46","date_gmt":"2024-01-09T08:09:46","guid":{"rendered":"https:\/\/www.sybonbest.com\/es\/?post_type=product&#038;p=399"},"modified":"2024-04-18T17:25:26","modified_gmt":"2024-04-18T09:25:26","slug":"s2212-champu-para-coche-espuma-colorida-jabon-para-lavar-autos-funciona-con-canones-de-espuma-pistolas-de-espuma-o-cubos-de-lavado-seguro-para-automoviles","status":"publish","type":"product","link":"https:\/\/www.sybonbest.com\/es\/product\/s2212-champu-para-coche-espuma-colorida-jabon-para-lavar-autos-funciona-con-canones-de-espuma-pistolas-de-espuma-o-cubos-de-lavado-seguro-para-automoviles\/","title":{"rendered":"S2212 Champ\u00fa para coche Espuma colorida jab\u00f3n para lavar autos funciona con ca\u00f1ones de espuma, pistolas de espuma o cubos de lavado. Seguro para autom\u00f3viles."},"content":{"rendered":"<p><iframe title=\"\u2728 Experience the Ultimate Clean with SYBON Car Shampoo Colorful Foaming! \ud83d\ude97\ud83c\udf08\" width=\"1080\" height=\"608\" src=\"https:\/\/www.youtube.com\/embed\/iH_B18Lc21o?feature=oembed\"  allow=\"accelerometer; autoplay; clipboard-write; encrypted-media; gyroscope; picture-in-picture; web-share\" allowfullscreen><\/iframe><\/p>\n<p><img decoding=\"async\" class=\"size-full wp-image-400 aligncenter\" src=\"https:\/\/www.sybonbest.com\/es\/wp-content\/uploads\/2024\/01\/1704790091-S2212-Extreme-Bodywash-Wax-Foaming-Car-Wash-Soap-For-Foam-Cannons-Guns-or-Bucket-Washes-For-Cars-Trucks-Motorcycles-RVs-More.jpg\" alt=\"\" width=\"750\" height=\"302\" srcset=\"https:\/\/www.sybonbest.com\/es\/wp-content\/uploads\/2024\/01\/1704790091-S2212-Extreme-Bodywash-Wax-Foaming-Car-Wash-Soap-For-Foam-Cannons-Guns-or-Bucket-Washes-For-Cars-Trucks-Motorcycles-RVs-More.jpg 750w, https:\/\/www.sybonbest.com\/es\/wp-content\/uploads\/2024\/01\/1704790091-S2212-Extreme-Bodywash-Wax-Foaming-Car-Wash-Soap-For-Foam-Cannons-Guns-or-Bucket-Washes-For-Cars-Trucks-Motorcycles-RVs-More-480x193.jpg 480w\" sizes=\"(min-width: 0px) and (max-width: 480px) 480px, (min-width: 481px) 750px, 100vw\" \/><\/p>\n<p>&nbsp;<\/p>\n<h2>S2212 Champ\u00fa para coche Espuma colorida\u00a0jab\u00f3n para lavar autos<\/h2>\n<p>Este producto est\u00e1 elaborado con materias primas suaves de alta calidad y una f\u00f3rmula avanzada. La espuma rica y estable se adhiere a la superficie de la carrocer\u00eda del autom\u00f3vil, dando a la superficie de la pintura la mejor limpieza y un efecto uniforme de protecci\u00f3n del acristalamiento. Reduce la corrosi\u00f3n en la piel y superficies pintadas. Es una protecci\u00f3n ambiental ecol\u00f3gica, un aroma fresco y encantador, y hace que su autom\u00f3vil sea brillante y limpio.<\/p>\n<p>C\u00f3mo utilizar:<\/p>\n<p>A. Lavado a m\u00e1quina<\/p>\n<p>1. Adecuado para m\u00e1quinas de espuma a presi\u00f3n. La relaci\u00f3n de diluci\u00f3n de este producto con agua es de 1:100-180 y la presi\u00f3n de control es de 0,2-0,4 Mp2 (presi\u00f3n de 2 KG-4 KG).<\/p>\n<p>2.Es necesario agregar primero un 50% de agua, luego agregar 400g de producto (llenar la m\u00e1quina espumadora con 60kg de agua), y luego continuar agregando agua. De esta forma, la burbuja queda estable de principio a fin.<\/p>\n<p>B. Lavado a mano<\/p>\n<p>1. Mezcle este producto con 1:100-150 de agua, revuelva uniformemente, limpie el cuerpo con una esponja para lavado de autos y luego lave con agua.<\/p>\n<p><img decoding=\"async\" class=\"size-full wp-image-401 aligncenter\" src=\"https:\/\/www.sybonbest.com\/es\/wp-content\/uploads\/2024\/01\/1704790124-S2212-Car-Shampoo-Colorful-Foaming-Car-Wash-Soap-Works-with-Foam-Cannons-Foam-Guns-or-Bucket-Washes-Safe-for-Cars.jpg\" alt=\"Champ\u00fa-para-coche-S2212-jab\u00f3n-espumoso-colorido-para-lavado-de-coches-funciona-con-ca\u00f1ones-de-espuma-pistolas-de-espuma-o-cubos-de-lavado-seguro-para-coches-jab\u00f3n-para-lavar-autos\" width=\"750\" height=\"750\" srcset=\"https:\/\/www.sybonbest.com\/es\/wp-content\/uploads\/2024\/01\/1704790124-S2212-Car-Shampoo-Colorful-Foaming-Car-Wash-Soap-Works-with-Foam-Cannons-Foam-Guns-or-Bucket-Washes-Safe-for-Cars.jpg 750w, https:\/\/www.sybonbest.com\/es\/wp-content\/uploads\/2024\/01\/1704790124-S2212-Car-Shampoo-Colorful-Foaming-Car-Wash-Soap-Works-with-Foam-Cannons-Foam-Guns-or-Bucket-Washes-Safe-for-Cars-480x480.jpg 480w\" sizes=\"(min-width: 0px) and (max-width: 480px) 480px, (min-width: 481px) 750px, 100vw\" \/><\/p>\n<p><img decoding=\"async\" class=\"size-full wp-image-402 aligncenter\" src=\"https:\/\/www.sybonbest.com\/es\/wp-content\/uploads\/2024\/01\/1704790145-S2212-Shampoo-Ultra-Sudsy-Car-Wash-pH-Neutral-Formula-for-Safe-Washing-Highly-Concentrated-Ultra-Foam.jpg\" alt=\"\" width=\"750\" height=\"750\" srcset=\"https:\/\/www.sybonbest.com\/es\/wp-content\/uploads\/2024\/01\/1704790145-S2212-Shampoo-Ultra-Sudsy-Car-Wash-pH-Neutral-Formula-for-Safe-Washing-Highly-Concentrated-Ultra-Foam.jpg 750w, https:\/\/www.sybonbest.com\/es\/wp-content\/uploads\/2024\/01\/1704790145-S2212-Shampoo-Ultra-Sudsy-Car-Wash-pH-Neutral-Formula-for-Safe-Washing-Highly-Concentrated-Ultra-Foam-480x480.jpg 480w\" sizes=\"(min-width: 0px) and (max-width: 480px) 480px, (min-width: 481px) 750px, 100vw\" \/><\/p>\n<p><img decoding=\"async\" class=\"size-full wp-image-403 aligncenter\" src=\"https:\/\/www.sybonbest.com\/es\/wp-content\/uploads\/2024\/01\/1704790166-S2212-Car-Shampoo-Car-Soap-Foam-Car-Wash-Protection-With-Every-Wash-For-Incredible-Shine.jpg\" alt=\"\" width=\"750\" height=\"750\" srcset=\"https:\/\/www.sybonbest.com\/es\/wp-content\/uploads\/2024\/01\/1704790166-S2212-Car-Shampoo-Car-Soap-Foam-Car-Wash-Protection-With-Every-Wash-For-Incredible-Shine.jpg 750w, https:\/\/www.sybonbest.com\/es\/wp-content\/uploads\/2024\/01\/1704790166-S2212-Car-Shampoo-Car-Soap-Foam-Car-Wash-Protection-With-Every-Wash-For-Incredible-Shine-480x480.jpg 480w\" sizes=\"(min-width: 0px) and (max-width: 480px) 480px, (min-width: 481px) 750px, 100vw\" \/><\/p>\n<p><img decoding=\"async\" class=\"size-full wp-image-404 aligncenter\" src=\"https:\/\/www.sybonbest.com\/es\/wp-content\/uploads\/2024\/01\/1704790197-S2212-SYBON-Ultimate-Car-Wash-Series-DIY-Car-Detailing-Ultra-Foaming-Shampoo-Easy-to-Use.jpg\" alt=\"\" width=\"750\" height=\"750\" srcset=\"https:\/\/www.sybonbest.com\/es\/wp-content\/uploads\/2024\/01\/1704790197-S2212-SYBON-Ultimate-Car-Wash-Series-DIY-Car-Detailing-Ultra-Foaming-Shampoo-Easy-to-Use.jpg 750w, https:\/\/www.sybonbest.com\/es\/wp-content\/uploads\/2024\/01\/1704790197-S2212-SYBON-Ultimate-Car-Wash-Series-DIY-Car-Detailing-Ultra-Foaming-Shampoo-Easy-to-Use-480x480.jpg 480w\" sizes=\"(min-width: 0px) and (max-width: 480px) 480px, (min-width: 481px) 750px, 100vw\" \/><\/p>\n","protected":false},"excerpt":{"rendered":"<p>1.Nuestra f\u00f3rmula premium es ideal para eliminar la suciedad, la mugre y la pel\u00edcula de la carretera sin opacar la superficie de la pintura.<br \/>\n2.Jab\u00f3n para lavar autos est\u00e1 altamente concentrado con mucha espuma y al mismo tiempo es muy f\u00e1cil de enjuagar sin rayar ni da\u00f1ar la pintura.<\/p>\n","protected":false},"featured_media":405,"comment_status":"closed","ping_status":"closed","template":"","meta":{"_et_pb_use_builder":"","_et_pb_old_content":"","_et_gb_content_width":""},"product_brand":[],"product_cat":[26,28],"product_tag":[154,155],"class_list":{"0":"post-399","1":"product","2":"type-product","3":"status-publish","4":"has-post-thumbnail","6":"product_cat-serie-de-detalles-automaticos","7":"product_cat-detalle-exterior","8":"product_tag-champu-para-coche","9":"product_tag-jabon-para-lavar-autos","11":"first","12":"instock","13":"shipping-taxable","14":"product-type-simple"},"_links":{"self":[{"href":"https:\/\/www.sybonbest.com\/es\/wp-json\/wp\/v2\/product\/399","targetHints":{"allow":["GET"]}}],"collection":[{"href":"https:\/\/www.sybonbest.com\/es\/wp-json\/wp\/v2\/product"}],"about":[{"href":"https:\/\/www.sybonbest.com\/es\/wp-json\/wp\/v2\/types\/product"}],"replies":[{"embeddable":true,"href":"https:\/\/www.sybonbest.com\/es\/wp-json\/wp\/v2\/comments?post=399"}],"wp:featuredmedia":[{"embeddable":true,"href":"https:\/\/www.sybonbest.com\/es\/wp-json\/wp\/v2\/media\/405"}],"wp:attachment":[{"href":"https:\/\/www.sybonbest.com\/es\/wp-json\/wp\/v2\/media?parent=399"}],"wp:term":[{"taxonomy":"product_brand","embeddable":true,"href":"https:\/\/www.sybonbest.com\/es\/wp-json\/wp\/v2\/product_brand?post=399"},{"taxonomy":"product_cat","embeddable":true,"href":"https:\/\/www.sybonbest.com\/es\/wp-json\/wp\/v2\/product_cat?post=399"},{"taxonomy":"product_tag","embeddable":true,"href":"https:\/\/www.sybonbest.com\/es\/wp-json\/wp\/v2\/product_tag?post=399"}],"curies":[{"name":"wp","href":"https:\/\/api.w.org\/{rel}","templated":true}]}}