{"id":391,"date":"2024-01-09T15:49:48","date_gmt":"2024-01-09T07:49:48","guid":{"rendered":"https:\/\/www.sybonbest.com\/es\/?post_type=product&#038;p=391"},"modified":"2024-04-18T17:57:13","modified_gmt":"2024-04-18T09:57:13","slug":"pl122-pulidora-tampon-pulidora-da-de-doble-accion-para-detalles-de-automoviles-kit-de-encerador-pulidor-de-amortiguador-de-automovil-orbital-aleatorio-con-velocidad-variable","status":"publish","type":"product","link":"https:\/\/www.sybonbest.com\/es\/product\/pl122-pulidora-tampon-pulidora-da-de-doble-accion-para-detalles-de-automoviles-kit-de-encerador-pulidor-de-amortiguador-de-automovil-orbital-aleatorio-con-velocidad-variable\/","title":{"rendered":"PL122 Pulidora tamp\u00f3n pulidora DA de doble acci\u00f3n para detalles de autom\u00f3viles Kit de encerador pulidor de amortiguador de autom\u00f3vil orbital aleatorio con velocidad variable"},"content":{"rendered":"<p><iframe title=\"\u2728 Elevate Your Car Detailing Game with SYBON Dual Action DA Polisher! \ud83d\ude97\ud83d\udcab\" width=\"1080\" height=\"608\" src=\"https:\/\/www.youtube.com\/embed\/XtnSfbPqizE?feature=oembed\"  allow=\"accelerometer; autoplay; clipboard-write; encrypted-media; gyroscope; picture-in-picture; web-share\" allowfullscreen><\/iframe><\/p>\n<p><img decoding=\"async\" class=\"size-full wp-image-392 aligncenter\" src=\"https:\/\/www.sybonbest.com\/es\/wp-content\/uploads\/2024\/01\/1704787576-PL122-900W-Dual-Action-Polisher-6-Variable-Speed-Car-Polisher-Kit-for-Waxing-Buffering-Polishing.jpg\" alt=\"\" width=\"750\" height=\"302\" srcset=\"https:\/\/www.sybonbest.com\/es\/wp-content\/uploads\/2024\/01\/1704787576-PL122-900W-Dual-Action-Polisher-6-Variable-Speed-Car-Polisher-Kit-for-Waxing-Buffering-Polishing.jpg 750w, https:\/\/www.sybonbest.com\/es\/wp-content\/uploads\/2024\/01\/1704787576-PL122-900W-Dual-Action-Polisher-6-Variable-Speed-Car-Polisher-Kit-for-Waxing-Buffering-Polishing-480x193.jpg 480w\" sizes=\"(min-width: 0px) and (max-width: 480px) 480px, (min-width: 481px) 750px, 100vw\" \/><\/p>\n<p>&nbsp;<\/p>\n<h2>PL122 Pulidora DA de doble acci\u00f3n<\/h2>\n<p>1.La pulidora orbital aleatoria es perfecta para pulir, eliminar remolinos, rayones y defectos de todos los veh\u00edculos pintados, para que el veh\u00edculo brille. Adem\u00e1s, tambi\u00e9n puedes utilizar la herramienta para lijar madera o metal.<br \/>\n2.El dial de control de 6 velocidades le permite ajustar la velocidad de la pulidora del autom\u00f3vil entre 2000 y 5200 rpm, seg\u00fan su uso. Es decir, la velocidad baja se puede utilizar para encerar, pulir, la velocidad media para pulir, limpiar y la velocidad alta para eliminar defectos de pintura y oxidaci\u00f3n.<br \/>\n3.El mango ajustable y el cuerpo de goma le brindan un agarre c\u00f3modo y un control antideslizante, mientras est\u00e1 en uso, para que no tenga que preocuparse de que la m\u00e1quina pulidora se caiga de la mesa o se caiga del autom\u00f3vil.<br \/>\n4.La m\u00e1quina pulidora de autom\u00f3viles es lo suficientemente f\u00e1cil para principiantes y lo suficientemente potente para profesionales, de modo que incluso si tiene que cuidar una flota de autom\u00f3viles de clientes, la m\u00e1quina realiza el trabajo de detalle sin esfuerzo.<br \/>\n5. Esta pulidora de autom\u00f3viles es bastante f\u00e1cil de usar ya que su movimiento orbital aleatorio de doble acci\u00f3n garantiza un resultado de pulido sin remolinos y sin quemaduras, y ofrece un mejor rendimiento que las pulidoras comunes.<\/p>\n<p><img decoding=\"async\" class=\"size-full wp-image-393 aligncenter\" src=\"https:\/\/www.sybonbest.com\/es\/wp-content\/uploads\/2024\/01\/1704787591-PL122-Buffer-Polisher-5-inch-Dual-Action-Buffer-for-Car-Detailing-Variable-Speed-Random-Orbital-Car-Buffer.jpg\" alt=\"Pulidora-de-b\u00fafer-PL122-b\u00fafer-de-doble-acci\u00f3n-de-5-pulgadas-para-detalles-de-autom\u00f3viles-b\u00fafer-de-coche-Orbital-aleatorio-de-velocidad-Variable-pulidora-DA-de-doble-acci\u00f3n\" width=\"750\" height=\"750\" srcset=\"https:\/\/www.sybonbest.com\/es\/wp-content\/uploads\/2024\/01\/1704787591-PL122-Buffer-Polisher-5-inch-Dual-Action-Buffer-for-Car-Detailing-Variable-Speed-Random-Orbital-Car-Buffer.jpg 750w, https:\/\/www.sybonbest.com\/es\/wp-content\/uploads\/2024\/01\/1704787591-PL122-Buffer-Polisher-5-inch-Dual-Action-Buffer-for-Car-Detailing-Variable-Speed-Random-Orbital-Car-Buffer-480x480.jpg 480w\" sizes=\"(min-width: 0px) and (max-width: 480px) 480px, (min-width: 481px) 750px, 100vw\" \/><\/p>\n<p><img decoding=\"async\" class=\"size-full wp-image-394 aligncenter\" src=\"https:\/\/www.sybonbest.com\/es\/wp-content\/uploads\/2024\/01\/1704787607-PL122-Buffer-Polisher-5-inch-Dual-ActionDA-Polisher-for-Car-Detailing-Random-Orbital-Car-Buffer-Polisher-Waxer-Kit.jpg\" alt=\"\" width=\"750\" height=\"750\" srcset=\"https:\/\/www.sybonbest.com\/es\/wp-content\/uploads\/2024\/01\/1704787607-PL122-Buffer-Polisher-5-inch-Dual-ActionDA-Polisher-for-Car-Detailing-Random-Orbital-Car-Buffer-Polisher-Waxer-Kit.jpg 750w, https:\/\/www.sybonbest.com\/es\/wp-content\/uploads\/2024\/01\/1704787607-PL122-Buffer-Polisher-5-inch-Dual-ActionDA-Polisher-for-Car-Detailing-Random-Orbital-Car-Buffer-Polisher-Waxer-Kit-480x480.jpg 480w\" sizes=\"(min-width: 0px) and (max-width: 480px) 480px, (min-width: 481px) 750px, 100vw\" \/><\/p>\n<p><img decoding=\"async\" class=\"size-full wp-image-395 aligncenter\" src=\"https:\/\/www.sybonbest.com\/es\/wp-content\/uploads\/2024\/01\/1704787621-PL122-Dual-Action-DA-Polisher-15mm-Long-Throw-Random-Orbital-Polisher-Buffer-for-Car-Detailing-5900W-Dual-Action-Polisher-with-Variable-Speed.jpg\" alt=\"\" width=\"750\" height=\"750\" srcset=\"https:\/\/www.sybonbest.com\/es\/wp-content\/uploads\/2024\/01\/1704787621-PL122-Dual-Action-DA-Polisher-15mm-Long-Throw-Random-Orbital-Polisher-Buffer-for-Car-Detailing-5900W-Dual-Action-Polisher-with-Variable-Speed.jpg 750w, https:\/\/www.sybonbest.com\/es\/wp-content\/uploads\/2024\/01\/1704787621-PL122-Dual-Action-DA-Polisher-15mm-Long-Throw-Random-Orbital-Polisher-Buffer-for-Car-Detailing-5900W-Dual-Action-Polisher-with-Variable-Speed-480x480.jpg 480w\" sizes=\"(min-width: 0px) and (max-width: 480px) 480px, (min-width: 481px) 750px, 100vw\" \/><\/p>\n","protected":false},"excerpt":{"rendered":"<p>1.Pulidora DA de doble acci\u00f3n es perfecto para pulir, eliminar remolinos, rayones y defectos de todos los veh\u00edculos pintados, para que el veh\u00edculo brille.<br \/>\n2.El dial de control de 6 velocidades le permite ajustar la velocidad de la pulidora del autom\u00f3vil entre 2000 y 5200 rpm, seg\u00fan su uso.<br \/>\n3.La m\u00e1quina pulidora de autom\u00f3viles es lo suficientemente f\u00e1cil para principiantes y lo suficientemente potente para profesionales, de modo que incluso si tiene que cuidar una flota de autom\u00f3viles de clientes, la m\u00e1quina realiza el trabajo de detalle sin esfuerzo.<\/p>\n","protected":false},"featured_media":396,"comment_status":"closed","ping_status":"closed","template":"","meta":{"_et_pb_use_builder":"","_et_pb_old_content":"","_et_gb_content_width":""},"product_brand":[],"product_cat":[21,25],"product_tag":[156],"class_list":{"0":"post-391","1":"product","2":"type-product","3":"status-publish","4":"has-post-thumbnail","6":"product_cat-serie-polaca","7":"product_cat-pulidora","8":"product_tag-pulidora-da-de-doble-accion","10":"first","11":"instock","12":"shipping-taxable","13":"product-type-simple"},"_links":{"self":[{"href":"https:\/\/www.sybonbest.com\/es\/wp-json\/wp\/v2\/product\/391","targetHints":{"allow":["GET"]}}],"collection":[{"href":"https:\/\/www.sybonbest.com\/es\/wp-json\/wp\/v2\/product"}],"about":[{"href":"https:\/\/www.sybonbest.com\/es\/wp-json\/wp\/v2\/types\/product"}],"replies":[{"embeddable":true,"href":"https:\/\/www.sybonbest.com\/es\/wp-json\/wp\/v2\/comments?post=391"}],"wp:featuredmedia":[{"embeddable":true,"href":"https:\/\/www.sybonbest.com\/es\/wp-json\/wp\/v2\/media\/396"}],"wp:attachment":[{"href":"https:\/\/www.sybonbest.com\/es\/wp-json\/wp\/v2\/media?parent=391"}],"wp:term":[{"taxonomy":"product_brand","embeddable":true,"href":"https:\/\/www.sybonbest.com\/es\/wp-json\/wp\/v2\/product_brand?post=391"},{"taxonomy":"product_cat","embeddable":true,"href":"https:\/\/www.sybonbest.com\/es\/wp-json\/wp\/v2\/product_cat?post=391"},{"taxonomy":"product_tag","embeddable":true,"href":"https:\/\/www.sybonbest.com\/es\/wp-json\/wp\/v2\/product_tag?post=391"}],"curies":[{"name":"wp","href":"https:\/\/api.w.org\/{rel}","templated":true}]}}