{"id":382,"date":"2024-01-09T15:27:38","date_gmt":"2024-01-09T07:27:38","guid":{"rendered":"https:\/\/www.sybonbest.com\/es\/?post_type=product&#038;p=382"},"modified":"2024-04-18T18:09:28","modified_gmt":"2024-04-18T10:09:28","slug":"pl121-pulidora-tampon-ro-1650w-pulidora-de-bufer-rotativa-pulidora-enceradora-para-autos-6-velocidades-variables-500-3000-rpm","status":"publish","type":"product","link":"https:\/\/www.sybonbest.com\/es\/product\/pl121-pulidora-tampon-ro-1650w-pulidora-de-bufer-rotativa-pulidora-enceradora-para-autos-6-velocidades-variables-500-3000-rpm\/","title":{"rendered":"PL121 Pulidora tamp\u00f3n RO 1650W pulidora de b\u00fafer rotativa Pulidora Enceradora Para Autos 6 Velocidades Variables 500-3000 RPM"},"content":{"rendered":"<p><iframe title=\"\u2728 Power and Precision with SYBON RO Buffer Polisher! \ud83d\ude97\ud83d\udcaa\" width=\"1080\" height=\"608\" src=\"https:\/\/www.youtube.com\/embed\/mWgMrtaQOwY?feature=oembed\"  allow=\"accelerometer; autoplay; clipboard-write; encrypted-media; gyroscope; picture-in-picture; web-share\" allowfullscreen><\/iframe><\/p>\n<p><img decoding=\"async\" class=\"size-full wp-image-383 aligncenter\" src=\"https:\/\/www.sybonbest.com\/es\/wp-content\/uploads\/2024\/01\/1704786083-PL121-Buffer-Polisher-for-Car-Detailing-Car-Buffer-6-inch-Car-Polisher-with-6-Variable-Speed-500-3000-RPM-1650W-Polishing-Machine.jpg\" alt=\"\" width=\"750\" height=\"302\" srcset=\"https:\/\/www.sybonbest.com\/es\/wp-content\/uploads\/2024\/01\/1704786083-PL121-Buffer-Polisher-for-Car-Detailing-Car-Buffer-6-inch-Car-Polisher-with-6-Variable-Speed-500-3000-RPM-1650W-Polishing-Machine.jpg 750w, https:\/\/www.sybonbest.com\/es\/wp-content\/uploads\/2024\/01\/1704786083-PL121-Buffer-Polisher-for-Car-Detailing-Car-Buffer-6-inch-Car-Polisher-with-6-Variable-Speed-500-3000-RPM-1650W-Polishing-Machine-480x193.jpg 480w\" sizes=\"(min-width: 0px) and (max-width: 480px) 480px, (min-width: 481px) 750px, 100vw\" \/><\/p>\n<p>&nbsp;<\/p>\n<h2>PL121 Pulidora tamp\u00f3n RO 1650W\u00a0Pulidora de b\u00fafer rotativa<\/h2>\n<p>1.Potente: SYBON ha dise\u00f1ado el rotativo con un motor altamente eficiente para garantizar m\u00e1s potencia y torque en cualquier superficie, haciendo que su experiencia de detallado sea m\u00e1s f\u00e1cil, m\u00e1s eficiente y m\u00e1s r\u00e1pida.<br \/>\n2. Perfectamente equilibrado: todos los componentes internos han sido dise\u00f1ados y dispuestos para proporcionar una distribuci\u00f3n perfecta del peso para el pulido, eliminando el estr\u00e9s del usuario.<br \/>\n3.Cable de alimentaci\u00f3n: un cable de extensi\u00f3n de 4 metros (13 pulgadas) garantiza un rango de movimiento libre, mientras que los refuerzos alrededor de la base del cable de alimentaci\u00f3n garantizan una larga vida \u00fatil.<br \/>\n4.Control de velocidad definible por el usuario: Velocidad ajustable de 500 a 3000 rpm, que ofrece la capacidad de cortar r\u00e1pidamente y terminar con delicadeza.<br \/>\n5. Controlador de velocidad: controlador de velocidad constante con 6 configuraciones de velocidad.<\/p>\n<p>La pulidora rotativa de SYBON es una soluci\u00f3n ideal para hacer que esas peque\u00f1as secciones dif\u00edciles de pulir vuelvan a lucir hermosas. Es una de las m\u00e1quinas m\u00e1s f\u00e1ciles y seguras para sumergir el pie en el mundo rotativo. Sin embargo, para aquellos con experiencia rotativa, la pulidora rotativa SYBON proporciona un caballo de batalla duradero y de calidad profesional, liviano y altamente efectivo.<\/p>\n<p><img decoding=\"async\" class=\"size-full wp-image-384 aligncenter\" src=\"https:\/\/www.sybonbest.com\/es\/wp-content\/uploads\/2024\/01\/1704786098-PL121-RO-polisher-polishing-machine-car-Rotary-Buffer-Polisher-for-car-detailing.jpg\" alt=\"Pulidora-PL121-RO-pulidora-giratoria-para-coche-pulidora-para-detalles-de-coches-pulidora-de-b\u00fafer-rotativa\" width=\"750\" height=\"750\" srcset=\"https:\/\/www.sybonbest.com\/es\/wp-content\/uploads\/2024\/01\/1704786098-PL121-RO-polisher-polishing-machine-car-Rotary-Buffer-Polisher-for-car-detailing.jpg 750w, https:\/\/www.sybonbest.com\/es\/wp-content\/uploads\/2024\/01\/1704786098-PL121-RO-polisher-polishing-machine-car-Rotary-Buffer-Polisher-for-car-detailing-480x480.jpg 480w\" sizes=\"(min-width: 0px) and (max-width: 480px) 480px, (min-width: 481px) 750px, 100vw\" \/><\/p>\n<p><img decoding=\"async\" class=\"size-full wp-image-385 aligncenter\" src=\"https:\/\/www.sybonbest.com\/es\/wp-content\/uploads\/2024\/01\/1704786129-PL121-Rotary-Car-Buffer-Polisher-Waxer-1650W-7-inch-6-inch-Variable-Speed-500-3000RPM-Detachable-Handle-Perfect-for-Car-Polishing.jpg\" alt=\"\" width=\"750\" height=\"750\" srcset=\"https:\/\/www.sybonbest.com\/es\/wp-content\/uploads\/2024\/01\/1704786129-PL121-Rotary-Car-Buffer-Polisher-Waxer-1650W-7-inch-6-inch-Variable-Speed-500-3000RPM-Detachable-Handle-Perfect-for-Car-Polishing.jpg 750w, https:\/\/www.sybonbest.com\/es\/wp-content\/uploads\/2024\/01\/1704786129-PL121-Rotary-Car-Buffer-Polisher-Waxer-1650W-7-inch-6-inch-Variable-Speed-500-3000RPM-Detachable-Handle-Perfect-for-Car-Polishing-480x480.jpg 480w\" sizes=\"(min-width: 0px) and (max-width: 480px) 480px, (min-width: 481px) 750px, 100vw\" \/><\/p>\n<p><img decoding=\"async\" class=\"size-full wp-image-386 aligncenter\" src=\"https:\/\/www.sybonbest.com\/es\/wp-content\/uploads\/2024\/01\/1704786142-PL121-Buffer-Rotary-Polisher-Car-Polisher-Electric-RO-Polisher-Polishing-Pads-Set-for-Auto-Buffing-and-Polishing.jpg\" alt=\"\" width=\"750\" height=\"750\" srcset=\"https:\/\/www.sybonbest.com\/es\/wp-content\/uploads\/2024\/01\/1704786142-PL121-Buffer-Rotary-Polisher-Car-Polisher-Electric-RO-Polisher-Polishing-Pads-Set-for-Auto-Buffing-and-Polishing.jpg 750w, https:\/\/www.sybonbest.com\/es\/wp-content\/uploads\/2024\/01\/1704786142-PL121-Buffer-Rotary-Polisher-Car-Polisher-Electric-RO-Polisher-Polishing-Pads-Set-for-Auto-Buffing-and-Polishing-480x480.jpg 480w\" sizes=\"(min-width: 0px) and (max-width: 480px) 480px, (min-width: 481px) 750px, 100vw\" \/><\/p>\n<p><img decoding=\"async\" class=\"size-full wp-image-387 aligncenter\" src=\"https:\/\/www.sybonbest.com\/es\/wp-content\/uploads\/2024\/01\/1704786156-PL121-Buffer-Polisher-1650W-Ro-Buffer-Polisher-Waxer-6-Variable-Speed-500-3000-RPM-Detachable-Handle-for-Car-Boat-Sanding-Polishing.jpg\" alt=\"\" width=\"750\" height=\"750\" srcset=\"https:\/\/www.sybonbest.com\/es\/wp-content\/uploads\/2024\/01\/1704786156-PL121-Buffer-Polisher-1650W-Ro-Buffer-Polisher-Waxer-6-Variable-Speed-500-3000-RPM-Detachable-Handle-for-Car-Boat-Sanding-Polishing.jpg 750w, https:\/\/www.sybonbest.com\/es\/wp-content\/uploads\/2024\/01\/1704786156-PL121-Buffer-Polisher-1650W-Ro-Buffer-Polisher-Waxer-6-Variable-Speed-500-3000-RPM-Detachable-Handle-for-Car-Boat-Sanding-Polishing-480x480.jpg 480w\" sizes=\"(min-width: 0px) and (max-width: 480px) 480px, (min-width: 481px) 750px, 100vw\" \/><\/p>\n","protected":false},"excerpt":{"rendered":"<p>1.Pulidora de b\u00fafer rotativa combinado con un potente motor de 1650 W, es duradero y no es f\u00e1cil quemar la m\u00e1quina.<br \/>\n2. Combinado con accesorios profesionales SYBON, se puede utilizar para pulir autom\u00f3viles, encerar autom\u00f3viles, pulir pisos, etc.<br \/>\nSe pueden seleccionar 3,6 marchas para un control preciso de la velocidad, con una velocidad de rotaci\u00f3n de hasta 3000R\/MIN.<br \/>\n4.Dos asas proporcionan el mejor m\u00e9todo operativo, adecuado para diversos escenarios.<\/p>\n","protected":false},"featured_media":388,"comment_status":"closed","ping_status":"closed","template":"","meta":{"_et_pb_use_builder":"","_et_pb_old_content":"","_et_gb_content_width":""},"product_brand":[],"product_cat":[21,25],"product_tag":[157],"class_list":{"0":"post-382","1":"product","2":"type-product","3":"status-publish","4":"has-post-thumbnail","6":"product_cat-serie-polaca","7":"product_cat-pulidora","8":"product_tag-pulidora-de-bufer-rotativa","10":"first","11":"instock","12":"shipping-taxable","13":"product-type-simple"},"_links":{"self":[{"href":"https:\/\/www.sybonbest.com\/es\/wp-json\/wp\/v2\/product\/382","targetHints":{"allow":["GET"]}}],"collection":[{"href":"https:\/\/www.sybonbest.com\/es\/wp-json\/wp\/v2\/product"}],"about":[{"href":"https:\/\/www.sybonbest.com\/es\/wp-json\/wp\/v2\/types\/product"}],"replies":[{"embeddable":true,"href":"https:\/\/www.sybonbest.com\/es\/wp-json\/wp\/v2\/comments?post=382"}],"wp:featuredmedia":[{"embeddable":true,"href":"https:\/\/www.sybonbest.com\/es\/wp-json\/wp\/v2\/media\/388"}],"wp:attachment":[{"href":"https:\/\/www.sybonbest.com\/es\/wp-json\/wp\/v2\/media?parent=382"}],"wp:term":[{"taxonomy":"product_brand","embeddable":true,"href":"https:\/\/www.sybonbest.com\/es\/wp-json\/wp\/v2\/product_brand?post=382"},{"taxonomy":"product_cat","embeddable":true,"href":"https:\/\/www.sybonbest.com\/es\/wp-json\/wp\/v2\/product_cat?post=382"},{"taxonomy":"product_tag","embeddable":true,"href":"https:\/\/www.sybonbest.com\/es\/wp-json\/wp\/v2\/product_tag?post=382"}],"curies":[{"name":"wp","href":"https:\/\/api.w.org\/{rel}","templated":true}]}}