{"id":372,"date":"2024-01-09T14:57:10","date_gmt":"2024-01-09T06:57:10","guid":{"rendered":"https:\/\/www.sybonbest.com\/es\/?post_type=product&#038;p=372"},"modified":"2024-04-18T18:18:09","modified_gmt":"2024-04-18T10:18:09","slug":"s122-mini-pulidora-inalambrica-2-1-2-kit-de-micropulidora-ro-da-para-detalles-de-pulido-de-motocicletas-bicicletas-y-automoviles","status":"publish","type":"product","link":"https:\/\/www.sybonbest.com\/es\/product\/s122-mini-pulidora-inalambrica-2-1-2-kit-de-micropulidora-ro-da-para-detalles-de-pulido-de-motocicletas-bicicletas-y-automoviles\/","title":{"rendered":"S122 Mini pulidora inal\u00e1mbrica 2\/1.2'' Kit de micropulidora RO\/DA para detalles de pulido de motocicletas, bicicletas y autom\u00f3viles"},"content":{"rendered":"<p><iframe title=\"\u2728 Unleash Precision Detailing with SYBON Cordless Mini Polisher! \ud83d\ude97\ud83d\udca8\" width=\"1080\" height=\"608\" src=\"https:\/\/www.youtube.com\/embed\/Kvt1g6etcM4?feature=oembed\"  allow=\"accelerometer; autoplay; clipboard-write; encrypted-media; gyroscope; picture-in-picture; web-share\" allowfullscreen><\/iframe><\/p>\n<p><img decoding=\"async\" class=\"size-full wp-image-373 aligncenter\" src=\"https:\/\/www.sybonbest.com\/es\/wp-content\/uploads\/2024\/01\/1704784939-S122-Mini-Cordless-Polisher-6-Adjustable-Speeds-Works-as-a-DA-or-Rotary-Polisher-Includes-a-full-set-for-your-car-paint-corrections.jpg\" alt=\"\" width=\"750\" height=\"302\" srcset=\"https:\/\/www.sybonbest.com\/es\/wp-content\/uploads\/2024\/01\/1704784939-S122-Mini-Cordless-Polisher-6-Adjustable-Speeds-Works-as-a-DA-or-Rotary-Polisher-Includes-a-full-set-for-your-car-paint-corrections.jpg 750w, https:\/\/www.sybonbest.com\/es\/wp-content\/uploads\/2024\/01\/1704784939-S122-Mini-Cordless-Polisher-6-Adjustable-Speeds-Works-as-a-DA-or-Rotary-Polisher-Includes-a-full-set-for-your-car-paint-corrections-480x193.jpg 480w\" sizes=\"(min-width: 0px) and (max-width: 480px) 480px, (min-width: 481px) 750px, 100vw\" \/><\/p>\n<p>&nbsp;<\/p>\n<h2>S122 Mini pulidora inal\u00e1mbrica 2\/1.2'' Kit de micropulidora RO\/DA<\/h2>\n<p>1.La minipulidora inal\u00e1mbrica para autom\u00f3viles SYBON es la herramienta fundamental para su arsenal de pulido. Pula cada cent\u00edmetro de su veh\u00edculo a la perfecci\u00f3n con esta herramienta liviana para perfeccionar la pintura.<br \/>\n2.La Mini Pulidora para Detalles de Autom\u00f3viles SYBON es una herramienta de correcci\u00f3n de pintura de tama\u00f1o peque\u00f1o que ha sido especialmente dise\u00f1ada para ser m\u00f3vil y liviana para brindar libertad de detalles. Combinada con una placa de respaldo de 1 pulgada, esta m\u00e1quina pule eficazmente alrededor de sus emblemas, l\u00edneas de la carrocer\u00eda y \u00e1reas estrechas a la perfecci\u00f3n. Esta herramienta de pulido compacta e inal\u00e1mbrica le permite lograr un acabado impecable sin preocuparse por encontrar el tomacorriente m\u00e1s cercano y necesitar un cable de extensi\u00f3n.<br \/>\n3. Deshazte del cable de extensi\u00f3n y pule donde quieras. La minipulidora inal\u00e1mbrica para autom\u00f3viles SYBON es la herramienta perfecta para \u00e1reas estrechas y una pr\u00e1ctica de pulido simplificada. La minipulidora inal\u00e1mbrica para autom\u00f3viles es una pulidora m\u00f3vil y liviana que pesa m\u00e1s de un 50 % menos que una pulidora est\u00e1ndar. La \u00e1gil bater\u00eda de 80 W le permite lograr hasta 1 hora de tiempo de trabajo a m\u00e1xima velocidad y se carga completamente en poco tiempo mientras su segunda bater\u00eda ya est\u00e1 lista para funcionar.<br \/>\n4. La rotaci\u00f3n de doble acci\u00f3n y giro libre permite un pulido sin hologramas y genera calor activamente a trav\u00e9s de su planta de energ\u00eda de 5000 RPM. El controlador de velocidad variable no molesta al pulir y cambia entre 2000 y 5000 oscilaciones por minuto sobre la marcha.<br \/>\n5.La minipulidora inal\u00e1mbrica para autom\u00f3viles SYBON puede realizar tareas de pulido espec\u00edficas y \u00e1reas estrechas de correcci\u00f3n de pintura en un veh\u00edculo de tama\u00f1o est\u00e1ndar con una sola bater\u00eda. La mini pulidora inal\u00e1mbrica para autom\u00f3viles SYBON elimina el desorden de su garaje al pulir y elimina la necesidad de tener un cable de extensi\u00f3n.<\/p>\n<p>Pulidora de coche SYBON de 1 y 2 pulgadas, mini rectificadora de 12V para pulir, lijar y limpiar RO \/ DA<\/p>\n<p>Especificaciones del producto: Rectificadora inal\u00e1mbrica<br \/>\n\u00d3rbita: 9 mm<br \/>\nPlaca de respaldo: 1,2 pulgadas (30 mm) 2 pulgadas (50 mm)<br \/>\nViolaci\u00f3n de velocidad: 2000-5000 \/ min<br \/>\nVoltaje: 12V<br \/>\nFunci\u00f3n: Cera para autos, pulido, acabado r\u00e1pido.<br \/>\nDuraci\u00f3n de la bater\u00eda: aproximadamente 45 minutos<br \/>\nTiempo de carga: aproximadamente 90 minutos<\/p>\n<p>Caracter\u00edstica:<br \/>\n1.Cada producto est\u00e1 equipado con dos bater\u00edas y un cargador de bater\u00eda. Los dos paquetes de bater\u00edas son intercambiables para que no tengas que preocuparte por quedarte sin bater\u00eda. Al mismo tiempo, la rectificadora inal\u00e1mbrica recargable puede rectificar en cualquier momento y en cualquier lugar, y no hay restricciones en el entorno de trabajo.<br \/>\n2. Cuando lo utilices, ajusta el bot\u00f3n del interruptor hacia la derecha. e Bot\u00f3n de cambio hacia la derecha. Puede ajustar los s\u00edmbolos \"+\" y \"-\" de la m\u00e1quina para adaptarlos a sus necesidades. Esta rectificadora tiene de 1 a 7 marchas y se puede adaptar a diferentes necesidades.<br \/>\n3.El dise\u00f1o del cuerpo de la pulidora se ajusta al dise\u00f1o ergon\u00f3mico y el cuerpo es peque\u00f1o, liviano y f\u00e1cil de usar.<br \/>\n4.Utilice la llave para cancelar el disco, luego utilice la llave peque\u00f1a del juego para quitar el eje exc\u00e9ntrico.<br \/>\n5.Se puede utilizar para rectificadoras neum\u00e1ticas o el\u00e9ctricas de gran superficie.<br \/>\n6.Se utiliza para encerar todo tipo de pinturas, pulir y sellar esmaltes, para mejorar la ligereza.<\/p>\n<p><img decoding=\"async\" class=\"size-full wp-image-374 aligncenter\" src=\"https:\/\/www.sybonbest.com\/es\/wp-content\/uploads\/2024\/01\/1704784957-S122-Cordless-Mini-Polisher-2-1.2-RO-DA-Micro-Polisher-Kit-for-Motorcycle-Bike-and-Car-Polishing-Detailing.jpg\" alt=\"Mini-pulidora-inal\u00e1mbrica-S122-Kit-de-micropulidora-RO-DA-de-2-12-pulgadas-para-detalles-de-pulido-de-motocicletas-bicicletas-y-autom\u00f3viles-mini-pulidora-inal\u00e1mbrica\" width=\"750\" height=\"750\" srcset=\"https:\/\/www.sybonbest.com\/es\/wp-content\/uploads\/2024\/01\/1704784957-S122-Cordless-Mini-Polisher-2-1.2-RO-DA-Micro-Polisher-Kit-for-Motorcycle-Bike-and-Car-Polishing-Detailing.jpg 750w, https:\/\/www.sybonbest.com\/es\/wp-content\/uploads\/2024\/01\/1704784957-S122-Cordless-Mini-Polisher-2-1.2-RO-DA-Micro-Polisher-Kit-for-Motorcycle-Bike-and-Car-Polishing-Detailing-480x480.jpg 480w\" sizes=\"(min-width: 0px) and (max-width: 480px) 480px, (min-width: 481px) 750px, 100vw\" \/><\/p>\n<p><img decoding=\"async\" class=\"size-full wp-image-375 aligncenter\" src=\"https:\/\/www.sybonbest.com\/es\/wp-content\/uploads\/2024\/01\/1704784974-S122-Powerful-Nano-Polisher-For-Professional-Detailing-Results-Correct-Polish-Tough-to-Reach-Areas-Badge-Emblems-Grills-Chrome.jpg\" alt=\"\" width=\"750\" height=\"750\" srcset=\"https:\/\/www.sybonbest.com\/es\/wp-content\/uploads\/2024\/01\/1704784974-S122-Powerful-Nano-Polisher-For-Professional-Detailing-Results-Correct-Polish-Tough-to-Reach-Areas-Badge-Emblems-Grills-Chrome.jpg 750w, https:\/\/www.sybonbest.com\/es\/wp-content\/uploads\/2024\/01\/1704784974-S122-Powerful-Nano-Polisher-For-Professional-Detailing-Results-Correct-Polish-Tough-to-Reach-Areas-Badge-Emblems-Grills-Chrome-480x480.jpg 480w\" sizes=\"(min-width: 0px) and (max-width: 480px) 480px, (min-width: 481px) 750px, 100vw\" \/><\/p>\n<p><img decoding=\"async\" class=\"size-full wp-image-376 aligncenter\" src=\"https:\/\/www.sybonbest.com\/es\/wp-content\/uploads\/2024\/01\/1704784991-S122-12V-Cordless-Multi-Polisher-Car-Polisher-RO-DA-Mini-Auto-Machine-Sets-With-Polishing-Pad-And-Wool-Pads-for-polishing-Sanding.jpg\" alt=\"\" width=\"750\" height=\"750\" srcset=\"https:\/\/www.sybonbest.com\/es\/wp-content\/uploads\/2024\/01\/1704784991-S122-12V-Cordless-Multi-Polisher-Car-Polisher-RO-DA-Mini-Auto-Machine-Sets-With-Polishing-Pad-And-Wool-Pads-for-polishing-Sanding.jpg 750w, https:\/\/www.sybonbest.com\/es\/wp-content\/uploads\/2024\/01\/1704784991-S122-12V-Cordless-Multi-Polisher-Car-Polisher-RO-DA-Mini-Auto-Machine-Sets-With-Polishing-Pad-And-Wool-Pads-for-polishing-Sanding-480x480.jpg 480w\" sizes=\"(min-width: 0px) and (max-width: 480px) 480px, (min-width: 481px) 750px, 100vw\" \/><\/p>\n<p><img decoding=\"async\" class=\"size-full wp-image-377 aligncenter\" src=\"https:\/\/www.sybonbest.com\/es\/wp-content\/uploads\/2024\/01\/1704785004-S122-Cordless-Car-Buffer-Polisher-Kit-12V-Batteries-Fast-Charger-With-Rotary-3-Functions-Orbital-Polisher-Head-Nano-Mini-Car-Polisher.jpg\" alt=\"\" width=\"750\" height=\"750\" srcset=\"https:\/\/www.sybonbest.com\/es\/wp-content\/uploads\/2024\/01\/1704785004-S122-Cordless-Car-Buffer-Polisher-Kit-12V-Batteries-Fast-Charger-With-Rotary-3-Functions-Orbital-Polisher-Head-Nano-Mini-Car-Polisher.jpg 750w, https:\/\/www.sybonbest.com\/es\/wp-content\/uploads\/2024\/01\/1704785004-S122-Cordless-Car-Buffer-Polisher-Kit-12V-Batteries-Fast-Charger-With-Rotary-3-Functions-Orbital-Polisher-Head-Nano-Mini-Car-Polisher-480x480.jpg 480w\" sizes=\"(min-width: 0px) and (max-width: 480px) 480px, (min-width: 481px) 750px, 100vw\" \/><\/p>\n","protected":false},"excerpt":{"rendered":"<p>1.Mini pulidora inal\u00e1mbrica est\u00e1 hecho para rayones en \u00e1reas peque\u00f1as y esquinas.<br \/>\n2. La mini pulidora inal\u00e1mbrica puede ayudarle a eliminar la interferencia de los cables al pulir sus veh\u00edculos.<br \/>\n3.Rompe la tradici\u00f3n, un gran avance en la tecnolog\u00eda, una m\u00e1quina pulidora puede lograr 2 funciones, al cambiar diferentes ejes, obtendr\u00e1 una pulidora RO y una pulidora DA.<br \/>\n4.Esta mini pulidora de autom\u00f3viles tiene 6 velocidades, puede cambiar la velocidad de 2000 rpm a 5000 rpm f\u00e1cilmente para diferentes materiales y aplicaciones.<\/p>\n","protected":false},"featured_media":378,"comment_status":"closed","ping_status":"closed","template":"","meta":{"_et_pb_use_builder":"","_et_pb_old_content":"","_et_gb_content_width":""},"product_brand":[],"product_cat":[21,25],"product_tag":[159,158],"class_list":{"0":"post-372","1":"product","2":"type-product","3":"status-publish","4":"has-post-thumbnail","6":"product_cat-serie-polaca","7":"product_cat-pulidora","8":"product_tag-kit-de-micropulidora-ro-da","9":"product_tag-mini-pulidora-inalambrica","11":"first","12":"instock","13":"shipping-taxable","14":"product-type-simple"},"_links":{"self":[{"href":"https:\/\/www.sybonbest.com\/es\/wp-json\/wp\/v2\/product\/372","targetHints":{"allow":["GET"]}}],"collection":[{"href":"https:\/\/www.sybonbest.com\/es\/wp-json\/wp\/v2\/product"}],"about":[{"href":"https:\/\/www.sybonbest.com\/es\/wp-json\/wp\/v2\/types\/product"}],"replies":[{"embeddable":true,"href":"https:\/\/www.sybonbest.com\/es\/wp-json\/wp\/v2\/comments?post=372"}],"wp:featuredmedia":[{"embeddable":true,"href":"https:\/\/www.sybonbest.com\/es\/wp-json\/wp\/v2\/media\/378"}],"wp:attachment":[{"href":"https:\/\/www.sybonbest.com\/es\/wp-json\/wp\/v2\/media?parent=372"}],"wp:term":[{"taxonomy":"product_brand","embeddable":true,"href":"https:\/\/www.sybonbest.com\/es\/wp-json\/wp\/v2\/product_brand?post=372"},{"taxonomy":"product_cat","embeddable":true,"href":"https:\/\/www.sybonbest.com\/es\/wp-json\/wp\/v2\/product_cat?post=372"},{"taxonomy":"product_tag","embeddable":true,"href":"https:\/\/www.sybonbest.com\/es\/wp-json\/wp\/v2\/product_tag?post=372"}],"curies":[{"name":"wp","href":"https:\/\/api.w.org\/{rel}","templated":true}]}}