{"id":366,"date":"2024-01-09T14:38:30","date_gmt":"2024-01-09T06:38:30","guid":{"rendered":"https:\/\/www.sybonbest.com\/es\/?post_type=product&#038;p=366"},"modified":"2024-04-18T18:27:56","modified_gmt":"2024-04-18T10:27:56","slug":"w009d-82-almohadilla-para-pulir-de-lana-de-doble-cara-100-almohadilla-de-lana-natural-con-hilo-de-5-8-11-para-corte-y-pulido-compuesto-de-2-caras-para-automocion-marina-y-epoxis","status":"publish","type":"product","link":"https:\/\/www.sybonbest.com\/es\/product\/w009d-82-almohadilla-para-pulir-de-lana-de-doble-cara-100-almohadilla-de-lana-natural-con-hilo-de-5-8-11-para-corte-y-pulido-compuesto-de-2-caras-para-automocion-marina-y-epoxis\/","title":{"rendered":"W009D-82 Almohadilla para pulir de lana de doble cara 100% Almohadilla de lana natural con hilo de 5\/8-11 para corte y pulido compuesto de 2 caras para automoci\u00f3n, marina y epoxis"},"content":{"rendered":"<p><iframe title=\"\u2728 Elevate Precision with SYBON Double-Sided Wool Buffing Pad! \ud83d\ude97\ud83d\udcab\" width=\"1080\" height=\"608\" src=\"https:\/\/www.youtube.com\/embed\/fezUTgup70Y?feature=oembed\"  allow=\"accelerometer; autoplay; clipboard-write; encrypted-media; gyroscope; picture-in-picture; web-share\" allowfullscreen><\/iframe><\/p>\n<p><img decoding=\"async\" class=\"size-full wp-image-358 aligncenter\" src=\"https:\/\/www.sybonbest.com\/es\/wp-content\/uploads\/2024\/01\/1704781930-W007PA-Single-Sided-100-Wool-Hook-Loop-Grip-Wool-Buffing-Pad-for-Compound-Cutting-Polishing-for-Automotive-Marine-and-Epoxies.jpg\" alt=\"\" width=\"900\" height=\"364\" srcset=\"https:\/\/www.sybonbest.com\/es\/wp-content\/uploads\/2024\/01\/1704781930-W007PA-Single-Sided-100-Wool-Hook-Loop-Grip-Wool-Buffing-Pad-for-Compound-Cutting-Polishing-for-Automotive-Marine-and-Epoxies.jpg 900w, https:\/\/www.sybonbest.com\/es\/wp-content\/uploads\/2024\/01\/1704781930-W007PA-Single-Sided-100-Wool-Hook-Loop-Grip-Wool-Buffing-Pad-for-Compound-Cutting-Polishing-for-Automotive-Marine-and-Epoxies-480x194.jpg 480w\" sizes=\"(min-width: 0px) and (max-width: 480px) 480px, (min-width: 481px) 900px, 100vw\" \/><\/p>\n<p>&nbsp;<\/p>\n<h2>W009D-82 Almohadilla para pulir de lana de doble cara<\/h2>\n<p>1.Material de alta calidad. Las almohadillas para pulir est\u00e1n hechas con lana 100% natural, tienen materiales el\u00e1sticos y naturales puros, que son respetuosos con el medio ambiente y no dejan pelo flotante durante el uso. La almohadilla de lana es lavable, de uso repetido, reduce costos y es econ\u00f3mica.<br \/>\n2.F\u00e1cil de usar. Utilizada con l\u00edquido de pulido, pasta y polvo, la superficie pulida puede lograr un mejor efecto de pulido, apto para la gran mayor\u00eda de m\u00e1quinas pulidoras neum\u00e1ticas y el\u00e9ctricas del mercado; La almohadilla de pulido de lana no saltar\u00e1 ni se esparcir\u00e1 por todo el trabajo y no generar\u00e1 demasiado calor, lo que no quemar\u00e1 f\u00e1cilmente la pintura.<br \/>\n3.Ampliamente utilizado. Almohadilla para pulir pintura oxidada, piel de naranja, rayones profundos, rayones de lijado de color y capas superiores duras y capas transparentes. Elimina marcas, rayones y oxidaci\u00f3n de superficies pintadas de autom\u00f3viles y pisos de madera aptas para cortar.<br \/>\n4.M\u00e1s agresivo. Diferenciaci\u00f3n entre almohadilla para pulir de lana y almohadilla de espuma: La lana es simplemente el medio m\u00e1s r\u00e1pido en comparaci\u00f3n con las almohadillas de espuma, corta m\u00e1s r\u00e1pido. La regla general es comenzar con una almohadilla de lana para pulir y terminar con una almohadilla de espuma. La lana natural es m\u00e1s agresiva que la mezcla de lana, la microfibra y la espuma, lo que hace que la almohadilla de lana tenga un rendimiento perfecto para eliminar rayones y oxidaci\u00f3n de las superficies pintadas.<\/p>\n<p><img decoding=\"async\" class=\"size-full wp-image-367 aligncenter\" src=\"https:\/\/www.sybonbest.com\/es\/wp-content\/uploads\/2024\/01\/1704783042-Elevate-Detailing-Excellence-with-SYBON-Double-Sided-Wool-Buffing-Pad-5-8-11-Thread.jpg\" alt=\"Almohadilla-para-pulir-de-lana-de-doble-cara\" width=\"750\" height=\"750\" srcset=\"https:\/\/www.sybonbest.com\/es\/wp-content\/uploads\/2024\/01\/1704783042-Elevate-Detailing-Excellence-with-SYBON-Double-Sided-Wool-Buffing-Pad-5-8-11-Thread.jpg 750w, https:\/\/www.sybonbest.com\/es\/wp-content\/uploads\/2024\/01\/1704783042-Elevate-Detailing-Excellence-with-SYBON-Double-Sided-Wool-Buffing-Pad-5-8-11-Thread-480x480.jpg 480w\" sizes=\"(min-width: 0px) and (max-width: 480px) 480px, (min-width: 481px) 750px, 100vw\" \/><\/p>\n<p><img decoding=\"async\" class=\"size-full wp-image-368 aligncenter\" src=\"https:\/\/www.sybonbest.com\/es\/wp-content\/uploads\/2024\/01\/1704783056-Chinas-Premier-Car-Detailing-Supplies-Suppliers-SYBON-5-8-11-Double-Sided-Wool-Pads.jpg\" alt=\"\" width=\"750\" height=\"750\" srcset=\"https:\/\/www.sybonbest.com\/es\/wp-content\/uploads\/2024\/01\/1704783056-Chinas-Premier-Car-Detailing-Supplies-Suppliers-SYBON-5-8-11-Double-Sided-Wool-Pads.jpg 750w, https:\/\/www.sybonbest.com\/es\/wp-content\/uploads\/2024\/01\/1704783056-Chinas-Premier-Car-Detailing-Supplies-Suppliers-SYBON-5-8-11-Double-Sided-Wool-Pads-480x480.jpg 480w\" sizes=\"(min-width: 0px) and (max-width: 480px) 480px, (min-width: 481px) 750px, 100vw\" \/><\/p>\n<p><img decoding=\"async\" class=\"size-full wp-image-361 aligncenter\" src=\"https:\/\/www.sybonbest.com\/es\/wp-content\/uploads\/2024\/01\/1704782122-W007PA-Chinas-Premier-Car-Detailing-Supplies-Suppliers-SYBON-Single-Sided-Wool-Pads.jpg\" alt=\"\" width=\"617\" height=\"402\" srcset=\"https:\/\/www.sybonbest.com\/es\/wp-content\/uploads\/2024\/01\/1704782122-W007PA-Chinas-Premier-Car-Detailing-Supplies-Suppliers-SYBON-Single-Sided-Wool-Pads.jpg 617w, https:\/\/www.sybonbest.com\/es\/wp-content\/uploads\/2024\/01\/1704782122-W007PA-Chinas-Premier-Car-Detailing-Supplies-Suppliers-SYBON-Single-Sided-Wool-Pads-480x313.jpg 480w\" sizes=\"(min-width: 0px) and (max-width: 480px) 480px, (min-width: 481px) 617px, 100vw\" \/><\/p>\n<p><img decoding=\"async\" class=\"size-full wp-image-369 aligncenter\" src=\"https:\/\/www.sybonbest.com\/es\/wp-content\/uploads\/2024\/01\/1704783071-SYBON-5-8-11-Double-Sided-Wool-Pads-Crafted-for-Detailing-Precision-and-Perfection.jpg\" alt=\"\" width=\"750\" height=\"750\" srcset=\"https:\/\/www.sybonbest.com\/es\/wp-content\/uploads\/2024\/01\/1704783071-SYBON-5-8-11-Double-Sided-Wool-Pads-Crafted-for-Detailing-Precision-and-Perfection.jpg 750w, https:\/\/www.sybonbest.com\/es\/wp-content\/uploads\/2024\/01\/1704783071-SYBON-5-8-11-Double-Sided-Wool-Pads-Crafted-for-Detailing-Precision-and-Perfection-480x480.jpg 480w\" sizes=\"(min-width: 0px) and (max-width: 480px) 480px, (min-width: 481px) 750px, 100vw\" \/><\/p>\n","protected":false},"excerpt":{"rendered":"<p>1.100% Corte pesado de lana\u00a0Almohadilla para pulir de lana de doble cara - Almohadilla de corte y pulido de doble cara.<br \/>\n2. Pula la pintura oxidada, la piel de naranja, los rayones profundos, los rayones de lijado de color y las capas superiores duras y transparentes.<br \/>\n3.Almohadilla de lana de corte pesado para cortar, pulir y pulir con compuestos, abrillantadores y esmaltes.<\/p>\n","protected":false},"featured_media":370,"comment_status":"closed","ping_status":"closed","template":"","meta":{"_et_pb_use_builder":"","_et_pb_old_content":"","_et_gb_content_width":""},"product_brand":[],"product_cat":[21,24],"product_tag":[160],"class_list":{"0":"post-366","1":"product","2":"type-product","3":"status-publish","4":"has-post-thumbnail","6":"product_cat-serie-polaca","7":"product_cat-almohadilla-de-lana","8":"product_tag-almohadilla-para-pulir-de-lana-de-doble-cara","10":"first","11":"instock","12":"shipping-taxable","13":"product-type-simple"},"_links":{"self":[{"href":"https:\/\/www.sybonbest.com\/es\/wp-json\/wp\/v2\/product\/366","targetHints":{"allow":["GET"]}}],"collection":[{"href":"https:\/\/www.sybonbest.com\/es\/wp-json\/wp\/v2\/product"}],"about":[{"href":"https:\/\/www.sybonbest.com\/es\/wp-json\/wp\/v2\/types\/product"}],"replies":[{"embeddable":true,"href":"https:\/\/www.sybonbest.com\/es\/wp-json\/wp\/v2\/comments?post=366"}],"wp:featuredmedia":[{"embeddable":true,"href":"https:\/\/www.sybonbest.com\/es\/wp-json\/wp\/v2\/media\/370"}],"wp:attachment":[{"href":"https:\/\/www.sybonbest.com\/es\/wp-json\/wp\/v2\/media?parent=366"}],"wp:term":[{"taxonomy":"product_brand","embeddable":true,"href":"https:\/\/www.sybonbest.com\/es\/wp-json\/wp\/v2\/product_brand?post=366"},{"taxonomy":"product_cat","embeddable":true,"href":"https:\/\/www.sybonbest.com\/es\/wp-json\/wp\/v2\/product_cat?post=366"},{"taxonomy":"product_tag","embeddable":true,"href":"https:\/\/www.sybonbest.com\/es\/wp-json\/wp\/v2\/product_tag?post=366"}],"curies":[{"name":"wp","href":"https:\/\/api.w.org\/{rel}","templated":true}]}}