{"id":357,"date":"2024-01-09T14:03:36","date_gmt":"2024-01-09T06:03:36","guid":{"rendered":"https:\/\/www.sybonbest.com\/es\/?post_type=product&#038;p=357"},"modified":"2024-04-18T18:34:47","modified_gmt":"2024-04-18T10:34:47","slug":"w007pa-agarre-de-gancho-y-bucle-de-lana-100-de-una-cara-almohadilla-para-pulir-de-lana-para-corte-y-pulido-de-compuestos-para-automocion-marina-y-epoxis","status":"publish","type":"product","link":"https:\/\/www.sybonbest.com\/es\/product\/w007pa-agarre-de-gancho-y-bucle-de-lana-100-de-una-cara-almohadilla-para-pulir-de-lana-para-corte-y-pulido-de-compuestos-para-automocion-marina-y-epoxis\/","title":{"rendered":"W007PA Agarre de gancho y bucle de lana 100% de una cara almohadilla para pulir de lana para corte y pulido de compuestos para automoci\u00f3n, marina y epoxis"},"content":{"rendered":"<p><iframe title=\"\u2728 Precision Perfection with SYBON Single-Sided Wool Pad! \ud83d\ude97\ud83d\udcab\" width=\"1080\" height=\"608\" src=\"https:\/\/www.youtube.com\/embed\/I1YOLj6Ev84?feature=oembed\"  allow=\"accelerometer; autoplay; clipboard-write; encrypted-media; gyroscope; picture-in-picture; web-share\" allowfullscreen><\/iframe><\/p>\n<p><img decoding=\"async\" class=\"size-full wp-image-358 aligncenter\" src=\"https:\/\/www.sybonbest.com\/es\/wp-content\/uploads\/2024\/01\/1704781930-W007PA-Single-Sided-100-Wool-Hook-Loop-Grip-Wool-Buffing-Pad-for-Compound-Cutting-Polishing-for-Automotive-Marine-and-Epoxies.jpg\" alt=\"\" width=\"900\" height=\"364\" srcset=\"https:\/\/www.sybonbest.com\/es\/wp-content\/uploads\/2024\/01\/1704781930-W007PA-Single-Sided-100-Wool-Hook-Loop-Grip-Wool-Buffing-Pad-for-Compound-Cutting-Polishing-for-Automotive-Marine-and-Epoxies.jpg 900w, https:\/\/www.sybonbest.com\/es\/wp-content\/uploads\/2024\/01\/1704781930-W007PA-Single-Sided-100-Wool-Hook-Loop-Grip-Wool-Buffing-Pad-for-Compound-Cutting-Polishing-for-Automotive-Marine-and-Epoxies-480x194.jpg 480w\" sizes=\"(min-width: 0px) and (max-width: 480px) 480px, (min-width: 481px) 900px, 100vw\" \/><\/p>\n<p>&nbsp;<\/p>\n<h2>W007PA Agarre de gancho y bucle de lana 100% de una cara\u00a0almohadilla para pulir de lana<\/h2>\n<p>1. Almohadilla para pulir 100% lana con gancho y bucle de marca global SYBON, almohadilla para pulir y cortar de una cara.<br \/>\n2. Pula la pintura oxidada, la piel de naranja, los rayones profundos, los rayones de lijado de color y las capas superiores duras y transparentes.<br \/>\n3.Almohadilla pulidora de lana de corte pesado para cortar, pulir y pulir con compuestos, abrillantadores y esmaltes.<br \/>\n4. Los bordes interiores de la almohadilla contienen un respaldo de pl\u00e1stico reforzado curvado para un pulido m\u00e1s suave y una vida \u00fatil m\u00e1s larga de la almohadilla.<\/p>\n<p><img decoding=\"async\" class=\"size-full wp-image-359 aligncenter\" src=\"https:\/\/www.sybonbest.com\/es\/wp-content\/uploads\/2024\/01\/1704782078-W007PA-SYBON-Single-Sided-Wool-Pads-Manufacturer-Excellence-in-Car-Care-Products.jpg\" alt=\"Almohadilla-para-pulir-de-lana\" width=\"750\" height=\"750\" srcset=\"https:\/\/www.sybonbest.com\/es\/wp-content\/uploads\/2024\/01\/1704782078-W007PA-SYBON-Single-Sided-Wool-Pads-Manufacturer-Excellence-in-Car-Care-Products.jpg 750w, https:\/\/www.sybonbest.com\/es\/wp-content\/uploads\/2024\/01\/1704782078-W007PA-SYBON-Single-Sided-Wool-Pads-Manufacturer-Excellence-in-Car-Care-Products-480x480.jpg 480w\" sizes=\"(min-width: 0px) and (max-width: 480px) 480px, (min-width: 481px) 750px, 100vw\" \/><\/p>\n<p><img decoding=\"async\" class=\"size-full wp-image-360 aligncenter\" src=\"https:\/\/www.sybonbest.com\/es\/wp-content\/uploads\/2024\/01\/1704782106-W007PA-Manufacturers-Finest-SYBON-Single-Sided-Wool-Pads-for-Detailing-Excellence-in-China.png\" alt=\"\" width=\"750\" height=\"750\" srcset=\"https:\/\/www.sybonbest.com\/es\/wp-content\/uploads\/2024\/01\/1704782106-W007PA-Manufacturers-Finest-SYBON-Single-Sided-Wool-Pads-for-Detailing-Excellence-in-China.png 750w, https:\/\/www.sybonbest.com\/es\/wp-content\/uploads\/2024\/01\/1704782106-W007PA-Manufacturers-Finest-SYBON-Single-Sided-Wool-Pads-for-Detailing-Excellence-in-China-480x480.png 480w\" sizes=\"(min-width: 0px) and (max-width: 480px) 480px, (min-width: 481px) 750px, 100vw\" \/><\/p>\n<p><img decoding=\"async\" class=\"size-full wp-image-361 aligncenter\" src=\"https:\/\/www.sybonbest.com\/es\/wp-content\/uploads\/2024\/01\/1704782122-W007PA-Chinas-Premier-Car-Detailing-Supplies-Suppliers-SYBON-Single-Sided-Wool-Pads.jpg\" alt=\"\" width=\"617\" height=\"402\" srcset=\"https:\/\/www.sybonbest.com\/es\/wp-content\/uploads\/2024\/01\/1704782122-W007PA-Chinas-Premier-Car-Detailing-Supplies-Suppliers-SYBON-Single-Sided-Wool-Pads.jpg 617w, https:\/\/www.sybonbest.com\/es\/wp-content\/uploads\/2024\/01\/1704782122-W007PA-Chinas-Premier-Car-Detailing-Supplies-Suppliers-SYBON-Single-Sided-Wool-Pads-480x313.jpg 480w\" sizes=\"(min-width: 0px) and (max-width: 480px) 480px, (min-width: 481px) 617px, 100vw\" \/><\/p>\n<p><img decoding=\"async\" class=\"size-full wp-image-362 aligncenter\" src=\"https:\/\/www.sybonbest.com\/es\/wp-content\/uploads\/2024\/01\/1704782136-W007PA-SYBON-Single-Sided-Wool-Pads-Crafted-for-Detailing-Precision-and-Perfection.jpg\" alt=\"\" width=\"750\" height=\"750\" srcset=\"https:\/\/www.sybonbest.com\/es\/wp-content\/uploads\/2024\/01\/1704782136-W007PA-SYBON-Single-Sided-Wool-Pads-Crafted-for-Detailing-Precision-and-Perfection.jpg 750w, https:\/\/www.sybonbest.com\/es\/wp-content\/uploads\/2024\/01\/1704782136-W007PA-SYBON-Single-Sided-Wool-Pads-Crafted-for-Detailing-Precision-and-Perfection-480x480.jpg 480w\" sizes=\"(min-width: 0px) and (max-width: 480px) 480px, (min-width: 481px) 750px, 100vw\" \/><\/p>\n","protected":false},"excerpt":{"rendered":"<p>1.Almohadilla para pulir de lana la acci\u00f3n de corte agresiva elimina las imperfecciones de la pintura.<br \/>\n2.El sistema de respaldo es f\u00e1cil de cambiar.<br \/>\n3. Cuenta con un sistema de respaldo de velcro de cambio r\u00e1pido para facilitar su uso.<br \/>\n4. No deja marcas de remolinos rebeldes.<\/p>\n","protected":false},"featured_media":363,"comment_status":"closed","ping_status":"closed","template":"","meta":{"_et_pb_use_builder":"","_et_pb_old_content":"","_et_gb_content_width":""},"product_brand":[],"product_cat":[21,24],"product_tag":[161],"class_list":{"0":"post-357","1":"product","2":"type-product","3":"status-publish","4":"has-post-thumbnail","6":"product_cat-serie-polaca","7":"product_cat-almohadilla-de-lana","8":"product_tag-almohadilla-para-pulir-de-lana","10":"first","11":"instock","12":"shipping-taxable","13":"product-type-simple"},"_links":{"self":[{"href":"https:\/\/www.sybonbest.com\/es\/wp-json\/wp\/v2\/product\/357","targetHints":{"allow":["GET"]}}],"collection":[{"href":"https:\/\/www.sybonbest.com\/es\/wp-json\/wp\/v2\/product"}],"about":[{"href":"https:\/\/www.sybonbest.com\/es\/wp-json\/wp\/v2\/types\/product"}],"replies":[{"embeddable":true,"href":"https:\/\/www.sybonbest.com\/es\/wp-json\/wp\/v2\/comments?post=357"}],"wp:featuredmedia":[{"embeddable":true,"href":"https:\/\/www.sybonbest.com\/es\/wp-json\/wp\/v2\/media\/363"}],"wp:attachment":[{"href":"https:\/\/www.sybonbest.com\/es\/wp-json\/wp\/v2\/media?parent=357"}],"wp:term":[{"taxonomy":"product_brand","embeddable":true,"href":"https:\/\/www.sybonbest.com\/es\/wp-json\/wp\/v2\/product_brand?post=357"},{"taxonomy":"product_cat","embeddable":true,"href":"https:\/\/www.sybonbest.com\/es\/wp-json\/wp\/v2\/product_cat?post=357"},{"taxonomy":"product_tag","embeddable":true,"href":"https:\/\/www.sybonbest.com\/es\/wp-json\/wp\/v2\/product_tag?post=357"}],"curies":[{"name":"wp","href":"https:\/\/api.w.org\/{rel}","templated":true}]}}