{"id":347,"date":"2024-01-08T18:24:44","date_gmt":"2024-01-08T10:24:44","guid":{"rendered":"https:\/\/www.sybonbest.com\/es\/?post_type=product&#038;p=347"},"modified":"2024-04-18T18:49:44","modified_gmt":"2024-04-18T10:49:44","slug":"s006a-6-inch-150mm-almohadilla-de-encerado-para-pulir-automoviles-esponja-m14-herramienta-de-almohadilla-de-encerado-para-pulido-de-ruedas-para-pulidor-de-coche-amarillo","status":"publish","type":"product","link":"https:\/\/www.sybonbest.com\/es\/product\/s006a-6-inch-150mm-almohadilla-de-encerado-para-pulir-automoviles-esponja-m14-herramienta-de-almohadilla-de-encerado-para-pulido-de-ruedas-para-pulidor-de-coche-amarillo\/","title":{"rendered":"S006A 6 Inch 150mm Almohadilla de encerado para pulir autom\u00f3viles esponja M14 herramienta de almohadilla de encerado para pulido de ruedas para pulidor de coche amarillo"},"content":{"rendered":"<p><iframe title=\"\u2728 Shine Bright with SYBON Car Polishing Waxing Pad! \ud83d\ude97\ud83d\udcab\" width=\"1080\" height=\"608\" src=\"https:\/\/www.youtube.com\/embed\/r-GQAhZk6Iw?feature=oembed\"  allow=\"accelerometer; autoplay; clipboard-write; encrypted-media; gyroscope; picture-in-picture; web-share\" allowfullscreen><\/iframe><\/p>\n<p><img decoding=\"async\" class=\"size-full wp-image-348 aligncenter\" src=\"https:\/\/www.sybonbest.com\/es\/wp-content\/uploads\/2024\/01\/1704710464-S006A-6-Inch-150mm-Car-Polishing-Waxing-Pad-Sponge-M14-Wheel-Polishing-Waxing-Pad-Tool-for-Car-Polisher-Yellow.jpg\" alt=\"\" width=\"900\" height=\"364\" srcset=\"https:\/\/www.sybonbest.com\/es\/wp-content\/uploads\/2024\/01\/1704710464-S006A-6-Inch-150mm-Car-Polishing-Waxing-Pad-Sponge-M14-Wheel-Polishing-Waxing-Pad-Tool-for-Car-Polisher-Yellow.jpg 900w, https:\/\/www.sybonbest.com\/es\/wp-content\/uploads\/2024\/01\/1704710464-S006A-6-Inch-150mm-Car-Polishing-Waxing-Pad-Sponge-M14-Wheel-Polishing-Waxing-Pad-Tool-for-Car-Polisher-Yellow-480x194.jpg 480w\" sizes=\"(min-width: 0px) and (max-width: 480px) 480px, (min-width: 481px) 900px, 100vw\" \/><\/p>\n<p>&nbsp;<\/p>\n<h2>S006A 6 Inch 150mm Almohadilla de encerado para pulir autom\u00f3viles<\/h2>\n<p>1. La almohadilla encerada para pulir autom\u00f3viles es lavable, reutilizable, econ\u00f3mica y pr\u00e1ctica.<br \/>\n2. Almohadillas de esponja profesionales dise\u00f1adas para pulir autom\u00f3viles, encerar y sellar esmalte.<br \/>\n3. Con un orificio para tornillo, se puede instalar en una m\u00e1quina pulidora neum\u00e1tica o el\u00e9ctrica.<br \/>\n4. Tecnolog\u00eda de fabricaci\u00f3n avanzada, mano de obra suave y fina, no da\u00f1a la superficie.<br \/>\n5.\u00daselo con l\u00edquido o polvo para pulir, la superficie pulida puede obtener un mejor efecto.<\/p>\n<p><img decoding=\"async\" class=\"size-full wp-image-349 aligncenter\" src=\"https:\/\/www.sybonbest.com\/es\/wp-content\/uploads\/2024\/01\/1704710508-S006A-Unlock-Pro-Grade-Detailing-Excellence-with-SYBON-Premium-Pads.jpg\" alt=\"Almohadilla-de-encerado-para-pulir-autom\u00f3viles\" width=\"750\" height=\"750\" srcset=\"https:\/\/www.sybonbest.com\/es\/wp-content\/uploads\/2024\/01\/1704710508-S006A-Unlock-Pro-Grade-Detailing-Excellence-with-SYBON-Premium-Pads.jpg 750w, https:\/\/www.sybonbest.com\/es\/wp-content\/uploads\/2024\/01\/1704710508-S006A-Unlock-Pro-Grade-Detailing-Excellence-with-SYBON-Premium-Pads-480x480.jpg 480w\" sizes=\"(min-width: 0px) and (max-width: 480px) 480px, (min-width: 481px) 750px, 100vw\" \/><\/p>\n<p><img decoding=\"async\" class=\"size-full wp-image-350 aligncenter\" src=\"https:\/\/www.sybonbest.com\/es\/wp-content\/uploads\/2024\/01\/1704710528-S006A-SYBON-Premium-Sponge-Polishing-Pads-Elevate-Your-Car-Detailing-Experience.jpg\" alt=\"\" width=\"750\" height=\"750\" srcset=\"https:\/\/www.sybonbest.com\/es\/wp-content\/uploads\/2024\/01\/1704710528-S006A-SYBON-Premium-Sponge-Polishing-Pads-Elevate-Your-Car-Detailing-Experience.jpg 750w, https:\/\/www.sybonbest.com\/es\/wp-content\/uploads\/2024\/01\/1704710528-S006A-SYBON-Premium-Sponge-Polishing-Pads-Elevate-Your-Car-Detailing-Experience-480x480.jpg 480w\" sizes=\"(min-width: 0px) and (max-width: 480px) 480px, (min-width: 481px) 750px, 100vw\" \/><\/p>\n<p><img decoding=\"async\" class=\"size-full wp-image-351 aligncenter\" src=\"https:\/\/www.sybonbest.com\/es\/wp-content\/uploads\/2024\/01\/1704710547-S006A-Professional-Grade-Detailing-with-SYBON-Premium-Sponge-Pads.jpg\" alt=\"\" width=\"750\" height=\"750\" srcset=\"https:\/\/www.sybonbest.com\/es\/wp-content\/uploads\/2024\/01\/1704710547-S006A-Professional-Grade-Detailing-with-SYBON-Premium-Sponge-Pads.jpg 750w, https:\/\/www.sybonbest.com\/es\/wp-content\/uploads\/2024\/01\/1704710547-S006A-Professional-Grade-Detailing-with-SYBON-Premium-Sponge-Pads-480x480.jpg 480w\" sizes=\"(min-width: 0px) and (max-width: 480px) 480px, (min-width: 481px) 750px, 100vw\" \/><\/p>\n<p><img decoding=\"async\" class=\"size-full wp-image-352 aligncenter\" src=\"https:\/\/www.sybonbest.com\/es\/wp-content\/uploads\/2024\/01\/1704710559-S006A-Manufacturers-Finest-SYBON-Premium-Sponge-Polishing-Pads-for-Detailing-Excellence-in-China.jpg\" alt=\"\" width=\"750\" height=\"750\" srcset=\"https:\/\/www.sybonbest.com\/es\/wp-content\/uploads\/2024\/01\/1704710559-S006A-Manufacturers-Finest-SYBON-Premium-Sponge-Polishing-Pads-for-Detailing-Excellence-in-China.jpg 750w, https:\/\/www.sybonbest.com\/es\/wp-content\/uploads\/2024\/01\/1704710559-S006A-Manufacturers-Finest-SYBON-Premium-Sponge-Polishing-Pads-for-Detailing-Excellence-in-China-480x480.jpg 480w\" sizes=\"(min-width: 0px) and (max-width: 480px) 480px, (min-width: 481px) 750px, 100vw\" \/><\/p>\n","protected":false},"excerpt":{"rendered":"<p>1.Almohadilla de encerado para pulir autom\u00f3viles es lavable, reutilizable, econ\u00f3mico y pr\u00e1ctico.<br \/>\n2. Almohadillas de esponja profesionales dise\u00f1adas para pulir autom\u00f3viles, encerar y sellar esmalte.<br \/>\n3. Con un orificio para tornillo, se puede instalar en una m\u00e1quina pulidora neum\u00e1tica o el\u00e9ctrica.<br \/>\n4. Tecnolog\u00eda de fabricaci\u00f3n avanzada, mano de obra suave y fina, no da\u00f1a la superficie.<br \/>\n5.\u00daselo con l\u00edquido o polvo para pulir, la superficie pulida puede obtener un mejor efecto.<\/p>\n","protected":false},"featured_media":353,"comment_status":"closed","ping_status":"closed","template":"","meta":{"_et_pb_use_builder":"","_et_pb_old_content":"","_et_gb_content_width":""},"product_brand":[],"product_cat":[21,23],"product_tag":[162],"class_list":{"0":"post-347","1":"product","2":"type-product","3":"status-publish","4":"has-post-thumbnail","6":"product_cat-serie-polaca","7":"product_cat-almohadilla-para-pulir","8":"product_tag-almohadilla-de-encerado-para-pulir-automoviles","10":"first","11":"instock","12":"shipping-taxable","13":"product-type-simple"},"_links":{"self":[{"href":"https:\/\/www.sybonbest.com\/es\/wp-json\/wp\/v2\/product\/347","targetHints":{"allow":["GET"]}}],"collection":[{"href":"https:\/\/www.sybonbest.com\/es\/wp-json\/wp\/v2\/product"}],"about":[{"href":"https:\/\/www.sybonbest.com\/es\/wp-json\/wp\/v2\/types\/product"}],"replies":[{"embeddable":true,"href":"https:\/\/www.sybonbest.com\/es\/wp-json\/wp\/v2\/comments?post=347"}],"wp:featuredmedia":[{"embeddable":true,"href":"https:\/\/www.sybonbest.com\/es\/wp-json\/wp\/v2\/media\/353"}],"wp:attachment":[{"href":"https:\/\/www.sybonbest.com\/es\/wp-json\/wp\/v2\/media?parent=347"}],"wp:term":[{"taxonomy":"product_brand","embeddable":true,"href":"https:\/\/www.sybonbest.com\/es\/wp-json\/wp\/v2\/product_brand?post=347"},{"taxonomy":"product_cat","embeddable":true,"href":"https:\/\/www.sybonbest.com\/es\/wp-json\/wp\/v2\/product_cat?post=347"},{"taxonomy":"product_tag","embeddable":true,"href":"https:\/\/www.sybonbest.com\/es\/wp-json\/wp\/v2\/product_tag?post=347"}],"curies":[{"name":"wp","href":"https:\/\/api.w.org\/{rel}","templated":true}]}}