{"id":339,"date":"2024-01-08T18:07:58","date_gmt":"2024-01-08T10:07:58","guid":{"rendered":"https:\/\/www.sybonbest.com\/es\/?post_type=product&#038;p=339"},"modified":"2024-04-18T18:56:40","modified_gmt":"2024-04-18T10:56:40","slug":"s009g-profesional-8-almohadilla-pulidora-de-espuma-tipo-gofre-de-doble-cara-5-8-11-hilo","status":"publish","type":"product","link":"https:\/\/www.sybonbest.com\/es\/product\/s009g-profesional-8-almohadilla-pulidora-de-espuma-tipo-gofre-de-doble-cara-5-8-11-hilo\/","title":{"rendered":"S009G Profesional 8\" Almohadilla pulidora de espuma tipo gofre de doble cara 5\/8\"-11 Hilo"},"content":{"rendered":"<p><iframe title=\"\u2728 Unleash Excellence with SYBON S009G Double-Sided Waffle Foam Buffing Pad! \ud83d\ude97\u2728\" width=\"1080\" height=\"608\" src=\"https:\/\/www.youtube.com\/embed\/6BL-rpQk6l8?feature=oembed\"  allow=\"accelerometer; autoplay; clipboard-write; encrypted-media; gyroscope; picture-in-picture; web-share\" allowfullscreen><\/iframe><\/p>\n<p><img decoding=\"async\" class=\"size-full wp-image-340 aligncenter\" src=\"https:\/\/www.sybonbest.com\/es\/wp-content\/uploads\/2024\/01\/1704709183-S009G-Double-Sided-Waffle-Foam-Buffing-Pad-Elevate-Detailing-Excellence-with-SYBON-Double-Sided-Wave-Foam-Pads.jpg\" alt=\"\" width=\"750\" height=\"302\" srcset=\"https:\/\/www.sybonbest.com\/es\/wp-content\/uploads\/2024\/01\/1704709183-S009G-Double-Sided-Waffle-Foam-Buffing-Pad-Elevate-Detailing-Excellence-with-SYBON-Double-Sided-Wave-Foam-Pads.jpg 750w, https:\/\/www.sybonbest.com\/es\/wp-content\/uploads\/2024\/01\/1704709183-S009G-Double-Sided-Waffle-Foam-Buffing-Pad-Elevate-Detailing-Excellence-with-SYBON-Double-Sided-Wave-Foam-Pads-480x193.jpg 480w\" sizes=\"(min-width: 0px) and (max-width: 480px) 480px, (min-width: 481px) 750px, 100vw\" \/><\/p>\n<p>&nbsp;<\/p>\n<h2>S009G 8\" Almohadilla pulidora de espuma tipo gofre de doble cara<\/h2>\n<p>Las almohadillas de pulido profesionales tipo gofre de 8\" son nuestra espuma de la m\u00e1s alta calidad para aplicar todos los compuestos, ceras, selladores de pintura y productos de pulido.<br \/>\n1. Dise\u00f1o de doble cara. Se pueden utilizar ambos lados, 1 almohadilla = 2 almohadillas.<br \/>\n2.Se puede usar en lugar de una almohadilla de lana, elimina la oxidaci\u00f3n intensa, las manchas de agua y los rayones de arena h\u00fameda para el acabado final de la pintura de autos de exhibici\u00f3n de alta gama.<br \/>\n3. Disipa el calor r\u00e1pidamente, minimizando posibles da\u00f1os en el acabado y extendiendo el tiempo de pulido del compuesto, pulido, cera y selladores.<br \/>\n4. Las almohadillas est\u00e1n hechas con espuma duradera de c\u00e9lulas abiertas, lo que mejora el flujo de aire entre la almohadilla y la superficie para un enfriamiento m\u00e1ximo y un pulido suave.<\/p>\n<p><img decoding=\"async\" class=\"size-full wp-image-341 aligncenter\" src=\"https:\/\/www.sybonbest.com\/es\/wp-content\/uploads\/2024\/01\/1704709205-S009G-SYBON-Double-Sided-Wave-Shape-Foam-Pads-Crafted-for-Dual-Sided-Detailing-Precision.jpg\" alt=\"\" width=\"750\" height=\"750\" srcset=\"https:\/\/www.sybonbest.com\/es\/wp-content\/uploads\/2024\/01\/1704709205-S009G-SYBON-Double-Sided-Wave-Shape-Foam-Pads-Crafted-for-Dual-Sided-Detailing-Precision.jpg 750w, https:\/\/www.sybonbest.com\/es\/wp-content\/uploads\/2024\/01\/1704709205-S009G-SYBON-Double-Sided-Wave-Shape-Foam-Pads-Crafted-for-Dual-Sided-Detailing-Precision-480x480.jpg 480w\" sizes=\"(min-width: 0px) and (max-width: 480px) 480px, (min-width: 481px) 750px, 100vw\" \/><\/p>\n<p><img decoding=\"async\" class=\"size-full wp-image-342 aligncenter\" src=\"https:\/\/www.sybonbest.com\/es\/wp-content\/uploads\/2024\/01\/1704709230-S009G-Professional-Grade-Detailing-with-SYBON-Dual-Sided-Wave-Shaped-Precision-Pads.jpg\" alt=\"Almohadilla-pulidora-de-espuma-tipo-gofre-de-doble-cara\" width=\"750\" height=\"750\" srcset=\"https:\/\/www.sybonbest.com\/es\/wp-content\/uploads\/2024\/01\/1704709230-S009G-Professional-Grade-Detailing-with-SYBON-Dual-Sided-Wave-Shaped-Precision-Pads.jpg 750w, https:\/\/www.sybonbest.com\/es\/wp-content\/uploads\/2024\/01\/1704709230-S009G-Professional-Grade-Detailing-with-SYBON-Dual-Sided-Wave-Shaped-Precision-Pads-480x480.jpg 480w\" sizes=\"(min-width: 0px) and (max-width: 480px) 480px, (min-width: 481px) 750px, 100vw\" \/><\/p>\n<p><img decoding=\"async\" class=\"size-full wp-image-343 aligncenter\" src=\"https:\/\/www.sybonbest.com\/es\/wp-content\/uploads\/2024\/01\/1704709245-S009G-Chinas-Premier-Car-Detailing-Supplies-Suppliers-SYBON-Double-Sided-Wave-Pads.jpg\" alt=\"\" width=\"750\" height=\"750\" srcset=\"https:\/\/www.sybonbest.com\/es\/wp-content\/uploads\/2024\/01\/1704709245-S009G-Chinas-Premier-Car-Detailing-Supplies-Suppliers-SYBON-Double-Sided-Wave-Pads.jpg 750w, https:\/\/www.sybonbest.com\/es\/wp-content\/uploads\/2024\/01\/1704709245-S009G-Chinas-Premier-Car-Detailing-Supplies-Suppliers-SYBON-Double-Sided-Wave-Pads-480x480.jpg 480w\" sizes=\"(min-width: 0px) and (max-width: 480px) 480px, (min-width: 481px) 750px, 100vw\" \/><\/p>\n<p><img decoding=\"async\" class=\"alignnone size-full wp-image-344\" src=\"https:\/\/www.sybonbest.com\/es\/wp-content\/uploads\/2024\/01\/1704709260-S009G-Manufacturers-Finest-SYBON-Double-Sided-Wave-Shape-Foam-Pads-for-Detailing-Excellence-in-China.jpg\" alt=\"\" width=\"1080\" height=\"1503\" srcset=\"https:\/\/www.sybonbest.com\/es\/wp-content\/uploads\/2024\/01\/1704709260-S009G-Manufacturers-Finest-SYBON-Double-Sided-Wave-Shape-Foam-Pads-for-Detailing-Excellence-in-China.jpg 1080w, https:\/\/www.sybonbest.com\/es\/wp-content\/uploads\/2024\/01\/1704709260-S009G-Manufacturers-Finest-SYBON-Double-Sided-Wave-Shape-Foam-Pads-for-Detailing-Excellence-in-China-980x1364.jpg 980w, https:\/\/www.sybonbest.com\/es\/wp-content\/uploads\/2024\/01\/1704709260-S009G-Manufacturers-Finest-SYBON-Double-Sided-Wave-Shape-Foam-Pads-for-Detailing-Excellence-in-China-480x668.jpg 480w\" sizes=\"(min-width: 0px) and (max-width: 480px) 480px, (min-width: 481px) and (max-width: 980px) 980px, (min-width: 981px) 1080px, 100vw\" \/><\/p>\n","protected":false},"excerpt":{"rendered":"<p>Profesional 8\" Almohadilla pulidora de espuma tipo gofre de doble cara son nuestra espuma de la m\u00e1s alta calidad para aplicar todos los compuestos, ceras, selladores de pintura y productos de pulido.<\/p>\n","protected":false},"featured_media":345,"comment_status":"closed","ping_status":"closed","template":"","meta":{"_et_pb_use_builder":"","_et_pb_old_content":"","_et_gb_content_width":""},"product_brand":[],"product_cat":[21,23],"product_tag":[163],"class_list":{"0":"post-339","1":"product","2":"type-product","3":"status-publish","4":"has-post-thumbnail","6":"product_cat-serie-polaca","7":"product_cat-almohadilla-para-pulir","8":"product_tag-almohadilla-pulidora-de-espuma-tipo-gofre-de-doble-cara","10":"first","11":"instock","12":"shipping-taxable","13":"product-type-simple"},"_links":{"self":[{"href":"https:\/\/www.sybonbest.com\/es\/wp-json\/wp\/v2\/product\/339","targetHints":{"allow":["GET"]}}],"collection":[{"href":"https:\/\/www.sybonbest.com\/es\/wp-json\/wp\/v2\/product"}],"about":[{"href":"https:\/\/www.sybonbest.com\/es\/wp-json\/wp\/v2\/types\/product"}],"replies":[{"embeddable":true,"href":"https:\/\/www.sybonbest.com\/es\/wp-json\/wp\/v2\/comments?post=339"}],"wp:featuredmedia":[{"embeddable":true,"href":"https:\/\/www.sybonbest.com\/es\/wp-json\/wp\/v2\/media\/345"}],"wp:attachment":[{"href":"https:\/\/www.sybonbest.com\/es\/wp-json\/wp\/v2\/media?parent=339"}],"wp:term":[{"taxonomy":"product_brand","embeddable":true,"href":"https:\/\/www.sybonbest.com\/es\/wp-json\/wp\/v2\/product_brand?post=339"},{"taxonomy":"product_cat","embeddable":true,"href":"https:\/\/www.sybonbest.com\/es\/wp-json\/wp\/v2\/product_cat?post=339"},{"taxonomy":"product_tag","embeddable":true,"href":"https:\/\/www.sybonbest.com\/es\/wp-json\/wp\/v2\/product_tag?post=339"}],"curies":[{"name":"wp","href":"https:\/\/api.w.org\/{rel}","templated":true}]}}