{"id":329,"date":"2024-01-08T17:44:39","date_gmt":"2024-01-08T09:44:39","guid":{"rendered":"https:\/\/www.sybonbest.com\/es\/?post_type=product&#038;p=329"},"modified":"2024-04-18T19:04:59","modified_gmt":"2024-04-18T11:04:59","slug":"s008g-pulido-con-almohadilla-para-pulir-disco-de-pulido-de-esponja-almohadilla-abrasiva-de-espuma-hexagonal-pulidora-de-coche-lijado-pulido-encerado-almohadilla-pulida","status":"publish","type":"product","link":"https:\/\/www.sybonbest.com\/es\/product\/s008g-pulido-con-almohadilla-para-pulir-disco-de-pulido-de-esponja-almohadilla-abrasiva-de-espuma-hexagonal-pulidora-de-coche-lijado-pulido-encerado-almohadilla-pulida\/","title":{"rendered":"S008G Pulido con almohadilla para pulir disco de pulido de esponja almohadilla abrasiva de espuma Hexagonal, pulidora de coche, lijado, pulido, encerado, almohadilla pulida"},"content":{"rendered":"<p><iframe title=\"\u2728 Achieve Precision Shine with SYBON S008G Hexagonal Foam Polishing Pads! \ud83d\ude97\u2728\" width=\"1080\" height=\"608\" src=\"https:\/\/www.youtube.com\/embed\/5GrStiuPjyQ?feature=oembed\"  allow=\"accelerometer; autoplay; clipboard-write; encrypted-media; gyroscope; picture-in-picture; web-share\" allowfullscreen><\/iframe><\/p>\n<p><img decoding=\"async\" class=\"alignnone size-full wp-image-330\" src=\"https:\/\/www.sybonbest.com\/es\/wp-content\/uploads\/2024\/01\/1704707832-S008G-6-Inch-Honeycomb-Shape-M14-M16-Thread-Size-Back-Plate-Car-Polishing-Sponge.jpg\" alt=\"\" width=\"900\" height=\"364\" srcset=\"https:\/\/www.sybonbest.com\/es\/wp-content\/uploads\/2024\/01\/1704707832-S008G-6-Inch-Honeycomb-Shape-M14-M16-Thread-Size-Back-Plate-Car-Polishing-Sponge.jpg 900w, https:\/\/www.sybonbest.com\/es\/wp-content\/uploads\/2024\/01\/1704707832-S008G-6-Inch-Honeycomb-Shape-M14-M16-Thread-Size-Back-Plate-Car-Polishing-Sponge-480x194.jpg 480w\" sizes=\"(min-width: 0px) and (max-width: 480px) 480px, (min-width: 481px) 900px, 100vw\" \/><\/p>\n<p>&nbsp;<\/p>\n<h2>S008G Pulido con almohadilla para pulir disco de pulido de esponja<\/h2>\n<p>Familia de colores para diferentes pasos:<\/p>\n<p>1.El color rojo es adecuado para el acabado.<\/p>\n<p>2. El color azul es adecuado para corte fino o corte medio.<\/p>\n<p>3. El color naranja\/amarillo\/negro es adecuado para corte o acabado medio.<\/p>\n<p>4. El color verde es adecuado para cortes pesados.<\/p>\n<p><img decoding=\"async\" class=\"size-full wp-image-331 aligncenter\" src=\"https:\/\/www.sybonbest.com\/es\/wp-content\/uploads\/2024\/01\/1704707849-S008G-SYBON-Efficient-Honeycomb-Sponge-Polishing-Pads-Manufacturer-Excellence.jpg\" alt=\"\" width=\"750\" height=\"750\" srcset=\"https:\/\/www.sybonbest.com\/es\/wp-content\/uploads\/2024\/01\/1704707849-S008G-SYBON-Efficient-Honeycomb-Sponge-Polishing-Pads-Manufacturer-Excellence.jpg 750w, https:\/\/www.sybonbest.com\/es\/wp-content\/uploads\/2024\/01\/1704707849-S008G-SYBON-Efficient-Honeycomb-Sponge-Polishing-Pads-Manufacturer-Excellence-480x480.jpg 480w\" sizes=\"(min-width: 0px) and (max-width: 480px) 480px, (min-width: 481px) 750px, 100vw\" \/><\/p>\n<p><img decoding=\"async\" class=\"size-full wp-image-332 aligncenter\" src=\"https:\/\/www.sybonbest.com\/es\/wp-content\/uploads\/2024\/01\/1704707862-S008G-Chinas-Premier-Car-Detailing-Supplies-Suppliers-SYBON-Efficient-Sponge-Pads.jpg\" alt=\"Disco-de-pulido-de-esponja\" width=\"750\" height=\"750\" srcset=\"https:\/\/www.sybonbest.com\/es\/wp-content\/uploads\/2024\/01\/1704707862-S008G-Chinas-Premier-Car-Detailing-Supplies-Suppliers-SYBON-Efficient-Sponge-Pads.jpg 750w, https:\/\/www.sybonbest.com\/es\/wp-content\/uploads\/2024\/01\/1704707862-S008G-Chinas-Premier-Car-Detailing-Supplies-Suppliers-SYBON-Efficient-Sponge-Pads-480x480.jpg 480w\" sizes=\"(min-width: 0px) and (max-width: 480px) 480px, (min-width: 481px) 750px, 100vw\" \/><\/p>\n<p><img decoding=\"async\" class=\"size-full wp-image-333 aligncenter\" src=\"https:\/\/www.sybonbest.com\/es\/wp-content\/uploads\/2024\/01\/1704707880-S008G-Manufacturers-Finest-SYBON-Efficient-Honeycomb-Sponge-Pads-for-Precision-Detailing-in-China.jpg\" alt=\"\" width=\"750\" height=\"750\" srcset=\"https:\/\/www.sybonbest.com\/es\/wp-content\/uploads\/2024\/01\/1704707880-S008G-Manufacturers-Finest-SYBON-Efficient-Honeycomb-Sponge-Pads-for-Precision-Detailing-in-China.jpg 750w, https:\/\/www.sybonbest.com\/es\/wp-content\/uploads\/2024\/01\/1704707880-S008G-Manufacturers-Finest-SYBON-Efficient-Honeycomb-Sponge-Pads-for-Precision-Detailing-in-China-480x480.jpg 480w\" sizes=\"(min-width: 0px) and (max-width: 480px) 480px, (min-width: 481px) 750px, 100vw\" \/><\/p>\n<p><img decoding=\"async\" class=\"size-full wp-image-334 aligncenter\" src=\"https:\/\/www.sybonbest.com\/es\/wp-content\/uploads\/2024\/01\/1704707893-S008G-SYBON-Efficient-Honeycomb-Sponge-Polishing-Pads-Crafted-for-Detailing-Precision.jpg\" alt=\"\" width=\"750\" height=\"750\" srcset=\"https:\/\/www.sybonbest.com\/es\/wp-content\/uploads\/2024\/01\/1704707893-S008G-SYBON-Efficient-Honeycomb-Sponge-Polishing-Pads-Crafted-for-Detailing-Precision.jpg 750w, https:\/\/www.sybonbest.com\/es\/wp-content\/uploads\/2024\/01\/1704707893-S008G-SYBON-Efficient-Honeycomb-Sponge-Polishing-Pads-Crafted-for-Detailing-Precision-480x480.jpg 480w\" sizes=\"(min-width: 0px) and (max-width: 480px) 480px, (min-width: 481px) 750px, 100vw\" \/><\/p>\n<p><img decoding=\"async\" class=\"size-full wp-image-335 aligncenter\" src=\"https:\/\/www.sybonbest.com\/es\/wp-content\/uploads\/2024\/01\/1704707909-S008G-Elevate-Detailing-Excellence-with-SYBON-Efficient-Honeycomb-Sponge-Pads.jpg\" alt=\"\" width=\"750\" height=\"750\" srcset=\"https:\/\/www.sybonbest.com\/es\/wp-content\/uploads\/2024\/01\/1704707909-S008G-Elevate-Detailing-Excellence-with-SYBON-Efficient-Honeycomb-Sponge-Pads.jpg 750w, https:\/\/www.sybonbest.com\/es\/wp-content\/uploads\/2024\/01\/1704707909-S008G-Elevate-Detailing-Excellence-with-SYBON-Efficient-Honeycomb-Sponge-Pads-480x480.jpg 480w\" sizes=\"(min-width: 0px) and (max-width: 480px) 480px, (min-width: 481px) 750px, 100vw\" \/><\/p>\n","protected":false},"excerpt":{"rendered":"<p>1.Disco de pulido de esponja esmerilado y pulido eficiente de las capas m\u00e1s duras de oxidaci\u00f3n y rayones que se encuentran en los autom\u00f3viles.<br \/>\n2. Excelente calidad: las almohadillas para pulir y pulir est\u00e1n hechas de un material de esponja sint\u00e9tica especial, se pueden usar con m\u00e1quinas pulidoras, adecuadas para encerar y reparar rayones.<br \/>\n3.Amplia aplicaci\u00f3n: para limpieza y acabado de todos los metales, para eliminaci\u00f3n de \u00f3xidos, \u00f3xidos y revestimientos ligeros. Amplia aplicaci\u00f3n en acero inoxidable, acero est\u00e1ndar o aleado, materiales no ferrosos y aleaciones para aplicaciones de limpieza, acabado, mezclado y desbarbado.<\/p>\n","protected":false},"featured_media":336,"comment_status":"closed","ping_status":"closed","template":"","meta":{"_et_pb_use_builder":"","_et_pb_old_content":"","_et_gb_content_width":""},"product_brand":[],"product_cat":[21,23],"product_tag":[164],"class_list":{"0":"post-329","1":"product","2":"type-product","3":"status-publish","4":"has-post-thumbnail","6":"product_cat-serie-polaca","7":"product_cat-almohadilla-para-pulir","8":"product_tag-disco-de-pulido-de-esponja","10":"first","11":"instock","12":"shipping-taxable","13":"product-type-simple"},"_links":{"self":[{"href":"https:\/\/www.sybonbest.com\/es\/wp-json\/wp\/v2\/product\/329","targetHints":{"allow":["GET"]}}],"collection":[{"href":"https:\/\/www.sybonbest.com\/es\/wp-json\/wp\/v2\/product"}],"about":[{"href":"https:\/\/www.sybonbest.com\/es\/wp-json\/wp\/v2\/types\/product"}],"replies":[{"embeddable":true,"href":"https:\/\/www.sybonbest.com\/es\/wp-json\/wp\/v2\/comments?post=329"}],"wp:featuredmedia":[{"embeddable":true,"href":"https:\/\/www.sybonbest.com\/es\/wp-json\/wp\/v2\/media\/336"}],"wp:attachment":[{"href":"https:\/\/www.sybonbest.com\/es\/wp-json\/wp\/v2\/media?parent=329"}],"wp:term":[{"taxonomy":"product_brand","embeddable":true,"href":"https:\/\/www.sybonbest.com\/es\/wp-json\/wp\/v2\/product_brand?post=329"},{"taxonomy":"product_cat","embeddable":true,"href":"https:\/\/www.sybonbest.com\/es\/wp-json\/wp\/v2\/product_cat?post=329"},{"taxonomy":"product_tag","embeddable":true,"href":"https:\/\/www.sybonbest.com\/es\/wp-json\/wp\/v2\/product_tag?post=329"}],"curies":[{"name":"wp","href":"https:\/\/api.w.org\/{rel}","templated":true}]}}