{"id":311,"date":"2023-12-27T17:44:21","date_gmt":"2023-12-27T09:44:21","guid":{"rendered":"https:\/\/www.sybonbest.com\/es\/?post_type=product&#038;p=311"},"modified":"2024-04-19T15:45:49","modified_gmt":"2024-04-19T07:45:49","slug":"s006g-esponja-de-almohadilla-de-pulido-para-pulir-para-rosca-m14-con-almohadilla-de-encerado-para-pulido-herramienta-de-almohadilla-de-encerado-de-esponja","status":"publish","type":"product","link":"https:\/\/www.sybonbest.com\/es\/product\/s006g-esponja-de-almohadilla-de-pulido-para-pulir-para-rosca-m14-con-almohadilla-de-encerado-para-pulido-herramienta-de-almohadilla-de-encerado-de-esponja\/","title":{"rendered":"S006G Esponja de almohadilla de pulido para pulir Para rosca M14 con almohadilla de encerado para pulido, herramienta de almohadilla de encerado de esponja"},"content":{"rendered":"<p><img decoding=\"async\" class=\"size-full wp-image-313 aligncenter\" src=\"https:\/\/www.sybonbest.com\/es\/wp-content\/uploads\/2023\/12\/1703932359-S006G-Polishing-Buffing-Pad-Sponge-For-M14-Thread-With-Polishing-Waxing-Pad-Sponge-Waxing-Pad-Tool.jpg\" alt=\"\" width=\"900\" height=\"364\" srcset=\"https:\/\/www.sybonbest.com\/es\/wp-content\/uploads\/2023\/12\/1703932359-S006G-Polishing-Buffing-Pad-Sponge-For-M14-Thread-With-Polishing-Waxing-Pad-Sponge-Waxing-Pad-Tool.jpg 900w, https:\/\/www.sybonbest.com\/es\/wp-content\/uploads\/2023\/12\/1703932359-S006G-Polishing-Buffing-Pad-Sponge-For-M14-Thread-With-Polishing-Waxing-Pad-Sponge-Waxing-Pad-Tool-480x194.jpg 480w\" sizes=\"(min-width: 0px) and (max-width: 480px) 480px, (min-width: 481px) 900px, 100vw\" \/><\/p>\n<p>&nbsp;<\/p>\n<h2>S006G Esponja de almohadilla de pulido para pulir para rosca M14<\/h2>\n<p>&nbsp;<\/p>\n<p>1. Esponja de almohadilla de pulido profesional dise\u00f1ada para pulir autom\u00f3viles, encerar y sellar esmalte. Con un orificio para tornillo, se puede instalar en una m\u00e1quina pulidora neum\u00e1tica o el\u00e9ctrica.<\/p>\n<p>2. Tecnolog\u00eda de fabricaci\u00f3n avanzada, mano de obra suave y fina, no da\u00f1a la superficie.<\/p>\n<p>3. Es lavable, reutilizable, econ\u00f3mico y pr\u00e1ctico. \u00daselo con l\u00edquido o polvo para pulir, la superficie pulida puede obtener un mejor efecto.<\/p>\n<p><img decoding=\"async\" class=\"size-full wp-image-314 aligncenter\" src=\"https:\/\/www.sybonbest.com\/es\/wp-content\/uploads\/2023\/12\/1703932380-S006G-Good-Price-Sponge-Polishing-Buffing-Waxing-Pad-Wheel-For-Car-Polisher-Buffer-Pad.jpg\" alt=\"Esponja-de-almohadilla-de-pulido-para-pulir\" width=\"750\" height=\"750\" srcset=\"https:\/\/www.sybonbest.com\/es\/wp-content\/uploads\/2023\/12\/1703932380-S006G-Good-Price-Sponge-Polishing-Buffing-Waxing-Pad-Wheel-For-Car-Polisher-Buffer-Pad.jpg 750w, https:\/\/www.sybonbest.com\/es\/wp-content\/uploads\/2023\/12\/1703932380-S006G-Good-Price-Sponge-Polishing-Buffing-Waxing-Pad-Wheel-For-Car-Polisher-Buffer-Pad-480x480.jpg 480w\" sizes=\"(min-width: 0px) and (max-width: 480px) 480px, (min-width: 481px) 750px, 100vw\" \/><\/p>\n<p><img decoding=\"async\" class=\"size-full wp-image-315 aligncenter\" src=\"https:\/\/www.sybonbest.com\/es\/wp-content\/uploads\/2023\/12\/1703932395-S006G-Black-Sponge-Car-Buffing-Pad-M14-M16-Soft-Foam-Polishing-Pad-For-Auto-Detailing.jpg\" alt=\"\" width=\"750\" height=\"750\" srcset=\"https:\/\/www.sybonbest.com\/es\/wp-content\/uploads\/2023\/12\/1703932395-S006G-Black-Sponge-Car-Buffing-Pad-M14-M16-Soft-Foam-Polishing-Pad-For-Auto-Detailing.jpg 750w, https:\/\/www.sybonbest.com\/es\/wp-content\/uploads\/2023\/12\/1703932395-S006G-Black-Sponge-Car-Buffing-Pad-M14-M16-Soft-Foam-Polishing-Pad-For-Auto-Detailing-480x480.jpg 480w\" sizes=\"(min-width: 0px) and (max-width: 480px) 480px, (min-width: 481px) 750px, 100vw\" \/><\/p>\n","protected":false},"excerpt":{"rendered":"<p>Profesional Esponja de almohadilla de pulido para pulir dise\u00f1ado para pulir autom\u00f3viles, encerar y sellar esmalte. Con un orificio para tornillo, se puede instalar en una m\u00e1quina pulidora neum\u00e1tica o el\u00e9ctrica.<\/p>\n","protected":false},"featured_media":316,"comment_status":"closed","ping_status":"closed","template":"","meta":{"_et_pb_use_builder":"","_et_pb_old_content":"","_et_gb_content_width":""},"product_brand":[],"product_cat":[21,23],"product_tag":[166],"class_list":{"0":"post-311","1":"product","2":"type-product","3":"status-publish","4":"has-post-thumbnail","6":"product_cat-serie-polaca","7":"product_cat-almohadilla-para-pulir","8":"product_tag-esponja-de-almohadilla-de-pulido-para-pulir","10":"first","11":"instock","12":"shipping-taxable","13":"product-type-simple"},"_links":{"self":[{"href":"https:\/\/www.sybonbest.com\/es\/wp-json\/wp\/v2\/product\/311","targetHints":{"allow":["GET"]}}],"collection":[{"href":"https:\/\/www.sybonbest.com\/es\/wp-json\/wp\/v2\/product"}],"about":[{"href":"https:\/\/www.sybonbest.com\/es\/wp-json\/wp\/v2\/types\/product"}],"replies":[{"embeddable":true,"href":"https:\/\/www.sybonbest.com\/es\/wp-json\/wp\/v2\/comments?post=311"}],"wp:featuredmedia":[{"embeddable":true,"href":"https:\/\/www.sybonbest.com\/es\/wp-json\/wp\/v2\/media\/316"}],"wp:attachment":[{"href":"https:\/\/www.sybonbest.com\/es\/wp-json\/wp\/v2\/media?parent=311"}],"wp:term":[{"taxonomy":"product_brand","embeddable":true,"href":"https:\/\/www.sybonbest.com\/es\/wp-json\/wp\/v2\/product_brand?post=311"},{"taxonomy":"product_cat","embeddable":true,"href":"https:\/\/www.sybonbest.com\/es\/wp-json\/wp\/v2\/product_cat?post=311"},{"taxonomy":"product_tag","embeddable":true,"href":"https:\/\/www.sybonbest.com\/es\/wp-json\/wp\/v2\/product_tag?post=311"}],"curies":[{"name":"wp","href":"https:\/\/api.w.org\/{rel}","templated":true}]}}