{"id":300,"date":"2023-12-27T16:44:07","date_gmt":"2023-12-27T08:44:07","guid":{"rendered":"https:\/\/www.sybonbest.com\/es\/?post_type=product&#038;p=300"},"modified":"2024-04-19T16:54:01","modified_gmt":"2024-04-19T08:54:01","slug":"s005g-almohadilla-para-pulir-de-espuma-tipo-gofre-almohadillas-de-pulido-ro-da-ga-pulidor-de-coche-compuesto-de-barco-pulido-y-encerado","status":"publish","type":"product","link":"https:\/\/www.sybonbest.com\/es\/product\/s005g-almohadilla-para-pulir-de-espuma-tipo-gofre-almohadillas-de-pulido-ro-da-ga-pulidor-de-coche-compuesto-de-barco-pulido-y-encerado\/","title":{"rendered":"S005G Almohadilla para pulir de espuma tipo gofre almohadillas de pulido RO\/DA\/GA, pulidor de coche, compuesto de barco, pulido y encerado"},"content":{"rendered":"<p><iframe title=\"Achieve flawless results with SYBON&#039;s 8&quot; wave polishing pad!\" width=\"1080\" height=\"608\" src=\"https:\/\/www.youtube.com\/embed\/Iu7mkcJFyp0?feature=oembed\"  allow=\"accelerometer; autoplay; clipboard-write; encrypted-media; gyroscope; picture-in-picture; web-share\" referrerpolicy=\"strict-origin-when-cross-origin\" allowfullscreen><\/iframe><\/p>\n<p><img decoding=\"async\" class=\"size-full wp-image-301 aligncenter\" src=\"https:\/\/www.sybonbest.com\/es\/wp-content\/uploads\/2023\/12\/1703667710-S005G-Manufacturers-Finest-SYBON-Wave-Shape-Foam-Pads-for-Detailing-Precision-in-China.jpg\" alt=\"\" width=\"750\" height=\"302\" srcset=\"https:\/\/www.sybonbest.com\/es\/wp-content\/uploads\/2023\/12\/1703667710-S005G-Manufacturers-Finest-SYBON-Wave-Shape-Foam-Pads-for-Detailing-Precision-in-China.jpg 750w, https:\/\/www.sybonbest.com\/es\/wp-content\/uploads\/2023\/12\/1703667710-S005G-Manufacturers-Finest-SYBON-Wave-Shape-Foam-Pads-for-Detailing-Precision-in-China-480x193.jpg 480w\" sizes=\"(min-width: 0px) and (max-width: 480px) 480px, (min-width: 481px) 750px, 100vw\" \/><\/p>\n<p>&nbsp;<\/p>\n<h2>S005G Almohadilla para pulir de espuma tipo gofre almohadillas de pulido<\/h2>\n<p>&nbsp;<\/p>\n<p>1. Tecnolog\u00eda de fabricaci\u00f3n avanzada: mano de obra suave y fina, no da\u00f1a la superficie, se puede lavar y ahorra dinero. Hay cinco colores diferentes de la almohadilla de esponja, Dureza: Amarillo &gt; Blanco &gt; Azul &gt; Negro &gt; Naranja, corte y pulido eficientes del revestimiento de oxidaci\u00f3n y rayones del autom\u00f3vil m\u00e1s dif\u00edciles.<\/p>\n<p>2. Alta calidad: almohadilla de esponja de primera calidad, flexible, lavable y reutilizable. Hace que el proceso de pulido y pulido sea mucho m\u00e1s f\u00e1cil y r\u00e1pido que hacerlo a mano.<\/p>\n<p>3. Adecuado: se utiliza para pulir todo tipo de pinturas de capa, mejora su ligereza; Se puede usar en cualquier cosa que necesite pulir o pulir, como autom\u00f3viles, camionetas, vidrio, piedra, cer\u00e1mica, etc. La almohadilla de esponja ondulada se usa principalmente para pulir.<\/p>\n<p>4.F\u00e1cil de usar: se puede utilizar en una m\u00e1quina pulidora neum\u00e1tica o el\u00e9ctrica. Respaldo adhesivo, puedes cambiar las almohadillas en cuesti\u00f3n de segundos. Son ligeros y realmente f\u00e1ciles de montar.<\/p>\n<p><img decoding=\"async\" class=\"size-full wp-image-302 aligncenter\" src=\"https:\/\/www.sybonbest.com\/es\/wp-content\/uploads\/2023\/12\/1703667748-S005G-Elevate-Detailing-Excellence-with-SYBON-Wave-Shape-Foam-Pads-Marvel.jpg\" alt=\"Almohadilla-para-pulir-de-espuma-tipo-gofre\" width=\"750\" height=\"750\" srcset=\"https:\/\/www.sybonbest.com\/es\/wp-content\/uploads\/2023\/12\/1703667748-S005G-Elevate-Detailing-Excellence-with-SYBON-Wave-Shape-Foam-Pads-Marvel.jpg 750w, https:\/\/www.sybonbest.com\/es\/wp-content\/uploads\/2023\/12\/1703667748-S005G-Elevate-Detailing-Excellence-with-SYBON-Wave-Shape-Foam-Pads-Marvel-480x480.jpg 480w\" sizes=\"(min-width: 0px) and (max-width: 480px) 480px, (min-width: 481px) 750px, 100vw\" \/><\/p>\n<p><img decoding=\"async\" class=\"size-full wp-image-303 aligncenter\" src=\"https:\/\/www.sybonbest.com\/es\/wp-content\/uploads\/2023\/12\/1703667767-S005G-Chinas-Premier-Car-Detailing-Supplies-Suppliers-SYBON-Wave-Shape-Waffle-Foam-Buffing-Pads.jpg\" alt=\"\" width=\"750\" height=\"750\" srcset=\"https:\/\/www.sybonbest.com\/es\/wp-content\/uploads\/2023\/12\/1703667767-S005G-Chinas-Premier-Car-Detailing-Supplies-Suppliers-SYBON-Wave-Shape-Waffle-Foam-Buffing-Pads.jpg 750w, https:\/\/www.sybonbest.com\/es\/wp-content\/uploads\/2023\/12\/1703667767-S005G-Chinas-Premier-Car-Detailing-Supplies-Suppliers-SYBON-Wave-Shape-Waffle-Foam-Buffing-Pads-480x480.jpg 480w\" sizes=\"(min-width: 0px) and (max-width: 480px) 480px, (min-width: 481px) 750px, 100vw\" \/><\/p>\n<p><img decoding=\"async\" class=\"size-full wp-image-304 aligncenter\" src=\"https:\/\/www.sybonbest.com\/es\/wp-content\/uploads\/2023\/12\/1703667787-S005G-SYBON-Your-Trusted-Car-Detailing-Supplies-Suppliers-for-Wave-Shape-Pads.jpg\" alt=\"\" width=\"750\" height=\"750\" srcset=\"https:\/\/www.sybonbest.com\/es\/wp-content\/uploads\/2023\/12\/1703667787-S005G-SYBON-Your-Trusted-Car-Detailing-Supplies-Suppliers-for-Wave-Shape-Pads.jpg 750w, https:\/\/www.sybonbest.com\/es\/wp-content\/uploads\/2023\/12\/1703667787-S005G-SYBON-Your-Trusted-Car-Detailing-Supplies-Suppliers-for-Wave-Shape-Pads-480x480.jpg 480w\" sizes=\"(min-width: 0px) and (max-width: 480px) 480px, (min-width: 481px) 750px, 100vw\" \/><\/p>\n<p><img decoding=\"async\" class=\"size-full wp-image-305 aligncenter\" src=\"https:\/\/www.sybonbest.com\/es\/wp-content\/uploads\/2023\/12\/1703667800-S005G-Professional-Grade-Detailing-with-SYBON-Wave-Shaped-Precision-Pads.jpg\" alt=\"\" width=\"750\" height=\"750\" srcset=\"https:\/\/www.sybonbest.com\/es\/wp-content\/uploads\/2023\/12\/1703667800-S005G-Professional-Grade-Detailing-with-SYBON-Wave-Shaped-Precision-Pads.jpg 750w, https:\/\/www.sybonbest.com\/es\/wp-content\/uploads\/2023\/12\/1703667800-S005G-Professional-Grade-Detailing-with-SYBON-Wave-Shaped-Precision-Pads-480x480.jpg 480w\" sizes=\"(min-width: 0px) and (max-width: 480px) 480px, (min-width: 481px) 750px, 100vw\" \/><\/p>\n","protected":false},"excerpt":{"rendered":"<p>Almohadilla para pulir de espuma tipo gofre Tiene cinco colores diferentes de esponja, Dureza: Amarillo &gt; Blanco &gt; Azul &gt; Negro &gt; Naranja, corte y pulido eficientes del revestimiento de oxidaci\u00f3n y rayones del autom\u00f3vil m\u00e1s dif\u00edciles.<\/p>\n","protected":false},"featured_media":306,"comment_status":"closed","ping_status":"closed","template":"","meta":{"_et_pb_use_builder":"","_et_pb_old_content":"","_et_gb_content_width":""},"product_brand":[],"product_cat":[21,23],"product_tag":[168,167],"class_list":{"0":"post-300","1":"product","2":"type-product","3":"status-publish","4":"has-post-thumbnail","6":"product_cat-serie-polaca","7":"product_cat-almohadilla-para-pulir","8":"product_tag-almohadilla-para-pulir-de-espuma-tipo-gofre","9":"product_tag-almohadillas-de-pulido","11":"first","12":"instock","13":"shipping-taxable","14":"product-type-simple"},"_links":{"self":[{"href":"https:\/\/www.sybonbest.com\/es\/wp-json\/wp\/v2\/product\/300","targetHints":{"allow":["GET"]}}],"collection":[{"href":"https:\/\/www.sybonbest.com\/es\/wp-json\/wp\/v2\/product"}],"about":[{"href":"https:\/\/www.sybonbest.com\/es\/wp-json\/wp\/v2\/types\/product"}],"replies":[{"embeddable":true,"href":"https:\/\/www.sybonbest.com\/es\/wp-json\/wp\/v2\/comments?post=300"}],"wp:featuredmedia":[{"embeddable":true,"href":"https:\/\/www.sybonbest.com\/es\/wp-json\/wp\/v2\/media\/306"}],"wp:attachment":[{"href":"https:\/\/www.sybonbest.com\/es\/wp-json\/wp\/v2\/media?parent=300"}],"wp:term":[{"taxonomy":"product_brand","embeddable":true,"href":"https:\/\/www.sybonbest.com\/es\/wp-json\/wp\/v2\/product_brand?post=300"},{"taxonomy":"product_cat","embeddable":true,"href":"https:\/\/www.sybonbest.com\/es\/wp-json\/wp\/v2\/product_cat?post=300"},{"taxonomy":"product_tag","embeddable":true,"href":"https:\/\/www.sybonbest.com\/es\/wp-json\/wp\/v2\/product_tag?post=300"}],"curies":[{"name":"wp","href":"https:\/\/api.w.org\/{rel}","templated":true}]}}