{"id":285,"date":"2023-12-27T16:07:51","date_gmt":"2023-12-27T08:07:51","guid":{"rendered":"https:\/\/www.sybonbest.com\/es\/?post_type=product&#038;p=285"},"modified":"2024-04-19T17:01:43","modified_gmt":"2024-04-19T09:01:43","slug":"s004g-almohadilla-de-esponja-para-pulir-almohadilla-de-pulido-acabado-pesado-medio-ligero","status":"publish","type":"product","link":"https:\/\/www.sybonbest.com\/es\/product\/s004g-almohadilla-de-esponja-para-pulir-almohadilla-de-pulido-acabado-pesado-medio-ligero\/","title":{"rendered":"S004G Almohadilla de esponja para pulir almohadilla de pulido\/acabado pesado-medio-ligero"},"content":{"rendered":"<p><iframe title=\"\u2728 Polish to Perfection with SYBON Polishing Sponge Pads! \ud83d\ude97\u2728\" width=\"1080\" height=\"608\" src=\"https:\/\/www.youtube.com\/embed\/SflBoQshr9M?feature=oembed\"  allow=\"accelerometer; autoplay; clipboard-write; encrypted-media; gyroscope; picture-in-picture; web-share\" allowfullscreen><\/iframe><\/p>\n<p><img decoding=\"async\" class=\"size-full wp-image-286 aligncenter\" src=\"https:\/\/www.sybonbest.com\/es\/wp-content\/uploads\/2023\/12\/1703665310-S004G-Manufacturers-Finest-SYBON-Velcro-Honeycomb-Sponge-Pads-for-Detailing-Precision-in-China.jpg\" alt=\"\" width=\"750\" height=\"302\" srcset=\"https:\/\/www.sybonbest.com\/es\/wp-content\/uploads\/2023\/12\/1703665310-S004G-Manufacturers-Finest-SYBON-Velcro-Honeycomb-Sponge-Pads-for-Detailing-Precision-in-China.jpg 750w, https:\/\/www.sybonbest.com\/es\/wp-content\/uploads\/2023\/12\/1703665310-S004G-Manufacturers-Finest-SYBON-Velcro-Honeycomb-Sponge-Pads-for-Detailing-Precision-in-China-480x193.jpg 480w\" sizes=\"(min-width: 0px) and (max-width: 480px) 480px, (min-width: 481px) 750px, 100vw\" \/><\/p>\n<p>&nbsp;<\/p>\n<h2>S004G Almohadilla de esponja para pulir<\/h2>\n<p>Las almohadillas para pulir tienen una gama completa, desde corte pesado hasta procesos de acabado, borde recto, dise\u00f1o de gancho y bucle, placa de respaldo f\u00e1cil de colocar, respaldo duro duradero resistente al calor, buen equilibrio y funciona bien en m\u00e1quinas de doble acci\u00f3n, no se despega. Mientras tanto, se puede aplicar a pulidoras rotativas y pulidoras GA.<\/p>\n<p>1. Dise\u00f1o innovador: el dise\u00f1o \u00fanico de la espuma mejora la eficacia, garantiza un mejor contacto con la almohadilla, reduce la acumulaci\u00f3n de calor y ofrece una acci\u00f3n de pulido m\u00e1s suave.<\/p>\n<p>2. Calidad superior: estas almohadillas de esponja son de primera categor\u00eda: flexibles, lavables y reutilizables. Perfecto para pulir pintura oxidada, eliminar imperfecciones y lograr un brillo impresionante en un auto de exhibici\u00f3n.<\/p>\n<p>3.Fabricaci\u00f3n de vanguardia: suaves y finamente elaboradas, no da\u00f1ar\u00e1n las superficies. La espuma duradera de celda abierta mejora el flujo de aire, mientras que el dise\u00f1o tipo gofre conserva el brillo y reduce el cabestrillo.<\/p>\n<p>4. F\u00e1cil de usar: adecuadas para pulidoras neum\u00e1ticas o el\u00e9ctricas, estas almohadillas simplifican los detalles del autom\u00f3vil. El respaldo adhesivo permite un f\u00e1cil reemplazo de la esponja. Despu\u00e9s de su uso, simplemente enjuague con agua y seque al aire.<\/p>\n<p>Grado diferente:<br \/>\nEsponja blanca: almohadilla de corte pesada, 65 PPI.<br \/>\nEsponja amarilla: almohadilla de corte mediana, 75PPI.<br \/>\nEsponja naranja: almohadilla de corte ligera, 80PPI.<br \/>\nEsponja negra: almohadilla de pulido, 85 PPI.<br \/>\nEsponja azul: almohadilla de acabado, 90 PPI.<br \/>\n(PPI: par por pulgada)<\/p>\n<p>Caracter\u00edsticas:<br \/>\nLa \u00faltima tecnolog\u00eda de producci\u00f3n. El respaldo de gancho y bucle, el respaldo duro resistente al calor aumentan la durabilidad. Buen equilibrio en la m\u00e1quina de doble acci\u00f3n y RO.<\/p>\n<p>Nota:<br \/>\nLavar con agua despu\u00e9s de su uso y mantenerlo limpio. No exponer al sol.<\/p>\n<p><img decoding=\"async\" class=\"size-full wp-image-287 aligncenter\" src=\"https:\/\/www.sybonbest.com\/es\/wp-content\/uploads\/2023\/12\/1703665441-S004G-Chinas-Premier-Car-Detailing-Supplies-Suppliers-SYBON-Velcro-Sponge-Pads.jpg\" alt=\"\" width=\"750\" height=\"750\" srcset=\"https:\/\/www.sybonbest.com\/es\/wp-content\/uploads\/2023\/12\/1703665441-S004G-Chinas-Premier-Car-Detailing-Supplies-Suppliers-SYBON-Velcro-Sponge-Pads.jpg 750w, https:\/\/www.sybonbest.com\/es\/wp-content\/uploads\/2023\/12\/1703665441-S004G-Chinas-Premier-Car-Detailing-Supplies-Suppliers-SYBON-Velcro-Sponge-Pads-480x480.jpg 480w\" sizes=\"(min-width: 0px) and (max-width: 480px) 480px, (min-width: 481px) 750px, 100vw\" \/><\/p>\n<p><img decoding=\"async\" class=\"size-full wp-image-288 aligncenter\" src=\"https:\/\/www.sybonbest.com\/es\/wp-content\/uploads\/2023\/12\/1703665455-S004G-SYBON-Your-Trusted-Car-Detailing-Supplies-Suppliers-Polishing-Sponge-Pad-for-Velcro-Sponge-Pads.jpg\" alt=\"Almohadilla-de-esponja-para-pulir\" width=\"750\" height=\"750\" srcset=\"https:\/\/www.sybonbest.com\/es\/wp-content\/uploads\/2023\/12\/1703665455-S004G-SYBON-Your-Trusted-Car-Detailing-Supplies-Suppliers-Polishing-Sponge-Pad-for-Velcro-Sponge-Pads.jpg 750w, https:\/\/www.sybonbest.com\/es\/wp-content\/uploads\/2023\/12\/1703665455-S004G-SYBON-Your-Trusted-Car-Detailing-Supplies-Suppliers-Polishing-Sponge-Pad-for-Velcro-Sponge-Pads-480x480.jpg 480w\" sizes=\"(min-width: 0px) and (max-width: 480px) 480px, (min-width: 481px) 750px, 100vw\" \/><\/p>\n<p><img decoding=\"async\" class=\"size-full wp-image-289 aligncenter\" src=\"https:\/\/www.sybonbest.com\/es\/wp-content\/uploads\/2023\/12\/1703665473-S004G-SYBON-Velcro-Quick-Effect-Honeycomb-Sponge-Pads-Manufacturer-Excellence.jpg\" alt=\"\" width=\"750\" height=\"750\" srcset=\"https:\/\/www.sybonbest.com\/es\/wp-content\/uploads\/2023\/12\/1703665473-S004G-SYBON-Velcro-Quick-Effect-Honeycomb-Sponge-Pads-Manufacturer-Excellence.jpg 750w, https:\/\/www.sybonbest.com\/es\/wp-content\/uploads\/2023\/12\/1703665473-S004G-SYBON-Velcro-Quick-Effect-Honeycomb-Sponge-Pads-Manufacturer-Excellence-480x480.jpg 480w\" sizes=\"(min-width: 0px) and (max-width: 480px) 480px, (min-width: 481px) 750px, 100vw\" \/><\/p>\n<p><img decoding=\"async\" class=\"size-full wp-image-290 aligncenter\" src=\"https:\/\/www.sybonbest.com\/es\/wp-content\/uploads\/2023\/12\/1703665493-S004G-SYBON-Velcro-Quick-Effect-Honeycomb-Sponge-Pads-Crafted-for-Detailing-Precision.jpg\" alt=\"\" width=\"750\" height=\"750\" srcset=\"https:\/\/www.sybonbest.com\/es\/wp-content\/uploads\/2023\/12\/1703665493-S004G-SYBON-Velcro-Quick-Effect-Honeycomb-Sponge-Pads-Crafted-for-Detailing-Precision.jpg 750w, https:\/\/www.sybonbest.com\/es\/wp-content\/uploads\/2023\/12\/1703665493-S004G-SYBON-Velcro-Quick-Effect-Honeycomb-Sponge-Pads-Crafted-for-Detailing-Precision-480x480.jpg 480w\" sizes=\"(min-width: 0px) and (max-width: 480px) 480px, (min-width: 481px) 750px, 100vw\" \/><\/p>\n<p><img decoding=\"async\" class=\"size-full wp-image-291 aligncenter\" src=\"https:\/\/www.sybonbest.com\/es\/wp-content\/uploads\/2023\/12\/1703665513-S004G-Experience-Superior-Quality-SYBONs-Velcro-Quick-Effect-Sponge-Pads.jpg\" alt=\"\" width=\"750\" height=\"750\" srcset=\"https:\/\/www.sybonbest.com\/es\/wp-content\/uploads\/2023\/12\/1703665513-S004G-Experience-Superior-Quality-SYBONs-Velcro-Quick-Effect-Sponge-Pads.jpg 750w, https:\/\/www.sybonbest.com\/es\/wp-content\/uploads\/2023\/12\/1703665513-S004G-Experience-Superior-Quality-SYBONs-Velcro-Quick-Effect-Sponge-Pads-480x480.jpg 480w\" sizes=\"(min-width: 0px) and (max-width: 480px) 480px, (min-width: 481px) 750px, 100vw\" \/><\/p>\n","protected":false},"excerpt":{"rendered":"<p>Almohadilla de esponja para pulir el dise\u00f1o \u00fanico mejora la efectividad, asegurando un mejor contacto de la almohadilla, reduciendo la acumulaci\u00f3n de calor y brindando una acci\u00f3n de pulido m\u00e1s suave.<\/p>\n","protected":false},"featured_media":292,"comment_status":"closed","ping_status":"closed","template":"","meta":{"_et_pb_use_builder":"","_et_pb_old_content":"","_et_gb_content_width":""},"product_brand":[],"product_cat":[21,23],"product_tag":[169],"class_list":{"0":"post-285","1":"product","2":"type-product","3":"status-publish","4":"has-post-thumbnail","6":"product_cat-serie-polaca","7":"product_cat-almohadilla-para-pulir","8":"product_tag-almohadilla-de-esponja-para-pulir","10":"first","11":"instock","12":"shipping-taxable","13":"product-type-simple"},"_links":{"self":[{"href":"https:\/\/www.sybonbest.com\/es\/wp-json\/wp\/v2\/product\/285","targetHints":{"allow":["GET"]}}],"collection":[{"href":"https:\/\/www.sybonbest.com\/es\/wp-json\/wp\/v2\/product"}],"about":[{"href":"https:\/\/www.sybonbest.com\/es\/wp-json\/wp\/v2\/types\/product"}],"replies":[{"embeddable":true,"href":"https:\/\/www.sybonbest.com\/es\/wp-json\/wp\/v2\/comments?post=285"}],"wp:featuredmedia":[{"embeddable":true,"href":"https:\/\/www.sybonbest.com\/es\/wp-json\/wp\/v2\/media\/292"}],"wp:attachment":[{"href":"https:\/\/www.sybonbest.com\/es\/wp-json\/wp\/v2\/media?parent=285"}],"wp:term":[{"taxonomy":"product_brand","embeddable":true,"href":"https:\/\/www.sybonbest.com\/es\/wp-json\/wp\/v2\/product_brand?post=285"},{"taxonomy":"product_cat","embeddable":true,"href":"https:\/\/www.sybonbest.com\/es\/wp-json\/wp\/v2\/product_cat?post=285"},{"taxonomy":"product_tag","embeddable":true,"href":"https:\/\/www.sybonbest.com\/es\/wp-json\/wp\/v2\/product_tag?post=285"}],"curies":[{"name":"wp","href":"https:\/\/api.w.org\/{rel}","templated":true}]}}