{"id":274,"date":"2023-12-27T15:44:14","date_gmt":"2023-12-27T07:44:14","guid":{"rendered":"https:\/\/www.sybonbest.com\/es\/?post_type=product&#038;p=274"},"modified":"2024-04-19T17:21:24","modified_gmt":"2024-04-19T09:21:24","slug":"s003g-almohadilla-de-pulido-para-pulir-almohadillas-para-pulir-de-espuma-tipo-gofre-placa-de-respaldo-pulidor-de-coche-pulido-y-encerado-compuesto-para-barcos","status":"publish","type":"product","link":"https:\/\/www.sybonbest.com\/es\/product\/s003g-almohadilla-de-pulido-para-pulir-almohadillas-para-pulir-de-espuma-tipo-gofre-placa-de-respaldo-pulidor-de-coche-pulido-y-encerado-compuesto-para-barcos\/","title":{"rendered":"S003G Almohadilla de pulido para pulir almohadillas para pulir de espuma tipo gofre, placa de respaldo, pulidor de coche, pulido y encerado compuesto para barcos"},"content":{"rendered":"<p><iframe title=\"\u2728 Elevate Your Shine with SYBON S003G Waffle Foam Buffing Pads! \ud83d\ude97\u2728\" width=\"1080\" height=\"608\" src=\"https:\/\/www.youtube.com\/embed\/ezv3GhglEmc?feature=oembed\"  allow=\"accelerometer; autoplay; clipboard-write; encrypted-media; gyroscope; picture-in-picture; web-share\" allowfullscreen><\/iframe><\/p>\n<p><img decoding=\"async\" class=\"size-full wp-image-275 aligncenter\" src=\"https:\/\/www.sybonbest.com\/es\/wp-content\/uploads\/2023\/12\/1703663925-S003G-Chinas-Premier-Car-Detailing-Supplies-Suppliers-SYBON-Diamond-Pads.jpg\" alt=\"\" width=\"750\" height=\"302\" srcset=\"https:\/\/www.sybonbest.com\/es\/wp-content\/uploads\/2023\/12\/1703663925-S003G-Chinas-Premier-Car-Detailing-Supplies-Suppliers-SYBON-Diamond-Pads.jpg 750w, https:\/\/www.sybonbest.com\/es\/wp-content\/uploads\/2023\/12\/1703663925-S003G-Chinas-Premier-Car-Detailing-Supplies-Suppliers-SYBON-Diamond-Pads-480x193.jpg 480w\" sizes=\"(min-width: 0px) and (max-width: 480px) 480px, (min-width: 481px) 750px, 100vw\" \/><\/p>\n<p>&nbsp;<\/p>\n<h2>S003G Almohadilla de pulido para pulir almohadillas para pulir de espuma tipo gofre<\/h2>\n<p>1.Dise\u00f1o \u00fanico. El dise\u00f1o de espuma mejora su efectividad al proporcionar un mejor contacto de la almohadilla con la superficie, lo que reduce la acumulaci\u00f3n de calor y brinda una acci\u00f3n de pulido m\u00e1s suave.<\/p>\n<p>2.Alta calidad. Almohadilla de esponja de primera calidad, flexible, lavable y reutilizable. Se utiliza para todo tipo de pintura oxidada, piel de naranja, rayones profundos, rayones de lijado de color y capas superiores duras y transparentes, luego pule el acabado para resaltar el nivel m\u00e1s alto de brillo del auto de exhibici\u00f3n.<\/p>\n<p>3.Tecnolog\u00eda de fabricaci\u00f3n avanzada. Mano de obra suave y fina, no da\u00f1a la superficie, lavable y ahorra dinero. Hecho de espuma duradera de c\u00e9lulas abiertas que mejora el flujo de aire entre la almohadilla y la superficie.<\/p>\n<p>4.F\u00e1cil de usar. Se puede utilizar en pulidoras neum\u00e1ticas o el\u00e9ctricas. Se utiliza para pulir detalles de autom\u00f3viles. Con el respaldo de la barra abrasiva, puedes cambiar f\u00e1cilmente la esponja. Se sugiere lavarlos con agua limpia y secarlos naturalmente despu\u00e9s de su uso.<\/p>\n<p>Familia de colores para diferentes pasos:<\/p>\n<p>1.El material de espuma de color verde de 40 PPI funciona con compuesto de corte para procesos de corte pesados y elimina rayones profundos.<\/p>\n<p>2.El material de espuma de 50 PPI de color amarillo se aplica con un compuesto de corte o pulido para un proceso de corte medio, f\u00e1cil de eliminar los rayones leves y los remolinos.<\/p>\n<p>3.El material de espuma de color granate de 60 PPI sugiere combinar un compuesto del paso 2 para un corte ligero, o trabajar con un compuesto del paso 1 para obtener m\u00e1s potencia de corte.<\/p>\n<p>4. El material de espuma de 70 PPI de color naranja sugiere combinar un compuesto del paso 2 para un corte ligero, o trabajar con un compuesto del paso 1 para obtener m\u00e1s potencia de corte.<\/p>\n<p>5.La espuma de color azul de 80 PPI es un material suave que es duradero y \u00fatil para pintura blanda y dura. Se agradece trabajar con l\u00edquido abrillantador para pulir o aplicar con abrillantador para el proceso de acabado.<\/p>\n<p>6.La espuma de color rojo de 85 PPI tiene una acci\u00f3n de limpieza muy ligera para eliminar marcas de remolinos ultrafinas, rayones de lavado de autos y novatadas, dejando un acabado brillante sin remolinos cuando se usa junto con pulimentos de acabado.<\/p>\n<p>7. La espuma ultra suave de material de espuma de 90PPI de color negro es para encerar la pintura del autom\u00f3vil, despu\u00e9s de este proceso aumentar\u00e1 el brillo de la pintura de su autom\u00f3vil.<\/p>\n<p><img decoding=\"async\" class=\"size-full wp-image-276 aligncenter\" src=\"https:\/\/www.sybonbest.com\/es\/wp-content\/uploads\/2023\/12\/1703664123-S003G-Unlock-Brilliance-with-SYBON-Buffing-Polishing-Pad-Advanced-Car-Detailing.jpg\" alt=\"\" width=\"750\" height=\"750\" srcset=\"https:\/\/www.sybonbest.com\/es\/wp-content\/uploads\/2023\/12\/1703664123-S003G-Unlock-Brilliance-with-SYBON-Buffing-Polishing-Pad-Advanced-Car-Detailing.jpg 750w, https:\/\/www.sybonbest.com\/es\/wp-content\/uploads\/2023\/12\/1703664123-S003G-Unlock-Brilliance-with-SYBON-Buffing-Polishing-Pad-Advanced-Car-Detailing-480x480.jpg 480w\" sizes=\"(min-width: 0px) and (max-width: 480px) 480px, (min-width: 481px) 750px, 100vw\" \/><\/p>\n<p><img decoding=\"async\" class=\"size-full wp-image-277 aligncenter\" src=\"https:\/\/www.sybonbest.com\/es\/wp-content\/uploads\/2023\/12\/1703664141-S003G-SYBON-Your-Trusted-Car-Detailing-Supplies-Suppliers-for-Diamond-Grain-Pads.jpg\" alt=\"Almohadilla-de-pulido-para-pulir\" width=\"750\" height=\"750\" srcset=\"https:\/\/www.sybonbest.com\/es\/wp-content\/uploads\/2023\/12\/1703664141-S003G-SYBON-Your-Trusted-Car-Detailing-Supplies-Suppliers-for-Diamond-Grain-Pads.jpg 750w, https:\/\/www.sybonbest.com\/es\/wp-content\/uploads\/2023\/12\/1703664141-S003G-SYBON-Your-Trusted-Car-Detailing-Supplies-Suppliers-for-Diamond-Grain-Pads-480x480.jpg 480w\" sizes=\"(min-width: 0px) and (max-width: 480px) 480px, (min-width: 481px) 750px, 100vw\" \/><\/p>\n<p><img decoding=\"async\" class=\"size-full wp-image-281 aligncenter\" src=\"https:\/\/www.sybonbest.com\/es\/wp-content\/uploads\/2023\/12\/1703664248-S003G-SYBON-Diamond-Grain-Sponge-Pads-Crafted-for-Precision-Diamond-Polishing.jpg\" alt=\"\" width=\"750\" height=\"750\" srcset=\"https:\/\/www.sybonbest.com\/es\/wp-content\/uploads\/2023\/12\/1703664248-S003G-SYBON-Diamond-Grain-Sponge-Pads-Crafted-for-Precision-Diamond-Polishing.jpg 750w, https:\/\/www.sybonbest.com\/es\/wp-content\/uploads\/2023\/12\/1703664248-S003G-SYBON-Diamond-Grain-Sponge-Pads-Crafted-for-Precision-Diamond-Polishing-480x480.jpg 480w\" sizes=\"(min-width: 0px) and (max-width: 480px) 480px, (min-width: 481px) 750px, 100vw\" \/><\/p>\n<p><img decoding=\"async\" class=\"size-full wp-image-282 aligncenter\" src=\"https:\/\/www.sybonbest.com\/es\/wp-content\/uploads\/2023\/12\/1703664264-S003G-Professional-Grade-Detailing-with-SYBON-Diamond-Infused-Sponge-Pads.jpg\" alt=\"\" width=\"750\" height=\"750\" srcset=\"https:\/\/www.sybonbest.com\/es\/wp-content\/uploads\/2023\/12\/1703664264-S003G-Professional-Grade-Detailing-with-SYBON-Diamond-Infused-Sponge-Pads.jpg 750w, https:\/\/www.sybonbest.com\/es\/wp-content\/uploads\/2023\/12\/1703664264-S003G-Professional-Grade-Detailing-with-SYBON-Diamond-Infused-Sponge-Pads-480x480.jpg 480w\" sizes=\"(min-width: 0px) and (max-width: 480px) 480px, (min-width: 481px) 750px, 100vw\" \/><\/p>\n<p><img decoding=\"async\" class=\"size-full wp-image-278 aligncenter\" src=\"https:\/\/www.sybonbest.com\/es\/wp-content\/uploads\/2023\/12\/1703664175-S003G-SYBON-Diamond-Grain-Sponge-Pads-Manufacturer-Excellence-in-Detailing-Tools.jpg\" alt=\"\" width=\"750\" height=\"750\" srcset=\"https:\/\/www.sybonbest.com\/es\/wp-content\/uploads\/2023\/12\/1703664175-S003G-SYBON-Diamond-Grain-Sponge-Pads-Manufacturer-Excellence-in-Detailing-Tools.jpg 750w, https:\/\/www.sybonbest.com\/es\/wp-content\/uploads\/2023\/12\/1703664175-S003G-SYBON-Diamond-Grain-Sponge-Pads-Manufacturer-Excellence-in-Detailing-Tools-480x480.jpg 480w\" sizes=\"(min-width: 0px) and (max-width: 480px) 480px, (min-width: 481px) 750px, 100vw\" \/><\/p>\n<p><img decoding=\"async\" class=\"size-full wp-image-279 aligncenter\" src=\"https:\/\/www.sybonbest.com\/es\/wp-content\/uploads\/2023\/12\/1703664190-S003G-Manufacturers-Finest-SYBON-Diamond-Grain-Sponge-Pads-for-Detailing-Precision-in-China.jpg\" alt=\"\" width=\"750\" height=\"750\" srcset=\"https:\/\/www.sybonbest.com\/es\/wp-content\/uploads\/2023\/12\/1703664190-S003G-Manufacturers-Finest-SYBON-Diamond-Grain-Sponge-Pads-for-Detailing-Precision-in-China.jpg 750w, https:\/\/www.sybonbest.com\/es\/wp-content\/uploads\/2023\/12\/1703664190-S003G-Manufacturers-Finest-SYBON-Diamond-Grain-Sponge-Pads-for-Detailing-Precision-in-China-480x480.jpg 480w\" sizes=\"(min-width: 0px) and (max-width: 480px) 480px, (min-width: 481px) 750px, 100vw\" \/><\/p>\n<p><img decoding=\"async\" class=\"size-full wp-image-280 aligncenter\" src=\"https:\/\/www.sybonbest.com\/es\/wp-content\/uploads\/2023\/12\/1703664217-S003G-Elevate-Your-Detailing-Game-with-SYBON-Diamond-Grain-Sponge-Pads-Excellence.jpg\" alt=\"\" width=\"750\" height=\"750\" srcset=\"https:\/\/www.sybonbest.com\/es\/wp-content\/uploads\/2023\/12\/1703664217-S003G-Elevate-Your-Detailing-Game-with-SYBON-Diamond-Grain-Sponge-Pads-Excellence.jpg 750w, https:\/\/www.sybonbest.com\/es\/wp-content\/uploads\/2023\/12\/1703664217-S003G-Elevate-Your-Detailing-Game-with-SYBON-Diamond-Grain-Sponge-Pads-Excellence-480x480.jpg 480w\" sizes=\"(min-width: 0px) and (max-width: 480px) 480px, (min-width: 481px) 750px, 100vw\" \/><\/p>\n","protected":false},"excerpt":{"rendered":"<p>Almohadilla de pulido para pulir el dise\u00f1o mejora su efectividad al proporcionar un mejor contacto de la almohadilla con la superficie, lo que reduce la acumulaci\u00f3n de calor y brinda una acci\u00f3n de pulido m\u00e1s suave.<\/p>\n","protected":false},"featured_media":283,"comment_status":"closed","ping_status":"closed","template":"","meta":{"_et_pb_use_builder":"","_et_pb_old_content":"","_et_gb_content_width":""},"product_brand":[],"product_cat":[21,23],"product_tag":[170,171],"class_list":{"0":"post-274","1":"product","2":"type-product","3":"status-publish","4":"has-post-thumbnail","6":"product_cat-serie-polaca","7":"product_cat-almohadilla-para-pulir","8":"product_tag-almohadilla-de-pulido-para-pulir","9":"product_tag-almohadillas-para-pulir-de-espuma-tipo-gofre","11":"first","12":"instock","13":"shipping-taxable","14":"product-type-simple"},"_links":{"self":[{"href":"https:\/\/www.sybonbest.com\/es\/wp-json\/wp\/v2\/product\/274","targetHints":{"allow":["GET"]}}],"collection":[{"href":"https:\/\/www.sybonbest.com\/es\/wp-json\/wp\/v2\/product"}],"about":[{"href":"https:\/\/www.sybonbest.com\/es\/wp-json\/wp\/v2\/types\/product"}],"replies":[{"embeddable":true,"href":"https:\/\/www.sybonbest.com\/es\/wp-json\/wp\/v2\/comments?post=274"}],"wp:featuredmedia":[{"embeddable":true,"href":"https:\/\/www.sybonbest.com\/es\/wp-json\/wp\/v2\/media\/283"}],"wp:attachment":[{"href":"https:\/\/www.sybonbest.com\/es\/wp-json\/wp\/v2\/media?parent=274"}],"wp:term":[{"taxonomy":"product_brand","embeddable":true,"href":"https:\/\/www.sybonbest.com\/es\/wp-json\/wp\/v2\/product_brand?post=274"},{"taxonomy":"product_cat","embeddable":true,"href":"https:\/\/www.sybonbest.com\/es\/wp-json\/wp\/v2\/product_cat?post=274"},{"taxonomy":"product_tag","embeddable":true,"href":"https:\/\/www.sybonbest.com\/es\/wp-json\/wp\/v2\/product_tag?post=274"}],"curies":[{"name":"wp","href":"https:\/\/api.w.org\/{rel}","templated":true}]}}