{"id":235,"date":"2023-12-27T13:56:15","date_gmt":"2023-12-27T05:56:15","guid":{"rendered":"https:\/\/www.sybonbest.com\/es\/?post_type=product&#038;p=235"},"modified":"2024-04-19T18:00:54","modified_gmt":"2024-04-19T10:00:54","slug":"s700-cera-en-pasta-de-carnauba-cera-para-autos-con-brillo-profundo-propiedades-hidrofobicas-concentracion-pesada-para-un-brillo-mas-duradero","status":"publish","type":"product","link":"https:\/\/www.sybonbest.com\/es\/product\/s700-cera-en-pasta-de-carnauba-cera-para-autos-con-brillo-profundo-propiedades-hidrofobicas-concentracion-pesada-para-un-brillo-mas-duradero\/","title":{"rendered":"S700 Cera en pasta de carnauba cera para autos con brillo profundo Propiedades hidrof\u00f3bicas Concentraci\u00f3n pesada para un brillo m\u00e1s duradero"},"content":{"rendered":"<p><iframe title=\"\u2728 Unleash the Shine with SYBON Carnauba Paste Wax! \ud83d\ude97\u2728\" width=\"1080\" height=\"608\" src=\"https:\/\/www.youtube.com\/embed\/CcaUyMwoD5w?feature=oembed\"  allow=\"accelerometer; autoplay; clipboard-write; encrypted-media; gyroscope; picture-in-picture; web-share\" allowfullscreen><\/iframe><\/p>\n<p><img decoding=\"async\" class=\"size-full wp-image-237 aligncenter\" src=\"https:\/\/www.sybonbest.com\/es\/wp-content\/uploads\/2023\/12\/1703657726-S700-Carnauba-Paste-Wax-Deep-Gloss-Shine-Car-Wax-Hydrophobic-Properties-Heavy-Concentration-for-Longer-Lasting-Shine.jpg\" alt=\"\" width=\"750\" height=\"302\" srcset=\"https:\/\/www.sybonbest.com\/es\/wp-content\/uploads\/2023\/12\/1703657726-S700-Carnauba-Paste-Wax-Deep-Gloss-Shine-Car-Wax-Hydrophobic-Properties-Heavy-Concentration-for-Longer-Lasting-Shine.jpg 750w, https:\/\/www.sybonbest.com\/es\/wp-content\/uploads\/2023\/12\/1703657726-S700-Carnauba-Paste-Wax-Deep-Gloss-Shine-Car-Wax-Hydrophobic-Properties-Heavy-Concentration-for-Longer-Lasting-Shine-480x193.jpg 480w\" sizes=\"(min-width: 0px) and (max-width: 480px) 480px, (min-width: 481px) 750px, 100vw\" \/><\/p>\n<p>&nbsp;<\/p>\n<h2>S700 Cera en pasta de carnauba cera para coche con brillo intenso<\/h2>\n<p>1. Cera en pasta para un alto brillo: la cera de carnauba y los pol\u00edmeros crean una protecci\u00f3n fuerte y duradera para preservar el acabado con un brillo reflectante brillante.<br \/>\n2. Capa transparente segura: la mezcla especial de carnauba y pol\u00edmeros protectores es segura y eficaz en capas transparentes y todo tipo de pintura brillante.<br \/>\n3.Mejor brillo: la f\u00f3rmula mejorada crea un brillo a\u00fan m\u00e1s brillante y reflejos m\u00e1s profundos.<br \/>\n4. Uso f\u00e1cil y vers\u00e1til: se desliza f\u00e1cilmente y se puede aplicar a mano o con un pulidor de doble acci\u00f3n.<\/p>\n<p><img decoding=\"async\" class=\"size-full wp-image-238 aligncenter\" src=\"https:\/\/www.sybonbest.com\/es\/wp-content\/uploads\/2023\/12\/1703657856-S700-SYBON-Carnauba-Paste-Wax-Premium-Car-Detailing-Elegance.jpg\" alt=\"S700-SYBON-Cera-en-pasta-de-carnauba-Elegancia-premium-para-detalles-de-autom\u00f3viles-cera-en-pasta-de-carnauba\" width=\"750\" height=\"750\" srcset=\"https:\/\/www.sybonbest.com\/es\/wp-content\/uploads\/2023\/12\/1703657856-S700-SYBON-Carnauba-Paste-Wax-Premium-Car-Detailing-Elegance.jpg 750w, https:\/\/www.sybonbest.com\/es\/wp-content\/uploads\/2023\/12\/1703657856-S700-SYBON-Carnauba-Paste-Wax-Premium-Car-Detailing-Elegance-480x480.jpg 480w\" sizes=\"(min-width: 0px) and (max-width: 480px) 480px, (min-width: 481px) 750px, 100vw\" \/><\/p>\n<p><img decoding=\"async\" class=\"size-full wp-image-239 aligncenter\" src=\"https:\/\/www.sybonbest.com\/es\/wp-content\/uploads\/2023\/12\/1703657871-S700-Carnauba-Wax-by-SYBON-Supreme-Gloss-and-Protection.jpg\" alt=\"\" width=\"750\" height=\"750\" srcset=\"https:\/\/www.sybonbest.com\/es\/wp-content\/uploads\/2023\/12\/1703657871-S700-Carnauba-Wax-by-SYBON-Supreme-Gloss-and-Protection.jpg 750w, https:\/\/www.sybonbest.com\/es\/wp-content\/uploads\/2023\/12\/1703657871-S700-Carnauba-Wax-by-SYBON-Supreme-Gloss-and-Protection-480x480.jpg 480w\" sizes=\"(min-width: 0px) and (max-width: 480px) 480px, (min-width: 481px) 750px, 100vw\" \/><\/p>\n<p><img decoding=\"async\" class=\"size-full wp-image-240 aligncenter\" src=\"https:\/\/www.sybonbest.com\/es\/wp-content\/uploads\/2023\/12\/1703657896-S700-Elevate-Shine-with-SYBON-Carnauba-Car-Wax-Manufacturer-Excellence.jpg\" alt=\"\" width=\"750\" height=\"750\" srcset=\"https:\/\/www.sybonbest.com\/es\/wp-content\/uploads\/2023\/12\/1703657896-S700-Elevate-Shine-with-SYBON-Carnauba-Car-Wax-Manufacturer-Excellence.jpg 750w, https:\/\/www.sybonbest.com\/es\/wp-content\/uploads\/2023\/12\/1703657896-S700-Elevate-Shine-with-SYBON-Carnauba-Car-Wax-Manufacturer-Excellence-480x480.jpg 480w\" sizes=\"(min-width: 0px) and (max-width: 480px) 480px, (min-width: 481px) 750px, 100vw\" \/><\/p>\n<p><img decoding=\"async\" class=\"size-full wp-image-241 aligncenter\" src=\"https:\/\/www.sybonbest.com\/es\/wp-content\/uploads\/2023\/12\/1703657917-S700-SYBON-Carnauba-Wax-Chinas-Finest-Car-Care-Product.jpg\" alt=\"\" width=\"750\" height=\"750\" srcset=\"https:\/\/www.sybonbest.com\/es\/wp-content\/uploads\/2023\/12\/1703657917-S700-SYBON-Carnauba-Wax-Chinas-Finest-Car-Care-Product.jpg 750w, https:\/\/www.sybonbest.com\/es\/wp-content\/uploads\/2023\/12\/1703657917-S700-SYBON-Carnauba-Wax-Chinas-Finest-Car-Care-Product-480x480.jpg 480w\" sizes=\"(min-width: 0px) and (max-width: 480px) 480px, (min-width: 481px) 750px, 100vw\" \/><\/p>\n<p><img decoding=\"async\" class=\"size-full wp-image-242 aligncenter\" src=\"https:\/\/www.sybonbest.com\/es\/wp-content\/uploads\/2023\/12\/1703657933-S700-Chinas-Leading-Car-Detailing-Supplies-Suppliers-SYBON-Carnauba-Wax.jpg\" alt=\"\" width=\"750\" height=\"750\" srcset=\"https:\/\/www.sybonbest.com\/es\/wp-content\/uploads\/2023\/12\/1703657933-S700-Chinas-Leading-Car-Detailing-Supplies-Suppliers-SYBON-Carnauba-Wax.jpg 750w, https:\/\/www.sybonbest.com\/es\/wp-content\/uploads\/2023\/12\/1703657933-S700-Chinas-Leading-Car-Detailing-Supplies-Suppliers-SYBON-Carnauba-Wax-480x480.jpg 480w\" sizes=\"(min-width: 0px) and (max-width: 480px) 480px, (min-width: 481px) 750px, 100vw\" \/><\/p>\n","protected":false},"excerpt":{"rendered":"<p><strong>\u00b7<\/strong> Alto grado cera en pasta de carnauba<br \/>\n<strong>\u00b7<\/strong> Brillo y protecci\u00f3n superiores<br \/>\n<strong>\u00b7<\/strong> F\u00e1cil aplicaci\u00f3n y mayor duraci\u00f3n que la cera l\u00edquida.<\/p>\n","protected":false},"featured_media":238,"comment_status":"closed","ping_status":"closed","template":"","meta":{"_et_pb_use_builder":"","_et_pb_old_content":"","_et_gb_content_width":""},"product_brand":[],"product_cat":[21,49],"product_tag":[175,174],"class_list":{"0":"post-235","1":"product","2":"type-product","3":"status-publish","4":"has-post-thumbnail","6":"product_cat-serie-polaca","7":"product_cat-cera-de-carnauba","8":"product_tag-cera-de-carnauba","9":"product_tag-cera-en-pasta-de-carnauba","11":"first","12":"instock","13":"shipping-taxable","14":"product-type-simple"},"_links":{"self":[{"href":"https:\/\/www.sybonbest.com\/es\/wp-json\/wp\/v2\/product\/235","targetHints":{"allow":["GET"]}}],"collection":[{"href":"https:\/\/www.sybonbest.com\/es\/wp-json\/wp\/v2\/product"}],"about":[{"href":"https:\/\/www.sybonbest.com\/es\/wp-json\/wp\/v2\/types\/product"}],"replies":[{"embeddable":true,"href":"https:\/\/www.sybonbest.com\/es\/wp-json\/wp\/v2\/comments?post=235"}],"wp:featuredmedia":[{"embeddable":true,"href":"https:\/\/www.sybonbest.com\/es\/wp-json\/wp\/v2\/media\/238"}],"wp:attachment":[{"href":"https:\/\/www.sybonbest.com\/es\/wp-json\/wp\/v2\/media?parent=235"}],"wp:term":[{"taxonomy":"product_brand","embeddable":true,"href":"https:\/\/www.sybonbest.com\/es\/wp-json\/wp\/v2\/product_brand?post=235"},{"taxonomy":"product_cat","embeddable":true,"href":"https:\/\/www.sybonbest.com\/es\/wp-json\/wp\/v2\/product_cat?post=235"},{"taxonomy":"product_tag","embeddable":true,"href":"https:\/\/www.sybonbest.com\/es\/wp-json\/wp\/v2\/product_tag?post=235"}],"curies":[{"name":"wp","href":"https:\/\/api.w.org\/{rel}","templated":true}]}}