{"id":228,"date":"2023-12-27T11:31:33","date_gmt":"2023-12-27T03:31:33","guid":{"rendered":"https:\/\/www.sybonbest.com\/es\/?post_type=product&#038;p=228"},"modified":"2024-04-19T18:13:54","modified_gmt":"2024-04-19T10:13:54","slug":"s750-esmalte-a-mano-restaura-un-brillo-y-brillo-brillantes-a-las-pinturas-automotrices","status":"publish","type":"product","link":"https:\/\/www.sybonbest.com\/es\/product\/s750-esmalte-a-mano-restaura-un-brillo-y-brillo-brillantes-a-las-pinturas-automotrices\/","title":{"rendered":"S750 Esmalte a mano restaura un brillo y brillo brillantes a las pinturas automotrices"},"content":{"rendered":"<p><iframe title=\"\u2728 Rediscover Brilliance with SYBON Hand Glaze! \ud83c\udf1f\u2728\" width=\"1080\" height=\"608\" src=\"https:\/\/www.youtube.com\/embed\/ym6u9ixHlw8?feature=oembed\"  allow=\"accelerometer; autoplay; clipboard-write; encrypted-media; gyroscope; picture-in-picture; web-share\" allowfullscreen><\/iframe><\/p>\n<h2><\/h2>\n<p><img decoding=\"async\" class=\"size-full wp-image-229 aligncenter\" src=\"https:\/\/www.sybonbest.com\/es\/wp-content\/uploads\/2023\/12\/1703649140-S750-Chinas-Top-Car-Detailing-Supplies-Suppliers-SYBON-Hand-Glaze.jpg\" alt=\"\" width=\"750\" height=\"302\" srcset=\"https:\/\/www.sybonbest.com\/es\/wp-content\/uploads\/2023\/12\/1703649140-S750-Chinas-Top-Car-Detailing-Supplies-Suppliers-SYBON-Hand-Glaze.jpg 750w, https:\/\/www.sybonbest.com\/es\/wp-content\/uploads\/2023\/12\/1703649140-S750-Chinas-Top-Car-Detailing-Supplies-Suppliers-SYBON-Hand-Glaze-480x193.jpg 480w\" sizes=\"(min-width: 0px) and (max-width: 480px) 480px, (min-width: 481px) 750px, 100vw\" \/><\/p>\n<h2>S750 Esmalte a mano restaura un brillo y brillo brillantes a las pinturas automotrices<\/h2>\n<p>1.SYBON Esmalte a mano proporciona un acabado profundo que restaura la apariencia OEM de un veh\u00edculo. Su f\u00f3rmula de calidad profesional crea un \"brillo de auto de exhibici\u00f3n\". Una f\u00f3rmula optimizada para el brillo realza el brillo del brillo. Esta f\u00f3rmula es segura tanto para talleres de pintura como para capas transparentes.<br \/>\n2.Restaurar la apariencia OEM a mano.SYBON Hand Glaze hace que un autom\u00f3vil parezca nuevo con un brillo que brilla en la luz. El esmalte hecho a mano produce una apariencia deslumbrante que casi parece h\u00fameda. Simplemente apl\u00edquelo a mano con un pa\u00f1o de microfibra para detalles para aumentar el brillo de la superficie y limpiar salpicaduras o residuos despu\u00e9s de pulir a m\u00e1quina todo tipo de acabados o pinturas automotrices aplicadas en f\u00e1brica. El uso de esmalte manual ayuda a acondicionar nuevos trabajos de pintura. Para veh\u00edculos m\u00e1s antiguos, el barnizado manual hace maravillas al rejuvenecer la vida \u00fatil de la pintura, devolviendo a la superficie una apariencia suave y brillante.<br \/>\n3.SYBON Hand Glaze es seguro tanto para talleres de pintura como para capas transparentes. Aplique el esmalte en un garaje o en un lugar exterior protegido para evitar la luz solar directa. Evite aplicar esmalte sobre superficies calientes.<\/p>\n<p><img decoding=\"async\" class=\"size-full wp-image-230 aligncenter\" src=\"https:\/\/www.sybonbest.com\/es\/wp-content\/uploads\/2023\/12\/1703655841-S750-SYBON-Your-Trusted-Car-Detailing-Supplies-Suppliers-for-Hand-Glaze.jpg\" alt=\"S750-SYBON-Sus-proveedores-confiables-de-suministros-para-detalles-de-autom\u00f3viles-para-glaseado-manual-esmalte-a-mano\" width=\"750\" height=\"750\" srcset=\"https:\/\/www.sybonbest.com\/es\/wp-content\/uploads\/2023\/12\/1703655841-S750-SYBON-Your-Trusted-Car-Detailing-Supplies-Suppliers-for-Hand-Glaze.jpg 750w, https:\/\/www.sybonbest.com\/es\/wp-content\/uploads\/2023\/12\/1703655841-S750-SYBON-Your-Trusted-Car-Detailing-Supplies-Suppliers-for-Hand-Glaze-480x480.jpg 480w\" sizes=\"(min-width: 0px) and (max-width: 480px) 480px, (min-width: 481px) 750px, 100vw\" \/><\/p>\n<p><img decoding=\"async\" class=\"size-full wp-image-231 aligncenter\" src=\"https:\/\/www.sybonbest.com\/es\/wp-content\/uploads\/2023\/12\/1703655857-S750-Elevate-Shine-with-SYBON-Hand-Glaze-Perfection.jpg\" alt=\"\" width=\"750\" height=\"750\" srcset=\"https:\/\/www.sybonbest.com\/es\/wp-content\/uploads\/2023\/12\/1703655857-S750-Elevate-Shine-with-SYBON-Hand-Glaze-Perfection.jpg 750w, https:\/\/www.sybonbest.com\/es\/wp-content\/uploads\/2023\/12\/1703655857-S750-Elevate-Shine-with-SYBON-Hand-Glaze-Perfection-480x480.jpg 480w\" sizes=\"(min-width: 0px) and (max-width: 480px) 480px, (min-width: 481px) 750px, 100vw\" \/><\/p>\n<p><img decoding=\"async\" class=\"size-full wp-image-232 aligncenter\" src=\"https:\/\/www.sybonbest.com\/es\/wp-content\/uploads\/2023\/12\/1703655881-S750-Glaze-Sealant-Magic-SYBON-Hand-Glaze-for-Lasting-Protection.jpg\" alt=\"\" width=\"750\" height=\"750\" srcset=\"https:\/\/www.sybonbest.com\/es\/wp-content\/uploads\/2023\/12\/1703655881-S750-Glaze-Sealant-Magic-SYBON-Hand-Glaze-for-Lasting-Protection.jpg 750w, https:\/\/www.sybonbest.com\/es\/wp-content\/uploads\/2023\/12\/1703655881-S750-Glaze-Sealant-Magic-SYBON-Hand-Glaze-for-Lasting-Protection-480x480.jpg 480w\" sizes=\"(min-width: 0px) and (max-width: 480px) 480px, (min-width: 481px) 750px, 100vw\" \/><\/p>\n<p><img decoding=\"async\" class=\"size-full wp-image-233 aligncenter\" src=\"https:\/\/www.sybonbest.com\/es\/wp-content\/uploads\/2023\/12\/1703655896-S750-Hand-Glaze-by-SYBON-Manufacturer-Excellence-in-Car-Care.jpg\" alt=\"\" width=\"750\" height=\"750\" srcset=\"https:\/\/www.sybonbest.com\/es\/wp-content\/uploads\/2023\/12\/1703655896-S750-Hand-Glaze-by-SYBON-Manufacturer-Excellence-in-Car-Care.jpg 750w, https:\/\/www.sybonbest.com\/es\/wp-content\/uploads\/2023\/12\/1703655896-S750-Hand-Glaze-by-SYBON-Manufacturer-Excellence-in-Car-Care-480x480.jpg 480w\" sizes=\"(min-width: 0px) and (max-width: 480px) 480px, (min-width: 481px) 750px, 100vw\" \/><\/p>\n","protected":false},"excerpt":{"rendered":"<p>SYBON Esmalte a mano proporciona un acabado profundo que restaura la apariencia OEM de un veh\u00edculo. Su f\u00f3rmula de calidad profesional crea un \"brillo de auto de exhibici\u00f3n\". Una f\u00f3rmula optimizada para el brillo realza el brillo del brillo. Esta f\u00f3rmula es segura tanto para talleres de pintura como para capas transparentes.<\/p>\n","protected":false},"featured_media":230,"comment_status":"closed","ping_status":"closed","template":"","meta":{"_et_pb_use_builder":"","_et_pb_old_content":"","_et_gb_content_width":""},"product_brand":[],"product_cat":[21,48],"product_tag":[176],"class_list":{"0":"post-228","1":"product","2":"type-product","3":"status-publish","4":"has-post-thumbnail","6":"product_cat-serie-polaca","7":"product_cat-esmalte-a-mano","8":"product_tag-esmalte-a-mano","10":"first","11":"instock","12":"shipping-taxable","13":"product-type-simple"},"_links":{"self":[{"href":"https:\/\/www.sybonbest.com\/es\/wp-json\/wp\/v2\/product\/228","targetHints":{"allow":["GET"]}}],"collection":[{"href":"https:\/\/www.sybonbest.com\/es\/wp-json\/wp\/v2\/product"}],"about":[{"href":"https:\/\/www.sybonbest.com\/es\/wp-json\/wp\/v2\/types\/product"}],"replies":[{"embeddable":true,"href":"https:\/\/www.sybonbest.com\/es\/wp-json\/wp\/v2\/comments?post=228"}],"wp:featuredmedia":[{"embeddable":true,"href":"https:\/\/www.sybonbest.com\/es\/wp-json\/wp\/v2\/media\/230"}],"wp:attachment":[{"href":"https:\/\/www.sybonbest.com\/es\/wp-json\/wp\/v2\/media?parent=228"}],"wp:term":[{"taxonomy":"product_brand","embeddable":true,"href":"https:\/\/www.sybonbest.com\/es\/wp-json\/wp\/v2\/product_brand?post=228"},{"taxonomy":"product_cat","embeddable":true,"href":"https:\/\/www.sybonbest.com\/es\/wp-json\/wp\/v2\/product_cat?post=228"},{"taxonomy":"product_tag","embeddable":true,"href":"https:\/\/www.sybonbest.com\/es\/wp-json\/wp\/v2\/product_tag?post=228"}],"curies":[{"name":"wp","href":"https:\/\/api.w.org\/{rel}","templated":true}]}}