{"id":193,"date":"2023-12-26T17:51:40","date_gmt":"2023-12-26T09:51:40","guid":{"rendered":"https:\/\/www.sybonbest.com\/es\/?post_type=product&#038;p=193"},"modified":"2024-05-10T14:57:49","modified_gmt":"2024-05-10T06:57:49","slug":"s500-compuesto-para-frotar-de-corte-rapido-perfecto-compuesto-de-corte-pesado-compuesto-de-pulido-abrasivo-para-rayones-profundos","status":"publish","type":"product","link":"https:\/\/www.sybonbest.com\/es\/product\/s500-compuesto-para-frotar-de-corte-rapido-perfecto-compuesto-de-corte-pesado-compuesto-de-pulido-abrasivo-para-rayones-profundos\/","title":{"rendered":"S500 Compuesto para frotar de corte r\u00e1pido perfecto compuesto de corte pesado Compuesto de pulido abrasivo para rayones profundos"},"content":{"rendered":"<p><iframe title=\"\u2728 Unleash the Power of SYBON Polish Compound! \ud83d\ude97\ud83d\udc8e\" width=\"1080\" height=\"608\" src=\"https:\/\/www.youtube.com\/embed\/wjHe3t_Ttec?feature=oembed\"  allow=\"accelerometer; autoplay; clipboard-write; encrypted-media; gyroscope; picture-in-picture; web-share\" allowfullscreen><\/iframe><\/p>\n<h2><\/h2>\n<p><img decoding=\"async\" class=\"size-full wp-image-165 aligncenter\" src=\"https:\/\/www.sybonbest.com\/es\/wp-content\/uploads\/2023\/12\/1703577796-Car-Care-Excellence-SYBON-Polish-Compound-for-Surface-Renewal.jpg\" alt=\"\" width=\"750\" height=\"302\" srcset=\"https:\/\/www.sybonbest.com\/es\/wp-content\/uploads\/2023\/12\/1703577796-Car-Care-Excellence-SYBON-Polish-Compound-for-Surface-Renewal.jpg 750w, https:\/\/www.sybonbest.com\/es\/wp-content\/uploads\/2023\/12\/1703577796-Car-Care-Excellence-SYBON-Polish-Compound-for-Surface-Renewal-480x193.jpg 480w\" sizes=\"(min-width: 0px) and (max-width: 480px) 480px, (min-width: 481px) 750px, 100vw\" \/><\/p>\n<p>&nbsp;<\/p>\n<p style=\"text-align: center;\"><a href=\"https:\/\/www.sybonbest.com\/es\/compuesto-para-pulir-automoviles\/\" target=\"_blank\" rel=\"noopener\"><em><strong>Click &gt;&gt;&gt; How to make the right choice when selecting SYBON's polishing compound<\/strong><\/em><\/a><\/p>\n<h2>S500 Compuesto para frotar de corte r\u00e1pido perfecto compuesto de corte pesado<\/h2>\n<p>Emb\u00e1rquese en su viaje de tres pasos con el compuesto para frotar S500 Perfect Fast Cut. Dise\u00f1ado espec\u00edficamente para abordar rayones profundos, sienta las bases para un proceso de restauraci\u00f3n meticuloso.<\/p>\n<p>Instrucciones de uso:<\/p>\n<p>1. Evite usarlo bajo la luz solar directa o pintura a alta temperatura.<br \/>\n2. Agite uniformemente antes de usar.<br \/>\n3. Tome una cantidad adecuada de este producto sobre una superficie de pintura de 2 pies cuadrados y emp\u00fajelo uniformemente con una rueda de lana o una rueda de esponja.<br \/>\n4. Primero use 600 rpm con la bandeja de lana para aplicar presi\u00f3n gradualmente, reduzca la presi\u00f3n de pulido cuando el producto se seque gradualmente y use 1400 rpm para pulir hasta que la pintura est\u00e9 brillante.<br \/>\n5.Limpie la superficie de pintura pulida para sentar las bases para el pulido posterior.<\/p>\n\n<table id=\"tablepress-1\" class=\"tablepress tablepress-id-1\">\n<thead>\n<tr class=\"row-1\">\n\t<th class=\"column-1\"><center>N\u00famero de modelo<\/th><th class=\"column-2\"><center>SYBON Nombre del producto<\/th><th class=\"column-3\"><center>Correspondiente a otros modelos de productos de marca<\/th>\n<\/tr>\n<\/thead>\n<tbody class=\"row-striping row-hover\">\n<tr class=\"row-2\">\n\t<td class=\"column-1\"><center>S100<\/td><td class=\"column-2\"><center>Fast Polishing Wax<\/td><td class=\"column-3\"><center>-<\/td>\n<\/tr>\n<tr class=\"row-3\">\n\t<td class=\"column-1\"><center>S200<\/td><td class=\"column-2\"><center>Perfect Machine Polish<\/td><td class=\"column-3\"><center>3M (05996)<\/td>\n<\/tr>\n<tr class=\"row-4\">\n\t<td class=\"column-1\"><center>S300<\/td><td class=\"column-2\"><center>Cleaning Liquid Wax<\/td><td class=\"column-3\"><center>3M (PN36112)<\/td>\n<\/tr>\n<tr class=\"row-5\">\n\t<td class=\"column-1\"><center>S400<\/td><td class=\"column-2\"><center>Advanced Liquid Compound<\/td><td class=\"column-3\"><center>G3 (0685A)<\/td>\n<\/tr>\n<tr class=\"row-6\">\n\t<td class=\"column-1\"><center>S500<\/td><td class=\"column-2\"><center>Perfect Fast Cut Rubbing Compound<\/td><td class=\"column-3\"><center>3M(05954)<\/td>\n<\/tr>\n<tr class=\"row-7\">\n\t<td class=\"column-1\"><center>S600<\/td><td class=\"column-2\"><center>Super Duty Rubbing Compound<\/td><td class=\"column-3\"><center>3M (05973)<\/td>\n<\/tr>\n<\/tbody>\n<\/table>\n<!-- #tablepress-1 from cache -->\n<p><img decoding=\"async\" class=\"size-full wp-image-194 aligncenter\" src=\"https:\/\/www.sybonbest.com\/es\/wp-content\/uploads\/2023\/12\/1703584843-S500-SYBON-Perfect-Fast-Cut-Rubbing-Compound-Heavy-Cut-Compound-Scratch-Removal-Expert.jpg\" alt=\"S500-SYBON-Compuesto-para-frotar-de-corte-r\u00e1pido-perfecto-Compuesto-de-corte-pesado-Experto-en-eliminaci\u00f3n-de-rayones-compuesto-de-corte-pesado\" width=\"800\" height=\"800\" srcset=\"https:\/\/www.sybonbest.com\/es\/wp-content\/uploads\/2023\/12\/1703584843-S500-SYBON-Perfect-Fast-Cut-Rubbing-Compound-Heavy-Cut-Compound-Scratch-Removal-Expert.jpg 800w, https:\/\/www.sybonbest.com\/es\/wp-content\/uploads\/2023\/12\/1703584843-S500-SYBON-Perfect-Fast-Cut-Rubbing-Compound-Heavy-Cut-Compound-Scratch-Removal-Expert-480x480.jpg 480w\" sizes=\"(min-width: 0px) and (max-width: 480px) 480px, (min-width: 481px) 800px, 100vw\" \/><\/p>\n<p><img decoding=\"async\" class=\"size-full wp-image-195 aligncenter\" src=\"https:\/\/www.sybonbest.com\/es\/wp-content\/uploads\/2023\/12\/1703584858-S500-Precision-Restoration-S500-Perfect-Fast-Cut-Rubbing-Compound-by-SYBON.jpg\" alt=\"\" width=\"800\" height=\"800\" srcset=\"https:\/\/www.sybonbest.com\/es\/wp-content\/uploads\/2023\/12\/1703584858-S500-Precision-Restoration-S500-Perfect-Fast-Cut-Rubbing-Compound-by-SYBON.jpg 800w, https:\/\/www.sybonbest.com\/es\/wp-content\/uploads\/2023\/12\/1703584858-S500-Precision-Restoration-S500-Perfect-Fast-Cut-Rubbing-Compound-by-SYBON-480x480.jpg 480w\" sizes=\"(min-width: 0px) and (max-width: 480px) 480px, (min-width: 481px) 800px, 100vw\" \/><\/p>\n<p><img decoding=\"async\" class=\"size-full wp-image-196 aligncenter\" src=\"https:\/\/www.sybonbest.com\/es\/wp-content\/uploads\/2023\/12\/1703584874-S500-Heavy-Duty-Paint-Correction-S500-by-Car-Detailing-Supplies-Suppliers-SYBON.jpg\" alt=\"\" width=\"750\" height=\"750\" srcset=\"https:\/\/www.sybonbest.com\/es\/wp-content\/uploads\/2023\/12\/1703584874-S500-Heavy-Duty-Paint-Correction-S500-by-Car-Detailing-Supplies-Suppliers-SYBON.jpg 750w, https:\/\/www.sybonbest.com\/es\/wp-content\/uploads\/2023\/12\/1703584874-S500-Heavy-Duty-Paint-Correction-S500-by-Car-Detailing-Supplies-Suppliers-SYBON-480x480.jpg 480w\" sizes=\"(min-width: 0px) and (max-width: 480px) 480px, (min-width: 481px) 750px, 100vw\" \/><\/p>\n<p><img decoding=\"async\" class=\"size-full wp-image-1244 aligncenter\" src=\"https:\/\/www.sybonbest.com\/es\/wp-content\/uploads\/2023\/12\/1713523611-S500-Unleash-Pro-Grade-Cut-and-Polish-Compuesto-para-frotar-SYBON-S500.jpg\" alt=\"\" width=\"750\" height=\"750\" srcset=\"https:\/\/www.sybonbest.com\/es\/wp-content\/uploads\/2023\/12\/1713523611-S500-Unleash-Pro-Grade-Cut-and-Polish-Compuesto-para-frotar-SYBON-S500.jpg 750w, https:\/\/www.sybonbest.com\/es\/wp-content\/uploads\/2023\/12\/1713523611-S500-Unleash-Pro-Grade-Cut-and-Polish-Compuesto-para-frotar-SYBON-S500-480x480.jpg 480w\" sizes=\"(min-width: 0px) and (max-width: 480px) 480px, (min-width: 481px) 750px, 100vw\" \/><\/p>\n<p><img decoding=\"async\" class=\"size-full wp-image-143 aligncenter\" src=\"https:\/\/www.sybonbest.com\/es\/wp-content\/uploads\/2023\/12\/1703569564-Revitalize-Your-Vehicles-Finish-Polishing-Wax-Polish-and-Compound-by-SYBON.jpg\" alt=\"\" width=\"750\" height=\"750\" srcset=\"https:\/\/www.sybonbest.com\/es\/wp-content\/uploads\/2023\/12\/1703569564-Revitalize-Your-Vehicles-Finish-Polishing-Wax-Polish-and-Compound-by-SYBON.jpg 750w, https:\/\/www.sybonbest.com\/es\/wp-content\/uploads\/2023\/12\/1703569564-Revitalize-Your-Vehicles-Finish-Polishing-Wax-Polish-and-Compound-by-SYBON-480x480.jpg 480w\" sizes=\"(min-width: 0px) and (max-width: 480px) 480px, (min-width: 481px) 750px, 100vw\" \/><\/p>\n","protected":false},"excerpt":{"rendered":"<p>Emb\u00e1rcate en tu viaje de tres pasos con el S500 compuesto de corte pesado.Dise\u00f1ado espec\u00edficamente para abordar rayones profundos, sienta las bases para un proceso de restauraci\u00f3n meticuloso.<\/p>\n","protected":false},"featured_media":194,"comment_status":"closed","ping_status":"closed","template":"","meta":{"_et_pb_use_builder":"","_et_pb_old_content":"","_et_gb_content_width":""},"product_brand":[],"product_cat":[22,21],"product_tag":[182,181],"class_list":{"0":"post-193","1":"product","2":"type-product","3":"status-publish","4":"has-post-thumbnail","6":"product_cat-compuesto-para-pulir","7":"product_cat-serie-polaca","8":"product_tag-compuesto-de-corte-pesado","9":"product_tag-compuesto-para-frotar-de-corte-rapido-perfecto-s500","11":"first","12":"instock","13":"shipping-taxable","14":"product-type-simple"},"_links":{"self":[{"href":"https:\/\/www.sybonbest.com\/es\/wp-json\/wp\/v2\/product\/193","targetHints":{"allow":["GET"]}}],"collection":[{"href":"https:\/\/www.sybonbest.com\/es\/wp-json\/wp\/v2\/product"}],"about":[{"href":"https:\/\/www.sybonbest.com\/es\/wp-json\/wp\/v2\/types\/product"}],"replies":[{"embeddable":true,"href":"https:\/\/www.sybonbest.com\/es\/wp-json\/wp\/v2\/comments?post=193"}],"wp:featuredmedia":[{"embeddable":true,"href":"https:\/\/www.sybonbest.com\/es\/wp-json\/wp\/v2\/media\/194"}],"wp:attachment":[{"href":"https:\/\/www.sybonbest.com\/es\/wp-json\/wp\/v2\/media?parent=193"}],"wp:term":[{"taxonomy":"product_brand","embeddable":true,"href":"https:\/\/www.sybonbest.com\/es\/wp-json\/wp\/v2\/product_brand?post=193"},{"taxonomy":"product_cat","embeddable":true,"href":"https:\/\/www.sybonbest.com\/es\/wp-json\/wp\/v2\/product_cat?post=193"},{"taxonomy":"product_tag","embeddable":true,"href":"https:\/\/www.sybonbest.com\/es\/wp-json\/wp\/v2\/product_tag?post=193"}],"curies":[{"name":"wp","href":"https:\/\/api.w.org\/{rel}","templated":true}]}}