{"id":181,"date":"2023-12-26T17:11:46","date_gmt":"2023-12-26T09:11:46","guid":{"rendered":"https:\/\/www.sybonbest.com\/es\/?post_type=product&#038;p=181"},"modified":"2024-05-10T14:56:02","modified_gmt":"2024-05-10T06:56:02","slug":"s300-cera-liquida-limpiadora-eliminacion-de-manchas-de-aceite-y-contaminantes-preparacion-de-su-vehiculo-para-el-proceso-de-pulido","status":"publish","type":"product","link":"https:\/\/www.sybonbest.com\/es\/product\/s300-cera-liquida-limpiadora-eliminacion-de-manchas-de-aceite-y-contaminantes-preparacion-de-su-vehiculo-para-el-proceso-de-pulido\/","title":{"rendered":"S300 Cera l\u00edquida limpiadora eliminaci\u00f3n de manchas de aceite y contaminantes Preparaci\u00f3n de su veh\u00edculo para el proceso de pulido"},"content":{"rendered":"<p><iframe title=\"\u2728 Transform Scratches into Perfection with SYBON! \ud83d\ude97\u2728\" width=\"1080\" height=\"608\" src=\"https:\/\/www.youtube.com\/embed\/sK2KkaRgZIk?feature=oembed\"  allow=\"accelerometer; autoplay; clipboard-write; encrypted-media; gyroscope; picture-in-picture; web-share\" allowfullscreen><\/iframe><\/p>\n<h2><\/h2>\n<p><img decoding=\"async\" class=\"size-full wp-image-165 aligncenter\" src=\"https:\/\/www.sybonbest.com\/es\/wp-content\/uploads\/2023\/12\/1703577796-Car-Care-Excellence-SYBON-Polish-Compound-for-Surface-Renewal.jpg\" alt=\"\" width=\"750\" height=\"302\" srcset=\"https:\/\/www.sybonbest.com\/es\/wp-content\/uploads\/2023\/12\/1703577796-Car-Care-Excellence-SYBON-Polish-Compound-for-Surface-Renewal.jpg 750w, https:\/\/www.sybonbest.com\/es\/wp-content\/uploads\/2023\/12\/1703577796-Car-Care-Excellence-SYBON-Polish-Compound-for-Surface-Renewal-480x193.jpg 480w\" sizes=\"(min-width: 0px) and (max-width: 480px) 480px, (min-width: 481px) 750px, 100vw\" \/><\/p>\n<p>&nbsp;<\/p>\n<p style=\"text-align: center;\"><a href=\"https:\/\/www.sybonbest.com\/es\/compuesto-para-pulir-automoviles\/\" target=\"_blank\" rel=\"noopener\"><em><strong>Click &gt;&gt;&gt; How to make the right choice when selecting SYBON's polishing compound<\/strong><\/em><\/a><\/p>\n<h2>S300 Cera l\u00edquida limpiadora eliminar manchas de aceite y contaminantes<\/h2>\n<p>Cuando todo lo que necesita es un enfoque centrado en la limpieza, opte por la cera l\u00edquida de limpieza S300. Esta formulaci\u00f3n limpia eficazmente las superficies, eliminando manchas de aceite y contaminantes, preparando su veh\u00edculo para el proceso de pulido.<\/p>\n<p>Instrucciones de uso:<\/p>\n<p>1. Primero limpie la superficie del veh\u00edculo con agua limpia y limpie el agua para asegurarse de que no quede agua.<br \/>\n2. Cuando la superficie del autom\u00f3vil tenga una temperatura baja y normal (si la temperatura del autom\u00f3vil es alta, es f\u00e1cil hacer que la cera descontaminante se adhiera a la pintura del autom\u00f3vil), aplique cera descontaminante S300 uniformemente en la superficie del autom\u00f3vil.<br \/>\n3. Despu\u00e9s de reposar durante 15 minutos, limpie y pula con una toalla de pulido especial.<\/p>\n\n<table id=\"tablepress-1\" class=\"tablepress tablepress-id-1\">\n<thead>\n<tr class=\"row-1\">\n\t<th class=\"column-1\"><center>N\u00famero de modelo<\/th><th class=\"column-2\"><center>SYBON Nombre del producto<\/th><th class=\"column-3\"><center>Correspondiente a otros modelos de productos de marca<\/th>\n<\/tr>\n<\/thead>\n<tbody class=\"row-striping row-hover\">\n<tr class=\"row-2\">\n\t<td class=\"column-1\"><center>S100<\/td><td class=\"column-2\"><center>Fast Polishing Wax<\/td><td class=\"column-3\"><center>-<\/td>\n<\/tr>\n<tr class=\"row-3\">\n\t<td class=\"column-1\"><center>S200<\/td><td class=\"column-2\"><center>Perfect Machine Polish<\/td><td class=\"column-3\"><center>3M (05996)<\/td>\n<\/tr>\n<tr class=\"row-4\">\n\t<td class=\"column-1\"><center>S300<\/td><td class=\"column-2\"><center>Cleaning Liquid Wax<\/td><td class=\"column-3\"><center>3M (PN36112)<\/td>\n<\/tr>\n<tr class=\"row-5\">\n\t<td class=\"column-1\"><center>S400<\/td><td class=\"column-2\"><center>Advanced Liquid Compound<\/td><td class=\"column-3\"><center>G3 (0685A)<\/td>\n<\/tr>\n<tr class=\"row-6\">\n\t<td class=\"column-1\"><center>S500<\/td><td class=\"column-2\"><center>Perfect Fast Cut Rubbing Compound<\/td><td class=\"column-3\"><center>3M(05954)<\/td>\n<\/tr>\n<tr class=\"row-7\">\n\t<td class=\"column-1\"><center>S600<\/td><td class=\"column-2\"><center>Super Duty Rubbing Compound<\/td><td class=\"column-3\"><center>3M (05973)<\/td>\n<\/tr>\n<\/tbody>\n<\/table>\n<!-- #tablepress-1 from cache -->\n<p><img decoding=\"async\" class=\"size-full wp-image-183 aligncenter\" src=\"https:\/\/www.sybonbest.com\/es\/wp-content\/uploads\/2023\/12\/1703582467-S300-SYBON-Your-Trusted-Car-Detailing-Supplies-Suppliers-for-Cleaning-Liquid-Wax.jpg\" alt=\"S300-SYBON-Sus-proveedores-confiables-de-suministros-para-detalles-de-autom\u00f3viles-para-limpieza-de-cera-l\u00edquida-cera-l\u00edquida-limpiadora\" width=\"800\" height=\"800\" srcset=\"https:\/\/www.sybonbest.com\/es\/wp-content\/uploads\/2023\/12\/1703582467-S300-SYBON-Your-Trusted-Car-Detailing-Supplies-Suppliers-for-Cleaning-Liquid-Wax.jpg 800w, https:\/\/www.sybonbest.com\/es\/wp-content\/uploads\/2023\/12\/1703582467-S300-SYBON-Your-Trusted-Car-Detailing-Supplies-Suppliers-for-Cleaning-Liquid-Wax-480x480.jpg 480w\" sizes=\"(min-width: 0px) and (max-width: 480px) 480px, (min-width: 481px) 800px, 100vw\" \/><\/p>\n<p><img decoding=\"async\" class=\"size-full wp-image-184 aligncenter\" src=\"https:\/\/www.sybonbest.com\/es\/wp-content\/uploads\/2023\/12\/1703582527-S300-Deep-Clean-and-Shine-SYBON-Cleaning-Liquid-Wax.jpg\" alt=\"\" width=\"800\" height=\"800\" srcset=\"https:\/\/www.sybonbest.com\/es\/wp-content\/uploads\/2023\/12\/1703582527-S300-Deep-Clean-and-Shine-SYBON-Cleaning-Liquid-Wax.jpg 800w, https:\/\/www.sybonbest.com\/es\/wp-content\/uploads\/2023\/12\/1703582527-S300-Deep-Clean-and-Shine-SYBON-Cleaning-Liquid-Wax-480x480.jpg 480w\" sizes=\"(min-width: 0px) and (max-width: 480px) 480px, (min-width: 481px) 800px, 100vw\" \/><\/p>\n<p><img decoding=\"async\" class=\"size-full wp-image-185 aligncenter\" src=\"https:\/\/www.sybonbest.com\/es\/wp-content\/uploads\/2023\/12\/1703582543-S300-Cleaning-Liquid-Wax-Powerfully-Removes-Dirt-and-Stains.jpg\" alt=\"\" width=\"750\" height=\"750\" srcset=\"https:\/\/www.sybonbest.com\/es\/wp-content\/uploads\/2023\/12\/1703582543-S300-Cleaning-Liquid-Wax-Powerfully-Removes-Dirt-and-Stains.jpg 750w, https:\/\/www.sybonbest.com\/es\/wp-content\/uploads\/2023\/12\/1703582543-S300-Cleaning-Liquid-Wax-Powerfully-Removes-Dirt-and-Stains-480x480.jpg 480w\" sizes=\"(min-width: 0px) and (max-width: 480px) 480px, (min-width: 481px) 750px, 100vw\" \/><\/p>\n<p><img decoding=\"async\" class=\"size-full wp-image-143 aligncenter\" src=\"https:\/\/www.sybonbest.com\/es\/wp-content\/uploads\/2023\/12\/1703569564-Revitalize-Your-Vehicles-Finish-Polishing-Wax-Polish-and-Compound-by-SYBON.jpg\" alt=\"\" width=\"750\" height=\"750\" srcset=\"https:\/\/www.sybonbest.com\/es\/wp-content\/uploads\/2023\/12\/1703569564-Revitalize-Your-Vehicles-Finish-Polishing-Wax-Polish-and-Compound-by-SYBON.jpg 750w, https:\/\/www.sybonbest.com\/es\/wp-content\/uploads\/2023\/12\/1703569564-Revitalize-Your-Vehicles-Finish-Polishing-Wax-Polish-and-Compound-by-SYBON-480x480.jpg 480w\" sizes=\"(min-width: 0px) and (max-width: 480px) 480px, (min-width: 481px) 750px, 100vw\" \/><\/p>\n","protected":false},"excerpt":{"rendered":"<p>Cuando todo lo que necesita es un enfoque centrado en la limpieza, opte por el S300 Cera l\u00edquida limpiadora. Esta formulaci\u00f3n limpia eficazmente las superficies, eliminando manchas de aceite y contaminantes, preparando su veh\u00edculo para el proceso de pulido.<\/p>\n","protected":false},"featured_media":183,"comment_status":"closed","ping_status":"closed","template":"","meta":{"_et_pb_use_builder":"","_et_pb_old_content":"","_et_gb_content_width":""},"product_brand":[],"product_cat":[22,21],"product_tag":[186,185],"class_list":{"0":"post-181","1":"product","2":"type-product","3":"status-publish","4":"has-post-thumbnail","6":"product_cat-compuesto-para-pulir","7":"product_cat-serie-polaca","8":"product_tag-cera-liquida-de-limpieza-s300","9":"product_tag-eliminar-manchas-de-aceite-y-contaminantes","11":"first","12":"instock","13":"shipping-taxable","14":"product-type-simple"},"_links":{"self":[{"href":"https:\/\/www.sybonbest.com\/es\/wp-json\/wp\/v2\/product\/181","targetHints":{"allow":["GET"]}}],"collection":[{"href":"https:\/\/www.sybonbest.com\/es\/wp-json\/wp\/v2\/product"}],"about":[{"href":"https:\/\/www.sybonbest.com\/es\/wp-json\/wp\/v2\/types\/product"}],"replies":[{"embeddable":true,"href":"https:\/\/www.sybonbest.com\/es\/wp-json\/wp\/v2\/comments?post=181"}],"wp:featuredmedia":[{"embeddable":true,"href":"https:\/\/www.sybonbest.com\/es\/wp-json\/wp\/v2\/media\/183"}],"wp:attachment":[{"href":"https:\/\/www.sybonbest.com\/es\/wp-json\/wp\/v2\/media?parent=181"}],"wp:term":[{"taxonomy":"product_brand","embeddable":true,"href":"https:\/\/www.sybonbest.com\/es\/wp-json\/wp\/v2\/product_brand?post=181"},{"taxonomy":"product_cat","embeddable":true,"href":"https:\/\/www.sybonbest.com\/es\/wp-json\/wp\/v2\/product_cat?post=181"},{"taxonomy":"product_tag","embeddable":true,"href":"https:\/\/www.sybonbest.com\/es\/wp-json\/wp\/v2\/product_tag?post=181"}],"curies":[{"name":"wp","href":"https:\/\/api.w.org\/{rel}","templated":true}]}}