{"id":173,"date":"2023-12-26T16:46:35","date_gmt":"2023-12-26T08:46:35","guid":{"rendered":"https:\/\/www.sybonbest.com\/es\/?post_type=product&#038;p=173"},"modified":"2024-05-10T14:55:20","modified_gmt":"2024-05-10T06:55:20","slug":"s200-pulido-a-maquina-perfecto-pulidor-de-brillo-profundo-para-un-acabado-de-espejo-perfecto","status":"publish","type":"product","link":"https:\/\/www.sybonbest.com\/es\/product\/s200-pulido-a-maquina-perfecto-pulidor-de-brillo-profundo-para-un-acabado-de-espejo-perfecto\/","title":{"rendered":"S200 Pulido a m\u00e1quina perfecto pulidor de brillo profundo para un acabado de espejo perfecto"},"content":{"rendered":"<p><iframe title=\"Revolutionize Your Auto Detailing Game with SYBON! Introducing our cutting-edge Car Polish Compound.\" width=\"1080\" height=\"608\" src=\"https:\/\/www.youtube.com\/embed\/nML9ASg1b-k?feature=oembed\"  allow=\"accelerometer; autoplay; clipboard-write; encrypted-media; gyroscope; picture-in-picture; web-share\" allowfullscreen><\/iframe><\/p>\n<h2><\/h2>\n<p><img decoding=\"async\" class=\"size-full wp-image-165 aligncenter\" src=\"https:\/\/www.sybonbest.com\/es\/wp-content\/uploads\/2023\/12\/1703577796-Car-Care-Excellence-SYBON-Polish-Compound-for-Surface-Renewal.jpg\" alt=\"\" width=\"750\" height=\"302\" srcset=\"https:\/\/www.sybonbest.com\/es\/wp-content\/uploads\/2023\/12\/1703577796-Car-Care-Excellence-SYBON-Polish-Compound-for-Surface-Renewal.jpg 750w, https:\/\/www.sybonbest.com\/es\/wp-content\/uploads\/2023\/12\/1703577796-Car-Care-Excellence-SYBON-Polish-Compound-for-Surface-Renewal-480x193.jpg 480w\" sizes=\"(min-width: 0px) and (max-width: 480px) 480px, (min-width: 481px) 750px, 100vw\" \/><\/p>\n<p>&nbsp;<\/p>\n<p style=\"text-align: center;\"><a href=\"https:\/\/www.sybonbest.com\/es\/compuesto-para-pulir-automoviles\/\" target=\"_blank\" rel=\"noopener\"><em><strong>Click &gt;&gt;&gt; How to make the right choice when selecting SYBON's polishing compound<\/strong><\/em><\/a><\/p>\n<h2>S200 Pulido a m\u00e1quina perfecto pulidor de brillo profundo para un acabado de espejo perfecto<\/h2>\n<p>Eleva tu brillo al siguiente nivel con el pulidor a m\u00e1quina S200 Perfect. Esta formulaci\u00f3n de segundo paso garantiza un acabado similar a un espejo, mejorando el brillo general de su veh\u00edculo.<\/p>\n<p>Instrucciones de uso:<\/p>\n<p>1. Despu\u00e9s de pulir la laca con cera gruesa y cera media, la laca queda suave y los rayones desaparecen, pero el brillo es bajo.<br \/>\n2. La cera reductora de espejo se aplica despu\u00e9s de eliminar los rayones en la superficie; debido a las part\u00edculas m\u00e1s gruesas de la cera, habr\u00e1 algunas marcas de pulido.<br \/>\n3. Extienda la cera fina S200 uniformemente sobre la superficie a encerar.<br \/>\n4.Utilice una m\u00e1quina pulidora con un disco de esponja mediano esf\u00e9rico (tambi\u00e9n hay disponibles esponjas planas comunes y tambi\u00e9n se pueden usar bolas de lana o bolas de pelo de conejo para la construcci\u00f3n. La superficie de las bolas de esponja debe estar limpia y no debe haber otras ceras ni otros pueden adherirse sustancias).<br \/>\n5. Primero haga funcionar la pulidora a baja velocidad durante 600 rpm para expulsar completamente la cera, avance y retroceda varias veces y luego aumente la marcha, la velocidad aumenta a 1400 rpm. Se recomienda la velocidad m\u00e1s r\u00e1pida para recolectar cera dentro de 2200 rpm.<br \/>\n6.Hasta que se recoja toda la cera, el brillo aumentar\u00e1.<\/p>\n\n<table id=\"tablepress-1\" class=\"tablepress tablepress-id-1\">\n<thead>\n<tr class=\"row-1\">\n\t<th class=\"column-1\"><center>N\u00famero de modelo<\/th><th class=\"column-2\"><center>SYBON Nombre del producto<\/th><th class=\"column-3\"><center>Correspondiente a otros modelos de productos de marca<\/th>\n<\/tr>\n<\/thead>\n<tbody class=\"row-striping row-hover\">\n<tr class=\"row-2\">\n\t<td class=\"column-1\"><center>S100<\/td><td class=\"column-2\"><center>Fast Polishing Wax<\/td><td class=\"column-3\"><center>-<\/td>\n<\/tr>\n<tr class=\"row-3\">\n\t<td class=\"column-1\"><center>S200<\/td><td class=\"column-2\"><center>Perfect Machine Polish<\/td><td class=\"column-3\"><center>3M (05996)<\/td>\n<\/tr>\n<tr class=\"row-4\">\n\t<td class=\"column-1\"><center>S300<\/td><td class=\"column-2\"><center>Cleaning Liquid Wax<\/td><td class=\"column-3\"><center>3M (PN36112)<\/td>\n<\/tr>\n<tr class=\"row-5\">\n\t<td class=\"column-1\"><center>S400<\/td><td class=\"column-2\"><center>Advanced Liquid Compound<\/td><td class=\"column-3\"><center>G3 (0685A)<\/td>\n<\/tr>\n<tr class=\"row-6\">\n\t<td class=\"column-1\"><center>S500<\/td><td class=\"column-2\"><center>Perfect Fast Cut Rubbing Compound<\/td><td class=\"column-3\"><center>3M(05954)<\/td>\n<\/tr>\n<tr class=\"row-7\">\n\t<td class=\"column-1\"><center>S600<\/td><td class=\"column-2\"><center>Super Duty Rubbing Compound<\/td><td class=\"column-3\"><center>3M (05973)<\/td>\n<\/tr>\n<\/tbody>\n<\/table>\n<!-- #tablepress-1 from cache -->\n<p><img decoding=\"async\" class=\"size-full wp-image-179 aligncenter\" src=\"https:\/\/www.sybonbest.com\/es\/wp-content\/uploads\/2023\/12\/1703581577-S200-Elevate-Gloss-with-Deep-Gloss-Perfect-Machine-Polish-from-Car-Detailing-Supplies-Suppliers.jpg\" alt=\"S200-Elevate-Gloss-con-pulido-a-m\u00e1quina-perfecto-de-brillo-intenso-de-proveedores-de-suministros-para-detalles-de-autom\u00f3viles-pulidor-de-brillo-profundo\" width=\"800\" height=\"800\" srcset=\"https:\/\/www.sybonbest.com\/es\/wp-content\/uploads\/2023\/12\/1703581577-S200-Elevate-Gloss-with-Deep-Gloss-Perfect-Machine-Polish-from-Car-Detailing-Supplies-Suppliers.jpg 800w, https:\/\/www.sybonbest.com\/es\/wp-content\/uploads\/2023\/12\/1703581577-S200-Elevate-Gloss-with-Deep-Gloss-Perfect-Machine-Polish-from-Car-Detailing-Supplies-Suppliers-480x480.jpg 480w\" sizes=\"(min-width: 0px) and (max-width: 480px) 480px, (min-width: 481px) 800px, 100vw\" \/><\/p>\n<p><img decoding=\"async\" class=\"size-full wp-image-176 aligncenter\" src=\"https:\/\/www.sybonbest.com\/es\/wp-content\/uploads\/2023\/12\/1703580862-S200-SYBON-Perfect-Machine-Polish-Supreme-Mirror-Finish-for-Automotive-Glory.jpg\" alt=\"\" width=\"800\" height=\"800\" srcset=\"https:\/\/www.sybonbest.com\/es\/wp-content\/uploads\/2023\/12\/1703580862-S200-SYBON-Perfect-Machine-Polish-Supreme-Mirror-Finish-for-Automotive-Glory.jpg 800w, https:\/\/www.sybonbest.com\/es\/wp-content\/uploads\/2023\/12\/1703580862-S200-SYBON-Perfect-Machine-Polish-Supreme-Mirror-Finish-for-Automotive-Glory-480x480.jpg 480w\" sizes=\"(min-width: 0px) and (max-width: 480px) 480px, (min-width: 481px) 800px, 100vw\" \/><\/p>\n<p><img decoding=\"async\" class=\"size-full wp-image-177 aligncenter\" src=\"https:\/\/www.sybonbest.com\/es\/wp-content\/uploads\/2023\/12\/1703580923-S200-Achieve-Professional-Results-SYBON-Perfect-Machine-Polish.jpg\" alt=\"\" width=\"750\" height=\"750\" srcset=\"https:\/\/www.sybonbest.com\/es\/wp-content\/uploads\/2023\/12\/1703580923-S200-Achieve-Professional-Results-SYBON-Perfect-Machine-Polish.jpg 750w, https:\/\/www.sybonbest.com\/es\/wp-content\/uploads\/2023\/12\/1703580923-S200-Achieve-Professional-Results-SYBON-Perfect-Machine-Polish-480x480.jpg 480w\" sizes=\"(min-width: 0px) and (max-width: 480px) 480px, (min-width: 481px) 750px, 100vw\" \/><\/p>\n<p><img decoding=\"async\" class=\"size-full wp-image-1249 aligncenter\" src=\"https:\/\/www.sybonbest.com\/es\/wp-content\/uploads\/2023\/12\/1713525146-S200-Pulidor-a-maquina-perfecto-Brilliance-de-doble-accion-de-SYBON.jpg\" alt=\"\" width=\"750\" height=\"750\" srcset=\"https:\/\/www.sybonbest.com\/es\/wp-content\/uploads\/2023\/12\/1713525146-S200-Pulidor-a-maquina-perfecto-Brilliance-de-doble-accion-de-SYBON.jpg 750w, https:\/\/www.sybonbest.com\/es\/wp-content\/uploads\/2023\/12\/1713525146-S200-Pulidor-a-maquina-perfecto-Brilliance-de-doble-accion-de-SYBON-480x480.jpg 480w\" sizes=\"(min-width: 0px) and (max-width: 480px) 480px, (min-width: 481px) 750px, 100vw\" \/><\/p>\n<p><img decoding=\"async\" class=\"size-full wp-image-143 aligncenter\" src=\"https:\/\/www.sybonbest.com\/es\/wp-content\/uploads\/2023\/12\/1703569564-Revitalize-Your-Vehicles-Finish-Polishing-Wax-Polish-and-Compound-by-SYBON.jpg\" alt=\"\" width=\"750\" height=\"750\" srcset=\"https:\/\/www.sybonbest.com\/es\/wp-content\/uploads\/2023\/12\/1703569564-Revitalize-Your-Vehicles-Finish-Polishing-Wax-Polish-and-Compound-by-SYBON.jpg 750w, https:\/\/www.sybonbest.com\/es\/wp-content\/uploads\/2023\/12\/1703569564-Revitalize-Your-Vehicles-Finish-Polishing-Wax-Polish-and-Compound-by-SYBON-480x480.jpg 480w\" sizes=\"(min-width: 0px) and (max-width: 480px) 480px, (min-width: 481px) 750px, 100vw\" \/><\/p>\n","protected":false},"excerpt":{"rendered":"<p>Eleva tu brillo al siguiente nivel con el S200 pulidor de brillo profundo pulido a m\u00e1quina perfecto. Esta formulaci\u00f3n de segundo paso garantiza un acabado similar a un espejo, mejorando el brillo general de su veh\u00edculo.<\/p>\n","protected":false},"featured_media":179,"comment_status":"closed","ping_status":"closed","template":"","meta":{"_et_pb_use_builder":"","_et_pb_old_content":"","_et_gb_content_width":""},"product_brand":[],"product_cat":[22,21],"product_tag":[187,188],"class_list":{"0":"post-173","1":"product","2":"type-product","3":"status-publish","4":"has-post-thumbnail","6":"product_cat-compuesto-para-pulir","7":"product_cat-serie-polaca","8":"product_tag-pulidor-a-maquina-perfecto-s200","9":"product_tag-pulidor-de-brillo-profundo","11":"first","12":"instock","13":"shipping-taxable","14":"product-type-simple"},"_links":{"self":[{"href":"https:\/\/www.sybonbest.com\/es\/wp-json\/wp\/v2\/product\/173","targetHints":{"allow":["GET"]}}],"collection":[{"href":"https:\/\/www.sybonbest.com\/es\/wp-json\/wp\/v2\/product"}],"about":[{"href":"https:\/\/www.sybonbest.com\/es\/wp-json\/wp\/v2\/types\/product"}],"replies":[{"embeddable":true,"href":"https:\/\/www.sybonbest.com\/es\/wp-json\/wp\/v2\/comments?post=173"}],"wp:featuredmedia":[{"embeddable":true,"href":"https:\/\/www.sybonbest.com\/es\/wp-json\/wp\/v2\/media\/179"}],"wp:attachment":[{"href":"https:\/\/www.sybonbest.com\/es\/wp-json\/wp\/v2\/media?parent=173"}],"wp:term":[{"taxonomy":"product_brand","embeddable":true,"href":"https:\/\/www.sybonbest.com\/es\/wp-json\/wp\/v2\/product_brand?post=173"},{"taxonomy":"product_cat","embeddable":true,"href":"https:\/\/www.sybonbest.com\/es\/wp-json\/wp\/v2\/product_cat?post=173"},{"taxonomy":"product_tag","embeddable":true,"href":"https:\/\/www.sybonbest.com\/es\/wp-json\/wp\/v2\/product_tag?post=173"}],"curies":[{"name":"wp","href":"https:\/\/api.w.org\/{rel}","templated":true}]}}