{"id":139,"date":"2023-12-26T13:51:59","date_gmt":"2023-12-26T05:51:59","guid":{"rendered":"https:\/\/www.sybonbest.com\/es\/?post_type=product&#038;p=139"},"modified":"2024-05-10T14:54:43","modified_gmt":"2024-05-10T06:54:43","slug":"s100-cera-de-pulido-rapido-polaco-y-compuesto-para-remolinos-y-rayones-ligeros-a-medianos-seguro-para-automoviles","status":"publish","type":"product","link":"https:\/\/www.sybonbest.com\/es\/product\/s100-cera-de-pulido-rapido-polaco-y-compuesto-para-remolinos-y-rayones-ligeros-a-medianos-seguro-para-automoviles\/","title":{"rendered":"S100 Cera de pulido r\u00e1pido polaco y compuesto para remolinos y rayones ligeros a medianos. Seguro para autom\u00f3viles."},"content":{"rendered":"<p><iframe title=\"\u2728 Unleash the Power of SYBON Polish Compound! \ud83d\ude97\ud83d\udc8e\" width=\"1080\" height=\"608\" src=\"https:\/\/www.youtube.com\/embed\/wjHe3t_Ttec?feature=oembed\"  allow=\"accelerometer; autoplay; clipboard-write; encrypted-media; gyroscope; picture-in-picture; web-share\" allowfullscreen><\/iframe><\/p>\n<h2><\/h2>\n<p><img decoding=\"async\" class=\"size-full wp-image-165 aligncenter\" src=\"https:\/\/www.sybonbest.com\/es\/wp-content\/uploads\/2023\/12\/1703577796-Car-Care-Excellence-SYBON-Polish-Compound-for-Surface-Renewal.jpg\" alt=\"\" width=\"750\" height=\"302\" srcset=\"https:\/\/www.sybonbest.com\/es\/wp-content\/uploads\/2023\/12\/1703577796-Car-Care-Excellence-SYBON-Polish-Compound-for-Surface-Renewal.jpg 750w, https:\/\/www.sybonbest.com\/es\/wp-content\/uploads\/2023\/12\/1703577796-Car-Care-Excellence-SYBON-Polish-Compound-for-Surface-Renewal-480x193.jpg 480w\" sizes=\"(min-width: 0px) and (max-width: 480px) 480px, (min-width: 481px) 750px, 100vw\" \/><\/p>\n<p>&nbsp;<\/p>\n<p style=\"text-align: center;\"><a href=\"https:\/\/www.sybonbest.com\/es\/compuesto-para-pulir-automoviles\/\" target=\"_blank\" rel=\"noopener\"><em><strong>Click &gt;&gt;&gt; How to make the right choice when selecting SYBON's polishing compound<\/strong><\/em><\/a><\/p>\n<h2>S100 Cera de pulido r\u00e1pido polaco y compuesto<\/h2>\n<p>Opte por la cera de pulido r\u00e1pido S100 cuando se trate de rayones menos severos. Esta formulaci\u00f3n destaca en la eliminaci\u00f3n de rayones medianos y finos, dejando su autom\u00f3vil con una apariencia pulida y lustrosa en un solo paso.<\/p>\n<p>Instrucciones de uso:<\/p>\n<p>1. Primero, lave el autom\u00f3vil que se va a pulir (si se realiza un pulido local, solo puede limpiar el \u00e1rea que necesita ser pulida).<br \/>\n2. Si desea eliminar rayones profundos, primero debe usar papel de lija 2000# para lijar. Y luego limpie el polvo con agua limpia o una toalla mojada. No deje el polvo en la superficie de la pintura.<br \/>\n3. Extienda la cera uniformemente sobre la superficie de pintura que necesita ser encerada con una esponja (si es necesario encerar todo el autom\u00f3vil, debe encerarse parte por parte. No extienda la cera sobre todo el autom\u00f3vil y comience a pulir, porque El disolvente de la cera se evaporar\u00e1 de esta manera y habr\u00e1 mucho polvo que tambi\u00e9n puede destruir la pintura.<br \/>\n4.Utilice una m\u00e1quina pulidora con un disco de esponja mediano esf\u00e9rico (tambi\u00e9n se puede usar una esponja plana com\u00fan, tambi\u00e9n puede usar una bola de lana o un conejo, etc. para pulir. La bola de esponja debe estar limpia y sin otra cera).<br \/>\n5.Gire la m\u00e1quina pulidora a baja velocidad de 600 rpm para extender completamente la cera y luego aumente la velocidad a 1400 rpm.<br \/>\n6. Despu\u00e9s de que se absorba toda la cera, el brillo mejorar\u00e1 por completo y se eliminar\u00e1n todos los rayones, luego pula el \u00e1rea siguiente.<br \/>\n7. Una vez terminada toda la construcci\u00f3n, es mejor limpiar la superficie.<\/p>\n\n<table id=\"tablepress-1\" class=\"tablepress tablepress-id-1\">\n<thead>\n<tr class=\"row-1\">\n\t<th class=\"column-1\"><center>N\u00famero de modelo<\/th><th class=\"column-2\"><center>SYBON Nombre del producto<\/th><th class=\"column-3\"><center>Correspondiente a otros modelos de productos de marca<\/th>\n<\/tr>\n<\/thead>\n<tbody class=\"row-striping row-hover\">\n<tr class=\"row-2\">\n\t<td class=\"column-1\"><center>S100<\/td><td class=\"column-2\"><center>Fast Polishing Wax<\/td><td class=\"column-3\"><center>-<\/td>\n<\/tr>\n<tr class=\"row-3\">\n\t<td class=\"column-1\"><center>S200<\/td><td class=\"column-2\"><center>Perfect Machine Polish<\/td><td class=\"column-3\"><center>3M (05996)<\/td>\n<\/tr>\n<tr class=\"row-4\">\n\t<td class=\"column-1\"><center>S300<\/td><td class=\"column-2\"><center>Cleaning Liquid Wax<\/td><td class=\"column-3\"><center>3M (PN36112)<\/td>\n<\/tr>\n<tr class=\"row-5\">\n\t<td class=\"column-1\"><center>S400<\/td><td class=\"column-2\"><center>Advanced Liquid Compound<\/td><td class=\"column-3\"><center>G3 (0685A)<\/td>\n<\/tr>\n<tr class=\"row-6\">\n\t<td class=\"column-1\"><center>S500<\/td><td class=\"column-2\"><center>Perfect Fast Cut Rubbing Compound<\/td><td class=\"column-3\"><center>3M(05954)<\/td>\n<\/tr>\n<tr class=\"row-7\">\n\t<td class=\"column-1\"><center>S600<\/td><td class=\"column-2\"><center>Super Duty Rubbing Compound<\/td><td class=\"column-3\"><center>3M (05973)<\/td>\n<\/tr>\n<\/tbody>\n<\/table>\n<!-- #tablepress-1 from cache -->\n<p><img decoding=\"async\" class=\"size-full wp-image-140 aligncenter\" src=\"https:\/\/www.sybonbest.com\/es\/wp-content\/uploads\/2023\/12\/1703569373-S100-Car-Detailing-Supplies-Suppliers-Fast-Polishing-Wax-for-High-Gloss.jpg\" alt=\"S100-Car-Detailing-Supplies-Proveedores-Cera-de-pulido-r\u00e1pido-para-alto-brillo-polaco-y-compuesto\" width=\"800\" height=\"800\" srcset=\"https:\/\/www.sybonbest.com\/es\/wp-content\/uploads\/2023\/12\/1703569373-S100-Car-Detailing-Supplies-Suppliers-Fast-Polishing-Wax-for-High-Gloss.jpg 800w, https:\/\/www.sybonbest.com\/es\/wp-content\/uploads\/2023\/12\/1703569373-S100-Car-Detailing-Supplies-Suppliers-Fast-Polishing-Wax-for-High-Gloss-480x480.jpg 480w\" sizes=\"(min-width: 0px) and (max-width: 480px) 480px, (min-width: 481px) 800px, 100vw\" \/><\/p>\n<p><img decoding=\"async\" class=\"size-full wp-image-145 aligncenter\" src=\"https:\/\/www.sybonbest.com\/es\/wp-content\/uploads\/2023\/12\/1703569672-S100-SYBON-Fast-Polishing-Wax-Premium-Car-Polish-for-Swift-Restoration.jpg\" alt=\"\" width=\"800\" height=\"800\" srcset=\"https:\/\/www.sybonbest.com\/es\/wp-content\/uploads\/2023\/12\/1703569672-S100-SYBON-Fast-Polishing-Wax-Premium-Car-Polish-for-Swift-Restoration.jpg 800w, https:\/\/www.sybonbest.com\/es\/wp-content\/uploads\/2023\/12\/1703569672-S100-SYBON-Fast-Polishing-Wax-Premium-Car-Polish-for-Swift-Restoration-480x480.jpg 480w\" sizes=\"(min-width: 0px) and (max-width: 480px) 480px, (min-width: 481px) 800px, 100vw\" \/><\/p>\n<p><img decoding=\"async\" class=\"size-full wp-image-141 aligncenter\" src=\"https:\/\/www.sybonbest.com\/es\/wp-content\/uploads\/2023\/12\/1703569485-S100-Fast-Polishing-Wax-SYBONs-One-Step-Solution-for-Professional-Detailing.jpg\" alt=\"\" width=\"750\" height=\"750\" srcset=\"https:\/\/www.sybonbest.com\/es\/wp-content\/uploads\/2023\/12\/1703569485-S100-Fast-Polishing-Wax-SYBONs-One-Step-Solution-for-Professional-Detailing.jpg 750w, https:\/\/www.sybonbest.com\/es\/wp-content\/uploads\/2023\/12\/1703569485-S100-Fast-Polishing-Wax-SYBONs-One-Step-Solution-for-Professional-Detailing-480x480.jpg 480w\" sizes=\"(min-width: 0px) and (max-width: 480px) 480px, (min-width: 481px) 750px, 100vw\" \/><\/p>\n<p><img decoding=\"async\" class=\"size-full wp-image-1251 aligncenter\" src=\"https:\/\/www.sybonbest.com\/es\/wp-content\/uploads\/2023\/12\/1713525995-S100-Mejore-el-brillo-con-el-rejuvenecimiento-automatico-de-superficies-de-cera-de-pulido-rapido-SYBON.jpg\" alt=\"\" width=\"750\" height=\"750\" srcset=\"https:\/\/www.sybonbest.com\/es\/wp-content\/uploads\/2023\/12\/1713525995-S100-Mejore-el-brillo-con-el-rejuvenecimiento-automatico-de-superficies-de-cera-de-pulido-rapido-SYBON.jpg 750w, https:\/\/www.sybonbest.com\/es\/wp-content\/uploads\/2023\/12\/1713525995-S100-Mejore-el-brillo-con-el-rejuvenecimiento-automatico-de-superficies-de-cera-de-pulido-rapido-SYBON-480x480.jpg 480w\" sizes=\"(min-width: 0px) and (max-width: 480px) 480px, (min-width: 481px) 750px, 100vw\" \/><\/p>\n<p><img decoding=\"async\" class=\"size-full wp-image-143 aligncenter\" src=\"https:\/\/www.sybonbest.com\/es\/wp-content\/uploads\/2023\/12\/1703569564-Revitalize-Your-Vehicles-Finish-Polishing-Wax-Polish-and-Compound-by-SYBON.jpg\" alt=\"\" width=\"750\" height=\"750\" srcset=\"https:\/\/www.sybonbest.com\/es\/wp-content\/uploads\/2023\/12\/1703569564-Revitalize-Your-Vehicles-Finish-Polishing-Wax-Polish-and-Compound-by-SYBON.jpg 750w, https:\/\/www.sybonbest.com\/es\/wp-content\/uploads\/2023\/12\/1703569564-Revitalize-Your-Vehicles-Finish-Polishing-Wax-Polish-and-Compound-by-SYBON-480x480.jpg 480w\" sizes=\"(min-width: 0px) and (max-width: 480px) 480px, (min-width: 481px) 750px, 100vw\" \/><\/p>\n","protected":false},"excerpt":{"rendered":"<p>Opte por la cera de pulido r\u00e1pido S100 polaco y compuesto cuando se trata de rayones menos severos. Esta formulaci\u00f3n destaca en la eliminaci\u00f3n de rayones medianos y finos, dejando su autom\u00f3vil con una apariencia pulida y lustrosa en un solo paso.<\/p>\n","protected":false},"featured_media":140,"comment_status":"closed","ping_status":"closed","template":"","meta":{"_et_pb_use_builder":"","_et_pb_old_content":"","_et_gb_content_width":""},"product_brand":[],"product_cat":[22,21],"product_tag":[189,190],"class_list":{"0":"post-139","1":"product","2":"type-product","3":"status-publish","4":"has-post-thumbnail","6":"product_cat-compuesto-para-pulir","7":"product_cat-serie-polaca","8":"product_tag-cera-de-pulido-rapido-s100","9":"product_tag-polaco-y-compuesto","11":"first","12":"instock","13":"shipping-taxable","14":"product-type-simple"},"_links":{"self":[{"href":"https:\/\/www.sybonbest.com\/es\/wp-json\/wp\/v2\/product\/139","targetHints":{"allow":["GET"]}}],"collection":[{"href":"https:\/\/www.sybonbest.com\/es\/wp-json\/wp\/v2\/product"}],"about":[{"href":"https:\/\/www.sybonbest.com\/es\/wp-json\/wp\/v2\/types\/product"}],"replies":[{"embeddable":true,"href":"https:\/\/www.sybonbest.com\/es\/wp-json\/wp\/v2\/comments?post=139"}],"wp:featuredmedia":[{"embeddable":true,"href":"https:\/\/www.sybonbest.com\/es\/wp-json\/wp\/v2\/media\/140"}],"wp:attachment":[{"href":"https:\/\/www.sybonbest.com\/es\/wp-json\/wp\/v2\/media?parent=139"}],"wp:term":[{"taxonomy":"product_brand","embeddable":true,"href":"https:\/\/www.sybonbest.com\/es\/wp-json\/wp\/v2\/product_brand?post=139"},{"taxonomy":"product_cat","embeddable":true,"href":"https:\/\/www.sybonbest.com\/es\/wp-json\/wp\/v2\/product_cat?post=139"},{"taxonomy":"product_tag","embeddable":true,"href":"https:\/\/www.sybonbest.com\/es\/wp-json\/wp\/v2\/product_tag?post=139"}],"curies":[{"name":"wp","href":"https:\/\/api.w.org\/{rel}","templated":true}]}}