{"id":1129,"date":"2024-03-01T17:33:05","date_gmt":"2024-03-01T09:33:05","guid":{"rendered":"https:\/\/www.sybonbest.com\/es\/?post_type=product&#038;p=1129"},"modified":"2024-04-17T15:58:16","modified_gmt":"2024-04-17T07:58:16","slug":"s014g-placa-de-soporte-de-estructura-de-panal-pequena-rosca-m14-m16-5-8-almohadilla-para-pulir-el-coche-para-eliminar-aranazos-y-marcas-de-remolinos","status":"publish","type":"product","link":"https:\/\/www.sybonbest.com\/es\/product\/s014g-placa-de-soporte-de-estructura-de-panal-pequena-rosca-m14-m16-5-8-almohadilla-para-pulir-el-coche-para-eliminar-aranazos-y-marcas-de-remolinos\/","title":{"rendered":"S014G Placa de soporte de estructura de panal peque\u00f1a, rosca M14 M16 5\/8 almohadilla para pulir el coche para eliminar ara\u00f1azos y marcas de remolinos"},"content":{"rendered":"<p><img decoding=\"async\" class=\"size-full wp-image-1130 aligncenter\" src=\"https:\/\/www.sybonbest.com\/es\/wp-content\/uploads\/2024\/03\/1709285689-S014G-6-Inch-150mm-Car-Care-Body-Scratch-Removal-Polishing-Pad-Body-Repair-Foam-Polishing-Disc.jpg\" alt=\"\" width=\"750\" height=\"302\" srcset=\"https:\/\/www.sybonbest.com\/es\/wp-content\/uploads\/2024\/03\/1709285689-S014G-6-Inch-150mm-Car-Care-Body-Scratch-Removal-Polishing-Pad-Body-Repair-Foam-Polishing-Disc.jpg 750w, https:\/\/www.sybonbest.com\/es\/wp-content\/uploads\/2024\/03\/1709285689-S014G-6-Inch-150mm-Car-Care-Body-Scratch-Removal-Polishing-Pad-Body-Repair-Foam-Polishing-Disc-480x193.jpg 480w\" sizes=\"(min-width: 0px) and (max-width: 480px) 480px, (min-width: 481px) 750px, 100vw\" \/><\/p>\n<p>&nbsp;<\/p>\n<h2>S014G almohadilla para pulir el coche para eliminar rayones<\/h2>\n<p><strong>Almohadilla para pulir el coche para eliminar ara\u00f1azos Descripci\u00f3n:<\/strong><\/p>\n<p>1. Verde para cortes duros (rayones fuertes, marcas de arena 800-1200#).<br \/>\n2. Granate para cortes ligeros y duros (rasgu\u00f1os moderados, marcas de arena 1200-1500#).<br \/>\n3.Amarillo para fines de corte medio (rascadores ligeros, marcas de arena 1500#).<br \/>\n4. Naranja para corte medio ligero (marcas de remolino, 1500-2000 # marcas de arena).<br \/>\n5.Azul para fines de corte ligero (reflejo de espejo).<br \/>\n6.Rojo para depilaci\u00f3n con cera.<\/p>\n<p>Usar un disco para pulir autom\u00f3viles es una forma eficaz de restaurar el brillo y la lustre de la pintura de su veh\u00edculo. Aqu\u00ed hay una gu\u00eda paso a paso sobre c\u00f3mo usar uno:<br \/>\n1. Preparaci\u00f3n: Antes de comenzar, aseg\u00farese de que la superficie del autom\u00f3vil est\u00e9 libre de suciedad, cera y otros desechos. Lava bien el coche y s\u00e9calo por completo.<br \/>\n2. Elegir el disco de pulido adecuado: seleccione un disco de pulido que sea adecuado para el acabado de pintura de su veh\u00edculo. Algunos discos de pulido est\u00e1n dise\u00f1ados espec\u00edficamente para usarse con ciertos tipos de pintura, por lo que es importante elegir el adecuado para evitar da\u00f1ar el acabado.<br \/>\n3. Aplicaci\u00f3n: Aplique una peque\u00f1a cantidad de compuesto de pulido al disco de pulido y fr\u00f3telo suavemente sobre la superficie del autom\u00f3vil con peque\u00f1os movimientos circulares. Comience con \u00e1reas peque\u00f1as y avance gradualmente hacia afuera para evitar crear marcas de remolino o rayones en la pintura.<br \/>\n4. Pulido: Despu\u00e9s de aplicar el compuesto de pulido, pula la superficie del autom\u00f3vil con un pa\u00f1o de algod\u00f3n limpio o una toalla de microfibra. Pula con peque\u00f1os movimientos circulares, avanzando hacia afuera desde el centro del panel para eliminar cualquier residuo de compuesto restante.<br \/>\n5. Limpieza: Limpie la superficie del autom\u00f3vil con un pa\u00f1o de algod\u00f3n limpio o una toalla de microfibra para eliminar cualquier residuo de pulido restante. Enjuague el disco de pulido y d\u00e9jelo secar antes de guardarlo.<br \/>\n6. Mantenimiento: Para mantener el brillo de la pintura de su autom\u00f3vil, se recomienda encerar y pulir regularmente. Aplique una cera o un pulimento de calidad a la superficie al menos una vez cada pocos meses para que luzca lo mejor posible.<\/p>\n<p><img decoding=\"async\" class=\"size-full wp-image-1131 aligncenter\" src=\"https:\/\/www.sybonbest.com\/es\/wp-content\/uploads\/2024\/03\/1709286093-S014G-New-Design-Black-Finishing-Pad-Single-Bevel-Side-150mm-Sponge-Size-Thickness-Car-Polishing-Pad.jpg\" alt=\"\" width=\"750\" height=\"750\" srcset=\"https:\/\/www.sybonbest.com\/es\/wp-content\/uploads\/2024\/03\/1709286093-S014G-New-Design-Black-Finishing-Pad-Single-Bevel-Side-150mm-Sponge-Size-Thickness-Car-Polishing-Pad.jpg 750w, https:\/\/www.sybonbest.com\/es\/wp-content\/uploads\/2024\/03\/1709286093-S014G-New-Design-Black-Finishing-Pad-Single-Bevel-Side-150mm-Sponge-Size-Thickness-Car-Polishing-Pad-480x480.jpg 480w\" sizes=\"(min-width: 0px) and (max-width: 480px) 480px, (min-width: 481px) 750px, 100vw\" \/><\/p>\n<p><img decoding=\"async\" class=\"size-full wp-image-1132 aligncenter\" src=\"https:\/\/www.sybonbest.com\/es\/wp-content\/uploads\/2024\/03\/1709286112-S014G-Manufacturer-Cheap-Price-Car-Buffing-Pad-Ro-Polisher-Pad-Car-Buffer-Pad-Polishing-Sponge-for-Car-Polishing.jpg\" alt=\"S014G-Fabricante-Precio-barato-Almohadilla-para-pulir-autom\u00f3viles-Ro-Almohadilla-pulidora-Almohadilla-amortiguadora-para-autom\u00f3viles-Esponja-para-pulir-autom\u00f3viles-almohadilla-para-pulir-el-coche\" width=\"750\" height=\"750\" srcset=\"https:\/\/www.sybonbest.com\/es\/wp-content\/uploads\/2024\/03\/1709286112-S014G-Manufacturer-Cheap-Price-Car-Buffing-Pad-Ro-Polisher-Pad-Car-Buffer-Pad-Polishing-Sponge-for-Car-Polishing.jpg 750w, https:\/\/www.sybonbest.com\/es\/wp-content\/uploads\/2024\/03\/1709286112-S014G-Manufacturer-Cheap-Price-Car-Buffing-Pad-Ro-Polisher-Pad-Car-Buffer-Pad-Polishing-Sponge-for-Car-Polishing-480x480.jpg 480w\" sizes=\"(min-width: 0px) and (max-width: 480px) 480px, (min-width: 481px) 750px, 100vw\" \/><\/p>\n<p>&nbsp;<\/p>\n<p><img decoding=\"async\" class=\"size-full wp-image-1133 aligncenter\" src=\"https:\/\/www.sybonbest.com\/es\/wp-content\/uploads\/2024\/03\/1709286133-S014G-6-inch150mm-Car-Paint-Waxing-Sponge-Polishing-Disc-Buffing-Wheel-Car-Polishing-Pad-with-M14-M16-Thread-Backing-Plate.jpg\" alt=\"\" width=\"750\" height=\"750\" srcset=\"https:\/\/www.sybonbest.com\/es\/wp-content\/uploads\/2024\/03\/1709286133-S014G-6-inch150mm-Car-Paint-Waxing-Sponge-Polishing-Disc-Buffing-Wheel-Car-Polishing-Pad-with-M14-M16-Thread-Backing-Plate.jpg 750w, https:\/\/www.sybonbest.com\/es\/wp-content\/uploads\/2024\/03\/1709286133-S014G-6-inch150mm-Car-Paint-Waxing-Sponge-Polishing-Disc-Buffing-Wheel-Car-Polishing-Pad-with-M14-M16-Thread-Backing-Plate-480x480.jpg 480w\" sizes=\"(min-width: 0px) and (max-width: 480px) 480px, (min-width: 481px) 750px, 100vw\" \/><\/p>\n<p><img decoding=\"async\" class=\"size-full wp-image-1134 aligncenter\" src=\"https:\/\/www.sybonbest.com\/es\/wp-content\/uploads\/2024\/03\/1709286151-S014G-Wholesale-Price-6-inch-150mm-Auto-Body-Repair-Foam-Polishing-Disc-Car-Buffing-Pad-with-M14-M16-Thread.jpg\" alt=\"\" width=\"750\" height=\"750\" srcset=\"https:\/\/www.sybonbest.com\/es\/wp-content\/uploads\/2024\/03\/1709286151-S014G-Wholesale-Price-6-inch-150mm-Auto-Body-Repair-Foam-Polishing-Disc-Car-Buffing-Pad-with-M14-M16-Thread.jpg 750w, https:\/\/www.sybonbest.com\/es\/wp-content\/uploads\/2024\/03\/1709286151-S014G-Wholesale-Price-6-inch-150mm-Auto-Body-Repair-Foam-Polishing-Disc-Car-Buffing-Pad-with-M14-M16-Thread-480x480.jpg 480w\" sizes=\"(min-width: 0px) and (max-width: 480px) 480px, (min-width: 481px) 750px, 100vw\" \/><\/p>\n","protected":false},"excerpt":{"rendered":"<p>Acerca de SYBON almohadilla para pulir el coche para eliminar rayones\uff1a<br \/>\n1. Verde para cortes duros (rayones fuertes, marcas de arena 800-1200#).<br \/>\n2. Granate para cortes ligeros y duros (rasgu\u00f1os moderados, marcas de arena 1200-1500#).<br \/>\n3.Amarillo para fines de corte medio (rascadores ligeros, marcas de arena 1500#).<br \/>\n4. Naranja para corte medio ligero (marcas de remolino, 1500-2000 # marcas de arena).<br \/>\n5.Azul para fines de corte ligero (reflejo de espejo).<br \/>\n6.Rojo para depilaci\u00f3n con cera.<\/p>\n","protected":false},"featured_media":1136,"comment_status":"closed","ping_status":"closed","template":"","meta":{"_et_pb_use_builder":"","_et_pb_old_content":"","_et_gb_content_width":""},"product_brand":[],"product_cat":[21,23],"product_tag":[128],"class_list":{"0":"post-1129","1":"product","2":"type-product","3":"status-publish","4":"has-post-thumbnail","6":"product_cat-serie-polaca","7":"product_cat-almohadilla-para-pulir","8":"product_tag-almohadilla-para-pulir-el-coche","10":"first","11":"instock","12":"shipping-taxable","13":"product-type-simple"},"_links":{"self":[{"href":"https:\/\/www.sybonbest.com\/es\/wp-json\/wp\/v2\/product\/1129","targetHints":{"allow":["GET"]}}],"collection":[{"href":"https:\/\/www.sybonbest.com\/es\/wp-json\/wp\/v2\/product"}],"about":[{"href":"https:\/\/www.sybonbest.com\/es\/wp-json\/wp\/v2\/types\/product"}],"replies":[{"embeddable":true,"href":"https:\/\/www.sybonbest.com\/es\/wp-json\/wp\/v2\/comments?post=1129"}],"wp:featuredmedia":[{"embeddable":true,"href":"https:\/\/www.sybonbest.com\/es\/wp-json\/wp\/v2\/media\/1136"}],"wp:attachment":[{"href":"https:\/\/www.sybonbest.com\/es\/wp-json\/wp\/v2\/media?parent=1129"}],"wp:term":[{"taxonomy":"product_brand","embeddable":true,"href":"https:\/\/www.sybonbest.com\/es\/wp-json\/wp\/v2\/product_brand?post=1129"},{"taxonomy":"product_cat","embeddable":true,"href":"https:\/\/www.sybonbest.com\/es\/wp-json\/wp\/v2\/product_cat?post=1129"},{"taxonomy":"product_tag","embeddable":true,"href":"https:\/\/www.sybonbest.com\/es\/wp-json\/wp\/v2\/product_tag?post=1129"}],"curies":[{"name":"wp","href":"https:\/\/api.w.org\/{rel}","templated":true}]}}