{"id":1100,"date":"2024-03-01T15:45:46","date_gmt":"2024-03-01T07:45:46","guid":{"rendered":"https:\/\/www.sybonbest.com\/es\/?post_type=product&#038;p=1100"},"modified":"2024-04-17T16:35:13","modified_gmt":"2024-04-17T08:35:13","slug":"s011g-almohadilla-de-esponja-para-pulir-autos-almohadilla-pulidora-para-pulir-automoviles","status":"publish","type":"product","link":"https:\/\/www.sybonbest.com\/es\/product\/s011g-almohadilla-de-esponja-para-pulir-autos-almohadilla-pulidora-para-pulir-automoviles\/","title":{"rendered":"S011G Almohadilla de esponja para pulir autos almohadilla pulidora para pulir autom\u00f3viles"},"content":{"rendered":"<p><iframe title=\"S011G Car Polishing Pad Sponge Pad for Car Polishing Buffing Pad\" width=\"1080\" height=\"608\" src=\"https:\/\/www.youtube.com\/embed\/MilScZd_HLs?feature=oembed\"  allow=\"accelerometer; autoplay; clipboard-write; encrypted-media; gyroscope; picture-in-picture; web-share\" allowfullscreen><\/iframe><\/p>\n<p><img decoding=\"async\" class=\"size-full wp-image-1101 aligncenter\" src=\"https:\/\/www.sybonbest.com\/es\/wp-content\/uploads\/2024\/03\/1709279350-S011G-Factory-Direct-Supply-Cross-Line-Face-with-6inch-150mm-Backing-Plate-Buffing-Polishing-Sponge-Pad.jpg\" alt=\"\" width=\"750\" height=\"302\" srcset=\"https:\/\/www.sybonbest.com\/es\/wp-content\/uploads\/2024\/03\/1709279350-S011G-Factory-Direct-Supply-Cross-Line-Face-with-6inch-150mm-Backing-Plate-Buffing-Polishing-Sponge-Pad.jpg 750w, https:\/\/www.sybonbest.com\/es\/wp-content\/uploads\/2024\/03\/1709279350-S011G-Factory-Direct-Supply-Cross-Line-Face-with-6inch-150mm-Backing-Plate-Buffing-Polishing-Sponge-Pad-480x193.jpg 480w\" sizes=\"(min-width: 0px) and (max-width: 480px) 480px, (min-width: 481px) 750px, 100vw\" \/><\/p>\n<p>&nbsp;<\/p>\n<h2>S011G Almohadilla pulidora para pulir autom\u00f3viles<\/h2>\n<p><strong>Descripci\u00f3n de productos de la almohadilla pulidora para pulir el coche:<\/strong><br \/>\n\u2022 Terciopelo posterior de alta calidad: fortalece la adhesi\u00f3n, es m\u00e1s estable y no se cae f\u00e1cilmente.<br \/>\n\u2022 Dise\u00f1o mallado: es m\u00e1s f\u00e1cil y r\u00e1pido encerar los coches.<br \/>\n\u2022 Alto brillo: reducido en un 40% el remolino de panal.<br \/>\n\u2022 M\u00e1s duradero: el tiempo de uso aumenta en un 500%<br \/>\n\u2022 Alta Eficiencia: el tiempo se reduce en un 20%<\/p>\n<p><img decoding=\"async\" class=\"size-full wp-image-1105 aligncenter\" src=\"https:\/\/www.sybonbest.com\/es\/wp-content\/uploads\/2024\/03\/1709279752-S011G-Flat-Surface-Bevel-Edge-Dual-Action-Foam-Polishing-Pad-Heavy-Cutting-Pad-For-Car-Care.jpg\" alt=\"\" width=\"750\" height=\"750\" srcset=\"https:\/\/www.sybonbest.com\/es\/wp-content\/uploads\/2024\/03\/1709279752-S011G-Flat-Surface-Bevel-Edge-Dual-Action-Foam-Polishing-Pad-Heavy-Cutting-Pad-For-Car-Care.jpg 750w, https:\/\/www.sybonbest.com\/es\/wp-content\/uploads\/2024\/03\/1709279752-S011G-Flat-Surface-Bevel-Edge-Dual-Action-Foam-Polishing-Pad-Heavy-Cutting-Pad-For-Car-Care-480x480.jpg 480w\" sizes=\"(min-width: 0px) and (max-width: 480px) 480px, (min-width: 481px) 750px, 100vw\" \/><\/p>\n<p><img decoding=\"async\" class=\"size-full wp-image-1102 aligncenter\" src=\"https:\/\/www.sybonbest.com\/es\/wp-content\/uploads\/2024\/03\/1709279680-S011G-Blue-Face-for-6Inch-Backing-Plate-Light-Cutting-Sponge-Polishing-Pad-Car-Buffing-Pad-Da-Polisher-Pad.jpg\" alt=\"S011G-cara-azul-para-placa-de-respaldo-de-6-pulgadas-almohadilla-de-esponja-de-pulido-de-corte-ligero-almohadilla-pulidora-de-coche-almohadilla-pulidora-almohadilla-pulidora-para-pulir-autom\u00f3viles\" width=\"750\" height=\"750\" srcset=\"https:\/\/www.sybonbest.com\/es\/wp-content\/uploads\/2024\/03\/1709279680-S011G-Blue-Face-for-6Inch-Backing-Plate-Light-Cutting-Sponge-Polishing-Pad-Car-Buffing-Pad-Da-Polisher-Pad.jpg 750w, https:\/\/www.sybonbest.com\/es\/wp-content\/uploads\/2024\/03\/1709279680-S011G-Blue-Face-for-6Inch-Backing-Plate-Light-Cutting-Sponge-Polishing-Pad-Car-Buffing-Pad-Da-Polisher-Pad-480x480.jpg 480w\" sizes=\"(min-width: 0px) and (max-width: 480px) 480px, (min-width: 481px) 750px, 100vw\" \/><\/p>\n<p><img decoding=\"async\" class=\"size-full wp-image-1103 aligncenter\" src=\"https:\/\/www.sybonbest.com\/es\/wp-content\/uploads\/2024\/03\/1709279698-S011G-High-Efficiency-Swirl-Marks-Removing-Polishing-Pad-for-Dual-Action-Car-Polisher.jpg\" alt=\"\" width=\"750\" height=\"750\" srcset=\"https:\/\/www.sybonbest.com\/es\/wp-content\/uploads\/2024\/03\/1709279698-S011G-High-Efficiency-Swirl-Marks-Removing-Polishing-Pad-for-Dual-Action-Car-Polisher.jpg 750w, https:\/\/www.sybonbest.com\/es\/wp-content\/uploads\/2024\/03\/1709279698-S011G-High-Efficiency-Swirl-Marks-Removing-Polishing-Pad-for-Dual-Action-Car-Polisher-480x480.jpg 480w\" sizes=\"(min-width: 0px) and (max-width: 480px) 480px, (min-width: 481px) 750px, 100vw\" \/><\/p>\n<p><img decoding=\"async\" class=\"size-full wp-image-1104 aligncenter\" src=\"https:\/\/www.sybonbest.com\/es\/wp-content\/uploads\/2024\/03\/1709279731-S011G-Orange-Face-for-6-Inch-Backing-Plate-Sponge-Car-Polishing-Pad-Hook-and-Loop-Da-Polisher-Polishing-Pad.jpg\" alt=\"\" width=\"750\" height=\"750\" srcset=\"https:\/\/www.sybonbest.com\/es\/wp-content\/uploads\/2024\/03\/1709279731-S011G-Orange-Face-for-6-Inch-Backing-Plate-Sponge-Car-Polishing-Pad-Hook-and-Loop-Da-Polisher-Polishing-Pad.jpg 750w, https:\/\/www.sybonbest.com\/es\/wp-content\/uploads\/2024\/03\/1709279731-S011G-Orange-Face-for-6-Inch-Backing-Plate-Sponge-Car-Polishing-Pad-Hook-and-Loop-Da-Polisher-Polishing-Pad-480x480.jpg 480w\" sizes=\"(min-width: 0px) and (max-width: 480px) 480px, (min-width: 481px) 750px, 100vw\" \/><\/p>\n<p>&nbsp;<\/p>\n","protected":false},"excerpt":{"rendered":"<p>Acerca de SYBON almohadilla pulidora para pulir autom\u00f3viles\uff1a<br \/>\n\u2022 Terciopelo posterior de alta calidad: fortalece la adhesi\u00f3n, es m\u00e1s estable y no se cae f\u00e1cilmente.<br \/>\n\u2022 Dise\u00f1o mallado: es m\u00e1s f\u00e1cil y r\u00e1pido encerar los coches.<br \/>\n\u2022 Alto brillo: reducido en un 40% el remolino de panal.<br \/>\n\u2022 M\u00e1s duradero: el tiempo de uso aumenta en un 500%<br \/>\n\u2022 Alta Eficiencia: el tiempo se reduce en un 20%<\/p>\n","protected":false},"featured_media":1106,"comment_status":"closed","ping_status":"closed","template":"","meta":{"_et_pb_use_builder":"","_et_pb_old_content":"","_et_gb_content_width":""},"product_brand":[],"product_cat":[21,23],"product_tag":[131],"class_list":{"0":"post-1100","1":"product","2":"type-product","3":"status-publish","4":"has-post-thumbnail","6":"product_cat-serie-polaca","7":"product_cat-almohadilla-para-pulir","8":"product_tag-almohadilla-pulidora-para-pulir-automoviles","10":"first","11":"instock","12":"shipping-taxable","13":"product-type-simple"},"_links":{"self":[{"href":"https:\/\/www.sybonbest.com\/es\/wp-json\/wp\/v2\/product\/1100","targetHints":{"allow":["GET"]}}],"collection":[{"href":"https:\/\/www.sybonbest.com\/es\/wp-json\/wp\/v2\/product"}],"about":[{"href":"https:\/\/www.sybonbest.com\/es\/wp-json\/wp\/v2\/types\/product"}],"replies":[{"embeddable":true,"href":"https:\/\/www.sybonbest.com\/es\/wp-json\/wp\/v2\/comments?post=1100"}],"wp:featuredmedia":[{"embeddable":true,"href":"https:\/\/www.sybonbest.com\/es\/wp-json\/wp\/v2\/media\/1106"}],"wp:attachment":[{"href":"https:\/\/www.sybonbest.com\/es\/wp-json\/wp\/v2\/media?parent=1100"}],"wp:term":[{"taxonomy":"product_brand","embeddable":true,"href":"https:\/\/www.sybonbest.com\/es\/wp-json\/wp\/v2\/product_brand?post=1100"},{"taxonomy":"product_cat","embeddable":true,"href":"https:\/\/www.sybonbest.com\/es\/wp-json\/wp\/v2\/product_cat?post=1100"},{"taxonomy":"product_tag","embeddable":true,"href":"https:\/\/www.sybonbest.com\/es\/wp-json\/wp\/v2\/product_tag?post=1100"}],"curies":[{"name":"wp","href":"https:\/\/api.w.org\/{rel}","templated":true}]}}