{"id":102,"date":"2023-12-22T17:26:27","date_gmt":"2023-12-22T09:26:27","guid":{"rendered":"https:\/\/www.sybonbest.com\/es\/?page_id=102"},"modified":"2024-05-10T13:51:30","modified_gmt":"2024-05-10T05:51:30","slug":"contacto","status":"publish","type":"page","link":"https:\/\/www.sybonbest.com\/es\/contacto\/","title":{"rendered":"Contacto"},"content":{"rendered":"<p>[et_pb_section fb_built=\"1\" _builder_version=\"4.23.1\" _module_preset=\"default\" global_colors_info=\"{}\"][et_pb_row _builder_version=\"4.23.1\" _module_preset=\"default\" custom_padding=\"||0px||false|false\" global_colors_info=\"{}\"][et_pb_column type=\"4_4\" _builder_version=\"4.23.1\" _module_preset=\"default\" global_colors_info=\"{}\"][et_pb_text _builder_version=\"4.24.3\" _module_preset=\"default\" header_font=\"|600|||||||\" header_text_align=\"center\" header_text_color=\"#06ade5\" header_font_size=\"45px\" header_line_height=\"1.5em\" custom_margin=\"||0px||false|false\" custom_padding=\"||0px||false|false\" global_colors_info=\"{}\"]<\/p>\n<h1>Contacto<\/h1>\n<p>[\/et_pb_text][et_pb_text _builder_version=\"4.24.3\" _module_preset=\"default\" text_orientation=\"center\" global_colors_info=\"{}\"]<\/p>\n<p><span style=\"color: #00ccff;\"><a href=\"https:\/\/www.sybonbest.com\/es\/\" style=\"color: #00ccff;\">Hogar<\/a> <\/span>\/ Contacto<\/p>\n<p>[\/et_pb_text][et_pb_divider color=\"rgba(10,6,6,0.1)\" _builder_version=\"4.23.1\" _module_preset=\"default\" width=\"60%\" module_alignment=\"center\" global_colors_info=\"{}\"][\/et_pb_divider][\/et_pb_column][\/et_pb_row][et_pb_row _builder_version=\"4.24.3\" _module_preset=\"default\" width_tablet=\"\" width_phone=\"91%\" width_last_edited=\"on|phone\" module_alignment_tablet=\"\" module_alignment_phone=\"center\" module_alignment_last_edited=\"on|phone\" global_colors_info=\"{}\"][et_pb_column type=\"4_4\" _builder_version=\"4.23.1\" _module_preset=\"default\" global_colors_info=\"{}\"][et_pb_text _builder_version=\"4.24.3\" _module_preset=\"default\" text_letter_spacing=\"0.5px\" text_line_height=\"2em\" width=\"54%\" width_tablet=\"98%\" width_phone=\"95%\" width_last_edited=\"on|tablet\" module_alignment=\"center\" custom_margin=\"||30px||false|false\" global_colors_info=\"{}\"]<\/p>\n<p>Gracias por su inter\u00e9s en SYBON, su proveedor integral profesional de suministros para detalles de veh\u00edculos. Ya sea que est\u00e9 interesado en convertirse en distribuidor o tenga alguna otra consulta, estamos aqu\u00ed para ayudarlo.<\/p>\n<p>[\/et_pb_text][\/et_pb_column][\/et_pb_row][et_pb_row _builder_version=\"4.24.0\" _module_preset=\"default\" background_color=\"rgba(0,0,0,0.01)\" width=\"39%\" width_tablet=\"80%\" width_phone=\"95%\" width_last_edited=\"on|tablet\" custom_padding=\"||||false|false\" border_width_all=\"1px\" border_color_all=\"rgba(10,10,10,0.1)\" global_colors_info=\"{}\"][et_pb_column type=\"4_4\" _builder_version=\"4.23.1\" _module_preset=\"default\" global_colors_info=\"{}\"][et_pb_text _builder_version=\"4.24.3\" _module_preset=\"default\" text_orientation=\"center\" global_colors_info=\"{}\"]<\/p>\n<p>La consulta se enviar\u00e1 a nuestro equipo de ventas, le responderemos en 24 horas.<\/p>\n<p>[\/et_pb_text][et_pb_code _builder_version=\"4.24.3\" _module_preset=\"default\" width=\"95%\" width_tablet=\"90%\" width_phone=\"92%\" width_last_edited=\"on|tablet\" module_alignment=\"center\" global_colors_info=\"{}\"]<div class=\"forminator-ui forminator-custom-form forminator-custom-form-1161 forminator-design--material  forminator_ajax\" data-forminator-render=\"0\" data-form=\"forminator-module-1161\" data-uid=\"69dcfb7408394\"><br\/><\/div><form\n\t\t\t\tid=\"forminator-module-1161\"\n\t\t\t\tclass=\"forminator-ui forminator-custom-form forminator-custom-form-1161 forminator-design--material  forminator_ajax\"\n\t\t\t\tmethod=\"post\"\n\t\t\t\tdata-forminator-render=\"0\"\n\t\t\t\tdata-form-id=\"1161\"\n\t\t\t\t data-color-option=\"default\" data-design=\"material\" data-grid=\"open\" style=\"display: none;\"\n\t\t\t\tdata-uid=\"69dcfb7408394\"\n\t\t\t><div role=\"alert\" aria-live=\"polite\" class=\"forminator-response-message forminator-error\" aria-hidden=\"true\"><\/div><div class=\"forminator-row\"><div id=\"name-1\" class=\"forminator-field-name forminator-col forminator-col-6 \"><div class=\"forminator-field\"><input type=\"text\" name=\"name-1\" value=\"\" placeholder=\"Nombre\" id=\"forminator-field-name-1_69dcfb7408394\" class=\"forminator-input forminator-name--field\" aria-required=\"true\" autocomplete=\"name\" \/><\/div><\/div><div id=\"email-1\" class=\"forminator-field-email forminator-col forminator-col-6 \"><div class=\"forminator-field\"><input type=\"email\" name=\"email-1\" value=\"\" placeholder=\"Correo electr\u00f3nico\" id=\"forminator-field-email-1_69dcfb7408394\" class=\"forminator-input forminator-email--field\" data-required=\"1\" aria-required=\"true\" autocomplete=\"email\" \/><\/div><\/div><\/div><div class=\"forminator-row\"><div id=\"textarea-1\" class=\"forminator-field-textarea forminator-col forminator-col-12 \"><div class=\"forminator-field\"><label for=\"forminator-field-textarea-1_69dcfb7408394\" id=\"forminator-field-textarea-1_69dcfb7408394-label\" class=\"forminator-label\">Mensaje<\/label><textarea name=\"textarea-1\" placeholder=\"Ingrese los detalles de su consulta, como nombre del producto, color, MOQ, FOB, etc.\" id=\"forminator-field-textarea-1_69dcfb7408394\" class=\"forminator-textarea\" rows=\"6\" style=\"min-height:100px;\" ><\/textarea><\/div><\/div><\/div><div class=\"forminator-row\"><div id=\"captcha-1\" class=\"forminator-field-captcha forminator-col forminator-col-12 \"><div class=\"forminator-captcha-left forminator-g-recaptcha\" data-theme=\"light\"  data-sitekey=\"6LdWHGMpAAAAAPuwtVsPvquYzfrkOmK2gXwyLWix\" data-size=\"normal\"><\/div> <\/div><\/div><div class=\"forminator-row\"><div id=\"html-1\" class=\"forminator-field-html forminator-col forminator-col-12 \"><div class=\"forminator-field forminator-merge-tags\" data-field=\"html-1\"><p style=\"text-align: center\">*Respetamos su confidencialidad y toda la informaci\u00f3n est\u00e1 protegida.<\/p><\/div><\/div><\/div><input type=\"hidden\" name=\"referer_url\" value=\"\" \/><div class=\"forminator-row forminator-row-last\"><div class=\"forminator-col\"><div class=\"forminator-field\"><button class=\"forminator-button forminator-button-submit\"><span>Enviar mensaje<\/span><span aria-hidden=\"true\"><\/span><\/button><\/div><\/div><\/div><input type=\"hidden\" id=\"forminator_nonce\" name=\"forminator_nonce\" value=\"cec1fa2e81\" \/><input type=\"hidden\" name=\"_wp_http_referer\" value=\"\/es\/wp-json\/wp\/v2\/pages\/102\" \/><input type=\"hidden\" name=\"form_id\" value=\"1161\"><input type=\"hidden\" name=\"page_id\" value=\"102\"><input type=\"hidden\" name=\"form_type\" value=\"default\"><input type=\"hidden\" name=\"current_url\" value=\"https:\/\/www.sybonbest.com\/es\/contacto\/\"><input type=\"hidden\" name=\"render_id\" value=\"0\"><input type=\"hidden\" name=\"action\" value=\"forminator_submit_form_custom-forms\"><\/form>[\/et_pb_code][\/et_pb_column][\/et_pb_row][\/et_pb_section]<\/p>\n","protected":false},"excerpt":{"rendered":"<p>ContactoHogar \/ ContactoGracias por su inter\u00e9s en SYBON, su proveedor integral profesional de suministros para detalles de veh\u00edculos. Ya sea que est\u00e9 interesado en convertirse en distribuidor o tenga alguna otra consulta, estamos aqu\u00ed para ayudarlo.La consulta se enviar\u00e1 a nuestro equipo de ventas, le responderemos en 24 horas.<div class=\"forminator-ui forminator-custom-form forminator-custom-form-1161 forminator-design--material  forminator_ajax\" data-forminator-render=\"1\" data-form=\"forminator-module-1161\" data-uid=\"69dcfb7438a77\"><br\/><\/div><form\n\t\t\t\tid=\"forminator-module-1161\"\n\t\t\t\tclass=\"forminator-ui forminator-custom-form forminator-custom-form-1161 forminator-design--material  forminator_ajax\"\n\t\t\t\tmethod=\"post\"\n\t\t\t\tdata-forminator-render=\"1\"\n\t\t\t\tdata-form-id=\"1161\"\n\t\t\t\t data-color-option=\"default\" data-design=\"material\" data-grid=\"open\" style=\"display: none;\"\n\t\t\t\tdata-uid=\"69dcfb7438a77\"\n\t\t\t><div role=\"alert\" aria-live=\"polite\" class=\"forminator-response-message forminator-error\" aria-hidden=\"true\"><\/div><div class=\"forminator-row\"><div id=\"name-1\" class=\"forminator-field-name forminator-col forminator-col-6 \"><div class=\"forminator-field\"><input type=\"text\" name=\"name-1\" value=\"\" placeholder=\"Nombre\" id=\"forminator-field-name-1_69dcfb7438a77\" class=\"forminator-input forminator-name--field\" aria-required=\"true\" autocomplete=\"name\" \/><\/div><\/div><div id=\"email-1\" class=\"forminator-field-email forminator-col forminator-col-6 \"><div class=\"forminator-field\"><input type=\"email\" name=\"email-1\" value=\"\" placeholder=\"Correo electr\u00f3nico\" id=\"forminator-field-email-1_69dcfb7438a77\" class=\"forminator-input forminator-email--field\" data-required=\"1\" aria-required=\"true\" autocomplete=\"email\" \/><\/div><\/div><\/div><div class=\"forminator-row\"><div id=\"textarea-1\" class=\"forminator-field-textarea forminator-col forminator-col-12 \"><div class=\"forminator-field\"><label for=\"forminator-field-textarea-1_69dcfb7438a77\" id=\"forminator-field-textarea-1_69dcfb7438a77-label\" class=\"forminator-label\">Mensaje<\/label><textarea name=\"textarea-1\" placeholder=\"Ingrese los detalles de su consulta, como nombre del producto, color, MOQ, FOB, etc.\" id=\"forminator-field-textarea-1_69dcfb7438a77\" class=\"forminator-textarea\" rows=\"6\" style=\"min-height:100px;\" ><\/textarea><\/div><\/div><\/div><div class=\"forminator-row\"><div id=\"captcha-1\" class=\"forminator-field-captcha forminator-col forminator-col-12 \"><div class=\"forminator-captcha-left forminator-g-recaptcha\" data-theme=\"light\"  data-sitekey=\"6LdWHGMpAAAAAPuwtVsPvquYzfrkOmK2gXwyLWix\" data-size=\"normal\"><\/div> <\/div><\/div><div class=\"forminator-row\"><div id=\"html-1\" class=\"forminator-field-html forminator-col forminator-col-12 \"><div class=\"forminator-field forminator-merge-tags\" data-field=\"html-1\"><p style=\"text-align: center\">*Respetamos su confidencialidad y toda la informaci\u00f3n est\u00e1 protegida.<\/p><\/div><\/div><\/div><input type=\"hidden\" name=\"referer_url\" value=\"\" \/><div class=\"forminator-row forminator-row-last\"><div class=\"forminator-col\"><div class=\"forminator-field\"><button class=\"forminator-button forminator-button-submit\"><span>Enviar mensaje<\/span><span aria-hidden=\"true\"><\/span><\/button><\/div><\/div><\/div><input type=\"hidden\" id=\"forminator_nonce\" name=\"forminator_nonce\" value=\"cec1fa2e81\" \/><input type=\"hidden\" name=\"_wp_http_referer\" value=\"\/es\/wp-json\/wp\/v2\/pages\/102\" \/><input type=\"hidden\" name=\"form_id\" value=\"1161\"><input type=\"hidden\" name=\"page_id\" value=\"102\"><input type=\"hidden\" name=\"form_type\" value=\"default\"><input type=\"hidden\" name=\"current_url\" value=\"https:\/\/www.sybonbest.com\/es\/contacto\/\"><input type=\"hidden\" name=\"render_id\" value=\"1\"><input type=\"hidden\" name=\"action\" value=\"forminator_submit_form_custom-forms\"><\/form><\/p>\n","protected":false},"author":1,"featured_media":0,"parent":0,"menu_order":0,"comment_status":"closed","ping_status":"closed","template":"","meta":{"_et_pb_use_builder":"on","_et_pb_old_content":"","_et_gb_content_width":""},"class_list":["post-102","page","type-page","status-publish","hentry"],"_links":{"self":[{"href":"https:\/\/www.sybonbest.com\/es\/wp-json\/wp\/v2\/pages\/102","targetHints":{"allow":["GET"]}}],"collection":[{"href":"https:\/\/www.sybonbest.com\/es\/wp-json\/wp\/v2\/pages"}],"about":[{"href":"https:\/\/www.sybonbest.com\/es\/wp-json\/wp\/v2\/types\/page"}],"author":[{"embeddable":true,"href":"https:\/\/www.sybonbest.com\/es\/wp-json\/wp\/v2\/users\/1"}],"replies":[{"embeddable":true,"href":"https:\/\/www.sybonbest.com\/es\/wp-json\/wp\/v2\/comments?post=102"}],"version-history":[{"count":0,"href":"https:\/\/www.sybonbest.com\/es\/wp-json\/wp\/v2\/pages\/102\/revisions"}],"wp:attachment":[{"href":"https:\/\/www.sybonbest.com\/es\/wp-json\/wp\/v2\/media?parent=102"}],"curies":[{"name":"wp","href":"https:\/\/api.w.org\/{rel}","templated":true}]}}